{"id":3034,"date":"2018-05-15T14:00:30","date_gmt":"2018-05-15T14:00:30","guid":{"rendered":"https:\/\/niraalpina.com\/?page_id=3034"},"modified":"2025-05-12T13:54:31","modified_gmt":"2025-05-12T13:54:31","slug":"faq","status":"publish","type":"page","link":"https:\/\/www.niraalpina.com\/it\/contattaci\/faq\/","title":{"rendered":"FAQ"},"content":{"rendered":"<div id=\"pl-3034\"  class=\"panel-layout\" ><div id=\"pg-3034-0\"  class=\"panel-grid panel-has-style\" ><div class=\"c-row--valign-default c-row--widget-default c-row--margin-default c-row--column-default siteorigin-panels-stretch panel-row-style panel-row-style-for-3034-0\" data-stretch-type=\"full-width-stretch\" ><div id=\"pgc-3034-0-0\"  class=\"panel-grid-cell\" ><div id=\"panel-3034-0-0-0\" class=\"so-panel widget widget_cn-core-hero-widget panel-first-child panel-last-child\" data-index=\"0\" ><div\n\t\t\t\n\t\t\tclass=\"so-widget-cn-core-hero-widget so-widget-cn-core-hero-widget-base\"\n\t\t\t\n\t\t><section class=\"c-hero c-hero--short\">\n    <div class=\"c-hero__inner\">\n        \n        <div class=\"c-hero__content\">\n\n            \n                            <p class=\"c-hero__subheading\">\n                    Frequently Asked Questions                <\/p>\n                    <\/div>\n\n        \n    <\/div>\n\n\n\n    \n    \n    <div data-src=\"https:\/\/hotelcms-production.imgix.net\/niraalpina.com\/wp-content\/uploads\/2018\/09\/NiraAlpina_DM_20121212-3007-LR.jpg\" data-crop=\"\" class=\"imgix-fluid  crop \/ c-hero__background\"><\/div><noscript><div style=\"background-image: url(https:\/\/hotelcms-production.imgix.net\/niraalpina.com\/wp-content\/uploads\/2018\/09\/NiraAlpina_DM_20121212-3007-LR.jpg);\" class=\"crop \/ c-hero__background\" ><\/div><\/noscript>\n    \n    <\/section>\n<\/div><\/div><\/div><\/div><\/div><div id=\"pg-3034-1\"  class=\"panel-grid panel-no-style\" ><div id=\"pgc-3034-1-0\"  class=\"panel-grid-cell\" ><div id=\"panel-3034-1-0-0\" class=\"so-panel widget widget_cn-core-text-widget panel-first-child panel-last-child\" data-index=\"1\" ><div\n\t\t\t\n\t\t\tclass=\"so-widget-cn-core-text-widget so-widget-cn-core-text-widget-base\"\n\t\t\t\n\t\t>\n<div class=\"c-text no-variation\" >\n\n                    <p class=\"c-text__preheading\">FAQ<\/p>\n    \n    \n    \n    <div class=\"c-text__content s-entry\">\n        <p><strong>Quali sono gli orari di check-in e check-out?<\/strong><br \/>\nIl check-in si effettua a partire dalle ore 15.00.<br \/>\nIl check-out \u00e8 previsto fino alle ore 11.00.<\/p>\n<p><strong>I prezzi sono per camera o per persona?<\/strong><br \/>\nTutti i nostri prezzi si intendono per camera e per notte.<\/p>\n<p><strong>La colazione \u00e8 inclusa nel prezzo della camera?<\/strong><br \/>\nTutti i nostri prezzi includono la nostra ricca colazione a buffet.<\/p>\n<p><strong>A che ora viene servita la colazione?<\/strong><br \/>\nLa colazione viene servita dalle 07.00 alle 10.30 nel ristorante Stars al 5\u00b0 piano.<\/p>\n<p><strong>Avete camere per non fumatori?<\/strong><br \/>\nTutte le nostre camere e le aree pubbliche sono non fumatori. Abbiamo una sala fumatori separata nel nostro Rooftop Bar.<\/p>\n<p><strong>Quanti piani ha l'hotel e dispone di un ascensore?<\/strong><br \/>\nCi sono 5 piani, tutti accessibili con l'ascensore.<\/p>\n<p><strong>Quali lingue si parlano alla reception?<\/strong><br \/>\nTedesco, inglese, italiano, greco<\/p>\n<p><strong>Le camere hanno una terrazza o un balcone?<\/strong><br \/>\nLe nostre camere Garden hanno accesso al giardino, le altre camere hanno un balcone o una terrazza. Solo le nostre camere Mountain View non hanno n\u00e9 balcone n\u00e9 terrazza.<\/p>\n<p><strong>Ci sono televisori con canali internazionali nelle camere?<\/strong><br \/>\nTutte le nostre camere sono dotate di TV a schermo piatto con un'ampia scelta di canali televisivi internazionali e alcuni canali radiofonici.<\/p>\n<p><strong>Avete accesso a Internet nell'hotel?<\/strong><br \/>\nS\u00ec, disponiamo di connessione internet wireless gratuita in tutte le camere e nelle aree riservate agli ospiti.<\/p>\n<p><strong>L'hotel \u00e8 ski-in ski-out?<\/strong><br \/>\nS\u00ec, siamo situati proprio accanto alla montagna e al comprensorio sciistico del Corvatsch e la funivia si trova proprio di fronte all'hotel ed \u00e8 raggiungibile tramite un ponte coperto che collega l'hotel alla funivia o tramite la strada.<\/p>\n<p><strong>Quanto costa lo skipass?<\/strong><br \/>\nSe soggiornate per pi\u00f9 di una notte, potete acquistare lo skipass dell'hotel a 47 franchi. Questa offerta speciale \u00e8 valida per persona e per giorno e pu\u00f2 essere prenotata solo per l'intera durata del soggiorno.<br \/>\nIn estate, la ferrovia di montagna \u00e8 inclusa per soggiorni di 2 o pi\u00f9 notti.<\/p>\n<p><strong>C'\u00e8 un parcheggio coperto?<\/strong><br \/>\nS\u00ec, abbiamo un parcheggio. Il costo del parcheggio \u00e8 di CHF 18,00 per veicolo a notte.<\/p>\n<p><strong>Dov'\u00e8 l'aeroporto pi\u00f9 vicino?<\/strong><br \/>\nAeroporto di St. Moritz - Samedan (15 minuti in auto)<br \/>\nAeroporto di Zurigo (circa 3 ore in auto)<br \/>\nAeroporto di Milano (circa 3 ore in auto)<\/p>\n<p><strong>Dove si trova la stazione ferroviaria pi\u00f9 vicina?<\/strong><br \/>\nLa stazione ferroviaria di St. Moritz dista circa 5 km dall'hotel.<\/p>\n<p><strong>Disponete di un servizio di prelievo o di navetta da e per la stazione ferroviaria?<\/strong><br \/>\nSiamo lieti di organizzare un trasferimento dalla stazione ferroviaria di St. Moritz all'hotel su richiesta e in base alla disponibilit\u00e0. Si prega di notare che \u00e8 possibile trasportare un massimo di 7 persone contemporaneamente, bagagli inclusi.<\/p>\n<p><strong>Gli animali domestici sono ammessi nell'alloggio?<\/strong><br \/>\nI cani sono ammessi con un supplemento di 20 franchi per cane al giorno. I cani non sono ammessi nel ristorante Stars e nella spa.<\/p>\n<p><strong>Quali sono gli orari di apertura della spa?<\/strong><br \/>\nIl nostro spa \u00e8 aperto tutti i giorni dalle 10.00 alle 20.00 in estate. In inverno tutti i giorni dalle 10.00 alle 21.00.<\/p>\n<p><strong>I bambini possono entrare nella spa?<\/strong><br \/>\nI bambini di et\u00e0 inferiore ai 16 anni possono accedere alla spa fino alle 17.30.<\/p>\n<p><strong>Possiamo caricare la nostra auto elettrica nel garage?<\/strong><br \/>\nS\u00ec, il nostro garage dispone di una stazione di ricarica per auto elettriche.<\/p>\n<p><img loading=\"lazy\" decoding=\"async\" class=\"alignnone wp-image-17014 size-medium\" src=\"https:\/\/niraalpina-live.imgix.net\/wp-content\/uploads\/2024\/12\/sleep-ski-small.png?w=300&amp;amp;h=300&amp;amp;auto=format\" alt=\"Sleep + Ski Angebot\" width=\"212\" height=\"300\" srcset=\"https:\/\/hotelcms-production.imgix.net\/niraalpina.com\/wp-content\/uploads\/2024\/12\/sleep-ski-small.png 223w, https:\/\/hotelcms-production.imgix.net\/niraalpina.com\/wp-content\/uploads\/2024\/12\/sleep-ski-small-212x300.png 212w\" sizes=\"auto, (max-width: 212px) 100vw, 212px\" \/><\/p>\n<p><strong>Buono a sapersi per l\u00b4inverno<\/strong><\/p>\n<p><strong>Cos'\u00e8 lo ski in ski out?<\/strong><br \/>\nCosa c'\u00e8 di meglio che sciare direttamente dall'hotel alla pista?<br \/>\nIl Nira Alpina offre un accesso diretto al comprensorio sciistico del Corvatsch ed \u00e8 collegato alla stazione della funivia del Corvatsch tramite un accesso privato.<\/p>\n<p><strong>Dove posso acquistare lo skipass?<\/strong><br \/>\n\u00c8 possibile prenotare lo skipass al costo di 47 franchi al giorno per adulto e solo per l'intera durata del soggiorno. Con questo skipass \u00e8 possibile utilizzare tutti gli impianti di risalita e i trasporti pubblici dell'Alta Engadina.<br \/>\nPer ulteriori informazioni, contattare la reception.<\/p>\n<p><strong>Cos'\u00e8 lo Snow Deal?<\/strong><br \/>\nIn inverno si applica un nuovo modello di prezzo agli skipass delle ferrovie di montagna dell'Alta Engadina. I prezzi degli skipass giornalieri e plurigiornalieri variano in base alla domanda del rispettivo giorno di validit\u00e0. Acquistate ora il vostro skipass su: www.snow-deal.ch<\/p>\n<p><strong>C'\u00e8 un deposito sci?<\/strong><br \/>\nDepositate gli sci e gli scarponi da sci o da trekking nel nostro deposito sci al 1\u00b0 piano, raggiungibile con l'ascensore. Potete aprire il vostro armadietto personale per gli sci con la vostra tessera della camera. Per ulteriori informazioni e assistenza, contattate la nostra reception.<\/p>\n<p><strong>Area sciistica e trasporti<\/strong><br \/>\nIl comprensorio sciistico di St. Moritz comprende:<br \/>\nCorvatsch, proprio accanto all'hotel<br \/>\nCorviglia e Piz Nair circa 7 km<br \/>\nDiavolezza \/ Lagalp circa 25 km<\/p>\n<p>Tutte le aree sciistiche sono raggiungibili in auto e sono disponibili numerosi parcheggi.<br \/>\nSono raggiungibili anche in autobus. La fermata dell'autobus si trova proprio di fronte all'hotel e il collegamento \u00e8 incluso nello skipass.<br \/>\nIl collegamento diretto tra l'area sciistica del Corvatsch (Silvaplana-Surlej) e l'area sciistica del Corviglia (stazione ferroviaria di St. Moritz Bad, Signal) \u00e8 garantito dall'Hahnensee Express, che passa ogni mezz'ora in entrambe le direzioni.<\/p>\n<p><strong>Quali autobus portano a St. Moritz?<\/strong><br \/>\nL'autobus n. 601 passa ogni 30 minuti dalle 8.45 in direzione della stazione di St. Moritz. L'ultimo autobus parte alle 19.45.<br \/>\nL'autobus n. 602 passa ogni 30 minuti dalle 08.29 in direzione del centro di St. Moritz, fermata \u201cSchulhausplatz\u201d. L'ultimo autobus parte alle 17.59.<br \/>\nL'autobus n. 603 passa ogni 30 minuti dalle 08.05 al centro di St. Moritz, fermata \u201cSchulhausplatz\u201d. L'ultimo autobus \u00e8 alle 17.35.<\/p>\n<p><strong>Dove posso noleggiare l'attrezzatura invernale\/sciistica?<\/strong><br \/>\nIl servizio sci del Corvatsch si trova a circa 400 metri dal Nira Alpina. Qui \u00e8 possibile noleggiare e acquistare attrezzature e abbigliamento per varie attivit\u00e0 all'aperto.<\/p>\n<p><a href=\"http:\/\/www.skiservice-corvatsch.ch\/\" target=\"_blank\" rel=\"noopener\">http:\/\/www.skiservice-corvatsch.ch\/<\/a> Si consiglia di prenotare l'attrezzatura da sci in anticipo.<br \/>\n\u00c8 disponibile una navetta per il servizio sci. Si prega di contattare direttamente la reception.<br \/>\nDi fronte all'hotel si trova anche un Intersport dove \u00e8 possibile noleggiare l'attrezzatura invernale.<br \/>\n<a href=\"http:\/\/www.rentnetwork-engadin.ch\/\" target=\"_blank\" rel=\"noopener\">http:\/\/www.rentnetwork-engadin.ch\/<\/a><\/p>\n<p><strong>Dove posso prenotare le lezioni di sci \/ con quali scuole di sci collaborate?<\/strong><br \/>\nI nostri partner per le lezioni di sci sono:<br \/>\nScuola di sci svizzera Corvatsch-Pontresina <a href=\"http:\/\/www.ssscp.ch\" target=\"_blank\" rel=\"noopener\">www.ssscp.ch<\/a><br \/>\nLa scuola di sci del Corvatsch si trova a circa 400 metri dal Nira Alpina.<br \/>\nSki Cool <a href=\"http:\/\/www.skicool.ch\/\" target=\"_blank\" rel=\"noopener\">http:\/\/www.skicool.ch\/<\/a><br \/>\nConsigliamo di prenotare in anticipo e saremo lieti di aiutarvi.<\/p>\n<p><strong>Cos'\u00e8 la Snow Night?<\/strong><br \/>\nLa Snow Night si svolge sul Corvatsch ogni venerd\u00ec a partire dalle ore 19.00. Ci\u00f2 significa che la pista \u00e8 illuminata per lo sci notturno. Per i biglietti e ulteriori informazioni rivolgersi alla reception.<\/p>\n<p><strong>Quali sono i livelli di difficolt\u00e0 delle piste da sci nella regione di Engadin St. Moritz?<\/strong><br \/>\nLa regione offre 88 piste, di cui il 20% \u00e8 classificato come facile, il 70% come medio e il 10% come difficile.<br \/>\nDiscesa pi\u00f9 lunga: 10 km (escursione sul ghiacciaio da Diavolezza a Morteratsch).<br \/>\nDiscesa pi\u00f9 ripida nei Grigioni (Lagalb): 86% di pendenza.<br \/>\nFreestyle - 3 snowpark: Snowpark Corvatsch con halfpipe e bag jump alti 6,8 m, Corviglia Snow Park con nuova pista fun e Zuoz Snow Park.<\/p>\n<p><strong>3D reality map:<\/strong><br \/>\n<a href=\"https:\/\/3d.realitymaps.de\/StMoritz\/\" target=\"_blank\" rel=\"noopener\">https:\/\/3d.realitymaps.de\/StMoritz\/<\/a><\/p>\n<p><strong>Quali sono gli orari di funzionamento degli impianti di risalita?<\/strong><br \/>\nLa funivia del Corvatsch, situata proprio di fronte, \u00e8 in funzione per tutta la stagione invernale. La funivia \u00e8 in funzione ogni 20 minuti dalle 8.20 fino alla vetta del Corvatsch, a 3303 metri sul livello del mare. L'ultima salita \u00e8 alle 16:00 (dal 10 febbraio alle 16:20) e l'ultima discesa parte dalla stazione a monte del Corvatsch alle 17:00 (dal 10 febbraio alle 17:20).<\/p>\n<p><strong>Sport invernali in Engadina?<\/strong><br \/>\nL'Engadina offre un'ampia gamma di attivit\u00e0 invernali come slittino, ciaspole, sci di fondo, pattinaggio su ghiaccio, snow kite, escursioni invernali, bob, equitazione o yoga sulla neve.<br \/>\nPer maggiori informazioni contattare la reception e visitare il sito:<\/p>\n<p>https:\/\/www.engadin.ch\/en\/guide\/activities<\/p>\n    <\/div>\n\n<\/div>\n<\/div><\/div><\/div><\/div><\/div>","protected":false},"excerpt":{"rendered":"<p>Frequently Asked Questions FAQ Quali sono gli orari di check-in e check-out? Il check-in si effettua a partire dalle ore 15.00. Il check-out \u00e8 previsto fino alle ore 11.00. I prezzi sono per camera o per persona? Tutti i nostri prezzi si intendono per camera e per notte. La colazione \u00e8 inclusa nel prezzo della &hellip;<\/p>\n","protected":false},"author":1,"featured_media":0,"parent":1919,"menu_order":1,"comment_status":"closed","ping_status":"closed","template":"","meta":{"_acf_changed":false,"footnotes":""},"class_list":["post--3034","post--page","post--type-page","post--status-publish","post--hentry"],"acf":[],"_links":{"self":[{"href":"https:\/\/www.niraalpina.com\/it\/wp-json\/wp\/v2\/pages\/3034","targetHints":{"allow":["GET"]}}],"collection":[{"href":"https:\/\/www.niraalpina.com\/it\/wp-json\/wp\/v2\/pages"}],"about":[{"href":"https:\/\/www.niraalpina.com\/it\/wp-json\/wp\/v2\/types\/page"}],"author":[{"embeddable":true,"href":"https:\/\/www.niraalpina.com\/it\/wp-json\/wp\/v2\/users\/1"}],"replies":[{"embeddable":true,"href":"https:\/\/www.niraalpina.com\/it\/wp-json\/wp\/v2\/comments?post=3034"}],"version-history":[{"count":25,"href":"https:\/\/www.niraalpina.com\/it\/wp-json\/wp\/v2\/pages\/3034\/revisions"}],"predecessor-version":[{"id":17495,"href":"https:\/\/www.niraalpina.com\/it\/wp-json\/wp\/v2\/pages\/3034\/revisions\/17495"}],"up":[{"embeddable":true,"href":"https:\/\/www.niraalpina.com\/it\/wp-json\/wp\/v2\/pages\/1919"}],"wp:attachment":[{"href":"https:\/\/www.niraalpina.com\/it\/wp-json\/wp\/v2\/media?parent=3034"}],"curies":[{"name":"wp","href":"https:\/\/api.w.org\/{rel}","templated":true}]}}