{"id":2087,"date":"2017-12-01T11:22:00","date_gmt":"2017-12-01T11:22:54","guid":{"rendered":"https:\/\/niraalpina.testingcreative.co.uk\/nira-spa\/spa-inchiesta\/thank-you\/"},"modified":"2017-12-13T11:29:58","modified_gmt":"2017-12-13T11:29:58","slug":"grazie","status":"publish","type":"page","link":"https:\/\/www.niraalpina.com\/it\/spa\/informazioni-spa\/grazie\/","title":{"rendered":"Spa Grazie"},"content":{"rendered":"<div id=\"pl-2087\"  class=\"panel-layout\" ><div id=\"pg-2087-0\"  class=\"panel-grid panel-has-style\" ><div class=\"1 siteorigin-panels-stretch panel-row-style panel-row-style-for-2087-0\" data-stretch-type=\"full-stretched\" ><div id=\"pgc-2087-0-0\"  class=\"panel-grid-cell\" ><div id=\"panel-2087-0-0-0\" class=\"so-panel widget widget_cn-core-hero-widget panel-first-child panel-last-child\" data-index=\"0\" ><div\n\t\t\t\n\t\t\tclass=\"so-widget-cn-core-hero-widget so-widget-cn-core-hero-widget-base\"\n\t\t\t\n\t\t><section class=\"c-hero c-hero--short\">\n    <div class=\"c-hero__inner\">\n        \n        <div class=\"c-hero__content\">\n\n                            <h1 class=\"c-hero__heading\">\n                    Il tuo messaggio \u00e8 stato inviato                <\/h1>\n            \n                            <p class=\"c-hero__subheading\">\n                    Grazie per la tua richiesta                <\/p>\n                            <div class=\"s-entry \/ c-hero__text\">\n                    <p>\n                        Il nostro team ti risponder\u00e0 il prima possibile                    <\/p>\n                <\/div>\n                    <\/div>\n\n        \n    <\/div>\n\n\n\n    \n    \n    <div data-src=\"https:\/\/hotelcms-production.imgix.net\/niraalpina.com\/wp-content\/uploads\/2017\/11\/NiraAlpina_DM_20121212-3032.jpg\" data-crop=\"manual\" class=\"imgix-fluid  crop \/ c-hero__background\" data-focus-horizontal=\"50\" data-focus-vertical=\"50\"><\/div><noscript><div style=\"background-image: url(https:\/\/hotelcms-production.imgix.net\/niraalpina.com\/wp-content\/uploads\/2017\/11\/NiraAlpina_DM_20121212-3032.jpg);\" class=\"crop \/ c-hero__background\" ><\/div><\/noscript>\n    \n    <\/section>\n<\/div><\/div><\/div><\/div><\/div><div id=\"pg-2087-1\"  class=\"panel-grid panel-has-style\" ><div class=\"c-row--valign-default c-row--widget-none c-row--margin-small c-row--column-default siteorigin-panels-stretch panel-row-style panel-row-style-for-2087-1\" data-stretch-type=\"full\" ><div id=\"pgc-2087-1-0\"  class=\"panel-grid-cell\" ><div id=\"panel-2087-1-0-0\" class=\"so-panel widget widget_cn-core-text-widget panel-first-child panel-last-child\" data-index=\"1\" ><div\n\t\t\t\n\t\t\tclass=\"so-widget-cn-core-text-widget so-widget-cn-core-text-widget-base\"\n\t\t\t\n\t\t>\n<div class=\"c-text c-text--lede\" >\n\n    \n    \n    \n    <div class=\"c-text__content s-entry\">\n        <div id=\"pg-201-1\" class=\"panel-grid\">\n<div class=\"c-row--valign-default c-row--widget-default c-row--margin-none c-row--column-none has-background imgix-fluid crop panel-row-style has-loaded\" data-src=\"http:\/\/shantimaurice.imgix.net\/wp-content\/uploads\/2017\/11\/texture-bg.png?auto=format&amp;\">\n<div id=\"pgc-201-1-0\" class=\"panel-grid-cell\">\n<div id=\"panel-201-1-0-0\" class=\"so-panel widget widget_cn-core-text-widget panel-first-child panel-last-child\" data-index=\"1\">\n<div class=\"so-widget-cn-core-text-widget so-widget-cn-core-text-widget-base widget-is-visible\">\n<div class=\"c-text c-text--lede\">\n<div class=\"c-text__content s-entry\">\n<p>Perch\u00e9 non dare un'occhiata al resto del nostro sito e pianificare il tuo soggiorno a Nira Alpina mentre aspetti.<\/p>\n<\/div>\n<\/div>\n<\/div>\n<\/div>\n<\/div>\n<\/div>\n<\/div>\n    <\/div>\n\n<\/div>\n<\/div><\/div><\/div><\/div><\/div><div id=\"pg-2087-2\"  class=\"panel-grid panel-has-style\" ><div class=\"c-row--valign-default c-row--widget-none c-row--margin-small c-row--column-default siteorigin-panels-stretch panel-row-style panel-row-style-for-2087-2\" data-stretch-type=\"full\" ><div id=\"pgc-2087-2-0\"  class=\"panel-grid-cell\" ><div id=\"panel-2087-2-0-0\" class=\"so-panel widget widget_cn-core-cta-widget panel-first-child panel-last-child\" data-index=\"2\" ><div\n\t\t\t\n\t\t\tclass=\"so-widget-cn-core-cta-widget so-widget-cn-core-cta-widget-base\"\n\t\t\t\n\t\t><div class=\"c-cta no-layout no-variation has-background\">\n\n    <div class=\"c-cta__content\">\n\n        <div class=\"c-cta__inner\">\n\n                            <a href=\"https:\/\/www.niraalpina.com\/rooms-suites\/\" class=\"c-cta__anchor\">\n            \n            \n                          <div class=\"crop\">\n                <div data-src=\"https:\/\/hotelcms-production.imgix.net\/niraalpina.com\/wp-content\/uploads\/2017\/11\/Nira-Alpina-Garden-Room_MR.jpg\" data-crop=\"manual\" class=\"imgix-fluid  c-image c-cta__image\" data-focus-horizontal=\"50\" data-focus-vertical=\"50\"><\/div><noscript><div style=\"background-image: url(https:\/\/hotelcms-production.imgix.net\/niraalpina.com\/wp-content\/uploads\/2017\/11\/Nira-Alpina-Garden-Room_MR.jpg);\" class=\"c-image c-cta__image\" ><\/div><\/noscript>              <\/div>\n            \n            \n                <div class=\"c-cta__headings\">\n\n                                    <p class=\"c-cta__preheading\">\n                        Viste senza rivali                    <\/p>\n                \n                                    <h2 class=\"c-cta__heading\">\n                        Le nostre camere e suite                    <\/h2>\n                \n                \n                <\/div>\n\n            \n            \n                            <\/a>\n            \n            \n            \n            \n                    <\/div>\n\n    <\/div>\n\n    \n                \n            <a href=\"https:\/\/www.niraalpina.com\/rooms-suites\/\" class=\"c-cta__detached-anchor\"><\/a>\n    \n<\/div>\n\n<\/div><\/div><\/div><div id=\"pgc-2087-2-1\"  class=\"panel-grid-cell\" ><div id=\"panel-2087-2-1-0\" class=\"so-panel widget widget_cn-core-cta-widget panel-first-child panel-last-child\" data-index=\"3\" ><div\n\t\t\t\n\t\t\tclass=\"so-widget-cn-core-cta-widget so-widget-cn-core-cta-widget-base\"\n\t\t\t\n\t\t><div class=\"c-cta no-layout no-variation has-background\">\n\n    <div class=\"c-cta__content\">\n\n        <div class=\"c-cta__inner\">\n\n                            <a href=\"https:\/\/www.niraalpina.com\/culinary-experiences\/\" class=\"c-cta__anchor\">\n            \n            \n                          <div class=\"crop\">\n                <div data-src=\"https:\/\/hotelcms-production.imgix.net\/niraalpina.com\/wp-content\/uploads\/2017\/11\/nira-alpina-food-2_rgb_hr-1.jpg\" data-crop=\"manual\" class=\"imgix-fluid  c-image c-cta__image\" data-focus-horizontal=\"50\" data-focus-vertical=\"50\"><\/div><noscript><div style=\"background-image: url(https:\/\/hotelcms-production.imgix.net\/niraalpina.com\/wp-content\/uploads\/2017\/11\/nira-alpina-food-2_rgb_hr-1.jpg);\" class=\"c-image c-cta__image\" ><\/div><\/noscript>              <\/div>\n            \n            \n                <div class=\"c-cta__headings\">\n\n                                    <p class=\"c-cta__preheading\">\n                        Cena in montagna                    <\/p>\n                \n                                    <h2 class=\"c-cta__heading\">\n                        Gastronomia                    <\/h2>\n                \n                \n                <\/div>\n\n            \n            \n                            <\/a>\n            \n            \n            \n            \n                    <\/div>\n\n    <\/div>\n\n    \n                \n            <a href=\"https:\/\/www.niraalpina.com\/culinary-experiences\/\" class=\"c-cta__detached-anchor\"><\/a>\n    \n<\/div>\n\n<\/div><\/div><\/div><div id=\"pgc-2087-2-2\"  class=\"panel-grid-cell\" ><div id=\"panel-2087-2-2-0\" class=\"so-panel widget widget_cn-core-cta-widget panel-first-child panel-last-child\" data-index=\"4\" ><div\n\t\t\t\n\t\t\tclass=\"so-widget-cn-core-cta-widget so-widget-cn-core-cta-widget-base\"\n\t\t\t\n\t\t><div class=\"c-cta no-layout no-variation has-background\">\n\n    <div class=\"c-cta__content\">\n\n        <div class=\"c-cta__inner\">\n\n            \n            \n                          <div class=\"crop\">\n                <div data-src=\"https:\/\/hotelcms-production.imgix.net\/niraalpina.com\/wp-content\/uploads\/2017\/11\/Whirpool-02.jpg\" data-crop=\"manual\" class=\"imgix-fluid  c-image c-cta__image\" data-focus-horizontal=\"50\" data-focus-vertical=\"50\"><\/div><noscript><div style=\"background-image: url(https:\/\/hotelcms-production.imgix.net\/niraalpina.com\/wp-content\/uploads\/2017\/11\/Whirpool-02.jpg);\" class=\"c-image c-cta__image\" ><\/div><\/noscript>              <\/div>\n            \n            \n                <div class=\"c-cta__headings\">\n\n                                    <p class=\"c-cta__preheading\">\n                        Corpo e mente                    <\/p>\n                \n                                    <h2 class=\"c-cta__heading\">\n                        Nira Spa                    <\/h2>\n                \n                \n                <\/div>\n\n            \n            \n            \n            \n            \n            \n                    <\/div>\n\n    <\/div>\n\n    \n                \n    \n<\/div>\n\n<\/div><\/div><\/div><\/div><\/div><\/div>","protected":false},"excerpt":{"rendered":"<p>Il tuo messaggio \u00e8 stato inviato Grazie per la tua richiesta Il nostro team ti risponder\u00e0 il prima possibile Perch\u00e9 non dare un&#8217;occhiata al resto del nostro sito e pianificare il tuo soggiorno a Nira Alpina mentre aspetti. Viste senza rivali Le nostre camere e suite Cena in montagna Gastronomia Corpo e mente Nira Spa<\/p>\n","protected":false},"author":7,"featured_media":0,"parent":2083,"menu_order":0,"comment_status":"closed","ping_status":"closed","template":"","meta":{"_acf_changed":false,"footnotes":""},"class_list":["post--2087","post--page","post--type-page","post--status-publish","post--hentry"],"acf":[],"_links":{"self":[{"href":"https:\/\/www.niraalpina.com\/it\/wp-json\/wp\/v2\/pages\/2087","targetHints":{"allow":["GET"]}}],"collection":[{"href":"https:\/\/www.niraalpina.com\/it\/wp-json\/wp\/v2\/pages"}],"about":[{"href":"https:\/\/www.niraalpina.com\/it\/wp-json\/wp\/v2\/types\/page"}],"author":[{"embeddable":true,"href":"https:\/\/www.niraalpina.com\/it\/wp-json\/wp\/v2\/users\/7"}],"replies":[{"embeddable":true,"href":"https:\/\/www.niraalpina.com\/it\/wp-json\/wp\/v2\/comments?post=2087"}],"version-history":[{"count":2,"href":"https:\/\/www.niraalpina.com\/it\/wp-json\/wp\/v2\/pages\/2087\/revisions"}],"predecessor-version":[{"id":2089,"href":"https:\/\/www.niraalpina.com\/it\/wp-json\/wp\/v2\/pages\/2087\/revisions\/2089"}],"up":[{"embeddable":true,"href":"https:\/\/www.niraalpina.com\/it\/wp-json\/wp\/v2\/pages\/2083"}],"wp:attachment":[{"href":"https:\/\/www.niraalpina.com\/it\/wp-json\/wp\/v2\/media?parent=2087"}],"curies":[{"name":"wp","href":"https:\/\/api.w.org\/{rel}","templated":true}]}}