{"id":1817,"date":"2017-11-26T14:23:07","date_gmt":"2017-11-26T14:23:07","guid":{"rendered":"https:\/\/niraalpina.testingcreative.co.uk\/leisure-activities\/kids\/"},"modified":"2023-08-25T15:39:11","modified_gmt":"2023-08-25T15:39:11","slug":"bambini","status":"publish","type":"page","link":"https:\/\/www.niraalpina.com\/it\/leisure-activities\/bambini\/","title":{"rendered":"Bambini"},"content":{"rendered":"<div id=\"pl-1817\"  class=\"panel-layout\" ><div id=\"pg-1817-0\"  class=\"panel-grid panel-has-style\" ><div class=\"c-row--valign-default c-row--widget-none c-row--margin-none c-row--column-none siteorigin-panels-stretch panel-row-style panel-row-style-for-1817-0\" data-stretch-type=\"full-stretched\" ><div id=\"pgc-1817-0-0\"  class=\"panel-grid-cell\" ><div id=\"panel-1817-0-0-0\" class=\"so-panel widget widget_cn-core-hero-widget panel-first-child panel-last-child\" data-index=\"0\" ><div\n\t\t\t\n\t\t\tclass=\"so-widget-cn-core-hero-widget so-widget-cn-core-hero-widget-base\"\n\t\t\t\n\t\t><section class=\"c-hero c-hero--short\">\n    <div class=\"c-hero__inner\">\n        \n        <div class=\"c-hero__content\">\n\n                            <h1 class=\"c-hero__heading\">\n                    Il posto ideale per i nostri piccoli ospiti                <\/h1>\n            \n                            <p class=\"c-hero__subheading\">\n                    Bambini                <\/p>\n                            <div class=\"s-entry \/ c-hero__text\">\n                    <p>\n                        Miniclub, negozio sportivo dedicato e scuola di sci                    <\/p>\n                <\/div>\n                    <\/div>\n\n        \n    <\/div>\n\n\n\n    \n    \n    <div data-src=\"https:\/\/hotelcms-production.imgix.net\/niraalpina.com\/wp-content\/uploads\/2017\/11\/Nira_Alpina_KidsClub_0031_HR.jpg\" data-crop=\"manual\" class=\"imgix-fluid  crop \/ c-hero__background\" data-focus-horizontal=\"50\" data-focus-vertical=\"50\"><\/div><noscript><div style=\"background-image: url(https:\/\/hotelcms-production.imgix.net\/niraalpina.com\/wp-content\/uploads\/2017\/11\/Nira_Alpina_KidsClub_0031_HR.jpg);\" class=\"crop \/ c-hero__background\" ><\/div><\/noscript>\n    \n    <\/section>\n<\/div><\/div><\/div><\/div><\/div><div id=\"pg-1817-1\"  class=\"panel-grid panel-has-style\" ><div class=\"c-row--valign-default c-row--widget-spacing c-row--margin-none c-row--column-default siteorigin-panels-stretch panel-row-style panel-row-style-for-1817-1\" data-stretch-type=\"full\" ><div id=\"pgc-1817-1-0\"  class=\"panel-grid-cell\" ><div id=\"panel-1817-1-0-0\" class=\"so-panel widget widget_cn-core-text-widget panel-first-child panel-last-child\" data-index=\"1\" ><div\n\t\t\t\n\t\t\tclass=\"so-widget-cn-core-text-widget so-widget-cn-core-text-widget-base\"\n\t\t\t\n\t\t>\n<div class=\"c-text c-text--lede\" >\n\n    \n    \n    \n    <div class=\"c-text__content s-entry\">\n        <p>Nira alpina \u00e8 una scelta eccellente per le famiglie che cercano un'avventura alpina piena di azione.<br \/>\nDalle nostre spaziose camere per famiglie e dedicate scelte culinarie, dal tempo libero alla nostra fantastica scuola di sci, abbiamo tutto il necessario per trascorrere una vacanza indimenticabile in famiglia.<br \/>\nDurante la stagione invernale offriamo assistenza professionale ai bambini dalle 16:00 alle 21:00 all'interno del nostro miniclub, ricco di attivit\u00e0 e intrattenimenti entusiasmanti. Nel frattempo avrai la possibilit\u00e0 di goderti un aperitivo dopo-sci sul Rooftop Bar o una cena romantica in due.<br \/>\nD'estate, in collaborazione con partner selezionati nostri piccoli ospiti avranno un intero mondo alpino da scoprire e esplorare, con nuovi piccoli amici o anche con voi.<\/p>\n    <\/div>\n\n<\/div>\n<\/div><\/div><\/div><\/div><\/div><div id=\"pg-1817-2\"  class=\"panel-grid panel-has-style\" ><div class=\"c-row--valign-default c-row--widget-none c-row--margin-large c-row--column-large panel-row-style panel-row-style-for-1817-2\" ><div id=\"pgc-1817-2-0\"  class=\"panel-grid-cell\" ><div id=\"panel-1817-2-0-0\" class=\"so-panel widget widget_cn-core-text-widget panel-first-child\" data-index=\"2\" ><div\n\t\t\t\n\t\t\tclass=\"so-widget-cn-core-text-widget so-widget-cn-core-text-widget-base\"\n\t\t\t\n\t\t>\n<div class=\"c-text c-text--left\" >\n\n    \n            <h2 class=\"c-text__heading\">Camere - Family<\/h2>\n    \n    \n    <div class=\"c-text__content s-entry\">\n        <p>Alcune delle nostre camere, fra le pi\u00f9 spaziose ed eleganti, possono ospitare bambini, con aggiunta di una culla o un letto pieghevole, se necessario.<br \/>\nLe camere comunicanti sono perfette per le famiglie pi\u00f9 numerose e multi-generazionali, offrendovi lo spazio e la privacy di cui avete bisogno per una vacanza rilassante. La sicurezza innanzi tutto: tutti i nostri balconi sono dotati di barriere per una maggiore tranquillit\u00e0 e sicurezza durante il vostro soggiorno.<\/p>\n    <\/div>\n\n<\/div>\n<\/div><\/div><div id=\"panel-1817-2-0-1\" class=\"so-panel widget widget_cn-core-text-widget panel-last-child\" data-index=\"3\" ><div\n\t\t\t\n\t\t\tclass=\"so-widget-cn-core-text-widget so-widget-cn-core-text-widget-base\"\n\t\t\t\n\t\t>\n<div class=\"c-text c-text--left\" >\n\n    \n            <h2 class=\"c-text__heading\">Miniclub  <\/h2>\n    \n    \n    <div class=\"c-text__content s-entry\">\n        <p>Perfetto per i bambini di tutte le et\u00e0, il club offre una variet\u00e0 di giochi, un'area di lettura multilingue e un ricco programma di attivit\u00e0 e intrattenimento entusiasmanti.<br \/>\nL'assistenza professionale ai bambini dai 3 anni in su \u00e8 disponibile anche il pomeriggio dalle 16:00 alle 21:00 durante tutta la stagione invernale.<\/p>\n    <\/div>\n\n<\/div>\n<\/div><\/div><\/div><div id=\"pgc-1817-2-1\"  class=\"panel-grid-cell\" ><div id=\"panel-1817-2-1-0\" class=\"so-panel widget widget_cn-core-image-widget panel-first-child panel-last-child\" data-index=\"4\" ><div\n\t\t\t\n\t\t\tclass=\"so-widget-cn-core-image-widget so-widget-cn-core-image-widget-base\"\n\t\t\t\n\t\t>\n<div class=\"c-image-container  no-variation\">\n    \n    <figure class=\"img-fit\">\n                    <img decoding=\"async\" data-src=\"https:\/\/hotelcms-production.imgix.net\/niraalpina.com\/wp-content\/uploads\/2017\/11\/Nira-Alpina-KidsClub-Main_MR.jpg\" data-crop=\"manual\" src=\"data:image\/gif;base64,R0lGODlhBAADAIAAAAAAAAAAACH5BAEAAAAALAAAAAAEAAMAAAIDhI9WADs=\" class=\"imgix-fluid \/ c-image\" alt=\"\" data-focus-horizontal=\"40\" data-focus-vertical=\"60\"  \/><noscript><img decoding=\"async\" src=\"https:\/\/hotelcms-production.imgix.net\/niraalpina.com\/wp-content\/uploads\/2017\/11\/Nira-Alpina-KidsClub-Main_MR.jpg\" class=\"c-image\" alt=\"\"  \/><\/noscript>            <\/figure>\n\n    <\/div>\n<\/div><\/div><\/div><\/div><\/div><div id=\"pg-1817-3\"  class=\"panel-grid panel-has-style\" ><div class=\"c-row--valign-default c-row--widget-none c-row--margin-large c-row--column-default siteorigin-panels-stretch panel-row-style panel-row-style-for-1817-3\" data-stretch-type=\"full-stretched\" ><div id=\"pgc-1817-3-0\"  class=\"panel-grid-cell\" ><div id=\"panel-1817-3-0-0\" class=\"so-panel widget widget_cn-core-image-slider-widget panel-first-child panel-last-child\" data-index=\"5\" ><div\n\t\t\t\n\t\t\tclass=\"so-widget-cn-core-image-slider-widget so-widget-cn-core-image-slider-widget-base\"\n\t\t\t\n\t\t><div class=\"c-slider-wrapper no-variation no-variation\">\n\n    \n    \n    <div\n        id=\"slider-69d4fd6ebc4b3\"\n        class=\"c-slider c-slider--image c-slider--set-height js-flickity\"\n                    data-flickity-options='{\"pageDots\":true,\"prevNextButtons\":true,\"cellAlign\":\"center\",\"contain\":false,\"wrapAround\":true,\"imagesLoaded\":true,\"setGallerySize\":false,\"adaptiveHeight\":false,\"autoPlay\":3500,\"friction\":0.28,\"pauseAutoPlayOnHover\":false,\"rightToLeft\":false,\"groupCells\":false}'\n            >\n                    <div\n                class=\"c-slider__cell  js-flickity-cell\"\n                id=\"image-cell-0\"\n            >\n                \n<div class=\"c-image-container  no-variation\">\n    \n    <figure class=\"crop\">\n                    <div data-src=\"https:\/\/hotelcms-production.imgix.net\/niraalpina.com\/wp-content\/uploads\/2017\/11\/Nira-Alpina-ChildrenSki_0014_MR.jpg\" data-crop=\"manual\" class=\"imgix-fluid  c-image\" data-focus-horizontal=\"50\" data-focus-vertical=\"30\"><\/div><noscript><div style=\"background-image: url(https:\/\/hotelcms-production.imgix.net\/niraalpina.com\/wp-content\/uploads\/2017\/11\/Nira-Alpina-ChildrenSki_0014_MR.jpg);\" class=\"c-image\" ><\/div><\/noscript>            <\/figure>\n\n    <\/div>\n            <\/div>\n                    <div\n                class=\"c-slider__cell  js-flickity-cell\"\n                id=\"image-cell-1\"\n            >\n                \n<div class=\"c-image-container  no-variation\">\n    \n    <figure class=\"crop\">\n                    <div data-src=\"https:\/\/hotelcms-production.imgix.net\/niraalpina.com\/wp-content\/uploads\/2017\/11\/Nira_Alpina_KidsClub_0013_HR.jpg\" data-crop=\"manual\" class=\"imgix-fluid  c-image\" data-focus-horizontal=\"50\" data-focus-vertical=\"35\"><\/div><noscript><div style=\"background-image: url(https:\/\/hotelcms-production.imgix.net\/niraalpina.com\/wp-content\/uploads\/2017\/11\/Nira_Alpina_KidsClub_0013_HR.jpg);\" class=\"c-image\" ><\/div><\/noscript>            <\/figure>\n\n    <\/div>\n            <\/div>\n                    <div\n                class=\"c-slider__cell  js-flickity-cell\"\n                id=\"image-cell-2\"\n            >\n                \n<div class=\"c-image-container  no-variation\">\n    \n    <figure class=\"crop\">\n                    <div data-src=\"https:\/\/hotelcms-production.imgix.net\/niraalpina.com\/wp-content\/uploads\/2017\/11\/Nira_Alpina_KidsClub_0007_HR.jpg\" data-crop=\"manual\" class=\"imgix-fluid  c-image\" data-focus-horizontal=\"50\" data-focus-vertical=\"50\"><\/div><noscript><div style=\"background-image: url(https:\/\/hotelcms-production.imgix.net\/niraalpina.com\/wp-content\/uploads\/2017\/11\/Nira_Alpina_KidsClub_0007_HR.jpg);\" class=\"c-image\" ><\/div><\/noscript>            <\/figure>\n\n    <\/div>\n            <\/div>\n                    <div\n                class=\"c-slider__cell  js-flickity-cell\"\n                id=\"image-cell-3\"\n            >\n                \n<div class=\"c-image-container  no-variation\">\n    \n    <figure class=\"crop\">\n                    <div data-src=\"https:\/\/hotelcms-production.imgix.net\/niraalpina.com\/wp-content\/uploads\/2017\/11\/Nira_Alpina_KidsClub_0049_HR.jpg\" data-crop=\"manual\" class=\"imgix-fluid  c-image\" data-focus-horizontal=\"50\" data-focus-vertical=\"50\"><\/div><noscript><div style=\"background-image: url(https:\/\/hotelcms-production.imgix.net\/niraalpina.com\/wp-content\/uploads\/2017\/11\/Nira_Alpina_KidsClub_0049_HR.jpg);\" class=\"c-image\" ><\/div><\/noscript>            <\/figure>\n\n    <\/div>\n            <\/div>\n            <\/div>\n\n    <\/div><\/div><\/div><\/div><\/div><\/div><div id=\"pg-1817-4\"  class=\"panel-grid panel-has-style\" ><div class=\"c-row--valign-default c-row--widget-none c-row--margin-none c-row--column-small panel-row-style panel-row-style-for-1817-4\" ><div id=\"pgc-1817-4-0\"  class=\"panel-grid-cell\" ><div id=\"panel-1817-4-0-0\" class=\"so-panel widget widget_cn-core-image-widget panel-first-child panel-last-child\" data-index=\"6\" ><div\n\t\t\t\n\t\t\tclass=\"so-widget-cn-core-image-widget so-widget-cn-core-image-widget-base\"\n\t\t\t\n\t\t>\n<div class=\"c-image-container  no-variation\">\n    \n    <figure class=\"img-fit\">\n                    <img decoding=\"async\" data-src=\"https:\/\/hotelcms-production.imgix.net\/niraalpina.com\/wp-content\/uploads\/2017\/11\/Nira_Alpina_ChildrenSki_0118_HR.jpg\" data-crop=\"manual\" src=\"data:image\/gif;base64,R0lGODlhBAADAIAAAAAAAAAAACH5BAEAAAAALAAAAAAEAAMAAAIDhI9WADs=\" class=\"imgix-fluid \/ c-image\" alt=\"\" data-focus-horizontal=\"50\" data-focus-vertical=\"50\"  \/><noscript><img decoding=\"async\" src=\"https:\/\/hotelcms-production.imgix.net\/niraalpina.com\/wp-content\/uploads\/2017\/11\/Nira_Alpina_ChildrenSki_0118_HR.jpg\" class=\"c-image\" alt=\"\"  \/><\/noscript>            <\/figure>\n\n    <\/div>\n<\/div><\/div><\/div><div id=\"pgc-1817-4-1\"  class=\"panel-grid-cell\" ><div id=\"panel-1817-4-1-0\" class=\"so-panel widget widget_cn-core-text-widget panel-first-child\" data-index=\"7\" ><div\n\t\t\t\n\t\t\tclass=\"so-widget-cn-core-text-widget so-widget-cn-core-text-widget-base\"\n\t\t\t\n\t\t>\n<div class=\"c-text c-text--left\" >\n\n    \n            <h2 class=\"c-text__heading\">Kids skiing<\/h2>\n    \n    \n    <div class=\"c-text__content s-entry\">\n        <p>Abbiamo selezionato aziende locali con anni di esperienza nell'insegnare a sciare ai nostri ospiti pi\u00f9 giovani ospiti.<br \/>\nLa pista da sci per bambini e il campetto scuola si trova a soli 5 metri dall'hotel ed \u00e8 il luogo perfetto per imparare divertendosi e godersi ore e ore di avventure sulla neve.<\/p>\n    <\/div>\n\n<\/div>\n<\/div><\/div><div id=\"panel-1817-4-1-1\" class=\"so-panel widget widget_cn-core-text-widget panel-last-child\" data-index=\"8\" ><div\n\t\t\t\n\t\t\tclass=\"so-widget-cn-core-text-widget so-widget-cn-core-text-widget-base\"\n\t\t\t\n\t\t>\n<div class=\"c-text c-text--left\" >\n\n    \n            <h2 class=\"c-text__heading\">Cibo per i bambini<\/h2>\n    \n    \n    <div class=\"c-text__content s-entry\">\n        <p>A Nira Alpina potrete trovare ampi men\u00f9 con piatti pensati appositamente per i bambini e a tutta la famiglia.<br \/>\nI nostri chef hanno potuto creare piatti gustosi ed eccitanti da assaporare per meglio rilassarsi dopo una intensa giornata sulle piste.<\/p>\n    <\/div>\n\n<\/div>\n<\/div><\/div><\/div><\/div><\/div><div id=\"pg-1817-5\"  class=\"panel-grid panel-has-style\" ><div class=\"c-row--valign-default c-row--widget-none c-row--margin-small c-row--column-small panel-row-style panel-row-style-for-1817-5\" ><div id=\"pgc-1817-5-0\"  class=\"panel-grid-cell\" ><div id=\"panel-1817-5-0-0\" class=\"so-panel widget widget_cn-core-cta-widget panel-first-child panel-last-child\" data-index=\"9\" ><div\n\t\t\t\n\t\t\tclass=\"so-widget-cn-core-cta-widget so-widget-cn-core-cta-widget-base\"\n\t\t\t\n\t\t><div class=\"c-cta c-cta--layout-image-right no-variation has-background\">\n\n    <div class=\"c-cta__content\">\n\n        <div class=\"c-cta__inner\">\n\n            \n            \n            \n            \n                <div class=\"c-cta__headings\">\n\n                \n                                    <h2 class=\"c-cta__heading\">\n                        La Spa per i bambini                    <\/h2>\n                \n                \n                <\/div>\n\n            \n            \n            \n                            <div class=\"c-cta__text \/ s-entry\">\n                    <p>Nira Alpina offre anche una selezione di trattamenti appositamente studiati per i bambini fra cui trattamenti per il viso \"Snow Prince &amp; Princess\" o i massaggi \"Superstar\" dove utilizzeremo i prodotti della gamma Toofruit, progettati per rilassate i piccoli e illuminare anche la loro giovane e sensibile pelle.<\/p>\n                <\/div>\n            \n            \n                            <div class=\"c-cta__buttons\">\n                    <a  class=\"c-button button \/ c-cta__button  \" target=\"_blank\" href=\"\">\n    Spa men\u00f9 per i bambini<\/a>\n\n\n                <\/div>\n            \n                    <\/div>\n\n    <\/div>\n\n    \n            <div data-src=\"https:\/\/hotelcms-production.imgix.net\/niraalpina.com\/wp-content\/uploads\/2017\/11\/Nira-Alpina-Spa-Chair-RGB.jpg\" data-crop=\"auto\" class=\"imgix-fluid  crop \/ c-background c-cta__background\"><\/div><noscript><div style=\"background-image: url(https:\/\/hotelcms-production.imgix.net\/niraalpina.com\/wp-content\/uploads\/2017\/11\/Nira-Alpina-Spa-Chair-RGB.jpg);\" class=\"crop \/ c-background c-cta__background\" ><\/div><\/noscript>    \n    \n<\/div>\n\n<\/div><\/div><\/div><\/div><\/div><div id=\"pg-1817-6\"  class=\"panel-grid panel-has-style\" ><div class=\"1 siteorigin-panels-stretch has-background c-row--background-cover imgix-fluid crop panel-row-style panel-row-style-for-1817-6\" data-stretch-type=\"full\" data-src=\"https:\/\/hotelcms-production.imgix.net\/niraalpina.com\/wp-content\/uploads\/2017\/11\/texture.png\" data-crop=\"\" ><div id=\"pgc-1817-6-0\"  class=\"panel-grid-cell\" ><div id=\"panel-1817-6-0-0\" class=\"so-panel widget widget_cn-core-cta-widget panel-first-child panel-last-child\" data-index=\"10\" ><div\n\t\t\t\n\t\t\tclass=\"so-widget-cn-core-cta-widget so-widget-cn-core-cta-widget-base\"\n\t\t\t\n\t\t><div class=\"c-cta c-cta--layout-breaker no-variation\">\n\n    <div class=\"c-cta__content\">\n\n        <div class=\"c-cta__inner\">\n\n                            <a href=\"https:\/\/gc.synxis.com\/rez.aspx?Hotel=53708&#038;Chain=5154&#038;template=RES_NIRA_ALPINA_V1&#038;shell=RES_NIRA_ALPINA_V1&#038;locale=en-US\" class=\"c-cta__anchor\" target=\"_blank\" rel=\"noopener\">\n            \n            \n            \n            \n                <div class=\"c-cta__headings\">\n\n                                    <p class=\"c-cta__preheading\">\n                        Puro e sofisticato                    <\/p>\n                \n                                    <h2 class=\"c-cta__heading\">\n                        Scoprite il nostro rifugio di montagna                    <\/h2>\n                \n                \n                <\/div>\n\n            \n            \n                            <\/a>\n            \n                            <div class=\"c-cta__text \/ s-entry\">\n                    <p>Nira Alpina, uno dei resort pi\u00f9 esclusivi delle Alpi Svizzere, vi circonda coi suoi panorami mozzafiato dei paesaggi incontaminati ed \u00e8 il luogo ideale per avventure estive e invernali.<br \/>\nInoltre, prenotando direttamente dal nostro sito web, potrete usufruire di molti vantaggi, fra i quali migliore tariffa garantita, omaggio di praline Svizzere in camera e molto altro.<br \/>\nVenite a scoprirci!<\/p>\n                <\/div>\n            \n            \n                            <div class=\"c-cta__buttons\">\n                    <a class=\"c-button button \/ c-cta__button  no-variation\" href=\"https:\/\/gc.synxis.com\/rez.aspx?Hotel=53708&#038;Chain=5154&#038;template=RES_NIRA_ALPINA_V1&#038;shell=RES_NIRA_ALPINA_V1&#038;locale=en-US\" target=\"_blank\" rel=\"noopener\">\n    Prenota il tuo soggiorno<\/a>\n\n\n                <\/div>\n            \n                    <\/div>\n\n    <\/div>\n\n    \n    \n            <a href=\"https:\/\/gc.synxis.com\/rez.aspx?Hotel=53708&#038;Chain=5154&#038;template=RES_NIRA_ALPINA_V1&#038;shell=RES_NIRA_ALPINA_V1&#038;locale=en-US\" class=\"c-cta__detached-anchor\" target=\"_blank\" rel=\"noopener\"><\/a>\n    \n<\/div>\n\n<\/div><\/div><\/div><\/div><\/div><\/div>","protected":false},"excerpt":{"rendered":"<p>Il posto ideale per i nostri piccoli ospiti Bambini Miniclub, negozio sportivo dedicato e scuola di sci Nira alpina \u00e8 una scelta eccellente per le famiglie che cercano un&#8217;avventura alpina piena di azione. Dalle nostre spaziose camere per famiglie e dedicate scelte culinarie, dal tempo libero alla nostra fantastica scuola di sci, abbiamo tutto il &hellip;<\/p>\n","protected":false},"author":1,"featured_media":0,"parent":1799,"menu_order":4,"comment_status":"closed","ping_status":"closed","template":"","meta":{"_acf_changed":false,"footnotes":""},"class_list":["post--1817","post--page","post--type-page","post--status-publish","post--hentry"],"acf":[],"_links":{"self":[{"href":"https:\/\/www.niraalpina.com\/it\/wp-json\/wp\/v2\/pages\/1817","targetHints":{"allow":["GET"]}}],"collection":[{"href":"https:\/\/www.niraalpina.com\/it\/wp-json\/wp\/v2\/pages"}],"about":[{"href":"https:\/\/www.niraalpina.com\/it\/wp-json\/wp\/v2\/types\/page"}],"author":[{"embeddable":true,"href":"https:\/\/www.niraalpina.com\/it\/wp-json\/wp\/v2\/users\/1"}],"replies":[{"embeddable":true,"href":"https:\/\/www.niraalpina.com\/it\/wp-json\/wp\/v2\/comments?post=1817"}],"version-history":[{"count":15,"href":"https:\/\/www.niraalpina.com\/it\/wp-json\/wp\/v2\/pages\/1817\/revisions"}],"predecessor-version":[{"id":14566,"href":"https:\/\/www.niraalpina.com\/it\/wp-json\/wp\/v2\/pages\/1817\/revisions\/14566"}],"up":[{"embeddable":true,"href":"https:\/\/www.niraalpina.com\/it\/wp-json\/wp\/v2\/pages\/1799"}],"wp:attachment":[{"href":"https:\/\/www.niraalpina.com\/it\/wp-json\/wp\/v2\/media?parent=1817"}],"curies":[{"name":"wp","href":"https:\/\/api.w.org\/{rel}","templated":true}]}}