{"id":1799,"date":"2017-11-26T14:12:24","date_gmt":"2017-11-26T14:12:24","guid":{"rendered":"https:\/\/niraalpina.testingcreative.co.uk\/leisure-activities\/"},"modified":"2024-02-12T16:11:39","modified_gmt":"2024-02-12T16:11:39","slug":"leisure-activities","status":"publish","type":"page","link":"https:\/\/www.niraalpina.com\/it\/leisure-activities\/","title":{"rendered":"Attivit\u00e0 Ricreative"},"content":{"rendered":"<div id=\"pl-1799\"  class=\"panel-layout\" ><div id=\"pg-1799-0\"  class=\"panel-grid panel-has-style\" ><div class=\"c-row--valign-default c-row--widget-none c-row--margin-none c-row--column-none siteorigin-panels-stretch panel-row-style panel-row-style-for-1799-0\" data-stretch-type=\"full-stretched\" ><div id=\"pgc-1799-0-0\"  class=\"panel-grid-cell\" ><div id=\"panel-1799-0-0-0\" class=\"so-panel widget widget_cn-core-hero-widget panel-first-child panel-last-child\" data-index=\"0\" ><div\n\t\t\t\n\t\t\tclass=\"so-widget-cn-core-hero-widget so-widget-cn-core-hero-widget-base\"\n\t\t\t\n\t\t><section class=\"c-hero c-hero--short\">\n    <div class=\"c-hero__inner\">\n        \n        <div class=\"c-hero__content\">\n\n                            <h1 class=\"c-hero__heading\">\n                    Cose da fare a Nira Alpina                <\/h1>\n            \n                            <p class=\"c-hero__subheading\">\n                    Attivit\u00e0 ricreative                <\/p>\n                            <div class=\"s-entry \/ c-hero__text\">\n                    <p>\n                        Opportunit\u00e0 infinite per tutto l'anno                    <\/p>\n                <\/div>\n                    <\/div>\n\n        \n    <\/div>\n\n\n\n    \n    \n    <div data-src=\"https:\/\/hotelcms-production.imgix.net\/niraalpina.com\/wp-content\/uploads\/2017\/11\/esm9863.jpg\" data-crop=\"manual\" class=\"imgix-fluid  crop \/ c-hero__background\" data-focus-horizontal=\"50\" data-focus-vertical=\"40\"><\/div><noscript><div style=\"background-image: url(https:\/\/hotelcms-production.imgix.net\/niraalpina.com\/wp-content\/uploads\/2017\/11\/esm9863.jpg);\" class=\"crop \/ c-hero__background\" ><\/div><\/noscript>\n    \n    <\/section>\n<\/div><\/div><\/div><\/div><\/div><div id=\"pg-1799-1\"  class=\"panel-grid panel-has-style\" ><div class=\"c-row--valign-default c-row--widget-spacing c-row--margin-none c-row--column-default siteorigin-panels-stretch has-background c-row--background-cover imgix-fluid crop panel-row-style panel-row-style-for-1799-1\" data-stretch-type=\"full\" data-src=\"https:\/\/hotelcms-production.imgix.net\/niraalpina.com\/wp-content\/uploads\/2017\/11\/texture-bg.png\" data-crop=\"\" ><div id=\"pgc-1799-1-0\"  class=\"panel-grid-cell\" ><div id=\"panel-1799-1-0-0\" class=\"so-panel widget widget_cn-core-text-widget panel-first-child panel-last-child\" data-index=\"1\" ><div\n\t\t\t\n\t\t\tclass=\"so-widget-cn-core-text-widget so-widget-cn-core-text-widget-base\"\n\t\t\t\n\t\t>\n<div class=\"c-text c-text--lede\" >\n\n    \n    \n    \n    <div class=\"c-text__content s-entry\">\n        <p>In armonia col bellissimo ambiente naturale che ci circonda, lavoriamo con partner scelti accuratamente per assicurarci esperienze straordinarie durante tutto l'anno. Dalle attivit\u00e0 all'aperto ricche di adrenalina, a pacchetti inclusivi di gustosi cibi e bevande: abbiamo sempre qualcosa per tutti i gusti e per tutte le taglie.<\/p>\n    <\/div>\n\n<\/div>\n<\/div><\/div><\/div><\/div><\/div><div id=\"pg-1799-2\"  class=\"panel-grid panel-has-style\" ><div class=\"c-row--valign-default c-row--widget-none c-row--margin-small c-row--column-small siteorigin-panels-stretch panel-row-style panel-row-style-for-1799-2\" data-stretch-type=\"full\" ><div id=\"pgc-1799-2-0\"  class=\"panel-grid-cell\" ><div id=\"panel-1799-2-0-0\" class=\"so-panel widget widget_cn-core-cta-widget panel-first-child panel-last-child\" data-index=\"2\" ><div\n\t\t\t\n\t\t\tclass=\"so-widget-cn-core-cta-widget so-widget-cn-core-cta-widget-base\"\n\t\t\t\n\t\t><div class=\"c-cta no-layout no-variation\">\n\n    <div class=\"c-cta__content\">\n\n        <div class=\"c-cta__inner\">\n\n                            <a href=\"https:\/\/www.niraalpina.com\/it\/leisure-activities\/attivita-estive\/\" class=\"c-cta__anchor\">\n            \n            \n                          <div class=\"crop\">\n                <div data-src=\"https:\/\/hotelcms-production.imgix.net\/niraalpina.com\/wp-content\/uploads\/2021\/05\/ESTM-FilipZuan.jpg\" data-crop=\"centre\" class=\"imgix-fluid  c-image c-cta__image\" data-caption=\"ENGADIN St. Moritz - Wanderung zur Fuorcla Surlej. Im Hintergrund der Piz Bernina und Piz Roseg. \n\nHiking to Fuorcla Surlej, with Piz Bernina and Piz Roseg in the background. \n\nEscursione sul Fuorcla Surlej. Sullo sfondo il Piz Bernina e il Piz Roseg. \n\nCopyright by ENGADIN St. Moritz By-line: swiss-image.ch\/Gian Andri Giovanoli\"><\/div><noscript><div style=\"background-image: url(https:\/\/hotelcms-production.imgix.net\/niraalpina.com\/wp-content\/uploads\/2021\/05\/ESTM-FilipZuan.jpg);\" class=\"c-image c-cta__image\" ><\/div><\/noscript>              <\/div>\n            \n            \n                <div class=\"c-cta__headings\">\n\n                                    <p class=\"c-cta__preheading\">\n                        DOLCI ESTATI IN SVIZZERA                    <\/p>\n                \n                                    <h2 class=\"c-cta__heading\">\n                        Attivit\u00e0 estive                    <\/h2>\n                \n                \n                <\/div>\n\n            \n            \n                            <\/a>\n            \n            \n            \n            \n                    <\/div>\n\n    <\/div>\n\n    \n    \n            <a href=\"https:\/\/www.niraalpina.com\/it\/leisure-activities\/attivita-estive\/\" class=\"c-cta__detached-anchor\"><\/a>\n    \n<\/div>\n\n<\/div><\/div><\/div><div id=\"pgc-1799-2-1\"  class=\"panel-grid-cell\" ><div id=\"panel-1799-2-1-0\" class=\"so-panel widget widget_cn-core-cta-widget panel-first-child panel-last-child\" data-index=\"3\" ><div\n\t\t\t\n\t\t\tclass=\"so-widget-cn-core-cta-widget so-widget-cn-core-cta-widget-base\"\n\t\t\t\n\t\t><div class=\"c-cta no-layout no-variation\">\n\n    <div class=\"c-cta__content\">\n\n        <div class=\"c-cta__inner\">\n\n                            <a href=\"https:\/\/www.niraalpina.com\/it\/?page_id=1809\" class=\"c-cta__anchor\">\n            \n            \n                          <div class=\"crop\">\n                <div data-src=\"https:\/\/hotelcms-production.imgix.net\/niraalpina.com\/wp-content\/uploads\/2021\/05\/esm0166.jpg\" data-crop=\"\" class=\"imgix-fluid  c-image c-cta__image\" data-caption=\"ENGADIN ST. MORITZ - Freerider im Skigebiet Corvatsch\/Furtschellas unterhalb des Piz Grialetsch bei der Abenddaemmerung. Im Hintergrund die Ortschaft Maloja und der gefrorene Silsersee.\n\nFreerider in the Corvatsch\/Furtschellas ski area below the Piz Grialetsch at dusk. In the background, the village of Maloja and the frozen Lake Sils.   \n\nFreerider nel comprensorio Corvatsch\/Furtschellas, sotto il Piz Grialetsch, al crepuscolo. Sullo sfondo, Maloja e il Lago di Sils ghiacciato\n\nCopyright by: ENGADIN St. Moritz By-line: swiss-image.ch\/Immanuel Meier\"><\/div><noscript><div style=\"background-image: url(https:\/\/hotelcms-production.imgix.net\/niraalpina.com\/wp-content\/uploads\/2021\/05\/esm0166.jpg);\" class=\"c-image c-cta__image\" ><\/div><\/noscript>              <\/div>\n            \n            \n                <div class=\"c-cta__headings\">\n\n                                    <p class=\"c-cta__preheading\">\n                        PAESE DELLE BIANCHE MERAVIGLIE                    <\/p>\n                \n                                    <h2 class=\"c-cta__heading\">\n                        Sciare                    <\/h2>\n                \n                \n                <\/div>\n\n            \n            \n                            <\/a>\n            \n            \n            \n            \n                    <\/div>\n\n    <\/div>\n\n    \n    \n            <a href=\"https:\/\/www.niraalpina.com\/it\/?page_id=1809\" class=\"c-cta__detached-anchor\"><\/a>\n    \n<\/div>\n\n<\/div><\/div><\/div><\/div><\/div><div id=\"pg-1799-3\"  class=\"panel-grid panel-has-style\" ><div class=\"c-row--valign-default c-row--widget-none c-row--margin-small c-row--column-small siteorigin-panels-stretch panel-row-style panel-row-style-for-1799-3\" data-stretch-type=\"full\" ><div id=\"pgc-1799-3-0\"  class=\"panel-grid-cell\" ><div id=\"panel-1799-3-0-0\" class=\"so-panel widget widget_cn-core-cta-widget panel-first-child panel-last-child\" data-index=\"4\" ><div\n\t\t\t\n\t\t\tclass=\"so-widget-cn-core-cta-widget so-widget-cn-core-cta-widget-base\"\n\t\t\t\n\t\t><div class=\"c-cta no-layout no-variation\">\n\n    <div class=\"c-cta__content\">\n\n        <div class=\"c-cta__inner\">\n\n                            <a href=\"https:\/\/www.niraalpina.com\/it\/leisure-activities\/il-grande-tour-della-svizzera\/\" class=\"c-cta__anchor\">\n            \n            \n                          <div class=\"crop\">\n                <div data-src=\"https:\/\/hotelcms-production.imgix.net\/niraalpina.com\/wp-content\/uploads\/2017\/12\/2-Fotospot_GToS_Aletsch3.jpg\" data-crop=\"manual\" class=\"imgix-fluid  c-image c-cta__image\" data-focus-horizontal=\"70\" data-focus-vertical=\"40\"><\/div><noscript><div style=\"background-image: url(https:\/\/hotelcms-production.imgix.net\/niraalpina.com\/wp-content\/uploads\/2017\/12\/2-Fotospot_GToS_Aletsch3.jpg);\" class=\"c-image c-cta__image\" ><\/div><\/noscript>              <\/div>\n            \n            \n                <div class=\"c-cta__headings\">\n\n                                    <p class=\"c-cta__preheading\">\n                        PANORAMI INDIMENTICABILI                    <\/p>\n                \n                                    <h2 class=\"c-cta__heading\">\n                        Il Gran Tour della Svizzera                    <\/h2>\n                \n                \n                <\/div>\n\n            \n            \n                            <\/a>\n            \n            \n            \n            \n                    <\/div>\n\n    <\/div>\n\n    \n    \n            <a href=\"https:\/\/www.niraalpina.com\/it\/leisure-activities\/il-grande-tour-della-svizzera\/\" class=\"c-cta__detached-anchor\"><\/a>\n    \n<\/div>\n\n<\/div><\/div><\/div><div id=\"pgc-1799-3-1\"  class=\"panel-grid-cell\" ><div id=\"panel-1799-3-1-0\" class=\"so-panel widget widget_cn-core-cta-widget panel-first-child panel-last-child\" data-index=\"5\" ><div\n\t\t\t\n\t\t\tclass=\"so-widget-cn-core-cta-widget so-widget-cn-core-cta-widget-base\"\n\t\t\t\n\t\t><div class=\"c-cta no-layout no-variation\">\n\n    <div class=\"c-cta__content\">\n\n        <div class=\"c-cta__inner\">\n\n                            <a href=\"https:\/\/www.niraalpina.com\/it\/leisure-activities\/nira-alpina-experiences\/\" class=\"c-cta__anchor\">\n            \n            \n                          <div class=\"crop\">\n                <div data-src=\"https:\/\/hotelcms-production.imgix.net\/niraalpina.com\/wp-content\/uploads\/2017\/11\/Interior-02.jpg\" data-crop=\"manual\" class=\"imgix-fluid  c-image c-cta__image\" data-focus-horizontal=\"50\" data-focus-vertical=\"60\"><\/div><noscript><div style=\"background-image: url(https:\/\/hotelcms-production.imgix.net\/niraalpina.com\/wp-content\/uploads\/2017\/11\/Interior-02.jpg);\" class=\"c-image c-cta__image\" ><\/div><\/noscript>              <\/div>\n            \n            \n                <div class=\"c-cta__headings\">\n\n                                    <p class=\"c-cta__preheading\">\n                        QUALCOSA PER TUTTI                    <\/p>\n                \n                                    <h2 class=\"c-cta__heading\">\n                        Esperienze Nira Alpina                    <\/h2>\n                \n                \n                <\/div>\n\n            \n            \n                            <\/a>\n            \n            \n            \n            \n                    <\/div>\n\n    <\/div>\n\n    \n    \n            <a href=\"https:\/\/www.niraalpina.com\/it\/leisure-activities\/nira-alpina-experiences\/\" class=\"c-cta__detached-anchor\"><\/a>\n    \n<\/div>\n\n<\/div><\/div><\/div><\/div><\/div><div id=\"pg-1799-4\"  class=\"panel-grid panel-has-style\" ><div class=\"c-row--valign-default c-row--widget-none c-row--margin-small c-row--column-none siteorigin-panels-stretch panel-row-style panel-row-style-for-1799-4\" data-stretch-type=\"full\" ><div id=\"pgc-1799-4-0\"  class=\"panel-grid-cell\" ><div id=\"panel-1799-4-0-0\" class=\"so-panel widget widget_cn-core-cta-widget panel-first-child panel-last-child\" data-index=\"6\" ><div\n\t\t\t\n\t\t\tclass=\"so-widget-cn-core-cta-widget so-widget-cn-core-cta-widget-base\"\n\t\t\t\n\t\t><div class=\"c-cta c-cta--layout-image-right no-variation has-background\">\n\n    <div class=\"c-cta__content\">\n\n        <div class=\"c-cta__inner\">\n\n                            <a href=\"https:\/\/www.niraalpina.com\/leisure-activities\/kids\/\" class=\"c-cta__anchor\">\n            \n            \n            \n            \n                <div class=\"c-cta__headings\">\n\n                \n                                    <h2 class=\"c-cta__heading\">\n                        Bambini                    <\/h2>\n                \n                \n                <\/div>\n\n            \n            \n                            <\/a>\n            \n                            <div class=\"c-cta__text \/ s-entry\">\n                    <p>Per entusiamare i nostri piccoli ospiti e per permettere loro di vivere memorabili avventure, abbiamo creato una serie di attivit\u00e0 per il tempo libero all'aria aperta e non solo.<br \/>\nCollaboriamo con esperte societ\u00e0 locali per garantire che i nostri pi\u00f9 giovani ospiti non perdano l'opportunit\u00e0 di imparare ad amare la montagna, dallo sci, alle escursioni, dall'andare in slitta, al condurre una vela, dal kitesurf fino al pattinare sul ghiaccio. Ogni stagione a Nira Alpina offre ricche opportunit\u00e0 di crescita personale in armonia con lo sport e la natura.<\/p>\n                <\/div>\n            \n            \n            \n                    <\/div>\n\n    <\/div>\n\n    \n            <div data-src=\"https:\/\/hotelcms-production.imgix.net\/niraalpina.com\/wp-content\/uploads\/2021\/05\/corvatsch-4485-RGB.jpg\" data-crop=\"\" class=\"imgix-fluid  crop \/ c-background c-cta__background\"><\/div><noscript><div style=\"background-image: url(https:\/\/hotelcms-production.imgix.net\/niraalpina.com\/wp-content\/uploads\/2021\/05\/corvatsch-4485-RGB.jpg);\" class=\"crop \/ c-background c-cta__background\" ><\/div><\/noscript>    \n            <a href=\"https:\/\/www.niraalpina.com\/leisure-activities\/kids\/\" class=\"c-cta__detached-anchor\"><\/a>\n    \n<\/div>\n\n<\/div><\/div><\/div><\/div><\/div><div id=\"pg-1799-5\"  class=\"panel-grid panel-has-style\" ><div class=\"c-row--valign-default c-row--widget-none c-row--margin-none c-row--column-none siteorigin-panels-stretch has-background c-row--background-cover imgix-fluid crop panel-row-style panel-row-style-for-1799-5\" data-stretch-type=\"full-stretched\" data-src=\"https:\/\/hotelcms-production.imgix.net\/niraalpina.com\/wp-content\/uploads\/2017\/11\/texture.png\" data-crop=\"\" ><div id=\"pgc-1799-5-0\"  class=\"panel-grid-cell\" ><div id=\"panel-1799-5-0-0\" class=\"so-panel widget widget_cn-core-cta-widget panel-first-child panel-last-child\" data-index=\"7\" ><div\n\t\t\t\n\t\t\tclass=\"so-widget-cn-core-cta-widget so-widget-cn-core-cta-widget-base\"\n\t\t\t\n\t\t><div class=\"c-cta c-cta--layout-breaker no-variation\">\n\n    <div class=\"c-cta__content\">\n\n        <div class=\"c-cta__inner\">\n\n                            <a href=\"https:\/\/be.synxis.com\/?chain=5154&#038;hotel=53708&#038;theme=SBE_Nira_V1&#038;config=SBE_Nira_V1\" class=\"c-cta__anchor\" target=\"_blank\" rel=\"noopener\">\n            \n            \n            \n            \n                <div class=\"c-cta__headings\">\n\n                                    <p class=\"c-cta__preheading\">\n                        Sii avventuroso                    <\/p>\n                \n                                    <h2 class=\"c-cta__heading\">\n                        Scoprite il nostro rifugio montano                    <\/h2>\n                \n                \n                <\/div>\n\n            \n            \n                            <\/a>\n            \n                            <div class=\"c-cta__text \/ s-entry\">\n                    <p>Nira Alpina, uno dei resort pi\u00f9 esclusivi delle Alpi Svizzere, vi circonda coi suoi panorami mozzafiato dei paesaggi incontaminati ed \u00e8 il luogo ideale per avventure estive e invernali.<br \/>\nInoltre, prenotando direttamente dal nostro sito web, potrete usufruire di molti vantaggi, fra i quali migliore tariffa garantita, omaggio di praline Svizzere in camera e molto altro.<br \/>\nVenite a scoprirci!<\/p>\n                <\/div>\n            \n            \n                            <div class=\"c-cta__buttons\">\n                    <a class=\"c-button button \/ c-cta__button  no-variation\" target=\"_blank\" href=\"https:\/\/be.synxis.com\/?chain=5154&#038;hotel=53708&#038;theme=SBE_Nira_V1&#038;config=SBE_Nira_V1\" rel=\"noopener\">\n    PRENOTA IL TUO SOGGIORNO<\/a>\n\n\n                <\/div>\n            \n                    <\/div>\n\n    <\/div>\n\n    \n    \n            <a href=\"https:\/\/be.synxis.com\/?chain=5154&#038;hotel=53708&#038;theme=SBE_Nira_V1&#038;config=SBE_Nira_V1\" class=\"c-cta__detached-anchor\" target=\"_blank\" rel=\"noopener\"><\/a>\n    \n<\/div>\n\n<\/div><\/div><\/div><\/div><\/div><\/div>","protected":false},"excerpt":{"rendered":"<p>Cose da fare a Nira Alpina Attivit\u00e0 ricreative Opportunit\u00e0 infinite per tutto l&#8217;anno In armonia col bellissimo ambiente naturale che ci circonda, lavoriamo con partner scelti accuratamente per assicurarci esperienze straordinarie durante tutto l&#8217;anno. Dalle attivit\u00e0 all&#8217;aperto ricche di adrenalina, a pacchetti inclusivi di gustosi cibi e bevande: abbiamo sempre qualcosa per tutti i gusti &hellip;<\/p>\n","protected":false},"author":1,"featured_media":0,"parent":0,"menu_order":10,"comment_status":"closed","ping_status":"closed","template":"","meta":{"_acf_changed":false,"footnotes":""},"class_list":["post--1799","post--page","post--type-page","post--status-publish","post--hentry"],"acf":[],"_links":{"self":[{"href":"https:\/\/www.niraalpina.com\/it\/wp-json\/wp\/v2\/pages\/1799","targetHints":{"allow":["GET"]}}],"collection":[{"href":"https:\/\/www.niraalpina.com\/it\/wp-json\/wp\/v2\/pages"}],"about":[{"href":"https:\/\/www.niraalpina.com\/it\/wp-json\/wp\/v2\/types\/page"}],"author":[{"embeddable":true,"href":"https:\/\/www.niraalpina.com\/it\/wp-json\/wp\/v2\/users\/1"}],"replies":[{"embeddable":true,"href":"https:\/\/www.niraalpina.com\/it\/wp-json\/wp\/v2\/comments?post=1799"}],"version-history":[{"count":39,"href":"https:\/\/www.niraalpina.com\/it\/wp-json\/wp\/v2\/pages\/1799\/revisions"}],"predecessor-version":[{"id":15465,"href":"https:\/\/www.niraalpina.com\/it\/wp-json\/wp\/v2\/pages\/1799\/revisions\/15465"}],"wp:attachment":[{"href":"https:\/\/www.niraalpina.com\/it\/wp-json\/wp\/v2\/media?parent=1799"}],"curies":[{"name":"wp","href":"https:\/\/api.w.org\/{rel}","templated":true}]}}