{"id":1788,"date":"2017-11-26T14:12:00","date_gmt":"2017-11-26T14:12:24","guid":{"rendered":"https:\/\/niraalpina.testingcreative.co.uk\/spa\/"},"modified":"2025-12-29T11:44:19","modified_gmt":"2025-12-29T11:44:19","slug":"spa","status":"publish","type":"page","link":"https:\/\/www.niraalpina.com\/it\/spa\/","title":{"rendered":"Shanti Spa"},"content":{"rendered":"<div id=\"pl-1788\"  class=\"panel-layout\" ><div id=\"pg-1788-0\"  class=\"panel-grid panel-has-style\" ><div class=\"c-row--valign-default c-row--widget-none c-row--margin-none c-row--column-none siteorigin-panels-stretch panel-row-style panel-row-style-for-1788-0\" data-stretch-type=\"full-width-stretch\" ><div id=\"pgc-1788-0-0\"  class=\"panel-grid-cell\" ><div id=\"panel-1788-0-0-0\" class=\"so-panel widget widget_cn-core-hero-widget panel-first-child panel-last-child\" data-index=\"0\" ><div\n\t\t\t\n\t\t\tclass=\"so-widget-cn-core-hero-widget so-widget-cn-core-hero-widget-base\"\n\t\t\t\n\t\t><section class=\"c-hero c-hero--short\">\n    <div class=\"c-hero__inner\">\n        \n        <div class=\"c-hero__content\">\n\n                            <h1 class=\"c-hero__heading\">\n                    Immergiti nelle calde acque della spa                <\/h1>\n            \n                            <p class=\"c-hero__subheading\">\n                    Shanti Spa ai piedi dell'Engadina                <\/p>\n                            <div class=\"s-entry \/ c-hero__text\">\n                    <p>\n                        Attrezzature d'eccellenza, trattamenti professionali con Pure Altitude                    <\/p>\n                <\/div>\n                    <\/div>\n\n        \n        <div class=\"c-hero__buttons\">\n\n            <a  class=\"c-button  c-button--conversion\" target=\"_blank\" href=\"https:\/\/www.niraalpina.com\/it\/contattaci\/\">\n    Book your treatment<\/a>\n\n\n\n        <\/div>\n\n        \n    <\/div>\n\n\n\n            <figure class=\"c-hero__badge\">\n                    <img decoding=\"async\" data-src=\"https:\/\/hotelcms-production.imgix.net\/niraalpina.com\/wp-content\/uploads\/2020\/06\/ST0065310.png\" data-crop=\"\" src=\"data:image\/gif;base64,R0lGODlhBAADAIAAAAAAAAAAACH5BAEAAAAALAAAAAAEAAMAAAIDhI9WADs=\" class=\"imgix-fluid \/ img-fit\" alt=\"\"  \/><noscript><img decoding=\"async\" src=\"https:\/\/hotelcms-production.imgix.net\/niraalpina.com\/wp-content\/uploads\/2020\/06\/ST0065310.png\" class=\"img-fit\" alt=\"\"  \/><\/noscript>                <\/figure>\n    \n    \n    <div data-src=\"https:\/\/hotelcms-production.imgix.net\/niraalpina.com\/wp-content\/uploads\/2017\/11\/Nira-Alpina-Pool2-RGB.jpg\" data-crop=\"manual\" class=\"imgix-fluid  crop \/ c-hero__background\" data-focus-horizontal=\"50\" data-focus-vertical=\"50\"><\/div><noscript><div style=\"background-image: url(https:\/\/hotelcms-production.imgix.net\/niraalpina.com\/wp-content\/uploads\/2017\/11\/Nira-Alpina-Pool2-RGB.jpg);\" class=\"crop \/ c-hero__background\" ><\/div><\/noscript>\n    \n    <\/section>\n<\/div><\/div><\/div><\/div><\/div><div id=\"pg-1788-1\"  class=\"panel-grid panel-has-style\" ><div class=\"c-row--valign-default c-row--widget-spacing c-row--margin-none c-row--column-default siteorigin-panels-stretch panel-row-style panel-row-style-for-1788-1\" data-stretch-type=\"full\" ><div id=\"pgc-1788-1-0\"  class=\"panel-grid-cell\" ><div id=\"panel-1788-1-0-0\" class=\"so-panel widget widget_cn-core-text-widget panel-first-child panel-last-child\" data-index=\"1\" ><div\n\t\t\t\n\t\t\tclass=\"so-widget-cn-core-text-widget so-widget-cn-core-text-widget-base\"\n\t\t\t\n\t\t>\n<div class=\"c-text c-text--lede\" >\n\n    \n    \n    \n    <div class=\"c-text__content s-entry\">\n        <p>Shanti Spa offre un paradiso di relax e benessere tra le Alpi svizzere.<br \/>\nImmergetevi nelle acque della nostra piscina e rilassatevi ammirando la vista mozzafiato su i picchi innevati circostanti o sulle grandi verdi foreste intorno a Silvaplana.<\/p>\n    <\/div>\n\n<\/div>\n<\/div><\/div><\/div><\/div><\/div><div id=\"pg-1788-2\"  class=\"panel-grid panel-has-style\" ><div class=\"c-row--valign-default c-row--widget-none c-row--margin-none c-row--column-small siteorigin-panels-stretch panel-row-style panel-row-style-for-1788-2\" data-stretch-type=\"full-width-stretch\" data-row-label=\"facilities\" id=\"facilities\" ><div id=\"pgc-1788-2-0\"  class=\"panel-grid-cell\" ><div id=\"panel-1788-2-0-0\" class=\"so-panel widget widget_cn-core-cta-widget panel-first-child panel-last-child\" data-index=\"2\" ><div\n\t\t\t\n\t\t\tclass=\"so-widget-cn-core-cta-widget so-widget-cn-core-cta-widget-base\"\n\t\t\t\n\t\t><div class=\"c-cta c-cta--layout-image-right no-variation has-background\">\n\n    <div class=\"c-cta__content\">\n\n        <div class=\"c-cta__inner\">\n\n                            <a href=\"https:\/\/www.niraalpina.com\/spa\/spa-enquiry\/\" class=\"c-cta__anchor\" target=\"_blank\">\n            \n            \n            \n            \n                <div class=\"c-cta__headings\">\n\n                \n                                    <h2 class=\"c-cta__heading\">\n                        Shanti Spa by Pure Altitude                    <\/h2>\n                \n                \n                <\/div>\n\n            \n            \n                            <\/a>\n            \n                            <div class=\"c-cta__text \/ s-entry\">\n                    <p>La nostra spa \u00e8 l'essenza della tranquillit\u00e0.<br \/>\nOffre una zona benessere con cromoterapia, docce emozionali, bagno turco, sauna, un'ampia vasca jacuzzi con lettini relax sommersi e cinque ampie cabine per trattamenti e massaggi dove potrete rilassarvi e rivitalizzarvi.<\/p>\n<p>Inolte, troverete una perfettamente attrezzata palestra aperta giorno e notte per il vostro allenamento sportivo durante il vostro soggiorno a Nira Alpina.<\/p>\n                <\/div>\n            \n            \n                            <div class=\"c-cta__buttons\">\n                    <a  class=\"c-button button \/ c-cta__button  \" target=\"_blank\" href=\"https:\/\/www.niraalpina.com\/spa\/spa-enquiry\/\">\n    Richiedi informazioni<\/a>\n\n\n                <\/div>\n            \n                    <\/div>\n\n    <\/div>\n\n    \n            <div data-src=\"https:\/\/hotelcms-production.imgix.net\/niraalpina.com\/wp-content\/uploads\/2024\/01\/Whirpool-02-1.jpg\" data-crop=\"\" class=\"imgix-fluid  crop \/ c-background c-cta__background\"><\/div><noscript><div style=\"background-image: url(https:\/\/hotelcms-production.imgix.net\/niraalpina.com\/wp-content\/uploads\/2024\/01\/Whirpool-02-1.jpg);\" class=\"crop \/ c-background c-cta__background\" ><\/div><\/noscript>    \n            <a href=\"https:\/\/www.niraalpina.com\/spa\/spa-enquiry\/\" class=\"c-cta__detached-anchor\" target=\"_blank\" target=\"_blank\" href=\"https:\/\/www.niraalpina.com\/spa\/spa-enquiry\/\"><\/a>\n    \n<\/div>\n\n<\/div><\/div><\/div><\/div><\/div><div id=\"pg-1788-3\"  class=\"panel-grid panel-has-style\" ><div class=\"c-row--valign-default c-row--widget-none c-row--margin-small c-row--column-small siteorigin-panels-stretch panel-row-style panel-row-style-for-1788-3\" data-stretch-type=\"full-width-stretch\" ><div id=\"pgc-1788-3-0\"  class=\"panel-grid-cell\" ><div id=\"panel-1788-3-0-0\" class=\"so-panel widget widget_cn-core-cta-widget panel-first-child panel-last-child\" data-index=\"3\" ><div\n\t\t\t\n\t\t\tclass=\"so-widget-cn-core-cta-widget so-widget-cn-core-cta-widget-base\"\n\t\t\t\n\t\t><div class=\"c-cta c-cta--layout-image-right no-variation has-background\">\n\n    <div class=\"c-cta__content\">\n\n        <div class=\"c-cta__inner\">\n\n            \n            \n            \n            \n                <div class=\"c-cta__headings\">\n\n                \n                                    <h2 class=\"c-cta__heading\">\n                        Spa treatments                    <\/h2>\n                \n                \n                <\/div>\n\n            \n            \n            \n                            <div class=\"c-cta__text \/ s-entry\">\n                    <p>We have an extensive expert-designed spa menu to choose from, inspired by the pure air, clean lakes, and refreshing snowy mountains that surround our resort. We can offer a selection of facials, signature body treatments, and beauty treatments, all using the finest natural and organic ingredients.<\/p>\n                <\/div>\n            \n            \n                            <div class=\"c-cta__buttons\">\n                    <a class=\"c-button  c-cta__button c-cta__button--secondary \" href=\"https:\/\/hotelcms-production.imgix.net\/niraalpina.com\/wp-content\/uploads\/2024\/11\/Spa-Menu-Winter-2024-to-2025-Print-1.pdf?fm=pdf\" target=\"_blank\" rel=\"noopener\">\n    Spa menu<\/a>\n\n\n                <\/div>\n            \n                    <\/div>\n\n    <\/div>\n\n    \n            <div data-src=\"https:\/\/hotelcms-production.imgix.net\/niraalpina.com\/wp-content\/uploads\/2017\/11\/Nira-Alpina-Spa-Massage-RGB.jpg\" data-crop=\"manual\" class=\"imgix-fluid  crop \/ c-background c-cta__background\" data-focus-horizontal=\"50\" data-focus-vertical=\"50\"><\/div><noscript><div style=\"background-image: url(https:\/\/hotelcms-production.imgix.net\/niraalpina.com\/wp-content\/uploads\/2017\/11\/Nira-Alpina-Spa-Massage-RGB.jpg);\" class=\"crop \/ c-background c-cta__background\" ><\/div><\/noscript>    \n    \n<\/div>\n\n<\/div><\/div><\/div><\/div><\/div><div id=\"pg-1788-4\"  class=\"panel-grid panel-has-style\" ><div class=\"c-row--valign-default c-row--widget-none c-row--margin-none c-row--column-small siteorigin-panels-stretch panel-row-style panel-row-style-for-1788-4\" data-stretch-type=\"full-width-stretch\" data-row-label=\"facilities\" id=\"facilities\" ><div id=\"pgc-1788-4-0\"  class=\"panel-grid-cell\" ><div id=\"panel-1788-4-0-0\" class=\"so-panel widget widget_cn-core-cta-widget panel-first-child panel-last-child\" data-index=\"4\" ><div\n\t\t\t\n\t\t\tclass=\"so-widget-cn-core-cta-widget so-widget-cn-core-cta-widget-base\"\n\t\t\t\n\t\t><div class=\"c-cta c-cta--layout-image-right no-variation has-background\">\n\n    <div class=\"c-cta__content\">\n\n        <div class=\"c-cta__inner\">\n\n            \n            \n            \n            \n                <div class=\"c-cta__headings\">\n\n                \n                                    <h2 class=\"c-cta__heading\">\n                        Sala fitness                    <\/h2>\n                \n                \n                <\/div>\n\n            \n            \n            \n                            <div class=\"c-cta__text \/ s-entry\">\n                    <p>La moderna sala fitness dell'Hotel Nira Alpina offre tutto il necessario per un allenamento efficace. Dotata di macchine cardio di alta qualit\u00e0, pesi liberi e moderne attrezzature per l'allenamento della forza, la nostra area fitness \u00e8 perfetta per l'allenamento durante il vostro soggiorno. Che vogliate allenare la resistenza, la forza o la flessibilit\u00e0, qui troverete le condizioni ideali.<\/p>\n<p>Concedetevi un'esperienza attiva e fate il pieno di energia in un ambiente unico. La sala fitness \u00e8 a disposizione degli ospiti dell'hotel 24 ore su 24.<\/p>\n                <\/div>\n            \n            \n            \n                    <\/div>\n\n    <\/div>\n\n    \n            <div data-src=\"https:\/\/hotelcms-production.imgix.net\/niraalpina.com\/wp-content\/uploads\/2024\/10\/Nira-Alpina-Gym-2.jpg\" data-crop=\"\" class=\"imgix-fluid  crop \/ c-background c-cta__background\"><\/div><noscript><div style=\"background-image: url(https:\/\/hotelcms-production.imgix.net\/niraalpina.com\/wp-content\/uploads\/2024\/10\/Nira-Alpina-Gym-2.jpg);\" class=\"crop \/ c-background c-cta__background\" ><\/div><\/noscript>    \n    \n<\/div>\n\n<\/div><\/div><\/div><\/div><\/div><div id=\"pg-1788-5\"  class=\"panel-grid panel-has-style\" ><div class=\"c-row--valign-default c-row--widget-none c-row--margin-none c-row--column-small siteorigin-panels-stretch panel-row-style panel-row-style-for-1788-5\" data-stretch-type=\"full-width-stretch\" data-row-label=\"treatments\" id=\"treatments\" ><div id=\"pgc-1788-5-0\"  class=\"panel-grid-cell\" ><div id=\"panel-1788-5-0-0\" class=\"so-panel widget widget_cn-core-cta-widget panel-first-child panel-last-child\" data-index=\"5\" ><div\n\t\t\t\n\t\t\tclass=\"so-widget-cn-core-cta-widget so-widget-cn-core-cta-widget-base\"\n\t\t\t\n\t\t><div class=\"c-cta c-cta--layout-image-left no-variation has-background\">\n\n    <div class=\"c-cta__content\">\n\n        <div class=\"c-cta__inner\">\n\n                            <a href=\"https:\/\/www.niraalpina.com\/it\/offerte-pacchetti\/\" class=\"c-cta__anchor\">\n            \n            \n            \n            \n                <div class=\"c-cta__headings\">\n\n                \n                                    <h2 class=\"c-cta__heading\">\n                        Pacchetti Spa                    <\/h2>\n                \n                \n                <\/div>\n\n            \n            \n                            <\/a>\n            \n                            <div class=\"c-cta__text \/ s-entry\">\n                    <p>Se desiderate una completa trasformazione, affidatevi a Shanti Spa by Pure Altitude e i suoi innumerevoli pacchetti inclusivi di soggiorno, attivit\u00e0 sportive, escursioni e anche eventi gastronomici.<\/p>\n<p>Nira Alpina ha creato per voi una vasta gamma di pacchetti per soggiorni brevi o lunghi, non solo day-Spa! Una soluzione diversa per ogni specifica esigenza.<\/p>\n<p>Inoltre le nostre terapiste saranno felici di aiutarvi a comprendere i benefici di ogni crema scoperta durante i trattamenti e massaggi.<\/p>\n<p>&nbsp;<\/p>\n                <\/div>\n            \n            \n                            <div class=\"c-cta__buttons\">\n                    <a class=\"c-button button \/ c-cta__button  \" href=\"https:\/\/www.niraalpina.com\/it\/offerte-pacchetti\/\">\n    Pacchetti<\/a>\n\n\n                <\/div>\n            \n                    <\/div>\n\n    <\/div>\n\n    \n            <div data-src=\"https:\/\/hotelcms-production.imgix.net\/niraalpina.com\/wp-content\/uploads\/2017\/11\/Nira-Alpina-Spa-Sauna-Room-RGB-1280x850.jpg\" data-crop=\"manual\" class=\"imgix-fluid  crop \/ c-background c-cta__background\" data-focus-horizontal=\"50\" data-focus-vertical=\"50\"><\/div><noscript><div style=\"background-image: url(https:\/\/hotelcms-production.imgix.net\/niraalpina.com\/wp-content\/uploads\/2017\/11\/Nira-Alpina-Spa-Sauna-Room-RGB-1280x850.jpg);\" class=\"crop \/ c-background c-cta__background\" ><\/div><\/noscript>    \n            <a href=\"https:\/\/www.niraalpina.com\/it\/offerte-pacchetti\/\" class=\"c-cta__detached-anchor\"><\/a>\n    \n<\/div>\n\n<\/div><\/div><\/div><\/div><\/div><div id=\"pg-1788-6\"  class=\"panel-grid panel-has-style\" ><div class=\"c-row--valign-default c-row--widget-none c-row--margin-small c-row--column-small siteorigin-panels-stretch panel-row-style panel-row-style-for-1788-6\" data-stretch-type=\"full-width-stretch\" ><div id=\"pgc-1788-6-0\"  class=\"panel-grid-cell\" ><div id=\"panel-1788-6-0-0\" class=\"so-panel widget widget_cn-core-cta-widget panel-first-child panel-last-child\" data-index=\"6\" ><div\n\t\t\t\n\t\t\tclass=\"so-widget-cn-core-cta-widget so-widget-cn-core-cta-widget-base\"\n\t\t\t\n\t\t><div class=\"c-cta c-cta--layout-image-right no-variation has-background\">\n\n    <div class=\"c-cta__content\">\n\n        <div class=\"c-cta__inner\">\n\n            \n            \n            \n            \n                <div class=\"c-cta__headings\">\n\n                \n                                    <h2 class=\"c-cta__heading\">\n                        Informazioni utili                    <\/h2>\n                \n                \n                <\/div>\n\n            \n            \n            \n                            <div class=\"c-cta__text \/ s-entry\">\n                    <div style=\"font-family: inherit;font-size: inherit;font-weight: normal;line-height: 1.5;color: #000;margin: 0;padding: 0\">\n<p style=\"margin: 0\">Orari Spa Estate: tutti i giorni dalle 10:00 alle 20:00<\/p>\n<p style=\"margin: 0\">Orari Spa Inverno: tutti i giorni dalle 10:00 alle 21:00<\/p>\n<p style=\"margin: 0\">Orari per i nostri giovani ospiti:<\/p>\n<p style=\"margin: 0\">\u2022 I bambini possono accedere all\u2019area umida tutti i giorni dalle<\/p>\n<p style=\"margin: 0\">10:00 alle 17:30.<\/p>\n<p style=\"margin: 0\">\u2022 Dopo le 17:30 l\u2019accesso \u00e8 riservato agli adulti.<\/p>\n<p style=\"margin: 0\">\u2022 Per motivi di sicurezza e per rispetto verso gli altri ospiti, i bambini devono essere sempre accompagnati da un adulto.<\/p>\n<p style=\"margin: 0\">\u2022 Il team dello Shanti Spa by Pure Altitude si riserva il diritto di negare l\u2019accesso ai bambini che disturbano gli altri ospiti.<\/p>\n<p style=\"margin: 0\">Nota: La sauna finlandese e i bagni di vapore sono accessibili agli ospiti dai 16 anni in su.<\/p>\n<\/div>\n                <\/div>\n            \n            \n            \n                    <\/div>\n\n    <\/div>\n\n    \n            <div data-src=\"https:\/\/hotelcms-production.imgix.net\/niraalpina.com\/wp-content\/uploads\/2017\/11\/Nira-Alpina-Spa-Chair-RGB.jpg\" data-crop=\"auto\" class=\"imgix-fluid  crop \/ c-background c-cta__background\"><\/div><noscript><div style=\"background-image: url(https:\/\/hotelcms-production.imgix.net\/niraalpina.com\/wp-content\/uploads\/2017\/11\/Nira-Alpina-Spa-Chair-RGB.jpg);\" class=\"crop \/ c-background c-cta__background\" ><\/div><\/noscript>    \n    \n<\/div>\n\n<\/div><\/div><\/div><\/div><\/div><div id=\"pg-1788-7\"  class=\"panel-grid panel-has-style\" ><div class=\"c-row--valign-default c-row--widget-default c-row--margin-default c-row--column-default panel-row-style panel-row-style-for-1788-7\" ><div id=\"pgc-1788-7-0\"  class=\"panel-grid-cell\" ><div id=\"panel-1788-7-0-0\" class=\"so-panel widget widget_cn-core-cta-widget panel-first-child panel-last-child\" data-index=\"7\" ><div\n\t\t\t\n\t\t\tclass=\"so-widget-cn-core-cta-widget so-widget-cn-core-cta-widget-base\"\n\t\t\t\n\t\t><div class=\"c-cta no-layout no-variation\">\n\n    <div class=\"c-cta__content\">\n\n        <div class=\"c-cta__inner\">\n\n                            <a href=\"https:\/\/www.niraalpina.com\/it\/leisure-activities\/attivita-estive\/\" class=\"c-cta__anchor\">\n            \n            \n                          <div class=\"crop\">\n                <div data-src=\"https:\/\/hotelcms-production.imgix.net\/niraalpina.com\/wp-content\/uploads\/2021\/07\/c-The-Outdoors-St-Moritz-10.jpg\" data-crop=\"\" class=\"imgix-fluid  c-image c-cta__image\"><\/div><noscript><div style=\"background-image: url(https:\/\/hotelcms-production.imgix.net\/niraalpina.com\/wp-content\/uploads\/2021\/07\/c-The-Outdoors-St-Moritz-10.jpg);\" class=\"c-image c-cta__image\" ><\/div><\/noscript>              <\/div>\n            \n            \n                <div class=\"c-cta__headings\">\n\n                                    <p class=\"c-cta__preheading\">\n                        SPETTACOLARI ESTATE SVIZZERE                    <\/p>\n                \n                                    <h2 class=\"c-cta__heading\">\n                        Attivit\u00e0 Estive                    <\/h2>\n                \n                \n                <\/div>\n\n            \n            \n                            <\/a>\n            \n            \n            \n            \n                    <\/div>\n\n    <\/div>\n\n    \n    \n            <a href=\"https:\/\/www.niraalpina.com\/it\/leisure-activities\/attivita-estive\/\" class=\"c-cta__detached-anchor\"><\/a>\n    \n<\/div>\n\n<\/div><\/div><\/div><div id=\"pgc-1788-7-1\"  class=\"panel-grid-cell\" ><div id=\"panel-1788-7-1-0\" class=\"so-panel widget widget_cn-core-cta-widget panel-first-child panel-last-child\" data-index=\"8\" ><div\n\t\t\t\n\t\t\tclass=\"so-widget-cn-core-cta-widget so-widget-cn-core-cta-widget-base\"\n\t\t\t\n\t\t><div class=\"c-cta no-layout no-variation\">\n\n    <div class=\"c-cta__content\">\n\n        <div class=\"c-cta__inner\">\n\n                            <a href=\"https:\/\/www.niraalpina.com\/it\/camere-suites\/\" class=\"c-cta__anchor\">\n            \n            \n                          <div class=\"crop\">\n                <div data-src=\"https:\/\/hotelcms-production.imgix.net\/niraalpina.com\/wp-content\/uploads\/2020\/12\/Alpine-Junior-Suite-Winter-7.jpg\" data-crop=\"\" class=\"imgix-fluid  c-image c-cta__image\"><\/div><noscript><div style=\"background-image: url(https:\/\/hotelcms-production.imgix.net\/niraalpina.com\/wp-content\/uploads\/2020\/12\/Alpine-Junior-Suite-Winter-7.jpg);\" class=\"c-image c-cta__image\" ><\/div><\/noscript>              <\/div>\n            \n            \n                <div class=\"c-cta__headings\">\n\n                                    <p class=\"c-cta__preheading\">\n                        VISTE IMPAREGGIABILI                    <\/p>\n                \n                                    <h2 class=\"c-cta__heading\">\n                        Esplora camere &amp; suites                    <\/h2>\n                \n                \n                <\/div>\n\n            \n            \n                            <\/a>\n            \n            \n            \n            \n                    <\/div>\n\n    <\/div>\n\n    \n    \n            <a href=\"https:\/\/www.niraalpina.com\/it\/camere-suites\/\" class=\"c-cta__detached-anchor\"><\/a>\n    \n<\/div>\n\n<\/div><\/div><\/div><div id=\"pgc-1788-7-2\"  class=\"panel-grid-cell\" ><div id=\"panel-1788-7-2-0\" class=\"so-panel widget widget_cn-core-cta-widget panel-first-child panel-last-child\" data-index=\"9\" ><div\n\t\t\t\n\t\t\tclass=\"so-widget-cn-core-cta-widget so-widget-cn-core-cta-widget-base\"\n\t\t\t\n\t\t><div class=\"c-cta no-layout no-variation\">\n\n    <div class=\"c-cta__content\">\n\n        <div class=\"c-cta__inner\">\n\n                            <a href=\"https:\/\/www.niraalpina.com\/it\/culinary-experiences\/\" class=\"c-cta__anchor\">\n            \n            \n                          <div class=\"crop\">\n                <div data-src=\"https:\/\/hotelcms-production.imgix.net\/niraalpina.com\/wp-content\/uploads\/2019\/07\/NiraAlpina-369.jpg\" data-crop=\"\" class=\"imgix-fluid  c-image c-cta__image\"><\/div><noscript><div style=\"background-image: url(https:\/\/hotelcms-production.imgix.net\/niraalpina.com\/wp-content\/uploads\/2019\/07\/NiraAlpina-369.jpg);\" class=\"c-image c-cta__image\" ><\/div><\/noscript>              <\/div>\n            \n            \n                <div class=\"c-cta__headings\">\n\n                                    <p class=\"c-cta__preheading\">\n                        GLOBAL DINING                    <\/p>\n                \n                                    <h2 class=\"c-cta__heading\">\n                        Esperienze culinarie                    <\/h2>\n                \n                \n                <\/div>\n\n            \n            \n                            <\/a>\n            \n            \n            \n            \n                    <\/div>\n\n    <\/div>\n\n    \n    \n            <a href=\"https:\/\/www.niraalpina.com\/it\/culinary-experiences\/\" class=\"c-cta__detached-anchor\"><\/a>\n    \n<\/div>\n\n<\/div><\/div><\/div><\/div><\/div><\/div>","protected":false},"excerpt":{"rendered":"<p>Immergiti nelle calde acque della spa Shanti Spa ai piedi dell&#8217;Engadina Attrezzature d&#8217;eccellenza, trattamenti professionali con Pure Altitude Book your treatment Shanti Spa offre un paradiso di relax e benessere tra le Alpi svizzere. Immergetevi nelle acque della nostra piscina e rilassatevi ammirando la vista mozzafiato su i picchi innevati circostanti o sulle grandi verdi &hellip;<\/p>\n","protected":false},"author":1,"featured_media":0,"parent":0,"menu_order":12,"comment_status":"closed","ping_status":"closed","template":"","meta":{"_acf_changed":false,"footnotes":""},"class_list":["post--1788","post--page","post--type-page","post--status-publish","post--hentry"],"acf":[],"_links":{"self":[{"href":"https:\/\/www.niraalpina.com\/it\/wp-json\/wp\/v2\/pages\/1788","targetHints":{"allow":["GET"]}}],"collection":[{"href":"https:\/\/www.niraalpina.com\/it\/wp-json\/wp\/v2\/pages"}],"about":[{"href":"https:\/\/www.niraalpina.com\/it\/wp-json\/wp\/v2\/types\/page"}],"author":[{"embeddable":true,"href":"https:\/\/www.niraalpina.com\/it\/wp-json\/wp\/v2\/users\/1"}],"replies":[{"embeddable":true,"href":"https:\/\/www.niraalpina.com\/it\/wp-json\/wp\/v2\/comments?post=1788"}],"version-history":[{"count":62,"href":"https:\/\/www.niraalpina.com\/it\/wp-json\/wp\/v2\/pages\/1788\/revisions"}],"predecessor-version":[{"id":17841,"href":"https:\/\/www.niraalpina.com\/it\/wp-json\/wp\/v2\/pages\/1788\/revisions\/17841"}],"wp:attachment":[{"href":"https:\/\/www.niraalpina.com\/it\/wp-json\/wp\/v2\/media?parent=1788"}],"curies":[{"name":"wp","href":"https:\/\/api.w.org\/{rel}","templated":true}]}}