{"id":15439,"date":"2021-05-12T09:47:30","date_gmt":"2021-05-12T09:47:30","guid":{"rendered":"https:\/\/www.niraalpina.com\/about_us\/shanti-hospitality-group\/"},"modified":"2024-02-09T16:57:10","modified_gmt":"2024-02-09T16:57:10","slug":"shanti-hospitality-group","status":"publish","type":"page","link":"https:\/\/www.niraalpina.com\/it\/about_us\/shanti-hospitality-group\/","title":{"rendered":"Shanti Hospitality Group"},"content":{"rendered":"<div id=\"pl-15439\"  class=\"panel-layout\" ><div id=\"pg-15439-0\"  class=\"panel-grid panel-has-style\" ><div class=\"c-row--valign-default c-row--widget-none c-row--margin-none c-row--column-none siteorigin-panels-stretch panel-row-style panel-row-style-for-15439-0\" data-stretch-type=\"full-stretched\" ><div id=\"pgc-15439-0-0\"  class=\"panel-grid-cell\" ><div id=\"panel-15439-0-0-0\" class=\"so-panel widget widget_cn-core-hero-widget panel-first-child panel-last-child\" data-index=\"0\" ><div\n\t\t\t\n\t\t\tclass=\"so-widget-cn-core-hero-widget so-widget-cn-core-hero-widget-base\"\n\t\t\t\n\t\t><section class=\"c-hero c-hero--short\">\n    <div class=\"c-hero__inner\">\n        \n        <div class=\"c-hero__content\">\n\n            \n                            <p class=\"c-hero__subheading\">\n                    SHANTI HOSPITALITY GROUP                <\/p>\n                    <\/div>\n\n        \n    <\/div>\n\n\n\n    \n    <div data-src=\"https:\/\/hotelcms-production.imgix.net\/niraalpina.com\/wp-content\/uploads\/2019\/01\/Romano-Salis_Corvatsch.jpg\" data-crop=\"\" class=\"imgix-fluid  crop \/ c-hero__background\" data-caption=\"ENGADIN St.Moritz - Ein Freeskier zieht seine Spuren im Schneesportgebiet Corvatsch, Eiskristalle liegen in der Luft vor dem Piz Bernina (4049 m) mit Biancograt und dem Piz Roseg (3937 m).\n\nA freeskier making tracks in the Corvatsch snow-sports area; ice crystals hang in the air against a backdrop of Piz Bernina (4049 m) with the Biancograt ridge and Piz Roseg (3937 m).\n\nUn amante di free ski lascia le sue tracce nel comprensorio di sport invernali di Corvatsch, nella aria ci sono cristalli di ghiaccio sullo sfondo del Piz Bernina (4049 m) con il  Biancograt e il Piz Roseg (3937 m).\n\nCopyright by ENGADIN St. Moritz By-line: swiss-image.ch\/Romano Salis\"><\/div><noscript><div style=\"background-image: url(https:\/\/hotelcms-production.imgix.net\/niraalpina.com\/wp-content\/uploads\/2019\/01\/Romano-Salis_Corvatsch.jpg);\" class=\"crop \/ c-hero__background\" ><\/div><\/noscript>\n    \n    <\/section>\n<\/div><\/div><\/div><\/div><\/div><div id=\"pg-15439-1\"  class=\"panel-grid panel-has-style\" ><div class=\"c-row--valign-default c-row--widget-none c-row--margin-none c-row--column-none siteorigin-panels-stretch panel-row-style panel-row-style-for-15439-1\" data-stretch-type=\"full-stretched\" ><div id=\"pgc-15439-1-0\"  class=\"panel-grid-cell\" ><div id=\"panel-15439-1-0-0\" class=\"so-panel widget widget_cn-core-text-widget panel-first-child\" data-index=\"1\" ><div\n\t\t\t\n\t\t\tclass=\"so-widget-cn-core-text-widget so-widget-cn-core-text-widget-base\"\n\t\t\t\n\t\t>\n<div class=\"c-text c-text--lede\" >\n\n    \n            <h2 class=\"c-text__heading\">Creare brand eccezionali e regalare momenti unici<\/h2>\n    \n    \n    <div class=\"c-text__content s-entry\">\n        <p>Shanti Hospitality Group \u00e8 un'azienda alberghiera e del tempo libero, focalizzata sulla costruzione di propriet\u00e0 e marchi eccezionali.<br \/>\nCi impegnano nel creare un impatto positivo in tutto ci\u00f2 che facciamo. Da sempre, Shanti Hospitality ha raggiunto questo obbiettivo creando offerte turistiche accumunate da occasioni di esperienze uniche nel loro genere e strettamente legate al territorio.<\/p>\n    <\/div>\n\n<\/div>\n<\/div><\/div><div id=\"panel-15439-1-0-1\" class=\"so-panel widget widget_cn-core-cta-widget\" data-index=\"2\" ><div\n\t\t\t\n\t\t\tclass=\"so-widget-cn-core-cta-widget so-widget-cn-core-cta-widget-base\"\n\t\t\t\n\t\t><div class=\"c-cta c-cta--layout-image-right no-variation has-background\">\n\n    <div class=\"c-cta__content\">\n\n        <div class=\"c-cta__inner\">\n\n            \n            \n            \n            \n                <div class=\"c-cta__headings\">\n\n                \n                                    <h2 class=\"c-cta__heading\">\n                        LA NOSTRA ETICA                     <\/h2>\n                \n                \n                <\/div>\n\n            \n            \n            \n                            <div class=\"c-cta__text \/ s-entry\">\n                    <p>Costruiamo insieme un futuro che dia priorit\u00e0 al benessere personale dell'individuo e all'aprirsi a nuove esperienze straordinarie e momenti unici per coloro che amiamo e ci circondano.<br \/>\nPer raggiungere questo obiettivo abbiamo fondato Shanti Seva, Shanti Experiences e Shanti Wellness, i nostri tre pilastri etici.<\/p>\n                <\/div>\n            \n            \n            \n                    <\/div>\n\n    <\/div>\n\n    \n            <div data-src=\"https:\/\/hotelcms-production.imgix.net\/niraalpina.com\/wp-content\/uploads\/2019\/07\/silvaplana-hotel-nira-alpina-low-1370.jpg\" data-crop=\"\" class=\"imgix-fluid  crop \/ c-background c-cta__background\"><\/div><noscript><div style=\"background-image: url(https:\/\/hotelcms-production.imgix.net\/niraalpina.com\/wp-content\/uploads\/2019\/07\/silvaplana-hotel-nira-alpina-low-1370.jpg);\" class=\"crop \/ c-background c-cta__background\" ><\/div><\/noscript>    \n    \n<\/div>\n\n<\/div><\/div><div id=\"panel-15439-1-0-2\" class=\"so-panel widget widget_cn-core-cta-widget\" data-index=\"3\" ><div\n\t\t\t\n\t\t\tclass=\"so-widget-cn-core-cta-widget so-widget-cn-core-cta-widget-base\"\n\t\t\t\n\t\t><div class=\"c-cta c-cta--layout-image-left no-variation has-background\">\n\n    <div class=\"c-cta__content\">\n\n        <div class=\"c-cta__inner\">\n\n                            <a href=\"https:\/\/www.niraalpina.com\/leisure-activities\/leisure-enquiry\/\" class=\"c-cta__anchor\">\n            \n            \n            \n            \n                <div class=\"c-cta__headings\">\n\n                \n                                    <h2 class=\"c-cta__heading\">\n                        SHANTI EXPERIENCE                    <\/h2>\n                \n                                    <h3 class=\"c-cta__subheading\">\n                        \"Viaggiare, sperimentare e imparare: questo \u00e8 vivere\" - Tenzing Norgay, alpinista. Uno dei primi due individui conosciuti a raggiungere la vetta del Monte Everest.                    <\/h3>\n                \n                <\/div>\n\n            \n            \n                            <\/a>\n            \n                            <div class=\"c-cta__text \/ s-entry\">\n                    <p>Il team di Shanti Hospitality utlizza la propria esperienza e profonda conoscenza del territorio per regalare ricordi indimenticabili ai nostri ospiti.<br \/>\nSebbene coltiviamo una predilezione per gli oggetti, la gioia che ci donano \u00e8 effimera, nulla in confronto alla soddisfazione duratura che deriviamo dai ricordi felici. Questa distinzione \u00e8 imputabile all'adattamento edonico.<br \/>\n\u00c8 soltanto attraverso i ricordi che possiamo rievocare la gioia, l'eccitazione e l'emozione di un momento, anche molto tempo dopo che esso \u00e8 trascorso.<\/p>\n                <\/div>\n            \n            \n            \n                    <\/div>\n\n    <\/div>\n\n    \n            <div data-src=\"https:\/\/hotelcms-production.imgix.net\/niraalpina.com\/wp-content\/uploads\/2023\/10\/DSC5228_Web.jpg\" data-crop=\"\" class=\"imgix-fluid  crop \/ c-background c-cta__background\"><\/div><noscript><div style=\"background-image: url(https:\/\/hotelcms-production.imgix.net\/niraalpina.com\/wp-content\/uploads\/2023\/10\/DSC5228_Web.jpg);\" class=\"crop \/ c-background c-cta__background\" ><\/div><\/noscript>    \n            <a href=\"https:\/\/www.niraalpina.com\/leisure-activities\/leisure-enquiry\/\" class=\"c-cta__detached-anchor\"><\/a>\n    \n<\/div>\n\n<\/div><\/div><div id=\"panel-15439-1-0-3\" class=\"so-panel widget widget_cn-core-cta-widget\" data-index=\"4\" ><div\n\t\t\t\n\t\t\tclass=\"so-widget-cn-core-cta-widget so-widget-cn-core-cta-widget-base\"\n\t\t\t\n\t\t><div class=\"c-cta c-cta--layout-image-right no-variation has-background\">\n\n    <div class=\"c-cta__content\">\n\n        <div class=\"c-cta__inner\">\n\n            \n            \n            \n            \n                <div class=\"c-cta__headings\">\n\n                \n                                    <h2 class=\"c-cta__heading\">\n                        SHANTI WELLNESS                    <\/h2>\n                \n                                    <h3 class=\"c-cta__subheading\">\n                        \"Il miglior progetto a cui potrai mai lavorare \u00e8 te stesso\". - Sconosciuto                    <\/h3>\n                \n                <\/div>\n\n            \n            \n            \n                            <div class=\"c-cta__text \/ s-entry\">\n                    <p>Shanti Wellness mira a rinfrescare e ringiovanire la mente, il corpo e l'anima, gettando cos\u00ec le basi per uno stile di vita sano e appagante.<br \/>\nIn fondo, uno stato di salute \u00e8 essenziale per poter vivere e regalare momenti eccezionali, oltre che per goderne appieno.<\/p>\n                <\/div>\n            \n            \n            \n                    <\/div>\n\n    <\/div>\n\n    \n            <div data-src=\"https:\/\/hotelcms-production.imgix.net\/niraalpina.com\/wp-content\/uploads\/2021\/04\/Switzerland-Tourism-Lorenz-Richard-3.jpg\" data-crop=\"\" class=\"imgix-fluid  crop \/ c-background c-cta__background\" data-caption=\"Protagonisten im Spa des Hotel Nira Alpina\"><\/div><noscript><div style=\"background-image: url(https:\/\/hotelcms-production.imgix.net\/niraalpina.com\/wp-content\/uploads\/2021\/04\/Switzerland-Tourism-Lorenz-Richard-3.jpg);\" class=\"crop \/ c-background c-cta__background\" ><\/div><\/noscript>    \n    \n<\/div>\n\n<\/div><\/div><div id=\"panel-15439-1-0-4\" class=\"so-panel widget widget_cn-core-cta-widget panel-last-child\" data-index=\"5\" ><div\n\t\t\t\n\t\t\tclass=\"so-widget-cn-core-cta-widget so-widget-cn-core-cta-widget-base\"\n\t\t\t\n\t\t><div class=\"c-cta c-cta--layout-image-left no-variation has-background\">\n\n    <div class=\"c-cta__content\">\n\n        <div class=\"c-cta__inner\">\n\n                            <a href=\"https:\/\/www.niraalpina.com\/leisure-activities\/leisure-enquiry\/\" class=\"c-cta__anchor\">\n            \n            \n            \n            \n                <div class=\"c-cta__headings\">\n\n                \n                                    <h2 class=\"c-cta__heading\">\n                        SHANTI SEVA                    <\/h2>\n                \n                                    <h3 class=\"c-cta__subheading\">\n                        \"In effetti, prendersi cura degli altri, aiutare gli altri, in ultima analisi, \u00e8 la via per scoprire la propria gioia e per avere una vita felice\". - Dalai Lama, Il libro della gioia: La felicit\u00e0 duratura in un mondo che cambia                    <\/h3>\n                \n                <\/div>\n\n            \n            \n                            <\/a>\n            \n                            <div class=\"c-cta__text \/ s-entry\">\n                    <p>In hindi, la parola \"Seva\" significa servire in modo disinteressato. Shanti Seva \u00e8 l'anima di Shanti Hospitality e il cuore di tutto ci\u00f2 che facciamo.<\/p>\n<p>Questo spirito di servizio disinteressato \u00e8 profondamente radicato nella nostra cultura e si estende anche ai nostri ospiti, ai colleghi e ai membri delle nostre comunit\u00e0 locali.<\/p>\n                <\/div>\n            \n            \n            \n                    <\/div>\n\n    <\/div>\n\n    \n            <div data-src=\"https:\/\/hotelcms-production.imgix.net\/niraalpina.com\/wp-content\/uploads\/2019\/07\/Nira-Alpina-Impressions-Cornelia-Studer-2.jpg\" data-crop=\"\" class=\"imgix-fluid  crop \/ c-background c-cta__background\"><\/div><noscript><div style=\"background-image: url(https:\/\/hotelcms-production.imgix.net\/niraalpina.com\/wp-content\/uploads\/2019\/07\/Nira-Alpina-Impressions-Cornelia-Studer-2.jpg);\" class=\"crop \/ c-background c-cta__background\" ><\/div><\/noscript>    \n            <a href=\"https:\/\/www.niraalpina.com\/leisure-activities\/leisure-enquiry\/\" class=\"c-cta__detached-anchor\"><\/a>\n    \n<\/div>\n\n<\/div><\/div><\/div><\/div><\/div><div id=\"pg-15439-2\"  class=\"panel-grid panel-has-style\" ><div class=\"c-row--valign-default c-row--widget-none c-row--margin-none c-row--column-none siteorigin-panels-stretch has-background c-row--background-cover imgix-fluid crop panel-row-style panel-row-style-for-15439-2\" data-stretch-type=\"full-stretched\" data-src=\"https:\/\/hotelcms-production.imgix.net\/niraalpina.com\/wp-content\/uploads\/2017\/11\/texture.png\" data-crop=\"\" ><div id=\"pgc-15439-2-0\"  class=\"panel-grid-cell\" ><div id=\"panel-15439-2-0-0\" class=\"so-panel widget widget_cn-core-cta-widget panel-first-child panel-last-child\" data-index=\"6\" ><div\n\t\t\t\n\t\t\tclass=\"so-widget-cn-core-cta-widget so-widget-cn-core-cta-widget-base\"\n\t\t\t\n\t\t><div class=\"c-cta c-cta--layout-breaker no-variation\">\n\n    <div class=\"c-cta__content\">\n\n        <div class=\"c-cta__inner\">\n\n                            <a href=\"https:\/\/be.synxis.com\/?chain=5154&#038;hotel=53708&#038;theme=SBE_Nira_V1&#038;config=SBE_Nira_V1\" class=\"c-cta__anchor\" target=\"_blank\" rel=\"noopener\">\n            \n            \n            \n            \n                <div class=\"c-cta__headings\">\n\n                                    <p class=\"c-cta__preheading\">\n                        Sii avventuroso                    <\/p>\n                \n                                    <h2 class=\"c-cta__heading\">\n                        Scoprite il nostro allettante rifugio di montagna                    <\/h2>\n                \n                \n                <\/div>\n\n            \n            \n                            <\/a>\n            \n                            <div class=\"c-cta__text \/ s-entry\">\n                    <p>Nira Alpina, uno dei resort pi\u00f9 esclusivi delle Alpi Svizzere, vi circonda coi suoi panorami mozzafiato dei paesaggi incontaminati ed \u00e8 il luogo ideale per avventure estive e invernali.<br \/>\nInoltre, prenotando direttamente dal nostro sito web, potrete usufruire di molti vantaggi, fra i quali migliore tariffa garantita, omaggio di praline Svizzere in camera e molto altro.<br \/>\nVenite a scoprirci!<\/p>\n                <\/div>\n            \n            \n                            <div class=\"c-cta__buttons\">\n                    <a class=\"c-button button \/ c-cta__button  no-variation\" href=\"https:\/\/be.synxis.com\/?chain=5154&#038;hotel=53708&#038;theme=SBE_Nira_V1&#038;config=SBE_Nira_V1\" target=\"_blank\" rel=\"noopener\">\n    INFORMARSI ORA<\/a>\n\n\n                <\/div>\n            \n                    <\/div>\n\n    <\/div>\n\n    \n    \n            <a href=\"https:\/\/be.synxis.com\/?chain=5154&#038;hotel=53708&#038;theme=SBE_Nira_V1&#038;config=SBE_Nira_V1\" class=\"c-cta__detached-anchor\" target=\"_blank\" rel=\"noopener\"><\/a>\n    \n<\/div>\n\n<\/div><\/div><\/div><\/div><\/div><\/div>","protected":false},"excerpt":{"rendered":"<p>SHANTI HOSPITALITY GROUP Creare brand eccezionali e regalare momenti unici Shanti Hospitality Group \u00e8 un&#8217;azienda alberghiera e del tempo libero, focalizzata sulla costruzione di propriet\u00e0 e marchi eccezionali. Ci impegnano nel creare un impatto positivo in tutto ci\u00f2 che facciamo. Da sempre, Shanti Hospitality ha raggiunto questo obbiettivo creando offerte turistiche accumunate da occasioni di &hellip;<\/p>\n","protected":false},"author":53,"featured_media":0,"parent":1963,"menu_order":1,"comment_status":"closed","ping_status":"closed","template":"","meta":{"_acf_changed":false,"footnotes":""},"class_list":["post--15439","post--page","post--type-page","post--status-publish","post--hentry"],"acf":[],"_links":{"self":[{"href":"https:\/\/www.niraalpina.com\/it\/wp-json\/wp\/v2\/pages\/15439","targetHints":{"allow":["GET"]}}],"collection":[{"href":"https:\/\/www.niraalpina.com\/it\/wp-json\/wp\/v2\/pages"}],"about":[{"href":"https:\/\/www.niraalpina.com\/it\/wp-json\/wp\/v2\/types\/page"}],"author":[{"embeddable":true,"href":"https:\/\/www.niraalpina.com\/it\/wp-json\/wp\/v2\/users\/53"}],"replies":[{"embeddable":true,"href":"https:\/\/www.niraalpina.com\/it\/wp-json\/wp\/v2\/comments?post=15439"}],"version-history":[{"count":4,"href":"https:\/\/www.niraalpina.com\/it\/wp-json\/wp\/v2\/pages\/15439\/revisions"}],"predecessor-version":[{"id":15503,"href":"https:\/\/www.niraalpina.com\/it\/wp-json\/wp\/v2\/pages\/15439\/revisions\/15503"}],"up":[{"embeddable":true,"href":"https:\/\/www.niraalpina.com\/it\/wp-json\/wp\/v2\/pages\/1963"}],"wp:attachment":[{"href":"https:\/\/www.niraalpina.com\/it\/wp-json\/wp\/v2\/media?parent=15439"}],"curies":[{"name":"wp","href":"https:\/\/api.w.org\/{rel}","templated":true}]}}