{"id":9776,"date":"2017-11-26T14:17:04","date_gmt":"2017-11-26T14:17:04","guid":{"rendered":"https:\/\/www.niraalpina.com\/rooms-suites\/comfort-view-room\/"},"modified":"2023-09-27T16:22:36","modified_gmt":"2023-09-27T16:22:36","slug":"comfort-view-room","status":"publish","type":"page","link":"https:\/\/www.niraalpina.com\/fr\/rooms-suites\/comfort-view-room\/","title":{"rendered":"Comfort Room"},"content":{"rendered":"<div id=\"pl-9776\"  class=\"panel-layout\" ><div id=\"pg-9776-0\"  class=\"panel-grid panel-has-style\" ><div class=\"c-row--valign-default c-row--widget-default c-row--margin-large c-row--column-default siteorigin-panels-stretch panel-row-style panel-row-style-for-9776-0\" data-stretch-type=\"full-stretched\" ><div id=\"pgc-9776-0-0\"  class=\"panel-grid-cell\" ><div id=\"panel-9776-0-0-0\" class=\"so-panel widget widget_cn-core-hero-widget panel-first-child panel-last-child\" data-index=\"0\" ><div\n\t\t\t\n\t\t\tclass=\"so-widget-cn-core-hero-widget so-widget-cn-core-hero-widget-base\"\n\t\t\t\n\t\t><section class=\"c-hero c-hero--short\">\n    <div class=\"c-hero__inner\">\n        \n        <div class=\"c-hero__content\">\n\n                            <h1 class=\"c-hero__heading\">\n                    Chambre Confort                <\/h1>\n            \n                            <p class=\"c-hero__subheading\">\n                    Pure convivialit\u00e9                <\/p>\n                            <div class=\"s-entry \/ c-hero__text\">\n                    <p>\n                        Relaxante, accueillante et \u00e9l\u00e9gante                    <\/p>\n                <\/div>\n                    <\/div>\n\n        \n    <\/div>\n\n\n\n    \n    \n    <div data-src=\"https:\/\/hotelcms-production.imgix.net\/niraalpina.com\/wp-content\/uploads\/2020\/09\/Comfort-Room-Sommer-7.jpg\" data-crop=\"manual\" class=\"imgix-fluid  crop \/ c-hero__background\" data-focus-horizontal=\"50\" data-focus-vertical=\"50\"><\/div><noscript><div style=\"background-image: url(https:\/\/hotelcms-production.imgix.net\/niraalpina.com\/wp-content\/uploads\/2020\/09\/Comfort-Room-Sommer-7.jpg);\" class=\"crop \/ c-hero__background\" ><\/div><\/noscript>\n    \n    <\/section>\n<\/div><\/div><\/div><\/div><\/div><div id=\"pg-9776-1\"  class=\"panel-grid panel-has-style\" ><div class=\"c-row--valign-default c-row--widget-none c-row--margin-small c-row--column-default siteorigin-panels-stretch panel-row-style panel-row-style-for-9776-1\" data-stretch-type=\"full\" ><div id=\"pgc-9776-1-0\"  class=\"panel-grid-cell\" ><div id=\"panel-9776-1-0-0\" class=\"so-panel widget widget_cn-core-icon-list-widget panel-first-child panel-last-child\" data-index=\"1\" ><div\n\t\t\t\n\t\t\tclass=\"so-widget-cn-core-icon-list-widget so-widget-cn-core-icon-list-widget-base\"\n\t\t\t\n\t\t><div class=\"c-icon-list no-variation\" >\n\n    <div class=\"c-icon-list__headings\">\n    \n        \n                    <h2 class=\"c-icon-list__heading\">D\u00e9tails de la chambre<\/h2>\n        \n        \n        <\/div>\n    \n    <ul class=\"c-icon-list__menu\">\n            <li class=\"c-icon-list__item\">\n            <div class=\"c-icon-list__icon img-fit\">\n                <img decoding=\"async\" data-src=\"https:\/\/hotelcms-production.imgix.net\/niraalpina.com\/wp-content\/uploads\/2017\/11\/Shanti-icons-05.svg\" data-crop=\"\" src=\"data:image\/gif;base64,R0lGODlhBAADAIAAAAAAAAAAACH5BAEAAAAALAAAAAAEAAMAAAIDhI9WADs=\" class=\"imgix-fluid \/ c-image\" alt=\"\"  \/><noscript><img decoding=\"async\" src=\"https:\/\/hotelcms-production.imgix.net\/niraalpina.com\/wp-content\/uploads\/2017\/11\/Shanti-icons-05.svg\" class=\"c-image\" alt=\"\"  \/><\/noscript>            <\/div>\n            <p class=\"c-icon-list__item__text\">Lit double uniquement, 180 x 200cm, hauteur du matelas 20cm<\/p>\n                    <\/li>\n            <li class=\"c-icon-list__item\">\n            <div class=\"c-icon-list__icon img-fit\">\n                <img decoding=\"async\" data-src=\"https:\/\/hotelcms-production.imgix.net\/niraalpina.com\/wp-content\/uploads\/2017\/11\/Shanti-icons-24.svg\" data-crop=\"\" src=\"data:image\/gif;base64,R0lGODlhBAADAIAAAAAAAAAAACH5BAEAAAAALAAAAAAEAAMAAAIDhI9WADs=\" class=\"imgix-fluid \/ c-image\" alt=\"\"  \/><noscript><img decoding=\"async\" src=\"https:\/\/hotelcms-production.imgix.net\/niraalpina.com\/wp-content\/uploads\/2017\/11\/Shanti-icons-24.svg\" class=\"c-image\" alt=\"\"  \/><\/noscript>            <\/div>\n            <p class=\"c-icon-list__item__text\">2 personnes (sans possibilit\u00e9 d\u2019ajouter un lit b\u00e9b\u00e9)<\/p>\n                    <\/li>\n            <li class=\"c-icon-list__item\">\n            <div class=\"c-icon-list__icon img-fit\">\n                <img decoding=\"async\" data-src=\"https:\/\/hotelcms-production.imgix.net\/niraalpina.com\/wp-content\/uploads\/2017\/11\/Shanti-icons-27.svg\" data-crop=\"\" src=\"data:image\/gif;base64,R0lGODlhBAADAIAAAAAAAAAAACH5BAEAAAAALAAAAAAEAAMAAAIDhI9WADs=\" class=\"imgix-fluid \/ c-image\" alt=\"\"  \/><noscript><img decoding=\"async\" src=\"https:\/\/hotelcms-production.imgix.net\/niraalpina.com\/wp-content\/uploads\/2017\/11\/Shanti-icons-27.svg\" class=\"c-image\" alt=\"\"  \/><\/noscript>            <\/div>\n            <p class=\"c-icon-list__item__text\">20 m\u00e8tres carr\u00e9s<\/p>\n                    <\/li>\n            <li class=\"c-icon-list__item\">\n            <div class=\"c-icon-list__icon img-fit\">\n                <img decoding=\"async\" data-src=\"https:\/\/hotelcms-production.imgix.net\/niraalpina.com\/wp-content\/uploads\/2017\/11\/Shanti-icons-11.svg\" data-crop=\"\" src=\"data:image\/gif;base64,R0lGODlhBAADAIAAAAAAAAAAACH5BAEAAAAALAAAAAAEAAMAAAIDhI9WADs=\" class=\"imgix-fluid \/ c-image\" alt=\"\"  \/><noscript><img decoding=\"async\" src=\"https:\/\/hotelcms-production.imgix.net\/niraalpina.com\/wp-content\/uploads\/2017\/11\/Shanti-icons-11.svg\" class=\"c-image\" alt=\"\"  \/><\/noscript>            <\/div>\n            <p class=\"c-icon-list__item__text\">Avec vue sur le t\u00e9l\u00e9ph\u00e9rique de Corvatsch<\/p>\n                    <\/li>\n            <li class=\"c-icon-list__item\">\n            <div class=\"c-icon-list__icon img-fit\">\n                <img decoding=\"async\" data-src=\"https:\/\/hotelcms-production.imgix.net\/niraalpina.com\/wp-content\/uploads\/2017\/11\/Shanti-icons-07.svg\" data-crop=\"\" src=\"data:image\/gif;base64,R0lGODlhBAADAIAAAAAAAAAAACH5BAEAAAAALAAAAAAEAAMAAAIDhI9WADs=\" class=\"imgix-fluid \/ c-image\" alt=\"\"  \/><noscript><img decoding=\"async\" src=\"https:\/\/hotelcms-production.imgix.net\/niraalpina.com\/wp-content\/uploads\/2017\/11\/Shanti-icons-07.svg\" class=\"c-image\" alt=\"\"  \/><\/noscript>            <\/div>\n            <p class=\"c-icon-list__item__text\">Douche \u00e0 effet pluie<\/p>\n                    <\/li>\n            <li class=\"c-icon-list__item\">\n            <div class=\"c-icon-list__icon img-fit\">\n                <img decoding=\"async\" data-src=\"https:\/\/hotelcms-production.imgix.net\/niraalpina.com\/wp-content\/uploads\/2017\/11\/Shanti-icons-13.svg\" data-crop=\"\" src=\"data:image\/gif;base64,R0lGODlhBAADAIAAAAAAAAAAACH5BAEAAAAALAAAAAAEAAMAAAIDhI9WADs=\" class=\"imgix-fluid \/ c-image\" alt=\"\"  \/><noscript><img decoding=\"async\" src=\"https:\/\/hotelcms-production.imgix.net\/niraalpina.com\/wp-content\/uploads\/2017\/11\/Shanti-icons-13.svg\" class=\"c-image\" alt=\"\"  \/><\/noscript>            <\/div>\n            <p class=\"c-icon-list__item__text\">T\u00e9l\u00e9vision \u00e0 \u00e9cran plat<\/p>\n                    <\/li>\n            <li class=\"c-icon-list__item\">\n            <div class=\"c-icon-list__icon img-fit\">\n                <img decoding=\"async\" data-src=\"https:\/\/hotelcms-production.imgix.net\/niraalpina.com\/wp-content\/uploads\/2017\/12\/Shanti-icons-17.svg\" data-crop=\"\" src=\"data:image\/gif;base64,R0lGODlhBAADAIAAAAAAAAAAACH5BAEAAAAALAAAAAAEAAMAAAIDhI9WADs=\" class=\"imgix-fluid \/ c-image\" alt=\"\"  \/><noscript><img decoding=\"async\" src=\"https:\/\/hotelcms-production.imgix.net\/niraalpina.com\/wp-content\/uploads\/2017\/12\/Shanti-icons-17.svg\" class=\"c-image\" alt=\"\"  \/><\/noscript>            <\/div>\n            <p class=\"c-icon-list__item__text\">Hub USB pour recharger plusieurs appareils<\/p>\n                    <\/li>\n            <li class=\"c-icon-list__item\">\n            <div class=\"c-icon-list__icon img-fit\">\n                <img decoding=\"async\" data-src=\"https:\/\/hotelcms-production.imgix.net\/niraalpina.com\/wp-content\/uploads\/2017\/12\/Shanti-icons-32.svg\" data-crop=\"\" src=\"data:image\/gif;base64,R0lGODlhBAADAIAAAAAAAAAAACH5BAEAAAAALAAAAAAEAAMAAAIDhI9WADs=\" class=\"imgix-fluid \/ c-image\" alt=\"\"  \/><noscript><img decoding=\"async\" src=\"https:\/\/hotelcms-production.imgix.net\/niraalpina.com\/wp-content\/uploads\/2017\/12\/Shanti-icons-32.svg\" class=\"c-image\" alt=\"\"  \/><\/noscript>            <\/div>\n            <p class=\"c-icon-list__item__text\">Wi-Fi<\/p>\n                    <\/li>\n            <li class=\"c-icon-list__item\">\n            <div class=\"c-icon-list__icon img-fit\">\n                <img decoding=\"async\" data-src=\"https:\/\/hotelcms-production.imgix.net\/niraalpina.com\/wp-content\/uploads\/2017\/12\/Shanti-icons-16.svg\" data-crop=\"\" src=\"data:image\/gif;base64,R0lGODlhBAADAIAAAAAAAAAAACH5BAEAAAAALAAAAAAEAAMAAAIDhI9WADs=\" class=\"imgix-fluid \/ c-image\" alt=\"\"  \/><noscript><img decoding=\"async\" src=\"https:\/\/hotelcms-production.imgix.net\/niraalpina.com\/wp-content\/uploads\/2017\/12\/Shanti-icons-16.svg\" class=\"c-image\" alt=\"\"  \/><\/noscript>            <\/div>\n            <p class=\"c-icon-list__item__text\">Th\u00e9 et caf\u00e9<\/p>\n                    <\/li>\n        <\/ul>\n\n<\/div><\/div><\/div><\/div><div id=\"pgc-9776-1-1\"  class=\"panel-grid-cell\" ><div id=\"panel-9776-1-1-0\" class=\"so-panel widget widget_cn-core-cta-widget panel-first-child\" data-index=\"2\" ><div\n\t\t\t\n\t\t\tclass=\"so-widget-cn-core-cta-widget so-widget-cn-core-cta-widget-base\"\n\t\t\t\n\t\t><div class=\"c-cta no-layout no-variation\">\n\n    <div class=\"c-cta__content\">\n\n        <div class=\"c-cta__inner\">\n\n            \n            \n            \n            \n                <div class=\"c-cta__headings\">\n\n                \n                                    <h2 class=\"c-cta__heading\">\n                        Les petits d\u00e9tails                    <\/h2>\n                \n                \n                <\/div>\n\n            \n            \n            \n                            <div class=\"c-cta__text \/ s-entry\">\n                    <p>Les chambres Confort du Nira Alpina offre une ambiance relaxante gr\u00e2ce \u00e0 un design moderne et des couleurs neutres.<\/p>\n<p>La chambre offre une vue sur la station de t\u00e9l\u00e9cabine du Corvatsch et dispose de toutes les commodit\u00e9s n\u00e9cessaires pour rendre votre s\u00e9jour au Nira Alpina aussi confortable que possible.<\/p>\n                <\/div>\n            \n            \n            \n                    <\/div>\n\n    <\/div>\n\n    \n    \n    \n<\/div>\n\n<\/div><\/div><div id=\"panel-9776-1-1-1\" class=\"so-panel widget widget_cn-booking-form-widget panel-last-child\" data-index=\"3\" ><div\n\t\t\t\n\t\t\tclass=\"so-widget-cn-booking-form-widget so-widget-cn-booking-form-widget-base\"\n\t\t\t\n\t\t><form class=\"c-booking-bar c-booking-bar--synxis \" action=\"https:\/\/be.synxis.com\/?chain=5154&hotel=53708&theme=SBE_Nira_V1&config=SBE_Nira_V1&locale=en-US&adult=2\" method=\"get\">\n\n\n  <div class=\"c-booking-bar__inner\">\n\n                    <h2 class=\"c-booking-bar__heading\">V\u00e9rifiez la disponibilit\u00e9<\/h2>\n        \n        \n        <div for=\"arrive\" class=\"c-booking-bar__label c-booking-bar--arrive\">\n            <label class=\"c-booking-bar__text\">Check-in date<\/label>\n            <input type=\"date\" name=\"arrive\" class=\"c-booking-bar__date\" placeholder=\"Check-in date\">\n        <\/div>\n\n        <div for=\"depart\" class=\"c-booking-bar__label c-booking-bar--depart\">\n            <label class=\"c-booking-bar__text\">Check-out date<\/label>\n            <input type=\"date\" name=\"depart\" class=\"c-booking-bar__date\" placeholder=\"Check-out date\">\n        <\/div>\n\n        \n        \n        \n        \n        \n        <button type=\"submit\" class=\"c-booking-bar__button\">R\u00e9servez maintenant<\/button>\n\n    <\/div>\n\n<\/form>\n<\/div><\/div><\/div><\/div><\/div><div id=\"pg-9776-2\"  class=\"panel-grid panel-has-style\" ><div class=\"c-row--valign-default c-row--widget-spacing c-row--margin-small c-row--column-none siteorigin-panels-stretch panel-row-style panel-row-style-for-9776-2\" data-stretch-type=\"full-stretched\" ><div id=\"pgc-9776-2-0\"  class=\"panel-grid-cell\" ><div id=\"panel-9776-2-0-0\" class=\"so-panel widget widget_cn-core-image-slider-widget panel-first-child panel-last-child\" data-index=\"4\" ><div\n\t\t\t\n\t\t\tclass=\"so-widget-cn-core-image-slider-widget so-widget-cn-core-image-slider-widget-base\"\n\t\t\t\n\t\t><div class=\"c-slider-wrapper no-variation no-variation\">\n\n    \n    \n    <div\n        id=\"slider-69d806b0ad7d8\"\n        class=\"c-slider c-slider--image c-slider--set-height js-flickity\"\n                    data-flickity-options='{\"pageDots\":true,\"prevNextButtons\":true,\"cellAlign\":\"center\",\"contain\":false,\"wrapAround\":true,\"imagesLoaded\":true,\"setGallerySize\":false,\"adaptiveHeight\":false,\"autoPlay\":3500,\"friction\":0.28,\"pauseAutoPlayOnHover\":false,\"rightToLeft\":false,\"groupCells\":false}'\n            >\n                    <div\n                class=\"c-slider__cell  js-flickity-cell\"\n                id=\"image-cell-0\"\n            >\n                \n<div class=\"c-image-container  no-variation\">\n    \n    <figure class=\"crop\">\n                    <div data-src=\"https:\/\/hotelcms-production.imgix.net\/niraalpina.com\/wp-content\/uploads\/2020\/09\/Comfort-Room-Sommer-3.jpg\" data-crop=\"manual\" class=\"imgix-fluid  c-image\" data-focus-horizontal=\"55\" data-focus-vertical=\"40\"><\/div><noscript><div style=\"background-image: url(https:\/\/hotelcms-production.imgix.net\/niraalpina.com\/wp-content\/uploads\/2020\/09\/Comfort-Room-Sommer-3.jpg);\" class=\"c-image\" ><\/div><\/noscript>            <\/figure>\n\n    <\/div>\n            <\/div>\n                    <div\n                class=\"c-slider__cell  js-flickity-cell\"\n                id=\"image-cell-1\"\n            >\n                \n<div class=\"c-image-container  no-variation\">\n    \n    <figure class=\"crop\">\n                    <div data-src=\"https:\/\/hotelcms-production.imgix.net\/niraalpina.com\/wp-content\/uploads\/2020\/09\/Comfort-Room-Sommer-4.jpg\" data-crop=\"\" class=\"imgix-fluid  c-image\"><\/div><noscript><div style=\"background-image: url(https:\/\/hotelcms-production.imgix.net\/niraalpina.com\/wp-content\/uploads\/2020\/09\/Comfort-Room-Sommer-4.jpg);\" class=\"c-image\" ><\/div><\/noscript>            <\/figure>\n\n    <\/div>\n            <\/div>\n                    <div\n                class=\"c-slider__cell  js-flickity-cell\"\n                id=\"image-cell-2\"\n            >\n                \n<div class=\"c-image-container  no-variation\">\n    \n    <figure class=\"crop\">\n                    <div data-src=\"https:\/\/hotelcms-production.imgix.net\/niraalpina.com\/wp-content\/uploads\/2020\/09\/Comfort-Room-Sommer-2.jpg\" data-crop=\"manual\" class=\"imgix-fluid  c-image\" data-focus-horizontal=\"50\" data-focus-vertical=\"50\"><\/div><noscript><div style=\"background-image: url(https:\/\/hotelcms-production.imgix.net\/niraalpina.com\/wp-content\/uploads\/2020\/09\/Comfort-Room-Sommer-2.jpg);\" class=\"c-image\" ><\/div><\/noscript>            <\/figure>\n\n    <\/div>\n            <\/div>\n                    <div\n                class=\"c-slider__cell  js-flickity-cell\"\n                id=\"image-cell-3\"\n            >\n                \n<div class=\"c-image-container  no-variation\">\n    \n    <figure class=\"crop\">\n                    <div data-src=\"https:\/\/hotelcms-production.imgix.net\/niraalpina.com\/wp-content\/uploads\/2017\/11\/Nira-Alpina-Mountain-View-Room_CMYK_HR_amenities.jpg\" data-crop=\"\" class=\"imgix-fluid  c-image\"><\/div><noscript><div style=\"background-image: url(https:\/\/hotelcms-production.imgix.net\/niraalpina.com\/wp-content\/uploads\/2017\/11\/Nira-Alpina-Mountain-View-Room_CMYK_HR_amenities.jpg);\" class=\"c-image\" ><\/div><\/noscript>            <\/figure>\n\n    <\/div>\n            <\/div>\n                    <div\n                class=\"c-slider__cell  js-flickity-cell\"\n                id=\"image-cell-4\"\n            >\n                \n<div class=\"c-image-container  no-variation\">\n    \n    <figure class=\"crop\">\n                    <div data-src=\"https:\/\/hotelcms-production.imgix.net\/niraalpina.com\/wp-content\/uploads\/2017\/11\/Nira-Alpina-Mountain-View-Bathroom_CMYK_MR.jpg\" data-crop=\"\" class=\"imgix-fluid  c-image\"><\/div><noscript><div style=\"background-image: url(https:\/\/hotelcms-production.imgix.net\/niraalpina.com\/wp-content\/uploads\/2017\/11\/Nira-Alpina-Mountain-View-Bathroom_CMYK_MR.jpg);\" class=\"c-image\" ><\/div><\/noscript>            <\/figure>\n\n    <\/div>\n            <\/div>\n                    <div\n                class=\"c-slider__cell  js-flickity-cell\"\n                id=\"image-cell-5\"\n            >\n                \n<div class=\"c-image-container  no-variation\">\n    \n    <figure class=\"crop\">\n                    <div data-src=\"https:\/\/hotelcms-production.imgix.net\/niraalpina.com\/wp-content\/uploads\/2020\/09\/Comfort-Room-Sommer-7.jpg\" data-crop=\"manual\" class=\"imgix-fluid  c-image\" data-focus-horizontal=\"50\" data-focus-vertical=\"50\"><\/div><noscript><div style=\"background-image: url(https:\/\/hotelcms-production.imgix.net\/niraalpina.com\/wp-content\/uploads\/2020\/09\/Comfort-Room-Sommer-7.jpg);\" class=\"c-image\" ><\/div><\/noscript>            <\/figure>\n\n    <\/div>\n            <\/div>\n                    <div\n                class=\"c-slider__cell  js-flickity-cell\"\n                id=\"image-cell-6\"\n            >\n                \n<div class=\"c-image-container  no-variation\">\n    \n    <figure class=\"crop\">\n                                <\/figure>\n\n    <\/div>\n            <\/div>\n            <\/div>\n\n    <\/div><\/div><\/div><\/div><\/div><\/div><div id=\"pg-9776-3\"  class=\"panel-grid panel-has-style\" ><div class=\"c-row--valign-default c-row--widget-none c-row--margin-none c-row--column-large siteorigin-panels-stretch panel-row-style panel-row-style-for-9776-3\" data-stretch-type=\"full-stretched\" ><div id=\"pgc-9776-3-0\"  class=\"panel-grid-cell\" ><div id=\"panel-9776-3-0-0\" class=\"so-panel widget widget_cn-core-adjacent-pages-widget panel-first-child panel-last-child\" data-index=\"5\" ><div\n\t\t\t\n\t\t\tclass=\"so-widget-cn-core-adjacent-pages-widget so-widget-cn-core-adjacent-pages-widget-base\"\n\t\t\t\n\t\t><nav class=\"c-siblings  \">\n\n    <ul class=\"menu\">\n        <li class=\"c-siblings__page \/ menu__previous\">\n                            <a href=\"https:\/\/www.niraalpina.com\/fr\/rooms-suites\/\">Voir toutes les chambres et suites<\/a>\n                    <\/li>\n\n        \n        <li class=\"c-siblings__page \/ menu__next\">\n                        <a href=\"https:\/\/www.niraalpina.com\/fr\/rooms-suites\/alpine-junior-suite\/\" class=\"\">Next page &rarr;<\/a>                    <\/li>\n    <\/ul>\n\n<\/nav><\/div><\/div><\/div><\/div><\/div><div id=\"pg-9776-4\"  class=\"panel-grid panel-has-style\" ><div class=\"c-row--valign-default c-row--widget-none c-row--margin-none c-row--column-none siteorigin-panels-stretch has-background c-row--background-cover imgix-fluid crop panel-row-style panel-row-style-for-9776-4\" data-stretch-type=\"full-stretched\" data-src=\"https:\/\/hotelcms-production.imgix.net\/niraalpina.com\/wp-content\/uploads\/2017\/11\/texture.png\" data-crop=\"\" ><div id=\"pgc-9776-4-0\"  class=\"panel-grid-cell\" ><div id=\"panel-9776-4-0-0\" class=\"so-panel widget widget_cn-core-cta-widget panel-first-child panel-last-child\" data-index=\"6\" ><div\n\t\t\t\n\t\t\tclass=\"so-widget-cn-core-cta-widget so-widget-cn-core-cta-widget-base\"\n\t\t\t\n\t\t><div class=\"c-cta c-cta--layout-breaker no-variation\">\n\n    <div class=\"c-cta__content\">\n\n        <div class=\"c-cta__inner\">\n\n                            <a href=\"https:\/\/be.synxis.com\/?chain=5154&#038;hotel=53708&#038;theme=SBE_Nira_V1&#038;config=SBE_Nira_V1\" class=\"c-cta__anchor\" target=\"_blank\" rel=\"noopener\">\n            \n            \n            \n            \n                <div class=\"c-cta__headings\">\n\n                                    <p class=\"c-cta__preheading\">\n                        R\u00e9servation directe                    <\/p>\n                \n                                    <h2 class=\"c-cta__heading\">\n                        Vivez des moments inoubliables                    <\/h2>\n                \n                \n                <\/div>\n\n            \n            \n                            <\/a>\n            \n                            <div class=\"c-cta__text \/ s-entry\">\n                    <p>L'un des endroits les plus uniques des Alpes suisses, Nira Alpina offre une vue imprenable sur une nature intacte. C\u2019est l'endroit id\u00e9al pour les aventures estivales et hivernales. Et si vous r\u00e9servez directement sur notre site, nous vous garantissons le meilleur tarif et des chocolats suisses dans votre chambre.<\/p>\n                <\/div>\n            \n            \n                            <div class=\"c-cta__buttons\">\n                    <a class=\"c-button button \/ c-cta__button  no-variation\" href=\"https:\/\/be.synxis.com\/?chain=5154&#038;hotel=53708&#038;theme=SBE_Nira_V1&#038;config=SBE_Nira_V1\" target=\"_blank\" rel=\"noopener\">\n    Book your stay<\/a>\n\n\n                <\/div>\n            \n                    <\/div>\n\n    <\/div>\n\n    \n    \n            <a href=\"https:\/\/be.synxis.com\/?chain=5154&#038;hotel=53708&#038;theme=SBE_Nira_V1&#038;config=SBE_Nira_V1\" class=\"c-cta__detached-anchor\" target=\"_blank\" rel=\"noopener\"><\/a>\n    \n<\/div>\n\n<\/div><\/div><\/div><\/div><\/div><\/div>","protected":false},"excerpt":{"rendered":"<p>Chambre Confort Pure convivialit\u00e9 Relaxante, accueillante et \u00e9l\u00e9gante D\u00e9tails de la chambre Lit double uniquement, 180 x 200cm, hauteur du matelas 20cm 2 personnes (sans possibilit\u00e9 d\u2019ajouter un lit b\u00e9b\u00e9) 20 m\u00e8tres carr\u00e9s Avec vue sur le t\u00e9l\u00e9ph\u00e9rique de Corvatsch Douche \u00e0 effet pluie T\u00e9l\u00e9vision \u00e0 \u00e9cran plat Hub USB pour recharger plusieurs appareils Wi-Fi &hellip;<\/p>\n","protected":false},"author":1,"featured_media":0,"parent":9761,"menu_order":3,"comment_status":"closed","ping_status":"closed","template":"","meta":{"_acf_changed":false,"footnotes":""},"class_list":["post--9776","post--page","post--type-page","post--status-publish","post--hentry"],"acf":[],"_links":{"self":[{"href":"https:\/\/www.niraalpina.com\/fr\/wp-json\/wp\/v2\/pages\/9776","targetHints":{"allow":["GET"]}}],"collection":[{"href":"https:\/\/www.niraalpina.com\/fr\/wp-json\/wp\/v2\/pages"}],"about":[{"href":"https:\/\/www.niraalpina.com\/fr\/wp-json\/wp\/v2\/types\/page"}],"author":[{"embeddable":true,"href":"https:\/\/www.niraalpina.com\/fr\/wp-json\/wp\/v2\/users\/1"}],"replies":[{"embeddable":true,"href":"https:\/\/www.niraalpina.com\/fr\/wp-json\/wp\/v2\/comments?post=9776"}],"version-history":[{"count":5,"href":"https:\/\/www.niraalpina.com\/fr\/wp-json\/wp\/v2\/pages\/9776\/revisions"}],"predecessor-version":[{"id":14622,"href":"https:\/\/www.niraalpina.com\/fr\/wp-json\/wp\/v2\/pages\/9776\/revisions\/14622"}],"up":[{"embeddable":true,"href":"https:\/\/www.niraalpina.com\/fr\/wp-json\/wp\/v2\/pages\/9761"}],"wp:attachment":[{"href":"https:\/\/www.niraalpina.com\/fr\/wp-json\/wp\/v2\/media?parent=9776"}],"curies":[{"name":"wp","href":"https:\/\/api.w.org\/{rel}","templated":true}]}}