{"id":9768,"date":"2017-11-28T08:50:17","date_gmt":"2017-11-28T08:50:17","guid":{"rendered":"https:\/\/www.niraalpina.com\/rooms-suites\/garden-room\/"},"modified":"2025-05-01T09:28:25","modified_gmt":"2025-05-01T09:28:25","slug":"garden-room","status":"publish","type":"page","link":"https:\/\/www.niraalpina.com\/fr\/rooms-suites\/garden-room\/","title":{"rendered":"Garden Room &#8211; Chambre avec Jardin"},"content":{"rendered":"<div id=\"pl-9768\"  class=\"panel-layout\" ><div id=\"pg-9768-0\"  class=\"panel-grid panel-has-style\" ><div class=\"c-row--valign-default c-row--widget-default c-row--margin-large c-row--column-default siteorigin-panels-stretch panel-row-style panel-row-style-for-9768-0\" data-stretch-type=\"full-width-stretch\" ><div id=\"pgc-9768-0-0\"  class=\"panel-grid-cell\" ><div id=\"panel-9768-0-0-0\" class=\"so-panel widget widget_cn-core-hero-widget panel-first-child panel-last-child\" data-index=\"0\" ><div\n\t\t\t\n\t\t\tclass=\"so-widget-cn-core-hero-widget so-widget-cn-core-hero-widget-base\"\n\t\t\t\n\t\t><section class=\"c-hero c-hero--short\">\n    <div class=\"c-hero__inner\">\n        \n        <div class=\"c-hero__content\">\n\n                            <h1 class=\"c-hero__heading\">\n                    Chambre avec jardin                <\/h1>\n            \n                            <p class=\"c-hero__subheading\">\n                    Aux dimensions g\u00e9n\u00e9reuses                <\/p>\n                            <div class=\"s-entry \/ c-hero__text\">\n                    <p>\n                        Acc\u00e8s rapide et facile au jardin                    <\/p>\n                <\/div>\n                    <\/div>\n\n        \n        <div class=\"c-hero__buttons\">\n\n            <a class=\"c-button  c-button--conversion\" href=\"https:\/\/v9.moving-pictures.com\/nira_alpina_silvaplana\/?pano=c3435e9b00&#038;notShow=%5B%221025b2b600%22%2C%2260becef000%22%2C%2293b0abcf00%22%2C%225afc232800%22%2C%22f37b498f00%22%2C%2248c0e61f00%22%2C%22528282e900%22%2C%2279d3d04b00%22%2C%222976574e00%22%2C%22d923cc1200%22%2C%22716f7a9100%22%2C%2265c3c96600%22%2C%22ce49923800%22%2C%229f94ce8d00%22%2C%22959cd60300%22%2C%221025b2b600%22%2C%2260becef000%22%2C%2293b0abcf00%22%2C%225afc232800%22%2C%22f37b498f00%22%2C%2248c0e61f00%22%2C%22528282e900%22%2C%2279d3d04b00%22%2C%222976574e00%22%2C%22d923cc1200%22%5D&#038;hideCategories=%5B%22Hotel%22%2C%22Hotel%22%5D&#038;lang=en\" target=\"_blank\" rel=\"noopener\">\n    Visite virtuelle<\/a>\n\n\n\n        <\/div>\n\n        \n    <\/div>\n\n\n\n    \n    \n    <div data-src=\"https:\/\/hotelcms-production.imgix.net\/niraalpina.com\/wp-content\/uploads\/2022\/12\/Garden-Room-Nira-Alpina-Winter-24.jpg\" data-crop=\"centre\" class=\"imgix-fluid  crop \/ c-hero__background\"><\/div><noscript><div style=\"background-image: url(https:\/\/hotelcms-production.imgix.net\/niraalpina.com\/wp-content\/uploads\/2022\/12\/Garden-Room-Nira-Alpina-Winter-24.jpg);\" class=\"crop \/ c-hero__background\" ><\/div><\/noscript>\n    \n    <\/section>\n<\/div><\/div><\/div><\/div><\/div><div id=\"pg-9768-1\"  class=\"panel-grid panel-has-style\" ><div class=\"c-row--valign-default c-row--widget-none c-row--margin-small c-row--column-default siteorigin-panels-stretch panel-row-style panel-row-style-for-9768-1\" data-stretch-type=\"full\" ><div id=\"pgc-9768-1-0\"  class=\"panel-grid-cell\" ><div id=\"panel-9768-1-0-0\" class=\"so-panel widget widget_cn-core-icon-list-widget panel-first-child panel-last-child\" data-index=\"1\" ><div\n\t\t\t\n\t\t\tclass=\"so-widget-cn-core-icon-list-widget so-widget-cn-core-icon-list-widget-base\"\n\t\t\t\n\t\t><div class=\"c-icon-list no-variation\" >\n\n    <div class=\"c-icon-list__headings\">\n    \n        \n                    <h2 class=\"c-icon-list__heading\">D\u00e9tails de la chambre<\/h2>\n        \n        \n        <\/div>\n    \n    <ul class=\"c-icon-list__menu\">\n            <li class=\"c-icon-list__item\">\n            <div class=\"c-icon-list__icon img-fit\">\n                <img decoding=\"async\" data-src=\"https:\/\/hotelcms-production.imgix.net\/niraalpina.com\/wp-content\/uploads\/2017\/11\/Shanti-icons-05.svg\" data-crop=\"\" src=\"data:image\/gif;base64,R0lGODlhBAADAIAAAAAAAAAAACH5BAEAAAAALAAAAAAEAAMAAAIDhI9WADs=\" class=\"imgix-fluid \/ c-image\" alt=\"\"  \/><noscript><img decoding=\"async\" src=\"https:\/\/hotelcms-production.imgix.net\/niraalpina.com\/wp-content\/uploads\/2017\/11\/Shanti-icons-05.svg\" class=\"c-image\" alt=\"\"  \/><\/noscript>            <\/div>\n            <p class=\"c-icon-list__item__text\">Lit double (largeur 180 x 200 cm, \u00e9paisseur du matelas 20 cm)<\/p>\n                    <\/li>\n            <li class=\"c-icon-list__item\">\n            <div class=\"c-icon-list__icon img-fit\">\n                <img decoding=\"async\" data-src=\"https:\/\/hotelcms-production.imgix.net\/niraalpina.com\/wp-content\/uploads\/2017\/11\/Shanti-icons-09.svg\" data-crop=\"\" src=\"data:image\/gif;base64,R0lGODlhBAADAIAAAAAAAAAAACH5BAEAAAAALAAAAAAEAAMAAAIDhI9WADs=\" class=\"imgix-fluid \/ c-image\" alt=\"\"  \/><noscript><img decoding=\"async\" src=\"https:\/\/hotelcms-production.imgix.net\/niraalpina.com\/wp-content\/uploads\/2017\/11\/Shanti-icons-09.svg\" class=\"c-image\" alt=\"\"  \/><\/noscript>            <\/div>\n            <p class=\"c-icon-list__item__text\">Canap\u00e9-lit 140 x 190 cm (id\u00e9al pour 2 enfants)<\/p>\n                    <\/li>\n            <li class=\"c-icon-list__item\">\n            <div class=\"c-icon-list__icon img-fit\">\n                            <\/div>\n            <p class=\"c-icon-list__item__text\">Deux lits simples sur demande<\/p>\n                    <\/li>\n            <li class=\"c-icon-list__item\">\n            <div class=\"c-icon-list__icon img-fit\">\n                <img decoding=\"async\" data-src=\"https:\/\/hotelcms-production.imgix.net\/niraalpina.com\/wp-content\/uploads\/2017\/11\/Shanti-icons-27.svg\" data-crop=\"\" src=\"data:image\/gif;base64,R0lGODlhBAADAIAAAAAAAAAAACH5BAEAAAAALAAAAAAEAAMAAAIDhI9WADs=\" class=\"imgix-fluid \/ c-image\" alt=\"\"  \/><noscript><img decoding=\"async\" src=\"https:\/\/hotelcms-production.imgix.net\/niraalpina.com\/wp-content\/uploads\/2017\/11\/Shanti-icons-27.svg\" class=\"c-image\" alt=\"\"  \/><\/noscript>            <\/div>\n            <p class=\"c-icon-list__item__text\">30 m\u00e8tres carr\u00e9s<\/p>\n                    <\/li>\n            <li class=\"c-icon-list__item\">\n            <div class=\"c-icon-list__icon img-fit\">\n                <img decoding=\"async\" data-src=\"https:\/\/hotelcms-production.imgix.net\/niraalpina.com\/wp-content\/uploads\/2017\/11\/Shanti-icons-24.svg\" data-crop=\"\" src=\"data:image\/gif;base64,R0lGODlhBAADAIAAAAAAAAAAACH5BAEAAAAALAAAAAAEAAMAAAIDhI9WADs=\" class=\"imgix-fluid \/ c-image\" alt=\"\"  \/><noscript><img decoding=\"async\" src=\"https:\/\/hotelcms-production.imgix.net\/niraalpina.com\/wp-content\/uploads\/2017\/11\/Shanti-icons-24.svg\" class=\"c-image\" alt=\"\"  \/><\/noscript>            <\/div>\n            <p class=\"c-icon-list__item__text\">3 adultes ou 2 adultes et 2 enfants<\/p>\n                    <\/li>\n            <li class=\"c-icon-list__item\">\n            <div class=\"c-icon-list__icon img-fit\">\n                <img decoding=\"async\" data-src=\"https:\/\/hotelcms-production.imgix.net\/niraalpina.com\/wp-content\/uploads\/2017\/11\/Shanti-icons-14.svg\" data-crop=\"\" src=\"data:image\/gif;base64,R0lGODlhBAADAIAAAAAAAAAAACH5BAEAAAAALAAAAAAEAAMAAAIDhI9WADs=\" class=\"imgix-fluid \/ c-image\" alt=\"\"  \/><noscript><img decoding=\"async\" src=\"https:\/\/hotelcms-production.imgix.net\/niraalpina.com\/wp-content\/uploads\/2017\/11\/Shanti-icons-14.svg\" class=\"c-image\" alt=\"\"  \/><\/noscript>            <\/div>\n            <p class=\"c-icon-list__item__text\">10m2 de grande terrasse de jardin<\/p>\n                    <\/li>\n            <li class=\"c-icon-list__item\">\n            <div class=\"c-icon-list__icon img-fit\">\n                <img decoding=\"async\" data-src=\"https:\/\/hotelcms-production.imgix.net\/niraalpina.com\/wp-content\/uploads\/2017\/11\/Shanti-icons-13.svg\" data-crop=\"\" src=\"data:image\/gif;base64,R0lGODlhBAADAIAAAAAAAAAAACH5BAEAAAAALAAAAAAEAAMAAAIDhI9WADs=\" class=\"imgix-fluid \/ c-image\" alt=\"\"  \/><noscript><img decoding=\"async\" src=\"https:\/\/hotelcms-production.imgix.net\/niraalpina.com\/wp-content\/uploads\/2017\/11\/Shanti-icons-13.svg\" class=\"c-image\" alt=\"\"  \/><\/noscript>            <\/div>\n            <p class=\"c-icon-list__item__text\">T\u00e9l\u00e9vision \u00e0 \u00e9cran plat<\/p>\n                    <\/li>\n            <li class=\"c-icon-list__item\">\n            <div class=\"c-icon-list__icon img-fit\">\n                <img decoding=\"async\" data-src=\"https:\/\/hotelcms-production.imgix.net\/niraalpina.com\/wp-content\/uploads\/2017\/12\/Shanti-icons-17.svg\" data-crop=\"\" src=\"data:image\/gif;base64,R0lGODlhBAADAIAAAAAAAAAAACH5BAEAAAAALAAAAAAEAAMAAAIDhI9WADs=\" class=\"imgix-fluid \/ c-image\" alt=\"\"  \/><noscript><img decoding=\"async\" src=\"https:\/\/hotelcms-production.imgix.net\/niraalpina.com\/wp-content\/uploads\/2017\/12\/Shanti-icons-17.svg\" class=\"c-image\" alt=\"\"  \/><\/noscript>            <\/div>\n            <p class=\"c-icon-list__item__text\">Hub USB pour recharger plusieurs appareils<\/p>\n                    <\/li>\n            <li class=\"c-icon-list__item\">\n            <div class=\"c-icon-list__icon img-fit\">\n                <img decoding=\"async\" data-src=\"https:\/\/hotelcms-production.imgix.net\/niraalpina.com\/wp-content\/uploads\/2017\/12\/Shanti-icons-32.svg\" data-crop=\"\" src=\"data:image\/gif;base64,R0lGODlhBAADAIAAAAAAAAAAACH5BAEAAAAALAAAAAAEAAMAAAIDhI9WADs=\" class=\"imgix-fluid \/ c-image\" alt=\"\"  \/><noscript><img decoding=\"async\" src=\"https:\/\/hotelcms-production.imgix.net\/niraalpina.com\/wp-content\/uploads\/2017\/12\/Shanti-icons-32.svg\" class=\"c-image\" alt=\"\"  \/><\/noscript>            <\/div>\n            <p class=\"c-icon-list__item__text\">Wi-Fi<\/p>\n                    <\/li>\n            <li class=\"c-icon-list__item\">\n            <div class=\"c-icon-list__icon img-fit\">\n                <img decoding=\"async\" data-src=\"https:\/\/hotelcms-production.imgix.net\/niraalpina.com\/wp-content\/uploads\/2017\/12\/Shanti-icons-16.svg\" data-crop=\"\" src=\"data:image\/gif;base64,R0lGODlhBAADAIAAAAAAAAAAACH5BAEAAAAALAAAAAAEAAMAAAIDhI9WADs=\" class=\"imgix-fluid \/ c-image\" alt=\"\"  \/><noscript><img decoding=\"async\" src=\"https:\/\/hotelcms-production.imgix.net\/niraalpina.com\/wp-content\/uploads\/2017\/12\/Shanti-icons-16.svg\" class=\"c-image\" alt=\"\"  \/><\/noscript>            <\/div>\n            <p class=\"c-icon-list__item__text\">Machine \u00e0 caf\u00e9 Nespresso et bouilloire<\/p>\n                    <\/li>\n            <li class=\"c-icon-list__item\">\n            <div class=\"c-icon-list__icon img-fit\">\n                <img decoding=\"async\" data-src=\"https:\/\/hotelcms-production.imgix.net\/niraalpina.com\/wp-content\/uploads\/2017\/11\/Shanti-icons-12.svg\" data-crop=\"\" src=\"data:image\/gif;base64,R0lGODlhBAADAIAAAAAAAAAAACH5BAEAAAAALAAAAAAEAAMAAAIDhI9WADs=\" class=\"imgix-fluid \/ c-image\" alt=\"\"  \/><noscript><img decoding=\"async\" src=\"https:\/\/hotelcms-production.imgix.net\/niraalpina.com\/wp-content\/uploads\/2017\/11\/Shanti-icons-12.svg\" class=\"c-image\" alt=\"\"  \/><\/noscript>            <\/div>\n            <p class=\"c-icon-list__item__text\">Belle vue sur la vall\u00e9e<\/p>\n                    <\/li>\n        <\/ul>\n\n<\/div><\/div><\/div><\/div><div id=\"pgc-9768-1-1\"  class=\"panel-grid-cell\" ><div id=\"panel-9768-1-1-0\" class=\"so-panel widget widget_cn-core-cta-widget panel-first-child\" data-index=\"2\" ><div\n\t\t\t\n\t\t\tclass=\"so-widget-cn-core-cta-widget so-widget-cn-core-cta-widget-base\"\n\t\t\t\n\t\t><div class=\"c-cta no-layout c-cta--extra\">\n\n    <div class=\"c-cta__content\">\n\n        <div class=\"c-cta__inner\">\n\n            \n            \n            \n            \n                <div class=\"c-cta__headings\">\n\n                \n                                    <h2 class=\"c-cta__heading\">\n                        D\u00e9tails                    <\/h2>\n                \n                \n                <\/div>\n\n            \n            \n            \n                            <div class=\"c-cta__text \/ s-entry\">\n                    <p>Les chambres aux dimensions g\u00e9n\u00e9reuses du rez-de-chauss\u00e9e de l'h\u00f4tel donnent sur un jardin priv\u00e9, d'o\u00f9 l'on a une vue magnifique sur les sommets de l'Engadine.\u00a0Chaque terrasse dispose de si\u00e8ges modernes et d'une table en verre - l'endroit id\u00e9al pour profiter du soleil du soir.\u00a0Ces chambres de notre Lodge Engadine offrent \u00e9galement un acc\u00e8s pratique et rapide au local \u00e0 ski, lui-m\u00eame reli\u00e9 \u00e0 l'\u00e9tage sup\u00e9rieur de la station de funiculaire.<\/p>\n<p>Dans notre h\u00f4tel, il y a deux chambres vues sur jardin qui peuvent \u00eatre reli\u00e9es l'une \u00e0 l'autre.\u00a0Par une porte communicante, deux chambres doubles peuvent \u00eatre reli\u00e9es ou s\u00e9par\u00e9es respectivement.<\/p>\n                <\/div>\n            \n            \n            \n                    <\/div>\n\n    <\/div>\n\n    \n    \n    \n<\/div>\n\n<\/div><\/div><div id=\"panel-9768-1-1-1\" class=\"so-panel widget widget_cn-booking-form-widget panel-last-child\" data-index=\"3\" ><div\n\t\t\t\n\t\t\tclass=\"so-widget-cn-booking-form-widget so-widget-cn-booking-form-widget-base\"\n\t\t\t\n\t\t><form class=\"c-booking-bar c-booking-bar--synxis \" action=\"https:\/\/be.synxis.com\/?chain=5154&hotel=53708&theme=SBE_Nira_V1&config=SBE_Nira_V1&locale=en-US&adult=2\" method=\"get\">\n\n\n  <div class=\"c-booking-bar__inner\">\n\n                    <h2 class=\"c-booking-bar__heading\">Voir les disponibilit\u00e9s<\/h2>\n        \n        \n        <div for=\"arrive\" class=\"c-booking-bar__label c-booking-bar--arrive\">\n            <label class=\"c-booking-bar__text\">Check-in date<\/label>\n            <input type=\"date\" name=\"arrive\" class=\"c-booking-bar__date\" placeholder=\"Check-in date\">\n        <\/div>\n\n        <div for=\"depart\" class=\"c-booking-bar__label c-booking-bar--depart\">\n            <label class=\"c-booking-bar__text\">Check-out date<\/label>\n            <input type=\"date\" name=\"depart\" class=\"c-booking-bar__date\" placeholder=\"Check-out date\">\n        <\/div>\n\n        \n        \n        \n        \n        \n        <button type=\"submit\" class=\"c-booking-bar__button\">R\u00e9servez votre s\u00e9jour <\/button>\n\n    <\/div>\n\n<\/form>\n<\/div><\/div><\/div><\/div><\/div><div id=\"pg-9768-2\"  class=\"panel-grid panel-has-style\" ><div class=\"c-row--valign-default c-row--widget-spacing c-row--margin-small c-row--column-none siteorigin-panels-stretch panel-row-style panel-row-style-for-9768-2\" data-stretch-type=\"full-width-stretch\" ><div id=\"pgc-9768-2-0\"  class=\"panel-grid-cell\" ><div id=\"panel-9768-2-0-0\" class=\"so-panel widget widget_cn-core-image-slider-widget panel-first-child panel-last-child\" data-index=\"4\" ><div\n\t\t\t\n\t\t\tclass=\"so-widget-cn-core-image-slider-widget so-widget-cn-core-image-slider-widget-base\"\n\t\t\t\n\t\t><div class=\"c-slider-wrapper no-variation no-variation\">\n\n    \n    \n    <div\n        id=\"slider-69fae8e1b62a5\"\n        class=\"c-slider c-slider--image c-slider--set-height js-flickity\"\n                    data-flickity-options='{\"pageDots\":true,\"prevNextButtons\":true,\"cellAlign\":\"center\",\"contain\":false,\"wrapAround\":true,\"imagesLoaded\":true,\"setGallerySize\":false,\"adaptiveHeight\":false,\"autoPlay\":3500,\"friction\":0.28,\"pauseAutoPlayOnHover\":false,\"rightToLeft\":false,\"groupCells\":false}'\n            >\n                    <div\n                class=\"c-slider__cell  js-flickity-cell\"\n                id=\"image-cell-0\"\n            >\n                \n<div class=\"c-image-container  no-variation\">\n    \n    <figure class=\"crop\">\n                    <div data-src=\"https:\/\/hotelcms-production.imgix.net\/niraalpina.com\/wp-content\/uploads\/2020\/01\/Nira-Alpina-Bathroom-RGB.jpg\" data-crop=\"\" class=\"imgix-fluid  c-image\"><\/div><noscript><div style=\"background-image: url(https:\/\/hotelcms-production.imgix.net\/niraalpina.com\/wp-content\/uploads\/2020\/01\/Nira-Alpina-Bathroom-RGB.jpg);\" class=\"c-image\" ><\/div><\/noscript>            <\/figure>\n\n    <\/div>\n            <\/div>\n                    <div\n                class=\"c-slider__cell  js-flickity-cell\"\n                id=\"image-cell-1\"\n            >\n                \n<div class=\"c-image-container  no-variation\">\n    \n    <figure class=\"crop\">\n                    <div data-src=\"https:\/\/hotelcms-production.imgix.net\/niraalpina.com\/wp-content\/uploads\/2022\/12\/Garden-Room-Nira-Alpina-Winter-25.jpg\" data-crop=\"\" class=\"imgix-fluid  c-image\"><\/div><noscript><div style=\"background-image: url(https:\/\/hotelcms-production.imgix.net\/niraalpina.com\/wp-content\/uploads\/2022\/12\/Garden-Room-Nira-Alpina-Winter-25.jpg);\" class=\"c-image\" ><\/div><\/noscript>            <\/figure>\n\n    <\/div>\n            <\/div>\n                    <div\n                class=\"c-slider__cell  js-flickity-cell\"\n                id=\"image-cell-2\"\n            >\n                \n<div class=\"c-image-container  no-variation\">\n    \n    <figure class=\"crop\">\n                    <div data-src=\"https:\/\/hotelcms-production.imgix.net\/niraalpina.com\/wp-content\/uploads\/2022\/12\/Garden-Room-Nira-Alpina-Winter-23.jpg\" data-crop=\"\" class=\"imgix-fluid  c-image\"><\/div><noscript><div style=\"background-image: url(https:\/\/hotelcms-production.imgix.net\/niraalpina.com\/wp-content\/uploads\/2022\/12\/Garden-Room-Nira-Alpina-Winter-23.jpg);\" class=\"c-image\" ><\/div><\/noscript>            <\/figure>\n\n    <\/div>\n            <\/div>\n                    <div\n                class=\"c-slider__cell  js-flickity-cell\"\n                id=\"image-cell-3\"\n            >\n                \n<div class=\"c-image-container  no-variation\">\n    \n    <figure class=\"crop\">\n                    <div data-src=\"https:\/\/hotelcms-production.imgix.net\/niraalpina.com\/wp-content\/uploads\/2020\/09\/Garten-Zimmer-Sommer-7.jpg\" data-crop=\"\" class=\"imgix-fluid  c-image\"><\/div><noscript><div style=\"background-image: url(https:\/\/hotelcms-production.imgix.net\/niraalpina.com\/wp-content\/uploads\/2020\/09\/Garten-Zimmer-Sommer-7.jpg);\" class=\"c-image\" ><\/div><\/noscript>            <\/figure>\n\n    <\/div>\n            <\/div>\n                    <div\n                class=\"c-slider__cell  js-flickity-cell\"\n                id=\"image-cell-4\"\n            >\n                \n<div class=\"c-image-container  no-variation\">\n    \n    <figure class=\"crop\">\n                    <div data-src=\"https:\/\/hotelcms-production.imgix.net\/niraalpina.com\/wp-content\/uploads\/2020\/09\/Garten-Zimmer-Sommer-12-1.jpg\" data-crop=\"\" class=\"imgix-fluid  c-image\"><\/div><noscript><div style=\"background-image: url(https:\/\/hotelcms-production.imgix.net\/niraalpina.com\/wp-content\/uploads\/2020\/09\/Garten-Zimmer-Sommer-12-1.jpg);\" class=\"c-image\" ><\/div><\/noscript>            <\/figure>\n\n    <\/div>\n            <\/div>\n                    <div\n                class=\"c-slider__cell  js-flickity-cell\"\n                id=\"image-cell-5\"\n            >\n                \n<div class=\"c-image-container  no-variation\">\n    \n    <figure class=\"crop\">\n                    <div data-src=\"https:\/\/hotelcms-production.imgix.net\/niraalpina.com\/wp-content\/uploads\/2022\/12\/Garden-Room-Nira-Alpina-Winter-17.jpg\" data-crop=\"\" class=\"imgix-fluid  c-image\"><\/div><noscript><div style=\"background-image: url(https:\/\/hotelcms-production.imgix.net\/niraalpina.com\/wp-content\/uploads\/2022\/12\/Garden-Room-Nira-Alpina-Winter-17.jpg);\" class=\"c-image\" ><\/div><\/noscript>            <\/figure>\n\n    <\/div>\n            <\/div>\n                    <div\n                class=\"c-slider__cell  js-flickity-cell\"\n                id=\"image-cell-6\"\n            >\n                \n<div class=\"c-image-container  no-variation\">\n    \n    <figure class=\"crop\">\n                    <div data-src=\"https:\/\/hotelcms-production.imgix.net\/niraalpina.com\/wp-content\/uploads\/2020\/09\/Garten-Zimmer-Sommer-14.jpg\" data-crop=\"\" class=\"imgix-fluid  c-image\"><\/div><noscript><div style=\"background-image: url(https:\/\/hotelcms-production.imgix.net\/niraalpina.com\/wp-content\/uploads\/2020\/09\/Garten-Zimmer-Sommer-14.jpg);\" class=\"c-image\" ><\/div><\/noscript>            <\/figure>\n\n    <\/div>\n            <\/div>\n            <\/div>\n\n    <\/div><\/div><\/div><\/div><\/div><\/div><div id=\"pg-9768-3\"  class=\"panel-grid panel-has-style\" ><div class=\"c-row--valign-default c-row--widget-none c-row--margin-none c-row--column-large siteorigin-panels-stretch panel-row-style panel-row-style-for-9768-3\" data-stretch-type=\"full-width-stretch\" ><div id=\"pgc-9768-3-0\"  class=\"panel-grid-cell\" ><div id=\"panel-9768-3-0-0\" class=\"so-panel widget widget_cn-core-adjacent-pages-widget panel-first-child panel-last-child\" data-index=\"5\" ><div\n\t\t\t\n\t\t\tclass=\"so-widget-cn-core-adjacent-pages-widget so-widget-cn-core-adjacent-pages-widget-base\"\n\t\t\t\n\t\t><nav class=\"c-siblings  \">\n\n    <ul class=\"menu\">\n        <li class=\"c-siblings__page \/ menu__previous\">\n                            <a href=\"https:\/\/www.niraalpina.com\/fr\/rooms-suites\/\">Voir toutes les chambres et suites<\/a>\n                    <\/li>\n\n        \n        <li class=\"c-siblings__page \/ menu__next\">\n                        <a href=\"https:\/\/www.niraalpina.com\/fr\/rooms-suites\/corvatsch-room\/\" class=\"\">Next page &rarr;<\/a>                    <\/li>\n    <\/ul>\n\n<\/nav><\/div><\/div><\/div><\/div><\/div><div id=\"pg-9768-4\"  class=\"panel-grid panel-has-style\" ><div class=\"c-row--valign-default c-row--widget-none c-row--margin-none c-row--column-none siteorigin-panels-stretch has-background c-row--background-cover imgix-fluid crop panel-row-style panel-row-style-for-9768-4\" data-stretch-type=\"full-width-stretch\" data-src=\"https:\/\/hotelcms-production.imgix.net\/niraalpina.com\/wp-content\/uploads\/2017\/11\/texture.png\" data-crop=\"\" ><div id=\"pgc-9768-4-0\"  class=\"panel-grid-cell\" ><div id=\"panel-9768-4-0-0\" class=\"so-panel widget widget_cn-core-cta-widget panel-first-child panel-last-child\" data-index=\"6\" ><div\n\t\t\t\n\t\t\tclass=\"so-widget-cn-core-cta-widget so-widget-cn-core-cta-widget-base\"\n\t\t\t\n\t\t><div class=\"c-cta c-cta--layout-breaker no-variation\">\n\n    <div class=\"c-cta__content\">\n\n        <div class=\"c-cta__inner\">\n\n                            <a href=\"https:\/\/be.synxis.com\/?chain=5154&#038;hotel=53708&#038;theme=SBE_Nira_V1&#038;config=SBE_Nira_V1\" class=\"c-cta__anchor\" target=\"_blank\" rel=\"noopener\">\n            \n            \n            \n            \n                <div class=\"c-cta__headings\">\n\n                                    <p class=\"c-cta__preheading\">\n                        R\u00e9servation directe                    <\/p>\n                \n                                    <h2 class=\"c-cta__heading\">\n                        Vivez des moments inoubliables                    <\/h2>\n                \n                \n                <\/div>\n\n            \n            \n                            <\/a>\n            \n                            <div class=\"c-cta__text \/ s-entry\">\n                    <p>L'un des endroits les plus uniques des Alpes suisses, Nira Alpina offre une vue imprenable sur une nature intacte. C\u2019est l'endroit id\u00e9al pour les aventures estivales et hivernales. Et si vous r\u00e9servez directement sur notre site, nous vous garantissons le meilleur tarif et des chocolats suisses dans votre chambre.<\/p>\n                <\/div>\n            \n            \n                            <div class=\"c-cta__buttons\">\n                    <a class=\"c-button button \/ c-cta__button  no-variation\" href=\"https:\/\/be.synxis.com\/?chain=5154&#038;hotel=53708&#038;theme=SBE_Nira_V1&#038;config=SBE_Nira_V1\" target=\"_blank\" rel=\"noopener\">\n    Book your stay<\/a>\n\n\n                <\/div>\n            \n                    <\/div>\n\n    <\/div>\n\n    \n    \n            <a href=\"https:\/\/be.synxis.com\/?chain=5154&#038;hotel=53708&#038;theme=SBE_Nira_V1&#038;config=SBE_Nira_V1\" class=\"c-cta__detached-anchor\" target=\"_blank\" rel=\"noopener\"><\/a>\n    \n<\/div>\n\n<\/div><\/div><\/div><\/div><\/div><\/div>","protected":false},"excerpt":{"rendered":"<p>Chambre avec jardin Aux dimensions g\u00e9n\u00e9reuses Acc\u00e8s rapide et facile au jardin Visite virtuelle D\u00e9tails de la chambre Lit double (largeur 180 x 200 cm, \u00e9paisseur du matelas 20 cm) Canap\u00e9-lit 140 x 190 cm (id\u00e9al pour 2 enfants) Deux lits simples sur demande 30 m\u00e8tres carr\u00e9s 3 adultes ou 2 adultes et 2 enfants &hellip;<\/p>\n","protected":false},"author":1,"featured_media":0,"parent":9761,"menu_order":1,"comment_status":"closed","ping_status":"closed","template":"","meta":{"_acf_changed":false,"footnotes":""},"class_list":["post--9768","post--page","post--type-page","post--status-publish","post--hentry"],"acf":[],"_links":{"self":[{"href":"https:\/\/www.niraalpina.com\/fr\/wp-json\/wp\/v2\/pages\/9768","targetHints":{"allow":["GET"]}}],"collection":[{"href":"https:\/\/www.niraalpina.com\/fr\/wp-json\/wp\/v2\/pages"}],"about":[{"href":"https:\/\/www.niraalpina.com\/fr\/wp-json\/wp\/v2\/types\/page"}],"author":[{"embeddable":true,"href":"https:\/\/www.niraalpina.com\/fr\/wp-json\/wp\/v2\/users\/1"}],"replies":[{"embeddable":true,"href":"https:\/\/www.niraalpina.com\/fr\/wp-json\/wp\/v2\/comments?post=9768"}],"version-history":[{"count":21,"href":"https:\/\/www.niraalpina.com\/fr\/wp-json\/wp\/v2\/pages\/9768\/revisions"}],"predecessor-version":[{"id":17441,"href":"https:\/\/www.niraalpina.com\/fr\/wp-json\/wp\/v2\/pages\/9768\/revisions\/17441"}],"up":[{"embeddable":true,"href":"https:\/\/www.niraalpina.com\/fr\/wp-json\/wp\/v2\/pages\/9761"}],"wp:attachment":[{"href":"https:\/\/www.niraalpina.com\/fr\/wp-json\/wp\/v2\/media?parent=9768"}],"curies":[{"name":"wp","href":"https:\/\/api.w.org\/{rel}","templated":true}]}}