{"id":8472,"date":"2017-11-22T12:05:00","date_gmt":"2017-11-22T12:05:52","guid":{"rendered":"https:\/\/www.niraalpina.com\/front-page\/"},"modified":"2026-04-07T04:50:24","modified_gmt":"2026-04-07T04:50:24","slug":"front-page","status":"publish","type":"page","link":"https:\/\/www.niraalpina.com\/fr\/","title":{"rendered":"Front page"},"content":{"rendered":"<div id=\"pl-8472\"  class=\"panel-layout\" ><div id=\"pg-8472-0\"  class=\"panel-grid panel-has-style\" ><div class=\"1 siteorigin-panels-stretch panel-row-style panel-row-style-for-8472-0\" data-stretch-type=\"full-width-stretch\" ><div id=\"pgc-8472-0-0\"  class=\"panel-grid-cell\" ><div id=\"panel-8472-0-0-0\" class=\"so-panel widget widget_cn-core-media-group-widget panel-first-child panel-last-child\" data-index=\"0\" ><div\n\t\t\t\n\t\t\tclass=\"so-widget-cn-core-media-group-widget so-widget-cn-core-media-group-widget-base\"\n\t\t\t\n\t\t>\n<div\n    class=\"c-media-group c-media-group--hero no-variation\"\n    data-module=\"media-group\"\n    data-module-options='{\"toggleLabel\":{\"active\":\"Read Less\",\"inactive\":\"Read more\"}}'\n>\n    \n    \n    \n    <div class=\"c-media-group__items  js-media-group-items\">\n                    <div class=\"c-media-group__item  js-media-group-item\">\n                \n<section\n    class=\"c-media c-media--tile stack-media-first\"\n    data-module-options='{\"actionImageBehaviour\":\"replace_on_hover\"}'\n>\n    <article class=\"c-media__content\">\n        <div class=\"c-media__inner\">\n\n            \n                            <div class=\"c-media__headings\">\n                                            <p class=\"c-media__preheading\">\n                            Du 26 juin 2026 au 11 octobre 2026                        <\/p>\n                    \n                                            <h2 class=\"c-media__heading\">\n                            Les vacances d'\u00e9t\u00e9 en Suisse                        <\/h2>\n                    \n                                    <\/div>\n            \n            \n            \n            \n                            <div class=\"c-media__buttons\">\n                    <a class=\"c-button  c-media__button c-button--solid\" href=\"https:\/\/www.niraalpina.com\/fr\/summer-home\/\">\n    Explorez l'\u00e9t\u00e9<\/a>\n\n\n                <\/div>\n            \n            \n        <\/div>\n    <\/article>\n\n    \n            <div class=\"c-media__background\">\n            <div data-src=\"https:\/\/hotelcms-production.imgix.net\/niraalpina.com\/wp-content\/uploads\/2023\/10\/DJI_0792_Web-1.jpg\" data-crop=\"\" class=\"imgix-fluid  crop \/ c-media__background-img\"><\/div><noscript><div style=\"background-image: url(https:\/\/hotelcms-production.imgix.net\/niraalpina.com\/wp-content\/uploads\/2023\/10\/DJI_0792_Web-1.jpg);\" class=\"crop \/ c-media__background-img\" ><\/div><\/noscript>        <\/div>\n    \n            <a href=\"https:\/\/www.niraalpina.com\/fr\/summer-home\/\" class=\"c-media__anchor\" aria-hidden=\"true\"><\/a>\n    <\/section>\n\n                                    <button class=\"c-media-group__item-toggle  js-media-group-item-toggle\">Read more<\/button>\n                            <\/div>\n                    <div class=\"c-media-group__item  js-media-group-item\">\n                \n<section\n    class=\"c-media c-media--tile stack-media-first\"\n    data-module-options='{\"actionImageBehaviour\":\"replace_on_hover\"}'\n>\n    <article class=\"c-media__content\">\n        <div class=\"c-media__inner\">\n\n            \n                            <div class=\"c-media__headings\">\n                                            <p class=\"c-media__preheading\">\n                            Du 4 d\u00e9cembre 2026 au 4 avril 2027                        <\/p>\n                    \n                                            <h2 class=\"c-media__heading\">\n                            Le Pays des merveilles d'hiver                        <\/h2>\n                    \n                                    <\/div>\n            \n            \n            \n            \n                            <div class=\"c-media__buttons\">\n                    <a class=\"c-button  c-media__button c-button--solid\" href=\"https:\/\/www.niraalpina.com\/fr\/winter-home\/\">\n    Explorez l'hiver<\/a>\n\n\n                <\/div>\n            \n            \n        <\/div>\n    <\/article>\n\n    \n            <div class=\"c-media__background\">\n            <div data-src=\"https:\/\/hotelcms-production.imgix.net\/niraalpina.com\/wp-content\/uploads\/2024\/03\/DSC3600_Web.jpg\" data-crop=\"\" class=\"imgix-fluid  crop \/ c-media__background-img\"><\/div><noscript><div style=\"background-image: url(https:\/\/hotelcms-production.imgix.net\/niraalpina.com\/wp-content\/uploads\/2024\/03\/DSC3600_Web.jpg);\" class=\"crop \/ c-media__background-img\" ><\/div><\/noscript>        <\/div>\n    \n            <a href=\"https:\/\/www.niraalpina.com\/fr\/winter-home\/\" class=\"c-media__anchor\" aria-hidden=\"true\"><\/a>\n    <\/section>\n\n                                    <button class=\"c-media-group__item-toggle  js-media-group-item-toggle\">Read more<\/button>\n                            <\/div>\n            <\/div>\n<\/div>\n<\/div><\/div><\/div><\/div><\/div><div id=\"pg-8472-1\"  class=\"panel-grid panel-has-style\" ><div class=\"c-row--valign-default c-row--widget-spacing c-row--margin-none c-row--column-default siteorigin-panels-stretch has-background c-row--background-cover imgix-fluid crop panel-row-style panel-row-style-for-8472-1\" data-stretch-type=\"full\" data-src=\"https:\/\/hotelcms-production.imgix.net\/niraalpina.com\/wp-content\/uploads\/2017\/11\/texture-bg.png\" data-crop=\"\" ><div id=\"pgc-8472-1-0\"  class=\"panel-grid-cell\" ><div id=\"panel-8472-1-0-0\" class=\"so-panel widget widget_cn-core-cta-widget panel-first-child panel-last-child\" data-index=\"1\" ><div\n\t\t\t\n\t\t\tclass=\"so-widget-cn-core-cta-widget so-widget-cn-core-cta-widget-base\"\n\t\t\t\n\t\t><div class=\"c-cta c-cta--intro no-variation\">\n\n    <div class=\"c-cta__content\">\n\n        <div class=\"c-cta__inner\">\n\n                            <a href=\"https:\/\/v8a-moving-pictures.com\/nira_alpina_silvaplana\/\" class=\"c-cta__anchor\" target=\"_blank\" rel=\"noopener\">\n            \n            \n            \n            \n                <div class=\"c-cta__headings\">\n\n                \n                                    <h2 class=\"c-cta__heading\">\n                        Bienvenue \u00e0 Nira Alpina                    <\/h2>\n                \n                \n                <\/div>\n\n            \n            \n                            <\/a>\n            \n                            <div class=\"c-cta__text \/ s-entry\">\n                    <p class=\"p1\">Nira Alpina, un h\u00f4tel design 4 \u00e9toiles sup\u00e9rieur, est situ\u00e9 au c\u0153ur du spectaculaire paysage montagneux de Silvaplana en Engadine et est directement reli\u00e9 au t\u00e9l\u00e9ph\u00e9rique du Corvatsch. L\u2019h\u00f4tel se trouve dans la station de ski suisse de St.\u202f Moritz et constitue le point de d\u00e9part id\u00e9al pour des aventures alpines. En \u00e9t\u00e9, les h\u00f4tes peuvent profiter de nombreux sentiers de randonn\u00e9e et de pistes cyclables en haute montagne \u00e0 travers le paysage alpin. Notre h\u00f4tel s\u00e9duit par un service chaleureux, un style moderne et une atmosph\u00e8re qui allie \u00e9l\u00e9gance alpine et lifestyle contemporain.<\/p>\n                <\/div>\n            \n            \n                            <div class=\"c-cta__buttons\">\n                    <a class=\"c-button button \/ c-cta__button  no-variation\" target=\"_blank\" href=\"https:\/\/v8a-moving-pictures.com\/nira_alpina_silvaplana\/\" rel=\"noopener\">\n    Visite virtuelle<\/a>\n\n\n<a class=\"c-button  c-cta__button c-cta__button--secondary no-variation\" href=\"https:\/\/www.niraalpina.com\/fr\/a-propos-de-nous\/sustainability\/\">\n    Durabilite<\/a>\n\n\n                <\/div>\n            \n                    <\/div>\n\n    <\/div>\n\n    \n    \n            <a href=\"https:\/\/v8a-moving-pictures.com\/nira_alpina_silvaplana\/\" class=\"c-cta__detached-anchor\" target=\"_blank\" rel=\"noopener\"><\/a>\n    \n<\/div>\n\n<\/div><\/div><\/div><\/div><\/div><div id=\"pg-8472-2\"  class=\"panel-grid panel-has-style\" ><div class=\"c-row--valign-default c-row--widget-default c-row--margin-default c-row--column-default panel-row-style panel-row-style-for-8472-2\" ><div id=\"pgc-8472-2-0\"  class=\"panel-grid-cell\" ><div id=\"panel-8472-2-0-0\" class=\"so-panel widget widget_cn-core-video-widget panel-first-child panel-last-child\" data-index=\"2\" ><div\n\t\t\t\n\t\t\tclass=\"so-widget-cn-core-video-widget so-widget-cn-core-video-widget-base\"\n\t\t\t\n\t\t>\n<div class=\"c-video c-video--cnVideo_ \">\n            <video\n            id=\"cnVideo_\"\n            class=\"c-video__player\"\n            data-plyr-config='{\"autoplay\":true,\"muted\":true,\"loop\":{\"active\":true},\"controls\":[\"play\",\"progress\",\"mute\",\"volume\",\"fullscreen\"],\"fullscreen\":{\"enabled\":true,\"fallback\":true,\"iosNative\":true}}'\n            playsinline\n        >\n                    <source src=\"https:\/\/cdn1.cinema8.com\/mp4\/12400\/167\/167937\/167937_853_1080_0.mp4\" type=\"video\/mp4\">\n                <\/video>\n    <\/div>\n\n<script>\n    $(function() {\n\n        let initVideo = function(){\n\n            var cnVideo__Plyr = new Plyr('#cnVideo_');\n            var cnVideo__Waypoint;\n\n            cnVideo__Plyr.on('ready', function(event) {\n                                    event.detail.plyr.muted = true;\n                \n                                    cnVideo__Waypoint = new Waypoint({\n                        element: document.querySelector('.c-video--cnVideo_'),\n                        handler: function(direction) {\n                            cnVideo__Plyr.play();\n                        },\n                        offset: '70%'\n                    });\n                            });\n\n            cnVideo__Plyr.on('ended', function(event) {\n                $(window).trigger('cnVideoEnded', 'cnVideo_');\n            });\n\n            $(document).on('closing', '.remodal', function (e) {\n                                    cnVideo__Waypoint.destroy();\n                            });\n\n        }\n\n        function checkVideo(){\n            if(typeof(Plyr) != 'undefined'){\n                initVideo()\n            } else {\n                setTimeout(checkVideo, 250);\n            }\n        }\n\n        checkVideo()\n\n    });\n<\/script>\n<\/div><\/div><\/div><\/div><\/div><div id=\"pg-8472-3\"  class=\"panel-grid panel-has-style\" ><div class=\"c-row--valign-default c-row--widget-none c-row--margin-none c-row--column-default siteorigin-panels-stretch panel-row-style panel-row-style-for-8472-3\" data-stretch-type=\"full-width-stretch\" ><div id=\"pgc-8472-3-0\"  class=\"panel-grid-cell\" ><div id=\"panel-8472-3-0-0\" class=\"so-panel widget widget_cn-core-cta-widget panel-first-child panel-last-child\" data-index=\"3\" ><div\n\t\t\t\n\t\t\tclass=\"so-widget-cn-core-cta-widget so-widget-cn-core-cta-widget-base\"\n\t\t\t\n\t\t><div class=\"c-cta c-cta--layout-image-right no-variation has-background\">\n\n    <div class=\"c-cta__content\">\n\n        <div class=\"c-cta__inner\">\n\n                            <a href=\"https:\/\/www.niraalpina.com\/fr\/rooms-suites\/\" class=\"c-cta__anchor\">\n            \n            \n            \n            \n                <div class=\"c-cta__headings\">\n\n                \n                                    <h2 class=\"c-cta__heading\">\n                        Nos chambres et Suites                    <\/h2>\n                \n                \n                <\/div>\n\n            \n            \n                            <\/a>\n            \n                            <div class=\"c-cta__text \/ s-entry\">\n                    <div class=\"group final-completion w-full text-token-text-primary border-b border-black\/10 gizmo:border-0 dark:border-gray-900\/50 gizmo:dark:border-0 bg-gray-50 gizmo:bg-transparent dark:bg-[#444654] gizmo:dark:bg-transparent\" data-testid=\"conversation-turn-17\">\n<div class=\"p-4 justify-center text-base md:gap-6 md:py-6 m-auto\">\n<div class=\"flex flex-1 gap-4 text-base mx-auto md:gap-6 gizmo:gap-3 gizmo:md:px-5 gizmo:lg:px-1 gizmo:xl:px-5 md:max-w-2xl lg:max-w-[38rem] gizmo:md:max-w-3xl gizmo:lg:max-w-[40rem] gizmo:xl:max-w-[48rem] xl:max-w-3xl }\">\n<div class=\"relative flex w-[calc(100%-50px)] flex-col gizmo:w-full lg:w-[calc(100%-115px)] agent-turn\">\n<div class=\"flex-col gap-1 md:gap-3\">\n<div class=\"flex flex-grow flex-col gap-3 max-w-full\">\n<div class=\"min-h-[20px] flex flex-col items-start gap-3 whitespace-pre-wrap break-words overflow-x-auto\">\n<div class=\"markdown prose w-full break-words dark:prose-invert light\">\n<p>Nos chambres luxueuses sont spacieuses et pourtant confortables, offrant de grandes fen\u00eatres donnant sur des montagnes enneig\u00e9es ou des jardins parfaitement entretenus. Vivez une aventure loin du monde, une \u00e9vasion du quotidien, un refuge vers l'extraordinaire. Et avec notre bar sur le toit et le restaurant Stars, vous pouvez d\u00e9couvrir une s\u00e9lection d'exp\u00e9riences culinaires d\u00e9licieuses qui vous laisseront en vouloir davantage.<\/p>\n<\/div>\n<\/div>\n<\/div>\n<div class=\"flex justify-between empty:hidden gizmo:justify-start gizmo:gap-3 lg:block\">\n<div class=\"text-gray-400 flex self-end lg:self-center justify-center gizmo:lg:justify-start mt-2 gizmo:mt-0 visible lg:gap-1 lg:absolute lg:top-0 lg:translate-x-full lg:right-0 lg:mt-0 lg:pl-2 gap-2 md:gap-3\"><button class=\"flex ml-auto gizmo:ml-0 gap-2 items-center rounded-md p-1 text-xs gizmo:gap-1.5 gizmo:pl-0 dark:text-gray-400 dark:hover:bg-gray-700 dark:hover:text-gray-200 disabled:dark:hover:text-gray-400 hover:bg-gray-100 hover:text-gray-700\"><\/button><\/p>\n<div class=\"flex gap-1 gizmo:gap-3\"><\/div>\n<\/div>\n<\/div>\n<\/div>\n<\/div>\n<\/div>\n<\/div>\n<\/div>\n                <\/div>\n            \n            \n                            <div class=\"c-cta__buttons\">\n                    <a class=\"c-button button \/ c-cta__button  c-button--arrow\" href=\"https:\/\/www.niraalpina.com\/fr\/rooms-suites\/\">\n    Explorez nos chambres<\/a>\n\n\n                <\/div>\n            \n                    <\/div>\n\n    <\/div>\n\n    \n            <div data-src=\"https:\/\/hotelcms-production.imgix.net\/niraalpina.com\/wp-content\/uploads\/2025\/05\/Corvatschroom-1.jpg\" data-crop=\"\" class=\"imgix-fluid  crop \/ c-background c-cta__background\"><\/div><noscript><div style=\"background-image: url(https:\/\/hotelcms-production.imgix.net\/niraalpina.com\/wp-content\/uploads\/2025\/05\/Corvatschroom-1.jpg);\" class=\"crop \/ c-background c-cta__background\" ><\/div><\/noscript>    \n            <a href=\"https:\/\/www.niraalpina.com\/fr\/rooms-suites\/\" class=\"c-cta__detached-anchor\"><\/a>\n    \n<\/div>\n\n<\/div><\/div><\/div><\/div><\/div><div id=\"pg-8472-4\"  class=\"panel-grid panel-has-style\" ><div class=\"c-row--valign-default c-row--widget-none c-row--margin-none c-row--column-default siteorigin-panels-stretch panel-row-style panel-row-style-for-8472-4\" data-stretch-type=\"full-width-stretch\" ><div id=\"pgc-8472-4-0\"  class=\"panel-grid-cell\" ><div id=\"panel-8472-4-0-0\" class=\"so-panel widget widget_cn-core-cta-widget panel-first-child panel-last-child\" data-index=\"4\" ><div\n\t\t\t\n\t\t\tclass=\"so-widget-cn-core-cta-widget so-widget-cn-core-cta-widget-base\"\n\t\t\t\n\t\t><div class=\"c-cta c-cta--layout-image-left no-variation has-background\">\n\n    <div class=\"c-cta__content\">\n\n        <div class=\"c-cta__inner\">\n\n                            <a href=\"https:\/\/www.niraalpina.com\/fr\/spa\/\" class=\"c-cta__anchor\">\n            \n            \n            \n            \n                <div class=\"c-cta__headings\">\n\n                \n                                    <h2 class=\"c-cta__heading\">\n                        Relaxez votre corps et votre esprit                    <\/h2>\n                \n                \n                <\/div>\n\n            \n            \n                            <\/a>\n            \n                            <div class=\"c-cta__text \/ s-entry\">\n                    <p>Notre spa vous met en contact avec la nature pure des Alpes suisses. Le Shanti Spa par Pure Altitude est l'essence de la pure r\u00e9g\u00e9n\u00e9ration, avec des vues in\u00e9gal\u00e9es sur les paysages enneig\u00e9s, des salles de relaxation paisibles, des traitements th\u00e9rapeutiques d'experts, un bain \u00e0 remous et une salle de sport bien \u00e9quip\u00e9e. L'air frais des Alpes purifie l'\u00e2me, les paysages \u00e9poustouflants \u00e9veillent l'esprit, et les th\u00e9rapeutes experts apaisent le corps. Tout \u00e0 propos de Nira Alpina est d\u00e9di\u00e9 \u00e0 \u00e9veiller vos sens.<\/p>\n                <\/div>\n            \n            \n                            <div class=\"c-cta__buttons\">\n                    <a class=\"c-button button \/ c-cta__button  c-button--arrow\" href=\"https:\/\/www.niraalpina.com\/fr\/spa\/\">\n    D\u00e9couvrez le SPA<\/a>\n\n\n                <\/div>\n            \n                    <\/div>\n\n    <\/div>\n\n    \n            <div data-src=\"https:\/\/hotelcms-production.imgix.net\/niraalpina.com\/wp-content\/uploads\/2019\/01\/Nira-Alpina-Switzerland-Tourism-20-copy.jpg\" data-crop=\"\" class=\"imgix-fluid  crop \/ c-background c-cta__background\" data-caption=\"Protagonisten im Spa des Hotel Nira Alpina\"><\/div><noscript><div style=\"background-image: url(https:\/\/hotelcms-production.imgix.net\/niraalpina.com\/wp-content\/uploads\/2019\/01\/Nira-Alpina-Switzerland-Tourism-20-copy.jpg);\" class=\"crop \/ c-background c-cta__background\" ><\/div><\/noscript>    \n            <a href=\"https:\/\/www.niraalpina.com\/fr\/spa\/\" class=\"c-cta__detached-anchor\"><\/a>\n    \n<\/div>\n\n<\/div><\/div><\/div><\/div><\/div><div id=\"pg-8472-5\"  class=\"panel-grid panel-has-style\" ><div class=\"c-row--valign-default c-row--widget-none c-row--margin-large c-row--column-default siteorigin-panels-stretch panel-row-style panel-row-style-for-8472-5\" data-stretch-type=\"full-width-stretch\" ><div id=\"pgc-8472-5-0\"  class=\"panel-grid-cell\" ><div id=\"panel-8472-5-0-0\" class=\"so-panel widget widget_cn-core-cta-widget panel-first-child panel-last-child\" data-index=\"5\" ><div\n\t\t\t\n\t\t\tclass=\"so-widget-cn-core-cta-widget so-widget-cn-core-cta-widget-base\"\n\t\t\t\n\t\t><div class=\"c-cta c-cta--layout-image-right no-variation has-background\">\n\n    <div class=\"c-cta__content\">\n\n        <div class=\"c-cta__inner\">\n\n                            <a href=\"https:\/\/www.niraalpina.com\/fr\/offers-packages\/\" class=\"c-cta__anchor\">\n            \n            \n            \n            \n                <div class=\"c-cta__headings\">\n\n                \n                                    <h2 class=\"c-cta__heading\">\n                        Quelque chose d'un peu sp\u00e9cial...                    <\/h2>\n                \n                \n                <\/div>\n\n            \n            \n                            <\/a>\n            \n                            <div class=\"c-cta__text \/ s-entry\">\n                    <p>Du ski en hiver \u00e0 la randonn\u00e9e en \u00e9t\u00e9, en passant par les retraites relaxantes et les activit\u00e9s de bien-\u00eatre, vous trouverez une offre qui vous convient \u00e0 Nira Alpina. Lancez-vous dans des aventures alpines avec nos forfaits familiaux \u00e9t\u00e9 et hiver, comprenant des activit\u00e9s de plein air telles que la randonn\u00e9e, le VTT, le ski et les sports nautiques. \u00c9vadez-vous dans notre oasis dans les Alpes suisses pour apprendre l'art de la relaxation lors de l'un de nos s\u00e9jours de yoga, ou d\u00e9tendez-vous simplement lors d'une luxueuse journ\u00e9e au spa avec votre \u00eatre cher.<\/p>\n                <\/div>\n            \n            \n                            <div class=\"c-cta__buttons\">\n                    <a class=\"c-button button \/ c-cta__button  c-button--arrow\" href=\"https:\/\/www.niraalpina.com\/fr\/offers-packages\/\">\n    Consultez nos offres et nos forfaits<\/a>\n\n\n                <\/div>\n            \n                    <\/div>\n\n    <\/div>\n\n    \n            <div data-src=\"https:\/\/hotelcms-production.imgix.net\/niraalpina.com\/wp-content\/uploads\/2021\/03\/StMoritz_Yoga06_byFilipZuan.jpg\" data-crop=\"\" class=\"imgix-fluid  crop \/ c-background c-cta__background\"><\/div><noscript><div style=\"background-image: url(https:\/\/hotelcms-production.imgix.net\/niraalpina.com\/wp-content\/uploads\/2021\/03\/StMoritz_Yoga06_byFilipZuan.jpg);\" class=\"crop \/ c-background c-cta__background\" ><\/div><\/noscript>    \n            <a href=\"https:\/\/www.niraalpina.com\/fr\/offers-packages\/\" class=\"c-cta__detached-anchor\"><\/a>\n    \n<\/div>\n\n<\/div><\/div><\/div><\/div><\/div><div id=\"pg-8472-6\"  class=\"panel-grid panel-has-style\" ><div class=\"c-row--valign-default c-row--widget-default c-row--margin-none c-row--column-default siteorigin-panels-stretch panel-row-style panel-row-style-for-8472-6\" data-stretch-type=\"full-width-stretch\" ><div id=\"pgc-8472-6-0\"  class=\"panel-grid-cell\" ><div id=\"panel-8472-6-0-0\" class=\"so-panel widget widget_cn-core-media-group-widget panel-first-child panel-last-child\" data-index=\"6\" ><div\n\t\t\t\n\t\t\tclass=\"so-widget-cn-core-media-group-widget so-widget-cn-core-media-group-widget-base\"\n\t\t\t\n\t\t>\n<div\n    class=\"c-media-group c-media-group--hero c-media-group--hero-short\"\n    data-module=\"media-group\"\n    data-module-options='{\"toggleLabel\":{\"active\":\"Read Less\",\"inactive\":\"Read more\"}}'\n>\n    \n    \n    \n    <div class=\"c-media-group__items  js-media-group-items\">\n                    <div class=\"c-media-group__item  js-media-group-item\">\n                \n<section\n    class=\"c-media c-media--tile stack-media-first\"\n    data-module-options='{\"actionImageBehaviour\":\"replace_on_hover\"}'\n>\n    <article class=\"c-media__content\">\n        <div class=\"c-media__inner\">\n\n            \n                            <div class=\"c-media__headings\">\n                                            <p class=\"c-media__preheading\">\n                            Du 3 d\u00e9cembre 2025 au 6 avril 2026                        <\/p>\n                    \n                                            <h2 class=\"c-media__heading\">\n                            Pays des merveilles hivernales                        <\/h2>\n                    \n                                    <\/div>\n            \n            \n            \n            \n                            <div class=\"c-media__buttons\">\n                    <a class=\"c-button  c-media__button c-button--solid\" href=\"https:\/\/www.niraalpina.com\/fr\/winter-home\/\">\n     D\u00e9couvrez l'hiver<\/a>\n\n\n                <\/div>\n            \n            \n        <\/div>\n    <\/article>\n\n    \n            <div class=\"c-media__background\">\n            <div data-src=\"https:\/\/hotelcms-production.imgix.net\/niraalpina.com\/wp-content\/uploads\/2025\/02\/DJI_20250202115039_0522_D_Web.jpg\" data-crop=\"\" class=\"imgix-fluid  crop \/ c-media__background-img\" data-caption=\"default\"><\/div><noscript><div style=\"background-image: url(https:\/\/hotelcms-production.imgix.net\/niraalpina.com\/wp-content\/uploads\/2025\/02\/DJI_20250202115039_0522_D_Web.jpg);\" class=\"crop \/ c-media__background-img\" ><\/div><\/noscript>        <\/div>\n    \n            <a href=\"https:\/\/www.niraalpina.com\/fr\/winter-home\/\" class=\"c-media__anchor\" aria-hidden=\"true\"><\/a>\n    <\/section>\n\n                                    <button class=\"c-media-group__item-toggle  js-media-group-item-toggle\">Read more<\/button>\n                            <\/div>\n                    <div class=\"c-media-group__item  js-media-group-item\">\n                \n<section\n    class=\"c-media c-media--tile stack-media-first\"\n    data-module-options='{\"actionImageBehaviour\":\"replace_on_hover\"}'\n>\n    <article class=\"c-media__content\">\n        <div class=\"c-media__inner\">\n\n            \n                            <div class=\"c-media__headings\">\n                                            <p class=\"c-media__preheading\">\n                             Du 26 juin 2026 au 11 octobre 2026                        <\/p>\n                    \n                                            <h2 class=\"c-media__heading\">\n                            \u00c9t\u00e9 dans les Alpes suisses                        <\/h2>\n                    \n                                    <\/div>\n            \n            \n            \n            \n                            <div class=\"c-media__buttons\">\n                    <a class=\"c-button  c-media__button c-button--solid\" href=\"https:\/\/www.niraalpina.com\/fr\/summer-home\/\">\n     D\u00e9couvrez l'\u00e9t\u00e9<\/a>\n\n\n                <\/div>\n            \n            \n        <\/div>\n    <\/article>\n\n    \n            <div class=\"c-media__background\">\n            <div data-src=\"https:\/\/hotelcms-production.imgix.net\/niraalpina.com\/wp-content\/uploads\/2024\/04\/Nira-Alpina-Exterior-Summer-1.jpg\" data-crop=\"\" class=\"imgix-fluid  crop \/ c-media__background-img\"><\/div><noscript><div style=\"background-image: url(https:\/\/hotelcms-production.imgix.net\/niraalpina.com\/wp-content\/uploads\/2024\/04\/Nira-Alpina-Exterior-Summer-1.jpg);\" class=\"crop \/ c-media__background-img\" ><\/div><\/noscript>        <\/div>\n    \n            <a href=\"https:\/\/www.niraalpina.com\/fr\/summer-home\/\" class=\"c-media__anchor\" aria-hidden=\"true\"><\/a>\n    <\/section>\n\n                                    <button class=\"c-media-group__item-toggle  js-media-group-item-toggle\">Read more<\/button>\n                            <\/div>\n            <\/div>\n<\/div>\n<\/div><\/div><\/div><\/div><\/div><\/div>","protected":false},"excerpt":{"rendered":"","protected":false},"author":1,"featured_media":0,"parent":0,"menu_order":0,"comment_status":"closed","ping_status":"closed","template":"","meta":{"_acf_changed":false,"footnotes":""},"class_list":["post--8472","post--page","post--type-page","post--status-publish","post--hentry"],"acf":[],"_links":{"self":[{"href":"https:\/\/www.niraalpina.com\/fr\/wp-json\/wp\/v2\/pages\/8472","targetHints":{"allow":["GET"]}}],"collection":[{"href":"https:\/\/www.niraalpina.com\/fr\/wp-json\/wp\/v2\/pages"}],"about":[{"href":"https:\/\/www.niraalpina.com\/fr\/wp-json\/wp\/v2\/types\/page"}],"author":[{"embeddable":true,"href":"https:\/\/www.niraalpina.com\/fr\/wp-json\/wp\/v2\/users\/1"}],"replies":[{"embeddable":true,"href":"https:\/\/www.niraalpina.com\/fr\/wp-json\/wp\/v2\/comments?post=8472"}],"version-history":[{"count":9,"href":"https:\/\/www.niraalpina.com\/fr\/wp-json\/wp\/v2\/pages\/8472\/revisions"}],"predecessor-version":[{"id":18126,"href":"https:\/\/www.niraalpina.com\/fr\/wp-json\/wp\/v2\/pages\/8472\/revisions\/18126"}],"wp:attachment":[{"href":"https:\/\/www.niraalpina.com\/fr\/wp-json\/wp\/v2\/media?parent=8472"}],"curies":[{"name":"wp","href":"https:\/\/api.w.org\/{rel}","templated":true}]}}