{"id":16211,"date":"2017-11-29T13:33:30","date_gmt":"2017-11-29T13:33:30","guid":{"rendered":"https:\/\/www.niraalpina.com\/media-press\/"},"modified":"2026-03-26T15:05:47","modified_gmt":"2026-03-26T15:05:47","slug":"media-press","status":"publish","type":"page","link":"https:\/\/www.niraalpina.com\/fr\/media-press\/","title":{"rendered":"Media &#038; Press"},"content":{"rendered":"<div id=\"pl-16211\"  class=\"panel-layout\" ><div id=\"pg-16211-0\"  class=\"panel-grid panel-has-style\" ><div class=\"c-row--valign-default c-row--widget-default c-row--margin-default c-row--column-default siteorigin-panels-stretch panel-row-style panel-row-style-for-16211-0\" data-stretch-type=\"full-width-stretch\" ><div id=\"pgc-16211-0-0\"  class=\"panel-grid-cell\" ><div id=\"panel-16211-0-0-0\" class=\"so-panel widget widget_cn-core-hero-widget panel-first-child panel-last-child\" data-index=\"0\" ><div\n\t\t\t\n\t\t\tclass=\"so-widget-cn-core-hero-widget so-widget-cn-core-hero-widget-base\"\n\t\t\t\n\t\t><section class=\"c-hero c-hero--short\">\n    <div class=\"c-hero__inner\">\n        \n        <div class=\"c-hero__content\">\n\n            \n                            <p class=\"c-hero__subheading\">\n                    M\u00e9dias et presse                <\/p>\n                    <\/div>\n\n        \n        <div class=\"c-hero__buttons\">\n\n            <a  class=\"c-button  no-variation\" href=\"https:\/\/www.niraalpina.com\/media-press\/influencer-enquiry\/\">\n    Influencer Enquiry<\/a>\n\n\n\n        <\/div>\n\n        \n    <\/div>\n\n\n\n    \n    \n    <div data-src=\"https:\/\/hotelcms-production.imgix.net\/niraalpina.com\/wp-content\/uploads\/2020\/05\/Nira-Alpina-library-2.jpg\" data-crop=\"\" class=\"imgix-fluid  crop \/ c-hero__background\"><\/div><noscript><div style=\"background-image: url(https:\/\/hotelcms-production.imgix.net\/niraalpina.com\/wp-content\/uploads\/2020\/05\/Nira-Alpina-library-2.jpg);\" class=\"crop \/ c-hero__background\" ><\/div><\/noscript>\n    \n    <\/section>\n<\/div><\/div><\/div><\/div><\/div><div id=\"pg-16211-1\"  class=\"panel-grid panel-no-style\" ><div id=\"pgc-16211-1-0\"  class=\"panel-grid-cell\" ><div id=\"panel-16211-1-0-0\" class=\"so-panel widget widget_cn-core-text-widget panel-first-child panel-last-child\" data-index=\"1\" ><div\n\t\t\t\n\t\t\tclass=\"so-widget-cn-core-text-widget so-widget-cn-core-text-widget-base\"\n\t\t\t\n\t\t>\n<div class=\"c-text no-variation\" >\n\n    \n    \n    \n    <div class=\"c-text__content s-entry\">\n        <p>Bienvenue dans notre section \u00ab Presse et m\u00e9dias \u00bb. Nous sommes ravis de votre visite.<\/p>\n<p><strong>Vous trouverez ci-dessous notre biblioth\u00e8que d'images class\u00e9es par cat\u00e9gories:<\/strong><\/p>\n<ul>\n<li><a href=\"https:\/\/journey.dash.app\/sharing\/type\/collection\/d9uzm-exterior\" target=\"_blank\" rel=\"noopener\">Exterior<\/a><\/li>\n<li><a href=\"https:\/\/journey.dash.app\/sharing\/type\/collection\/xpobk-interior\" target=\"_blank\" rel=\"noopener\">Interior<\/a><\/li>\n<li><a href=\"https:\/\/journey.dash.app\/sharing\/type\/collection\/oovzk-rooms-suites\" target=\"_blank\" rel=\"noopener\">Rooms &amp; Suites<\/a><\/li>\n<li><a href=\"https:\/\/journey.dash.app\/sharing\/type\/collection\/aaqcx-f-b\" target=\"_blank\" rel=\"noopener\">F&amp;B<\/a><\/li>\n<li><a href=\"https:\/\/journey.dash.app\/sharing\/type\/collection\/1qwlb-rooftop-bar\" target=\"_blank\" rel=\"noopener\">Rooftop Bar<\/a><\/li>\n<li><a href=\"https:\/\/journey.dash.app\/sharing\/type\/collection\/mksqd-bakery\" target=\"_blank\" rel=\"noopener\">Bakery<\/a><\/li>\n<li><a href=\"https:\/\/journey.dash.app\/sharing\/type\/collection\/x35n5-summer-activities\" target=\"_blank\" rel=\"noopener\">Summer Activities<\/a><\/li>\n<li><a href=\"https:\/\/journey.dash.app\/sharing\/type\/collection\/ho2w9-winter-activities\" target=\"_blank\" rel=\"noopener\">Winter Activities<\/a><\/li>\n<li><a href=\"https:\/\/journey.dash.app\/sharing\/type\/collection\/oyl7x-spa\" target=\"_blank\" rel=\"noopener\">Spa<\/a><\/li>\n<li><a href=\"https:\/\/journey.dash.app\/sharing\/type\/collection\/p1vpw-meeting-events\" target=\"_blank\" rel=\"noopener\">Meeting &amp; Events<\/a><\/li>\n<li><a href=\"https:\/\/journey.dash.app\/sharing\/type\/collection\/txx4t-kids-club\" target=\"_blank\" rel=\"noopener\">Kids Club<\/a><\/li>\n<li><a href=\"https:\/\/journey.dash.app\/sharing\/type\/collection\/rkfpr-team-members\" target=\"_blank\" rel=\"noopener\">Logo &amp; Team Members<\/a><\/li>\n<\/ul>\n<p>&nbsp;<\/p>\n<p><strong>Pour toute question suppl\u00e9mentaire concernant la presse ou la biblioth\u00e8que d'images, veuillez contacter<\/strong><\/p>\n<p><a href=\"mailto:salesandmarketing@niraalpina.com\">salesandmarketing@niraalpina.com<\/a><\/p>\n<p>&nbsp;<\/p>\n<p><strong>Communiqu\u00e9s de presse<\/strong><\/p>\n<ul class=\"downloadModule\">\n<li><a href=\"https:\/\/www.falstaff.com\/at\/news\/st-moritz-gourmet-festival-innovativer-hochgenuss-im-schnee\" target=\"_blank\" rel=\"noopener\">Falstaff<\/a> St. Moritz Gourmet Festival: Innovativer Hochgenuss im Schnee<\/li>\n<li><a href=\"https:\/\/www.falstaff.com\/at\/news\/falstaff-talk-mit-kanji-kobayashi-es-war-ein-grosser-traum-von-mir-mal-ein-fondue-zu-essen\" target=\"_blank\" rel=\"noopener\">Falstaff<\/a> Falstaff Talk mit Kanji Kobayashi<\/li>\n<li><a href=\"https:\/\/weltwoche.ch\/story\/feucht-froehliche-kuechenparty-in-st-moritz\/\" target=\"_blank\" rel=\"noopener\">Weltwoche<\/a> Feucht-fr\u00f6hliche K\u00fcchenparty in St. Moritz<\/li>\n<li><a href=\"https:\/\/www.gaultmillau.ch\/life-style\/hot-ten\/ski-in-ski-out-zehn-traumhafte-hotels-770598\" target=\"_blank\" rel=\"noopener\">GaultMillau<\/a> Ski in - Ski out! 10 traumhafte Hotels<\/li>\n<li><a href=\"https:\/\/hotelcms-production.imgix.net\/niraalpina.com\/wp-content\/uploads\/2025\/01\/2024-KW47-Foodfestivals-Claudia-Pronk.pdf?fm=pdf\" target=\"_blank\" rel=\"noopener\">Express Magazin<\/a> - Einmalige Momente f\u00fcr G\u00e4ste und Team<\/li>\n<li><a href=\"https:\/\/www.drive-and-style.de\/artikel\/ein-stueck-indien-im-engadin-winterurlaub-im-nira-alpina\" target=\"_blank\" rel=\"noopener\">Drive &amp; Style<\/a> Ein St\u00fcck Indien im Engadin - Winterurlaub im Nira Alpina<\/li>\n<li><a href=\"https:\/\/epaper.coopzeitung.ch\/_deploy\/CZ\/20240924\/CZ42\/20240923061137877\/whole\/CZ_20240924_CZ42.pdf?fm=pdf\" target=\"_blank\" rel=\"noopener\">Coop Zeitung<\/a> \u00abDie indonesische K\u00fcche wird untersch\u00e4tzt\u00bb<\/li>\n<li><a href=\"https:\/\/www.htr.ch\/story\/people-events\/hotel-nira-alpina-feiert-balinese-food-fest-40979\" target=\"_blank\" rel=\"noopener\">htr.ch<\/a> Hotel Nira Alpina feiert Balinese Food Fest<\/li>\n<li><a href=\"https:\/\/gourmetnews.ch\/balinese-food-fest-im-nira-alpina-kulina-risches-highlight-in-den-schweizer-alpen\/\" target=\"_blank\" rel=\"noopener\">Gourmet News<\/a> Balinese Food Fest at Nira Alpina: culinary highlight in the Swiss Alps<\/li>\n<li><a href=\"https:\/\/hotelcms-production.imgix.net\/niraalpina.com\/wp-content\/uploads\/2024\/01\/2024-01-24_Buendner_Zeitung_Seite_5-1.pdf?fm=pdf\" target=\"_blank\" rel=\"noopener\">B\u00fcndner Zeitung S\u00fcdostschweiz <\/a>\u00a0St. Moritz Gourmet Festival 2024<\/li>\n<li><a href=\"https:\/\/www.thetimes.co.uk\/travel\/article\/winter-ski-snow-sports-hotels-switzerland-tourism\/\" target=\"_blank\" rel=\"noopener\">The Times\u00a0<\/a> Peak performers: Snow Sports Hotels to put on your Swiss list<\/li>\n<li><a href=\"https:\/\/hotelcms-production.imgix.net\/niraalpina.com\/wp-content\/uploads\/2023\/12\/Vogue-Italia-2.pdf?fm=pdf\" target=\"_blank\" rel=\"noopener\">Vogue Italia<\/a> The best hotels with spa for your winter mountain holiday<\/li>\n<li><a href=\"https:\/\/www.eventemotion.ch\/location-award-fuenf-schweizer-ausgezeichnet\/?utm_source=brevo&amp;utm_campaign=EventEmotion%20Newsletter%2027112023&amp;utm_medium=email&amp;utm_id=32\" target=\"_blank\" rel=\"noopener\">Best Event Location with a Wow Effect<\/a>\u00a0Nira Alpina<\/li>\n<li><a href=\"https:\/\/www.luxurytravelmagazine.com\/news-articles\/travel-inspiration-for-national-wellness-month-and-beyond\" target=\"_blank\" rel=\"noopener\">Luxury Travel Magazine<\/a> Travel Inspiration for National Wellness Month and Beyond<\/li>\n<li><a href=\"https:\/\/interaktiv.tagesanzeiger.ch\/2022\/hotelrating-winter\/#cat-4-sterne\" target=\"_blank\" rel=\"noopener\">SonntagsZeitung<\/a>\u00a0Die 25 besten Winterhotels<\/li>\n<li><a href=\"https:\/\/www.htr.ch\/story\/anpackend-genau-und-mit-viel-sinn-fr-gemeinsc-35536.html\" target=\"_blank\" rel=\"noopener\">htr.ch\u00a0<\/a>\u00a0Anpackend, genau und mit viel Sinn f\u00fcr Gemeinschaft<\/li>\n<li><a href=\"https:\/\/hotelcms-production.imgix.net\/niraalpina.com\/wp-content\/uploads\/2020\/01\/care_fru\u0308hjahr_innen_SaS_Hotels.pdf?fm=pdf\" target=\"_blank\" rel=\"noopener\">CARE Herbstedition<\/a><\/li>\n<li><a href=\"https:\/\/discovergermany.com\/nira-alpina-switzerland\/\" target=\"_blank\" rel=\"noopener\">Discover Germany<\/a><\/li>\n<\/ul>\n<p>&nbsp;<\/p>\n<p><strong>Informations<\/strong><\/p>\n<ul>\n<li><a href=\"https:\/\/hotelcms-production.imgix.net\/niraalpina.com\/wp-content\/uploads\/2025\/04\/Nira-Alpina-Press-Kit-FR.pdf?fm=pdf\" target=\"_blank\" rel=\"noopener\">Dossier de presse<\/a><\/li>\n<li><a href=\"https:\/\/hotelcms-production.imgix.net\/niraalpina.com\/wp-content\/uploads\/2024\/08\/ENG-NA-Factsheet-2024.pdf?fm=pdf\" target=\"_blank\" rel=\"noopener\">Nira Alpina fact sheet (anglais)<\/a><\/li>\n<li><a href=\"https:\/\/hotelcms-production.imgix.net\/niraalpina.com\/wp-content\/uploads\/2026\/03\/Nira_Alpina_EN_General.pdf?fm=pdf\" target=\"_blank\" rel=\"noopener\">Nira Alpina pr\u00e9sentation de l'h\u00f4tel (anglais)<\/a><\/li>\n<\/ul>\n<p>&nbsp;<\/p>\n<p><strong>Brochures<\/strong><\/p>\n<ul>\n<li><a href=\"https:\/\/hotelcms-production.imgix.net\/niraalpina.com\/wp-content\/uploads\/2020\/01\/Nira-Alpina-Brochure-2019.pdf?fm=pdf\" target=\"_blank\" rel=\"noopener\">Nira Alpina brochure de l'h\u00f4tel (anglais)<\/a><\/li>\n<li><a href=\"https:\/\/hotelcms-production.imgix.net\/niraalpina.com\/wp-content\/uploads\/2022\/07\/MICE-Brochure.pdf?fm=pdf\" target=\"_blank\" rel=\"noopener\">Nira Alpina brochure MICE (allemand\/anglais)<\/a><\/li>\n<\/ul>\n<p>&nbsp;<\/p>\n    <\/div>\n\n<\/div>\n<\/div><\/div><\/div><\/div><\/div>","protected":false},"excerpt":{"rendered":"<p>M\u00e9dias et presse Influencer Enquiry Bienvenue dans notre section \u00ab Presse et m\u00e9dias \u00bb. Nous sommes ravis de votre visite. Vous trouverez ci-dessous notre biblioth\u00e8que d&#8217;images class\u00e9es par cat\u00e9gories: Exterior Interior Rooms &amp; Suites F&amp;B Rooftop Bar Bakery Summer Activities Winter Activities Spa Meeting &amp; Events Kids Club Logo &amp; Team Members &nbsp; Pour toute &hellip;<\/p>\n","protected":false},"author":7,"featured_media":0,"parent":0,"menu_order":28,"comment_status":"closed","ping_status":"closed","template":"","meta":{"_acf_changed":false,"footnotes":""},"class_list":["post--16211","post--page","post--type-page","post--status-publish","post--hentry"],"acf":[],"_links":{"self":[{"href":"https:\/\/www.niraalpina.com\/fr\/wp-json\/wp\/v2\/pages\/16211","targetHints":{"allow":["GET"]}}],"collection":[{"href":"https:\/\/www.niraalpina.com\/fr\/wp-json\/wp\/v2\/pages"}],"about":[{"href":"https:\/\/www.niraalpina.com\/fr\/wp-json\/wp\/v2\/types\/page"}],"author":[{"embeddable":true,"href":"https:\/\/www.niraalpina.com\/fr\/wp-json\/wp\/v2\/users\/7"}],"replies":[{"embeddable":true,"href":"https:\/\/www.niraalpina.com\/fr\/wp-json\/wp\/v2\/comments?post=16211"}],"version-history":[{"count":5,"href":"https:\/\/www.niraalpina.com\/fr\/wp-json\/wp\/v2\/pages\/16211\/revisions"}],"predecessor-version":[{"id":18041,"href":"https:\/\/www.niraalpina.com\/fr\/wp-json\/wp\/v2\/pages\/16211\/revisions\/18041"}],"wp:attachment":[{"href":"https:\/\/www.niraalpina.com\/fr\/wp-json\/wp\/v2\/media?parent=16211"}],"curies":[{"name":"wp","href":"https:\/\/api.w.org\/{rel}","templated":true}]}}