{"id":16102,"date":"2019-04-17T10:04:00","date_gmt":"2019-04-17T10:04:31","guid":{"rendered":"https:\/\/www.niraalpina.com\/offers-packages\/summer-offers\/"},"modified":"2024-05-22T10:47:24","modified_gmt":"2024-05-22T10:47:24","slug":"summer-offers","status":"publish","type":"page","link":"https:\/\/www.niraalpina.com\/fr\/offers-packages\/summer-offers\/","title":{"rendered":"Offres estivales"},"content":{"rendered":"<div id=\"pl-16102\"  class=\"panel-layout\" ><div id=\"pg-16102-0\"  class=\"panel-grid panel-has-style\" ><div class=\"c-row--valign-default c-row--widget-none c-row--margin-none c-row--column-none siteorigin-panels-stretch panel-row-style panel-row-style-for-16102-0\" data-stretch-type=\"full-stretched\" ><div id=\"pgc-16102-0-0\"  class=\"panel-grid-cell\" ><div id=\"panel-16102-0-0-0\" class=\"so-panel widget widget_cn-core-hero-widget panel-first-child panel-last-child\" data-index=\"0\" ><div\n\t\t\t\n\t\t\tclass=\"so-widget-cn-core-hero-widget so-widget-cn-core-hero-widget-base\"\n\t\t\t\n\t\t><section class=\"c-hero c-hero--short\">\n    <div class=\"c-hero__inner\">\n        \n        <div class=\"c-hero__content\">\n\n            \n                            <p class=\"c-hero__subheading\">\n                    Offres et packages                <\/p>\n                    <\/div>\n\n        \n    <\/div>\n\n\n\n    \n    \n    <div data-src=\"https:\/\/hotelcms-production.imgix.net\/niraalpina.com\/wp-content\/uploads\/2017\/11\/Nira_Alpina_Pichalain_Table_HR.jpg\" data-crop=\"\" class=\"imgix-fluid  crop \/ c-hero__background\"><\/div><noscript><div style=\"background-image: url(https:\/\/hotelcms-production.imgix.net\/niraalpina.com\/wp-content\/uploads\/2017\/11\/Nira_Alpina_Pichalain_Table_HR.jpg);\" class=\"crop \/ c-hero__background\" ><\/div><\/noscript>\n    \n    <\/section>\n<\/div><\/div><\/div><\/div><\/div><div id=\"pg-16102-1\"  class=\"panel-grid panel-has-style\" ><div class=\"c-row--valign-middle c-row--widget-spacing c-row--margin-small c-row--column-default c-row--style-muted siteorigin-panels-stretch panel-row-style panel-row-style-for-16102-1\" data-stretch-type=\"full\" ><div id=\"pgc-16102-1-0\"  class=\"panel-grid-cell\" ><div id=\"panel-16102-1-0-0\" class=\"so-panel widget widget_cn-core-text-widget panel-first-child panel-last-child\" data-index=\"1\" ><div\n\t\t\t\n\t\t\tclass=\"so-widget-cn-core-text-widget so-widget-cn-core-text-widget-base\"\n\t\t\t\n\t\t>\n<div class=\"c-text c-text--centre\" >\n\n    \n            <h2 class=\"c-text__heading\">Hiver comme \u00e9t\u00e9, nous avons des offres pour vous<\/h2>\n    \n    \n    <div class=\"c-text__content s-entry\">\n            <\/div>\n\n<\/div>\n<\/div><\/div><\/div><\/div><\/div><div id=\"pg-16102-2\"  class=\"panel-grid panel-has-style\" ><div class=\"c-row--valign-default c-row--widget-spacing c-row--margin-small c-row--column-small panel-row-style panel-row-style-for-16102-2\" ><div id=\"pgc-16102-2-0\"  class=\"panel-grid-cell\" ><div id=\"panel-16102-2-0-0\" class=\"so-panel widget widget_cn-core-post-grid-filter-widget panel-first-child panel-last-child\" data-index=\"2\" ><div\n\t\t\t\n\t\t\tclass=\"so-widget-cn-core-post-grid-filter-widget so-widget-cn-core-post-grid-filter-widget-base\"\n\t\t\t\n\t\t>\n<div\n    class=\"c-grid-filter c-grid-filter--posts  js-grid-filter  c-grid-filter--type-offer\"\n    data-module=\"grid-filter\"\n>\n            <div class=\"c-grid-filter__headings\">\n            \n                    <\/div>\n    \n    \n    <div class=\"c-grid-filter__grid  js-grid-container\">\n                    <div class=\"c-grid-filter__item  js-grid-item\" data-filter-offer-category=\"summer-fr-category\" data-sort-order=\"1\">\n                                                            <div class=\"c-grid-filter__item__inner  c-cta no-variation\">\n                            <div class=\"c-cta__inner\">\n                                <a class=\"c-cta__anchor\" href=\"https:\/\/www.niraalpina.com\/fr\/offer\/summer-free-night-special\/\">\n                                    <figure class=\"crop\">\n                                        <div data-src=\"https:\/\/hotelcms-production.imgix.net\/niraalpina.com\/wp-content\/uploads\/2020\/09\/Corvatsch-Zimmer-Sommer-2.jpg\" data-crop=\"\" class=\"imgix-fluid  c-image c-cta__image\"><\/div><noscript><div style=\"background-image: url(https:\/\/hotelcms-production.imgix.net\/niraalpina.com\/wp-content\/uploads\/2020\/09\/Corvatsch-Zimmer-Sommer-2.jpg);\" class=\"c-image c-cta__image\" ><\/div><\/noscript>                                    <\/figure>\n\n                                    <div class=\"c-cta__headings\">\n                                                                                    <p class=\"c-cta__preheading\">\n                                                Special offer                                            <\/p>\n                                        \n                                        <h3 class=\"c-cta__heading\">\n                                            Offre sp\u00e9ciale : nuit\u00e9e offerte en \u00e9t\u00e9                                        <\/h3>\n\n                                                                            <\/div>\n                                <\/a>\n                            <\/div>\n                        <\/div>\n                                                <\/div>\n                    <div class=\"c-grid-filter__item  js-grid-item\" data-filter-offer-category=\"experience-packages-fr, summer-fr-category\" data-sort-order=\"2\">\n                                                            <div class=\"c-grid-filter__item__inner  c-cta no-variation\">\n                            <div class=\"c-cta__inner\">\n                                <a class=\"c-cta__anchor\" href=\"https:\/\/www.niraalpina.com\/fr\/offer\/engadin-wanderwochen\/\">\n                                    <figure class=\"crop\">\n                                        <div data-src=\"https:\/\/hotelcms-production.imgix.net\/niraalpina.com\/wp-content\/uploads\/2020\/06\/gde-silva_wanderwoche_keyviusal_quadratisch.jpg\" data-crop=\"\" class=\"imgix-fluid  c-image c-cta__image\"><\/div><noscript><div style=\"background-image: url(https:\/\/hotelcms-production.imgix.net\/niraalpina.com\/wp-content\/uploads\/2020\/06\/gde-silva_wanderwoche_keyviusal_quadratisch.jpg);\" class=\"c-image c-cta__image\" ><\/div><\/noscript>                                    <\/figure>\n\n                                    <div class=\"c-cta__headings\">\n                                                                                    <p class=\"c-cta__preheading\">\n                                                Offre sp\u00e9ciale                                            <\/p>\n                                        \n                                        <h3 class=\"c-cta__heading\">\n                                            Semaines de randonn\u00e9es en Engadine                                        <\/h3>\n\n                                                                            <\/div>\n                                <\/a>\n                            <\/div>\n                        <\/div>\n                                                <\/div>\n                    <div class=\"c-grid-filter__item  js-grid-item\" data-filter-offer-category=\"summer-fr-category\" data-sort-order=\"3\">\n                                                            <div class=\"c-grid-filter__item__inner  c-cta no-variation\">\n                            <div class=\"c-cta__inner\">\n                                <a class=\"c-cta__anchor\" href=\"https:\/\/www.niraalpina.com\/fr\/offer\/summer-package-a-la-carte\/\">\n                                    <figure class=\"crop\">\n                                        <div data-src=\"https:\/\/hotelcms-production.imgix.net\/niraalpina.com\/wp-content\/uploads\/2018\/01\/activities_scenic_hiking_01.jpg\" data-crop=\"\" class=\"imgix-fluid  c-image c-cta__image\"><\/div><noscript><div style=\"background-image: url(https:\/\/hotelcms-production.imgix.net\/niraalpina.com\/wp-content\/uploads\/2018\/01\/activities_scenic_hiking_01.jpg);\" class=\"c-image c-cta__image\" ><\/div><\/noscript>                                    <\/figure>\n\n                                    <div class=\"c-cta__headings\">\n                                                                                    <p class=\"c-cta__preheading\">\n                                                Special offer                                            <\/p>\n                                        \n                                        <h3 class=\"c-cta__heading\">\n                                            Forfait \u00c9t\u00e9 \u00e0 la Carte                                        <\/h3>\n\n                                                                            <\/div>\n                                <\/a>\n                            <\/div>\n                        <\/div>\n                                                <\/div>\n                    <div class=\"c-grid-filter__item  js-grid-item\" data-filter-offer-category=\"summer-fr-category, wellbeing-fr-category, winter-fr\" data-sort-order=\"4\">\n                                                            <div class=\"c-grid-filter__item__inner  c-cta no-variation\">\n                            <div class=\"c-cta__inner\">\n                                <a class=\"c-cta__anchor\" href=\"https:\/\/www.niraalpina.com\/fr\/offer\/shanti-morning\/\">\n                                    <figure class=\"crop\">\n                                        <div data-src=\"https:\/\/hotelcms-production.imgix.net\/niraalpina.com\/wp-content\/uploads\/2017\/11\/Nira-Alpina-Pool-couple-CMYK_HR.jpg\" data-crop=\"\" class=\"imgix-fluid  c-image c-cta__image\"><\/div><noscript><div style=\"background-image: url(https:\/\/hotelcms-production.imgix.net\/niraalpina.com\/wp-content\/uploads\/2017\/11\/Nira-Alpina-Pool-couple-CMYK_HR.jpg);\" class=\"c-image c-cta__image\" ><\/div><\/noscript>                                    <\/figure>\n\n                                    <div class=\"c-cta__headings\">\n                                                                                    <p class=\"c-cta__preheading\">\n                                                Shanti Spa                                             <\/p>\n                                        \n                                        <h3 class=\"c-cta__heading\">\n                                            Shanti Morning &#8211; Les matins Shanti                                        <\/h3>\n\n                                                                            <\/div>\n                                <\/a>\n                            <\/div>\n                        <\/div>\n                                                <\/div>\n                    <div class=\"c-grid-filter__item  js-grid-item\" data-filter-offer-category=\"experience-packages-fr, summer-fr-category\" data-sort-order=\"5\">\n                                                            <div class=\"c-grid-filter__item__inner  c-cta no-variation\">\n                            <div class=\"c-cta__inner\">\n                                <a class=\"c-cta__anchor\" href=\"https:\/\/www.niraalpina.com\/fr\/offer\/adventure-package-two\/\">\n                                    <figure class=\"crop\">\n                                        <div data-src=\"https:\/\/hotelcms-production.imgix.net\/niraalpina.com\/wp-content\/uploads\/2017\/11\/esm9863.jpg\" data-crop=\"\" class=\"imgix-fluid  c-image c-cta__image\"><\/div><noscript><div style=\"background-image: url(https:\/\/hotelcms-production.imgix.net\/niraalpina.com\/wp-content\/uploads\/2017\/11\/esm9863.jpg);\" class=\"c-image c-cta__image\" ><\/div><\/noscript>                                    <\/figure>\n\n                                    <div class=\"c-cta__headings\">\n                                                                                    <p class=\"c-cta__preheading\">\n                                                Experience Package                                            <\/p>\n                                        \n                                        <h3 class=\"c-cta__heading\">\n                                            Forfait Aventure estivale pour deux                                        <\/h3>\n\n                                                                            <\/div>\n                                <\/a>\n                            <\/div>\n                        <\/div>\n                                                <\/div>\n                    <div class=\"c-grid-filter__item  js-grid-item\" data-filter-offer-category=\"experience-packages-fr, summer-fr-category\" data-sort-order=\"6\">\n                                                            <div class=\"c-grid-filter__item__inner  c-cta no-variation\">\n                            <div class=\"c-cta__inner\">\n                                <a class=\"c-cta__anchor\" href=\"https:\/\/www.niraalpina.com\/fr\/offer\/kids-adventure-summer-package\/\">\n                                    <figure class=\"crop\">\n                                        <div data-src=\"https:\/\/hotelcms-production.imgix.net\/niraalpina.com\/wp-content\/uploads\/2019\/03\/Stand-up-paddling-1.jpg\" data-crop=\"\" class=\"imgix-fluid  c-image c-cta__image\"><\/div><noscript><div style=\"background-image: url(https:\/\/hotelcms-production.imgix.net\/niraalpina.com\/wp-content\/uploads\/2019\/03\/Stand-up-paddling-1.jpg);\" class=\"c-image c-cta__image\" ><\/div><\/noscript>                                    <\/figure>\n\n                                    <div class=\"c-cta__headings\">\n                                                                                    <p class=\"c-cta__preheading\">\n                                                Experience Package                                            <\/p>\n                                        \n                                        <h3 class=\"c-cta__heading\">\n                                            Aventure estivale pour enfants                                        <\/h3>\n\n                                                                            <\/div>\n                                <\/a>\n                            <\/div>\n                        <\/div>\n                                                <\/div>\n                    <div class=\"c-grid-filter__item  js-grid-item\" data-filter-offer-category=\"experience-packages-fr, summer-fr-category\" data-sort-order=\"7\">\n                                                            <div class=\"c-grid-filter__item__inner  c-cta no-variation\">\n                            <div class=\"c-cta__inner\">\n                                <a class=\"c-cta__anchor\" href=\"https:\/\/www.niraalpina.com\/fr\/offer\/family-summer-adventure-package\/\">\n                                    <figure class=\"crop\">\n                                        <div data-src=\"https:\/\/hotelcms-production.imgix.net\/niraalpina.com\/wp-content\/uploads\/2018\/04\/esm1329-3.jpg\" data-crop=\"\" class=\"imgix-fluid  c-image c-cta__image\" data-caption=\"ENGADIN ST. MORITZ - Eine Familie beim Mountainbiken entlang des Lago Bianco. Im Hintergrund der Piz Sena (3&#039;075 m). \n\nA family on a mountain bike outing along the Lago Bianco. In the background, Piz Sena (3075 m).\n\nUna famiglia in mountain bike lungo il Lago Bianco. Sullo sfondo il Piz Sena (3&#039;075 m).\n\nCopyright by ENGADIN St. Moritz By-line: swiss-image.ch\/Markus Greber\"><\/div><noscript><div style=\"background-image: url(https:\/\/hotelcms-production.imgix.net\/niraalpina.com\/wp-content\/uploads\/2018\/04\/esm1329-3.jpg);\" class=\"c-image c-cta__image\" ><\/div><\/noscript>                                    <\/figure>\n\n                                    <div class=\"c-cta__headings\">\n                                                                                    <p class=\"c-cta__preheading\">\n                                                Experience Package                                            <\/p>\n                                        \n                                        <h3 class=\"c-cta__heading\">\n                                            Forfait Aventure Familiale Estivale                                        <\/h3>\n\n                                                                            <\/div>\n                                <\/a>\n                            <\/div>\n                        <\/div>\n                                                <\/div>\n                    <div class=\"c-grid-filter__item  js-grid-item\" data-filter-offer-category=\"experience-packages-fr, summer-fr-category\" data-sort-order=\"8\">\n                                                            <div class=\"c-grid-filter__item__inner  c-cta no-variation\">\n                            <div class=\"c-cta__inner\">\n                                <a class=\"c-cta__anchor\" href=\"https:\/\/www.niraalpina.com\/fr\/offer\/summer-wellness-sports-package\/\">\n                                    <figure class=\"crop\">\n                                        <div data-src=\"https:\/\/hotelcms-production.imgix.net\/niraalpina.com\/wp-content\/uploads\/2020\/05\/Terrace-bath-robe-3-terrasse-peignoir3-Ludovic-Di_orio-scaled.jpg\" data-crop=\"\" class=\"imgix-fluid  c-image c-cta__image\"><\/div><noscript><div style=\"background-image: url(https:\/\/hotelcms-production.imgix.net\/niraalpina.com\/wp-content\/uploads\/2020\/05\/Terrace-bath-robe-3-terrasse-peignoir3-Ludovic-Di_orio-scaled.jpg);\" class=\"c-image c-cta__image\" ><\/div><\/noscript>                                    <\/figure>\n\n                                    <div class=\"c-cta__headings\">\n                                                                                    <p class=\"c-cta__preheading\">\n                                                Summer offer                                            <\/p>\n                                        \n                                        <h3 class=\"c-cta__heading\">\n                                            Forfait Bien-\u00eatre &#038; Sports Nautiques                                        <\/h3>\n\n                                                                            <\/div>\n                                <\/a>\n                            <\/div>\n                        <\/div>\n                                                <\/div>\n            <\/div>\n<\/div>\n\n<\/div><\/div><\/div><\/div><\/div><div id=\"pg-16102-3\"  class=\"panel-grid panel-has-style\" ><div class=\"c-row--valign-default c-row--widget-none c-row--margin-none c-row--column-none siteorigin-panels-stretch has-background c-row--background-cover imgix-fluid crop panel-row-style panel-row-style-for-16102-3\" data-stretch-type=\"full-stretched\" data-src=\"https:\/\/hotelcms-production.imgix.net\/niraalpina.com\/wp-content\/uploads\/2017\/11\/texture.png\" data-crop=\"\" ><div id=\"pgc-16102-3-0\"  class=\"panel-grid-cell\" ><div id=\"panel-16102-3-0-0\" class=\"so-panel widget widget_cn-core-cta-widget panel-first-child panel-last-child\" data-index=\"3\" ><div\n\t\t\t\n\t\t\tclass=\"so-widget-cn-core-cta-widget so-widget-cn-core-cta-widget-base\"\n\t\t\t\n\t\t><div class=\"c-cta c-cta--layout-breaker no-variation\">\n\n    <div class=\"c-cta__content\">\n\n        <div class=\"c-cta__inner\">\n\n                            <a href=\"#\" class=\"c-cta__anchor\">\n            \n            \n            \n            \n                <div class=\"c-cta__headings\">\n\n                                    <p class=\"c-cta__preheading\">\n                        Looking for something else?                    <\/p>\n                \n                                    <h2 class=\"c-cta__heading\">\n                        Explore our accommodation                    <\/h2>\n                \n                \n                <\/div>\n\n            \n            \n                            <\/a>\n            \n                            <div class=\"c-cta__text \/ s-entry\">\n                    <p>Not found something that takes your fancy? Explore our unique range of rooms and suites and immerse yourself in the Nira Alpina experience.<\/p>\n                <\/div>\n            \n            \n                            <div class=\"c-cta__buttons\">\n                    <a  class=\"c-button button \/ c-cta__button  no-variation\" href=\"#\">\n    View our accommodation<\/a>\n\n\n                <\/div>\n            \n                    <\/div>\n\n    <\/div>\n\n    \n    \n            <a href=\"#\" class=\"c-cta__detached-anchor\" href=\"#\"><\/a>\n    \n<\/div>\n\n<\/div><\/div><\/div><\/div><\/div><\/div>","protected":false},"excerpt":{"rendered":"<p>Forfait \u00c9t\u00e9 Bien-\u00eatre &amp; Sports Nautiques Book this package Forfait \u00c9t\u00e9 Bien-\u00eatre &amp; Sports Nautiques pour 2 adultes Profitez d&#8217;un s\u00e9jour estival et vivez des vacances bien-\u00eatre uniques ! Profitez de votre \u00e9t\u00e9 bien-\u00eatre dans l&#8217;Engadin et r\u00e9servez d\u00e8s maintenant. L&#8217;offre est valable pour un s\u00e9jour minimum de 4 nuits et comprend deux soins exclusifs &hellip;<\/p>\n","protected":false},"author":1,"featured_media":0,"parent":14761,"menu_order":0,"comment_status":"closed","ping_status":"closed","template":"","meta":{"_acf_changed":false,"footnotes":""},"class_list":["post--16102","post--page","post--type-page","post--status-publish","post--hentry"],"acf":[],"_links":{"self":[{"href":"https:\/\/www.niraalpina.com\/fr\/wp-json\/wp\/v2\/pages\/16102","targetHints":{"allow":["GET"]}}],"collection":[{"href":"https:\/\/www.niraalpina.com\/fr\/wp-json\/wp\/v2\/pages"}],"about":[{"href":"https:\/\/www.niraalpina.com\/fr\/wp-json\/wp\/v2\/types\/page"}],"author":[{"embeddable":true,"href":"https:\/\/www.niraalpina.com\/fr\/wp-json\/wp\/v2\/users\/1"}],"replies":[{"embeddable":true,"href":"https:\/\/www.niraalpina.com\/fr\/wp-json\/wp\/v2\/comments?post=16102"}],"version-history":[{"count":3,"href":"https:\/\/www.niraalpina.com\/fr\/wp-json\/wp\/v2\/pages\/16102\/revisions"}],"predecessor-version":[{"id":16105,"href":"https:\/\/www.niraalpina.com\/fr\/wp-json\/wp\/v2\/pages\/16102\/revisions\/16105"}],"up":[{"embeddable":true,"href":"https:\/\/www.niraalpina.com\/fr\/wp-json\/wp\/v2\/pages\/14761"}],"wp:attachment":[{"href":"https:\/\/www.niraalpina.com\/fr\/wp-json\/wp\/v2\/media?parent=16102"}],"curies":[{"name":"wp","href":"https:\/\/api.w.org\/{rel}","templated":true}]}}