{"id":16097,"date":"2019-04-17T10:05:00","date_gmt":"2019-04-17T10:05:35","guid":{"rendered":"https:\/\/www.niraalpina.com\/offers-packages\/winter-offers\/"},"modified":"2024-05-22T10:50:15","modified_gmt":"2024-05-22T10:50:15","slug":"winter-offers","status":"publish","type":"page","link":"https:\/\/www.niraalpina.com\/fr\/offers-packages\/winter-offers\/","title":{"rendered":"Offres d&#8217;hiver"},"content":{"rendered":"<div id=\"pl-16097\"  class=\"panel-layout\" ><div id=\"pg-16097-0\"  class=\"panel-grid panel-has-style\" ><div class=\"c-row--valign-default c-row--widget-none c-row--margin-none c-row--column-none siteorigin-panels-stretch panel-row-style panel-row-style-for-16097-0\" data-stretch-type=\"full-stretched\" ><div id=\"pgc-16097-0-0\"  class=\"panel-grid-cell\" ><div id=\"panel-16097-0-0-0\" class=\"so-panel widget widget_cn-core-hero-widget panel-first-child panel-last-child\" data-index=\"0\" ><div\n\t\t\t\n\t\t\tclass=\"so-widget-cn-core-hero-widget so-widget-cn-core-hero-widget-base\"\n\t\t\t\n\t\t><section class=\"c-hero c-hero--short\">\n    <div class=\"c-hero__inner\">\n        \n        <div class=\"c-hero__content\">\n\n            \n                            <p class=\"c-hero__subheading\">\n                    Offres et packages                <\/p>\n                    <\/div>\n\n        \n    <\/div>\n\n\n\n    \n    \n    <div data-src=\"https:\/\/hotelcms-production.imgix.net\/niraalpina.com\/wp-content\/uploads\/2017\/11\/Nira_Alpina_Pichalain_Table_HR.jpg\" data-crop=\"\" class=\"imgix-fluid  crop \/ c-hero__background\"><\/div><noscript><div style=\"background-image: url(https:\/\/hotelcms-production.imgix.net\/niraalpina.com\/wp-content\/uploads\/2017\/11\/Nira_Alpina_Pichalain_Table_HR.jpg);\" class=\"crop \/ c-hero__background\" ><\/div><\/noscript>\n    \n    <\/section>\n<\/div><\/div><\/div><\/div><\/div><div id=\"pg-16097-1\"  class=\"panel-grid panel-has-style\" ><div class=\"c-row--valign-middle c-row--widget-spacing c-row--margin-small c-row--column-default c-row--style-muted siteorigin-panels-stretch panel-row-style panel-row-style-for-16097-1\" data-stretch-type=\"full\" ><div id=\"pgc-16097-1-0\"  class=\"panel-grid-cell\" ><div id=\"panel-16097-1-0-0\" class=\"so-panel widget widget_cn-core-text-widget panel-first-child panel-last-child\" data-index=\"1\" ><div\n\t\t\t\n\t\t\tclass=\"so-widget-cn-core-text-widget so-widget-cn-core-text-widget-base\"\n\t\t\t\n\t\t>\n<div class=\"c-text c-text--centre\" >\n\n    \n            <h2 class=\"c-text__heading\">Hiver comme \u00e9t\u00e9, nous avons des offres pour vous<\/h2>\n    \n    \n    <div class=\"c-text__content s-entry\">\n            <\/div>\n\n<\/div>\n<\/div><\/div><\/div><\/div><\/div><div id=\"pg-16097-2\"  class=\"panel-grid panel-has-style\" ><div class=\"c-row--valign-default c-row--widget-spacing c-row--margin-small c-row--column-small panel-row-style panel-row-style-for-16097-2\" ><div id=\"pgc-16097-2-0\"  class=\"panel-grid-cell\" ><div id=\"panel-16097-2-0-0\" class=\"so-panel widget widget_cn-core-post-grid-filter-widget panel-first-child panel-last-child\" data-index=\"2\" ><div\n\t\t\t\n\t\t\tclass=\"so-widget-cn-core-post-grid-filter-widget so-widget-cn-core-post-grid-filter-widget-base\"\n\t\t\t\n\t\t>\n<div\n    class=\"c-grid-filter c-grid-filter--posts  js-grid-filter  c-grid-filter--type-offer\"\n    data-module=\"grid-filter\"\n>\n            <div class=\"c-grid-filter__headings\">\n            \n                    <\/div>\n    \n    \n    <div class=\"c-grid-filter__grid  js-grid-container\">\n                    <div class=\"c-grid-filter__item  js-grid-item\" data-filter-offer-category=\"winter-fr\" data-sort-order=\"1\">\n                                                            <div class=\"c-grid-filter__item__inner  c-cta no-variation\">\n                            <div class=\"c-cta__inner\">\n                                <a class=\"c-cta__anchor\" href=\"https:\/\/www.niraalpina.com\/fr\/offer\/free-night-special-invernale\/\">\n                                    <figure class=\"crop\">\n                                        <div data-src=\"https:\/\/hotelcms-production.imgix.net\/niraalpina.com\/wp-content\/uploads\/2021\/01\/Alpine-Junior-Suite-Winter-4.jpg\" data-crop=\"\" class=\"imgix-fluid  c-image c-cta__image\"><\/div><noscript><div style=\"background-image: url(https:\/\/hotelcms-production.imgix.net\/niraalpina.com\/wp-content\/uploads\/2021\/01\/Alpine-Junior-Suite-Winter-4.jpg);\" class=\"c-image c-cta__image\" ><\/div><\/noscript>                                    <\/figure>\n\n                                    <div class=\"c-cta__headings\">\n                                                                                    <p class=\"c-cta__preheading\">\n                                                offerta speciale                                            <\/p>\n                                        \n                                        <h3 class=\"c-cta__heading\">\n                                            Free-Night Special Invernale                                        <\/h3>\n\n                                                                            <\/div>\n                                <\/a>\n                            <\/div>\n                        <\/div>\n                                                <\/div>\n                    <div class=\"c-grid-filter__item  js-grid-item\" data-filter-offer-category=\"winter-fr\" data-sort-order=\"2\">\n                                                            <div class=\"c-grid-filter__item__inner  c-cta no-variation\">\n                            <div class=\"c-cta__inner\">\n                                <a class=\"c-cta__anchor\" href=\"https:\/\/www.niraalpina.com\/fr\/offer\/winter-package-a-la-carte\/\">\n                                    <figure class=\"crop\">\n                                        <div data-src=\"https:\/\/hotelcms-production.imgix.net\/niraalpina.com\/wp-content\/uploads\/2017\/11\/Nira-Alpina-SkyLift_0024_MR.jpg\" data-crop=\"\" class=\"imgix-fluid  c-image c-cta__image\"><\/div><noscript><div style=\"background-image: url(https:\/\/hotelcms-production.imgix.net\/niraalpina.com\/wp-content\/uploads\/2017\/11\/Nira-Alpina-SkyLift_0024_MR.jpg);\" class=\"c-image c-cta__image\" ><\/div><\/noscript>                                    <\/figure>\n\n                                    <div class=\"c-cta__headings\">\n                                                                                    <p class=\"c-cta__preheading\">\n                                                Special offer                                            <\/p>\n                                        \n                                        <h3 class=\"c-cta__heading\">\n                                            Winter Package a la Carte                                        <\/h3>\n\n                                                                            <\/div>\n                                <\/a>\n                            <\/div>\n                        <\/div>\n                                                <\/div>\n                    <div class=\"c-grid-filter__item  js-grid-item\" data-filter-offer-category=\"summer-fr-category, wellbeing-fr-category, winter-fr\" data-sort-order=\"3\">\n                                                            <div class=\"c-grid-filter__item__inner  c-cta no-variation\">\n                            <div class=\"c-cta__inner\">\n                                <a class=\"c-cta__anchor\" href=\"https:\/\/www.niraalpina.com\/fr\/offer\/shanti-morning\/\">\n                                    <figure class=\"crop\">\n                                        <div data-src=\"https:\/\/hotelcms-production.imgix.net\/niraalpina.com\/wp-content\/uploads\/2017\/11\/Nira-Alpina-Pool-couple-CMYK_HR.jpg\" data-crop=\"\" class=\"imgix-fluid  c-image c-cta__image\"><\/div><noscript><div style=\"background-image: url(https:\/\/hotelcms-production.imgix.net\/niraalpina.com\/wp-content\/uploads\/2017\/11\/Nira-Alpina-Pool-couple-CMYK_HR.jpg);\" class=\"c-image c-cta__image\" ><\/div><\/noscript>                                    <\/figure>\n\n                                    <div class=\"c-cta__headings\">\n                                                                                    <p class=\"c-cta__preheading\">\n                                                Shanti Spa                                             <\/p>\n                                        \n                                        <h3 class=\"c-cta__heading\">\n                                            Shanti Morning &#8211; Les matins Shanti                                        <\/h3>\n\n                                                                            <\/div>\n                                <\/a>\n                            <\/div>\n                        <\/div>\n                                                <\/div>\n                    <div class=\"c-grid-filter__item  js-grid-item\" data-filter-offer-category=\"wellbeing-fr-category, winter-fr\" data-sort-order=\"4\">\n                                                            <div class=\"c-grid-filter__item__inner  c-cta no-variation\">\n                            <div class=\"c-cta__inner\">\n                                <a class=\"c-cta__anchor\" href=\"https:\/\/www.niraalpina.com\/fr\/offer\/total-wellness-package\/\">\n                                    <figure class=\"crop\">\n                                        <div data-src=\"https:\/\/hotelcms-production.imgix.net\/niraalpina.com\/wp-content\/uploads\/2021\/04\/Switzerland-Tourism-Lorenz-Richard-20.jpg\" data-crop=\"\" class=\"imgix-fluid  c-image c-cta__image\" data-caption=\"Protagonisten im Spa des Hotel Nira Alpina\"><\/div><noscript><div style=\"background-image: url(https:\/\/hotelcms-production.imgix.net\/niraalpina.com\/wp-content\/uploads\/2021\/04\/Switzerland-Tourism-Lorenz-Richard-20.jpg);\" class=\"c-image c-cta__image\" ><\/div><\/noscript>                                    <\/figure>\n\n                                    <div class=\"c-cta__headings\">\n                                                                                    <p class=\"c-cta__preheading\">\n                                                Wellbeing                                            <\/p>\n                                        \n                                        <h3 class=\"c-cta__heading\">\n                                            Le bien-\u00eatre absolu                                        <\/h3>\n\n                                                                            <\/div>\n                                <\/a>\n                            <\/div>\n                        <\/div>\n                                                <\/div>\n                    <div class=\"c-grid-filter__item  js-grid-item\" data-filter-offer-category=\"wellbeing-fr-category, winter-fr\" data-sort-order=\"5\">\n                                                            <div class=\"c-grid-filter__item__inner  c-cta no-variation\">\n                            <div class=\"c-cta__inner\">\n                                <a class=\"c-cta__anchor\" href=\"https:\/\/www.niraalpina.com\/fr\/offer\/spa-unlimited\/\">\n                                    <figure class=\"crop\">\n                                        <div data-src=\"https:\/\/hotelcms-production.imgix.net\/niraalpina.com\/wp-content\/uploads\/2019\/08\/niraalpina5.jpg\" data-crop=\"\" class=\"imgix-fluid  c-image c-cta__image\"><\/div><noscript><div style=\"background-image: url(https:\/\/hotelcms-production.imgix.net\/niraalpina.com\/wp-content\/uploads\/2019\/08\/niraalpina5.jpg);\" class=\"c-image c-cta__image\" ><\/div><\/noscript>                                    <\/figure>\n\n                                    <div class=\"c-cta__headings\">\n                                                                                    <p class=\"c-cta__preheading\">\n                                                Wellbeing                                            <\/p>\n                                        \n                                        <h3 class=\"c-cta__heading\">\n                                            Spa illimit\u00e9                                        <\/h3>\n\n                                                                            <\/div>\n                                <\/a>\n                            <\/div>\n                        <\/div>\n                                                <\/div>\n                    <div class=\"c-grid-filter__item  js-grid-item\" data-filter-offer-category=\"winter-fr\" data-sort-order=\"6\">\n                                                            <div class=\"c-grid-filter__item__inner  c-cta no-variation\">\n                            <div class=\"c-cta__inner\">\n                                <a class=\"c-cta__anchor\" href=\"https:\/\/www.niraalpina.com\/fr\/offer\/ski-dine-corvatsch\/\">\n                                    <figure class=\"crop\">\n                                        <div data-src=\"https:\/\/hotelcms-production.imgix.net\/niraalpina.com\/wp-content\/uploads\/2019\/03\/esm1139b.jpg\" data-crop=\"\" class=\"imgix-fluid  c-image c-cta__image\" data-caption=\"ENGADIN ST. MORITZ: Ein Skifahrer geniesst die Aussicht vom Skigebiet Corvatsch auf das Bergpanorama in der Abenddaemmerung.\n\nCopyright by: ENGADIN St. Moritz\nBy-line: swiss-image.ch\/Christof Sonderegger\"><\/div><noscript><div style=\"background-image: url(https:\/\/hotelcms-production.imgix.net\/niraalpina.com\/wp-content\/uploads\/2019\/03\/esm1139b.jpg);\" class=\"c-image c-cta__image\" ><\/div><\/noscript>                                    <\/figure>\n\n                                    <div class=\"c-cta__headings\">\n                                                                                    <p class=\"c-cta__preheading\">\n                                                Spezielles Angebot                                            <\/p>\n                                        \n                                        <h3 class=\"c-cta__heading\">\n                                            Ski &#038; D\u00eener \u00e0 Corvatsch                                        <\/h3>\n\n                                                                            <\/div>\n                                <\/a>\n                            <\/div>\n                        <\/div>\n                                                <\/div>\n                    <div class=\"c-grid-filter__item  js-grid-item\" data-filter-offer-category=\"winter-fr\" data-sort-order=\"7\">\n                                                            <div class=\"c-grid-filter__item__inner  c-cta no-variation\">\n                            <div class=\"c-cta__inner\">\n                                <a class=\"c-cta__anchor\" href=\"https:\/\/www.niraalpina.com\/fr\/offer\/meet-the-profi\/\">\n                                    <figure class=\"crop\">\n                                        <div data-src=\"https:\/\/hotelcms-production.imgix.net\/niraalpina.com\/wp-content\/uploads\/2020\/11\/Meet-the-Pro-Marco-Bu\u0308chel_Ingo-Rasp_Lichtenstein-31.jpg\" data-crop=\"\" class=\"imgix-fluid  c-image c-cta__image\"><\/div><noscript><div style=\"background-image: url(https:\/\/hotelcms-production.imgix.net\/niraalpina.com\/wp-content\/uploads\/2020\/11\/Meet-the-Pro-Marco-Bu\u0308chel_Ingo-Rasp_Lichtenstein-31.jpg);\" class=\"c-image c-cta__image\" ><\/div><\/noscript>                                    <\/figure>\n\n                                    <div class=\"c-cta__headings\">\n                                                                                    <p class=\"c-cta__preheading\">\n                                                Spezielles Angebot                                            <\/p>\n                                        \n                                        <h3 class=\"c-cta__heading\">\n                                            Meet the Pro                                        <\/h3>\n\n                                                                            <\/div>\n                                <\/a>\n                            <\/div>\n                        <\/div>\n                                                <\/div>\n            <\/div>\n<\/div>\n\n<\/div><\/div><\/div><\/div><\/div><div id=\"pg-16097-3\"  class=\"panel-grid panel-has-style\" ><div class=\"c-row--valign-default c-row--widget-none c-row--margin-none c-row--column-none siteorigin-panels-stretch has-background c-row--background-cover imgix-fluid crop panel-row-style panel-row-style-for-16097-3\" data-stretch-type=\"full-stretched\" data-src=\"https:\/\/hotelcms-production.imgix.net\/niraalpina.com\/wp-content\/uploads\/2017\/11\/texture.png\" data-crop=\"\" ><div id=\"pgc-16097-3-0\"  class=\"panel-grid-cell\" ><div id=\"panel-16097-3-0-0\" class=\"so-panel widget widget_cn-core-cta-widget panel-first-child panel-last-child\" data-index=\"3\" ><div\n\t\t\t\n\t\t\tclass=\"so-widget-cn-core-cta-widget so-widget-cn-core-cta-widget-base\"\n\t\t\t\n\t\t><div class=\"c-cta c-cta--layout-breaker no-variation\">\n\n    <div class=\"c-cta__content\">\n\n        <div class=\"c-cta__inner\">\n\n                            <a href=\"#\" class=\"c-cta__anchor\">\n            \n            \n            \n            \n                <div class=\"c-cta__headings\">\n\n                                    <p class=\"c-cta__preheading\">\n                        Looking for something else?                    <\/p>\n                \n                                    <h2 class=\"c-cta__heading\">\n                        Explore our accommodation                    <\/h2>\n                \n                \n                <\/div>\n\n            \n            \n                            <\/a>\n            \n                            <div class=\"c-cta__text \/ s-entry\">\n                    <p>Not found something that takes your fancy? Explore our unique range of rooms and suites and immerse yourself in the Nira Alpina experience.<\/p>\n                <\/div>\n            \n            \n                            <div class=\"c-cta__buttons\">\n                    <a  class=\"c-button button \/ c-cta__button  no-variation\" href=\"#\">\n    View our accommodation<\/a>\n\n\n                <\/div>\n            \n                    <\/div>\n\n    <\/div>\n\n    \n    \n            <a href=\"#\" class=\"c-cta__detached-anchor\" href=\"#\"><\/a>\n    \n<\/div>\n\n<\/div><\/div><\/div><\/div><\/div><\/div>","protected":false},"excerpt":{"rendered":"<p>Rencontrez le Pro R\u00c9SERVEZ CE PACKAGE Rencontrez le Pro! Une journ\u00e9e sur les pistes avec Marco B\u00fcchel, ancien skieur professionnel, m\u00e9daill\u00e9 d&#8217;argent aux championnats du monde en slalom g\u00e9ant et 6 participations aux Jeux Olympiques. Vous choisissez \u00e0 quoi ressemble votre journ\u00e9e et o\u00f9 vous skiez avec Marco B\u00fcchel. Vous pr\u00e9f\u00e9rez rester \u00ab \u00e0 la &hellip;<\/p>\n","protected":false},"author":1,"featured_media":0,"parent":14761,"menu_order":1,"comment_status":"closed","ping_status":"closed","template":"","meta":{"_acf_changed":false,"footnotes":""},"class_list":["post--16097","post--page","post--type-page","post--status-publish","post--hentry"],"acf":[],"_links":{"self":[{"href":"https:\/\/www.niraalpina.com\/fr\/wp-json\/wp\/v2\/pages\/16097","targetHints":{"allow":["GET"]}}],"collection":[{"href":"https:\/\/www.niraalpina.com\/fr\/wp-json\/wp\/v2\/pages"}],"about":[{"href":"https:\/\/www.niraalpina.com\/fr\/wp-json\/wp\/v2\/types\/page"}],"author":[{"embeddable":true,"href":"https:\/\/www.niraalpina.com\/fr\/wp-json\/wp\/v2\/users\/1"}],"replies":[{"embeddable":true,"href":"https:\/\/www.niraalpina.com\/fr\/wp-json\/wp\/v2\/comments?post=16097"}],"version-history":[{"count":2,"href":"https:\/\/www.niraalpina.com\/fr\/wp-json\/wp\/v2\/pages\/16097\/revisions"}],"predecessor-version":[{"id":16107,"href":"https:\/\/www.niraalpina.com\/fr\/wp-json\/wp\/v2\/pages\/16097\/revisions\/16107"}],"up":[{"embeddable":true,"href":"https:\/\/www.niraalpina.com\/fr\/wp-json\/wp\/v2\/pages\/14761"}],"wp:attachment":[{"href":"https:\/\/www.niraalpina.com\/fr\/wp-json\/wp\/v2\/media?parent=16097"}],"curies":[{"name":"wp","href":"https:\/\/api.w.org\/{rel}","templated":true}]}}