{"id":15882,"date":"2017-11-28T08:53:35","date_gmt":"2017-11-28T08:53:35","guid":{"rendered":"https:\/\/www.niraalpina.com\/contact\/how-to-find-us\/"},"modified":"2024-04-22T13:52:59","modified_gmt":"2024-04-22T13:52:59","slug":"how-to-find-us","status":"publish","type":"page","link":"https:\/\/www.niraalpina.com\/fr\/contact\/how-to-find-us\/","title":{"rendered":"How To Find Us"},"content":{"rendered":"<div id=\"pl-15882\"  class=\"panel-layout\" ><div id=\"pg-15882-0\"  class=\"panel-grid panel-has-style\" ><div class=\"c-row--valign-default c-row--widget-none c-row--margin-small c-row--column-none siteorigin-panels-stretch panel-row-style panel-row-style-for-15882-0\" data-stretch-type=\"full-stretched\" ><div id=\"pgc-15882-0-0\"  class=\"panel-grid-cell\" ><div id=\"panel-15882-0-0-0\" class=\"so-panel widget widget_cn-core-hero-widget panel-first-child panel-last-child\" data-index=\"0\" ><div\n\t\t\t\n\t\t\tclass=\"so-widget-cn-core-hero-widget so-widget-cn-core-hero-widget-base\"\n\t\t\t\n\t\t><section class=\"c-hero c-hero--short\">\n    <div class=\"c-hero__inner\">\n        \n        <div class=\"c-hero__content\">\n\n                            <h1 class=\"c-hero__heading\">\n                    Se rendre \u00e0 Nira Alpina                <\/h1>\n            \n                            <p class=\"c-hero__subheading\">\n                    Comment nous trouver                <\/p>\n                            <div class=\"s-entry \/ c-hero__text\">\n                    <p>\n                        L'aventure commence ici                    <\/p>\n                <\/div>\n                    <\/div>\n\n        \n    <\/div>\n\n\n\n    \n    \n    <div data-src=\"https:\/\/hotelcms-production.imgix.net\/niraalpina.com\/wp-content\/uploads\/2019\/05\/silvaplana-hotel-nira-alpina-low-9592.jpg\" data-crop=\"\" class=\"imgix-fluid  crop \/ c-hero__background\"><\/div><noscript><div style=\"background-image: url(https:\/\/hotelcms-production.imgix.net\/niraalpina.com\/wp-content\/uploads\/2019\/05\/silvaplana-hotel-nira-alpina-low-9592.jpg);\" class=\"crop \/ c-hero__background\" ><\/div><\/noscript>\n    \n    <\/section>\n<\/div><\/div><\/div><\/div><\/div><div id=\"pg-15882-1\"  class=\"panel-grid panel-has-style\" ><div class=\"c-row--valign-middle c-row--widget-none c-row--margin-small c-row--column-small siteorigin-panels-stretch panel-row-style panel-row-style-for-15882-1\" data-stretch-type=\"full\" ><div id=\"pgc-15882-1-0\"  class=\"panel-grid-cell\" ><div id=\"panel-15882-1-0-0\" class=\"so-panel widget widget_cn-core-cta-widget panel-first-child panel-last-child\" data-index=\"1\" ><div\n\t\t\t\n\t\t\tclass=\"so-widget-cn-core-cta-widget so-widget-cn-core-cta-widget-base\"\n\t\t\t\n\t\t><div class=\"c-cta no-layout no-variation\">\n\n    <div class=\"c-cta__content\">\n\n        <div class=\"c-cta__inner\">\n\n            \n            \n            \n            \n                <div class=\"c-cta__headings\">\n\n                \n                                    <h2 class=\"c-cta__heading\">\n                        Localisation                    <\/h2>\n                \n                \n                <\/div>\n\n            \n            \n            \n                            <div class=\"c-cta__text \/ s-entry\">\n                    <p>Notre situation unique, juste \u00e0 c\u00f4t\u00e9 du Mont Corvatsch, fait de nous le seul v\u00e9ritable h\u00f4tel skis aux pieds de la r\u00e9gion.<\/p>\n<p>Vous pouvez monter au point le plus \u00e9lev\u00e9 du domaine skiable, \u00e0 3303 m\u00e8tres, en seulement quinze minutes. En \u00e9t\u00e9, le t\u00e9l\u00e9ph\u00e9rique attenant m\u00e8ne \u00e0 de spectaculaires sentiers de randonn\u00e9e et de cyclisme en haute altitude. L'h\u00f4tel se trouve \u00e9galement \u00e0 proximit\u00e9 du lac Silvaplana, c\u00e9l\u00e8bre pour la pratique du kitesurf.<\/p>\n<p><strong>Nira Alpina<\/strong><br \/>\nVia dal Corvatsch 76<br \/>\n7513 Silvaplana-Surlej<br \/>\nCH Switzerland<\/p>\n                <\/div>\n            \n            \n            \n                    <\/div>\n\n    <\/div>\n\n    \n    \n    \n<\/div>\n\n<\/div><\/div><\/div><div id=\"pgc-15882-1-1\"  class=\"panel-grid-cell\" ><div id=\"panel-15882-1-1-0\" class=\"so-panel widget widget_cn-interactive-map-widget panel-first-child panel-last-child\" data-index=\"2\" ><div\n\t\t\t\n\t\t\tclass=\"so-widget-cn-interactive-map-widget so-widget-cn-interactive-map-widget-base\"\n\t\t\t\n\t\t>\n<div\n    class=\"c-interactive-map \"\n    data-module=\"map\"\n    data-module-options='{\"data\":{\"centre\":{\"centre_location\":{\"location\":\"Via dal Corvatsch 76, 7513 Silvaplana, Switzerland\",\"lat\":46.4553326,\"lng\":9.8139095},\"centre_description\":\"\",\"centre_heading\":\"Nira Alpina\",\"centre_link\":\"\",\"centre_icon\":\"https:\\\/\\\/niraalpina-live.imgix.net\\\/wp-content\\\/uploads\\\/2017\\\/12\\\/Alpina-Map.png?fit=crop&amp;w=150&amp;h=150&amp;auto=format\",\"centre_image\":\"\",\"map_zoom\":14},\"locations\":[]},\"categories\":[],\"show_controls\":true,\"draggable\":true,\"expand_infobox\":false,\"fit_bounds\":false,\"map_type\":\"roadmap\"}'\n>\n    \n    \n    <div class=\"c-interactive-map__canvas \/ js-map-canvas\"><span class=\"c-loading\"><\/span><\/div>\n\n<\/div>\n\n<\/div><\/div><\/div><\/div><\/div><div id=\"pg-15882-2\"  class=\"panel-grid panel-no-style\" ><div id=\"pgc-15882-2-0\"  class=\"panel-grid-cell\" ><div id=\"panel-15882-2-0-0\" class=\"so-panel widget widget_cn-core-text-widget panel-first-child panel-last-child\" data-index=\"3\" ><div\n\t\t\t\n\t\t\tclass=\"so-widget-cn-core-text-widget so-widget-cn-core-text-widget-base\"\n\t\t\t\n\t\t>\n<div class=\"c-text no-variation\" >\n\n    \n            <h2 class=\"c-text__heading\">Arrival Description<\/h2>\n    \n    \n    <div class=\"c-text__content s-entry\">\n        <p><strong>Arriv\u00e9e durable en cal\u00e8che<\/strong><br \/>\nDepuis la gare de St. Moritz, nous pouvons vous r\u00e9server un transfert durable en cal\u00e8che. Veuillez noter que le co\u00fbt commence \u00e0 150 CHF par trajet. Uniquement sur demande.<\/p>\n<p><strong>Arriv\u00e9e par avion<\/strong><br \/>\nLes a\u00e9roports les plus proches de l'h\u00f4tel sont Zurich, Innsbruck et Milan.<\/p>\n<p>A\u00e9roport de Zurich (3 heures en train ; 2,5 heures en voiture)<br \/>\nA\u00e9roport d'Innsbruck (3 heures en voiture)<br \/>\nA\u00e9roport de Mailand (2,5 heures en voiture)<br \/>\nA\u00e9roport d'Engadin (15 minutes en voiture)<\/p>\n<p><strong>Arriv\u00e9e en voiture<\/strong><\/p>\n<p>Passage d'un col de montagne<\/p>\n<table>\n<tbody>\n<tr>\n<td width=\"451\"><strong>Arrival<\/strong><\/td>\n<td width=\"76\"><strong>Km<\/strong><\/td>\n<td width=\"71\"><strong>Hrs<\/strong><\/td>\n<\/tr>\n<tr>\n<td width=\"451\">Zurich \u2013 Silvaplana-Surlej<\/p>\n<p>Zurich \u2013 Chur \u2013 Thusis \u2013 Julier \u2013 Silvaplana-Surlej<\/p>\n<\/td>\n<td width=\"76\">200<\/td>\n<td width=\"71\">2.5<\/td>\n<\/tr>\n<tr>\n<td width=\"451\">Milan \u2013 Silvaplana<\/p>\n<p>Milan \u2013 Lecco \u2013 Chiavenna \u2013 Maloja \u2013 Silvaplana-Surlej<\/p>\n<\/td>\n<td width=\"76\">170<\/td>\n<td width=\"71\">2.5<\/td>\n<\/tr>\n<tr>\n<td width=\"451\">Innsbruck \u2013 Silvaplana-Surlej<\/p>\n<p>Innsbruck \u2013 Ried im Oberinntal \u2013 Zernez \u2013 Silvaplana-Surlej<\/p>\n<\/td>\n<td width=\"76\">190<\/td>\n<td width=\"71\">3<\/td>\n<\/tr>\n<tr>\n<td width=\"451\">Munich \u2013 Silvaplana-Surlej<\/p>\n<p>Munich \u2013 Innsbruck \u2013 Ried im Oberinntal \u2013 Zernez \u2013 Silvaplana-Surlej<\/p>\n<\/td>\n<td width=\"76\">300<\/td>\n<td width=\"71\">4<\/td>\n<\/tr>\n<tr>\n<td width=\"451\">Basel \u2013 Silvaplana-Surlej<\/p>\n<p>Basel \u2013 Chur \u2013 Thusis \u2013 Julier \u2013 Silvaplana-Surlej<\/p>\n<\/td>\n<td width=\"76\">250<\/td>\n<td width=\"71\">3.5<\/td>\n<\/tr>\n<\/tbody>\n<\/table>\n<p>If you prefer to avoid driving over a mountain pass, the following option is available to transporting your car by Vereina rail:<\/p>\n<ul>\n<li>Klosters\/Selfranga \u2013 Sagliains in the Lower Engadin (you can remain seated in the comfort of your car)<\/li>\n<\/ul>\n<p>For information on the Rhaetian Railway:<\/p>\n<p>Car Transport Vereina<\/p>\n<p>Tel. 0041 (0) 81 288 37 37\u00a0<a href=\"http:\/\/www.vereina.ch\" target=\"_blank\" rel=\"noopener\">www.vereina.ch<\/a><\/p>\n<p>The hotel provides parking on property, fee CHF 18.00 \/day upon availability.<\/p>\n<p><strong>Arrival by Train<\/strong><\/p>\n<p>The hotel provides transfer from St Moritz train station to the hotel, free of charge.<\/p>\n<table>\n<tbody>\n<tr>\n<td width=\"451\"><strong>Arrival<\/strong><\/td>\n<td width=\"76\"><strong>Km<\/strong><\/td>\n<td width=\"71\"><strong>Hrs<\/strong><\/td>\n<\/tr>\n<tr>\n<td width=\"451\">Zurich \u2013 St. Moritz<\/p>\n<p>Zurich \u2013 Chur \u2013 St. Moritz<\/p>\n<\/td>\n<td width=\"76\">200<\/td>\n<td width=\"71\">3<\/td>\n<\/tr>\n<tr>\n<td width=\"451\">Milan \u2013 St. Moritz<\/p>\n<p>Milan\u2013 Colico \u2013 Chiavenna (bus) \u2013 St. Moritz<\/p>\n<\/td>\n<td width=\"76\">170<\/td>\n<td width=\"71\">4.5<\/td>\n<\/tr>\n<tr>\n<td width=\"451\">Innsbruck \u2013 St. Moritz<\/p>\n<p>Innsbruck \u2013 Sargans \u2013 Chur \u2013 St. Moritz<\/p>\n<\/td>\n<td width=\"76\">190<\/td>\n<td width=\"71\">5<\/td>\n<\/tr>\n<tr>\n<td width=\"451\">Munich \u2013 St. Moritz<\/p>\n<p>Munich \u2013 St. Margrethen \u2013 Chur \u2013 St. Moritz<\/p>\n<\/td>\n<td width=\"76\">300<\/td>\n<td width=\"71\">6<\/td>\n<\/tr>\n<tr>\n<td width=\"451\">Basel \u2013 St. Moritz<\/p>\n<p>Basel \u2013 Chur \u2013 St. Moritz<\/p>\n<\/td>\n<td width=\"76\">250<\/td>\n<td width=\"71\">4.5<\/td>\n<\/tr>\n<\/tbody>\n<\/table>\n<p>For bookings on the Rhaetian Railway\u00a0: <u>www.sbb.ch<\/u><\/p>\n    <\/div>\n\n<\/div>\n<\/div><\/div><\/div><\/div><div id=\"pg-15882-3\"  class=\"panel-grid panel-has-style\" ><div class=\"c-row--valign-default c-row--widget-none c-row--margin-none c-row--column-none siteorigin-panels-stretch has-background c-row--background-cover imgix-fluid crop panel-row-style panel-row-style-for-15882-3\" data-stretch-type=\"full-stretched\" data-src=\"https:\/\/hotelcms-production.imgix.net\/niraalpina.com\/wp-content\/uploads\/2017\/11\/texture.png\" data-crop=\"\" ><div id=\"pgc-15882-3-0\"  class=\"panel-grid-cell\" ><div id=\"panel-15882-3-0-0\" class=\"so-panel widget widget_cn-core-cta-widget panel-first-child panel-last-child\" data-index=\"4\" ><div\n\t\t\t\n\t\t\tclass=\"so-widget-cn-core-cta-widget so-widget-cn-core-cta-widget-base\"\n\t\t\t\n\t\t><div class=\"c-cta c-cta--layout-breaker no-variation\">\n\n    <div class=\"c-cta__content\">\n\n        <div class=\"c-cta__inner\">\n\n                            <a href=\"https:\/\/www.niraalpina.com\/rooms-suites\/\" class=\"c-cta__anchor\">\n            \n            \n            \n            \n                <div class=\"c-cta__headings\">\n\n                                    <p class=\"c-cta__preheading\">\n                        Panoramique et confortable                    <\/p>\n                \n                                    <h2 class=\"c-cta__heading\">\n                        D\u00e9couvrez notre s\u00e9duisante retraite de montagne                    <\/h2>\n                \n                \n                <\/div>\n\n            \n            \n                            <\/a>\n            \n                            <div class=\"c-cta__text \/ s-entry\">\n                    <p>Nira Alpina, l'une des stations les plus uniques des Alpes suisses, offre des vues \u00e9poustouflantes sur des paysages naturels intacts et constitue l'endroit id\u00e9al pour vivre des aventures en \u00e9t\u00e9 comme en hiver. De plus, si vous r\u00e9servez directement sur notre site Internet, vous pouvez b\u00e9n\u00e9ficier de notre garantie du meilleur tarif, d'un enregistrement anticip\u00e9 et de pralines suisses gratuites dans votre chambre.<\/p>\n                <\/div>\n            \n            \n                            <div class=\"c-cta__buttons\">\n                    <a class=\"c-button button \/ c-cta__button  no-variation\" href=\"https:\/\/www.niraalpina.com\/rooms-suites\/\">\n    Go to accommodation<\/a>\n\n\n                <\/div>\n            \n                    <\/div>\n\n    <\/div>\n\n    \n    \n            <a href=\"https:\/\/www.niraalpina.com\/rooms-suites\/\" class=\"c-cta__detached-anchor\"><\/a>\n    \n<\/div>\n\n<\/div><\/div><\/div><\/div><\/div><\/div>","protected":false},"excerpt":{"rendered":"<p>Se rendre \u00e0 Nira Alpina Comment nous trouver L&#8217;aventure commence ici Localisation Notre situation unique, juste \u00e0 c\u00f4t\u00e9 du Mont Corvatsch, fait de nous le seul v\u00e9ritable h\u00f4tel skis aux pieds de la r\u00e9gion. Vous pouvez monter au point le plus \u00e9lev\u00e9 du domaine skiable, \u00e0 3303 m\u00e8tres, en seulement quinze minutes. En \u00e9t\u00e9, le &hellip;<\/p>\n","protected":false},"author":1,"featured_media":0,"parent":9786,"menu_order":3,"comment_status":"closed","ping_status":"closed","template":"","meta":{"_acf_changed":false,"footnotes":""},"class_list":["post--15882","post--page","post--type-page","post--status-publish","post--hentry"],"acf":[],"_links":{"self":[{"href":"https:\/\/www.niraalpina.com\/fr\/wp-json\/wp\/v2\/pages\/15882","targetHints":{"allow":["GET"]}}],"collection":[{"href":"https:\/\/www.niraalpina.com\/fr\/wp-json\/wp\/v2\/pages"}],"about":[{"href":"https:\/\/www.niraalpina.com\/fr\/wp-json\/wp\/v2\/types\/page"}],"author":[{"embeddable":true,"href":"https:\/\/www.niraalpina.com\/fr\/wp-json\/wp\/v2\/users\/1"}],"replies":[{"embeddable":true,"href":"https:\/\/www.niraalpina.com\/fr\/wp-json\/wp\/v2\/comments?post=15882"}],"version-history":[{"count":2,"href":"https:\/\/www.niraalpina.com\/fr\/wp-json\/wp\/v2\/pages\/15882\/revisions"}],"predecessor-version":[{"id":15884,"href":"https:\/\/www.niraalpina.com\/fr\/wp-json\/wp\/v2\/pages\/15882\/revisions\/15884"}],"up":[{"embeddable":true,"href":"https:\/\/www.niraalpina.com\/fr\/wp-json\/wp\/v2\/pages\/9786"}],"wp:attachment":[{"href":"https:\/\/www.niraalpina.com\/fr\/wp-json\/wp\/v2\/media?parent=15882"}],"curies":[{"name":"wp","href":"https:\/\/api.w.org\/{rel}","templated":true}]}}