{"id":15597,"date":"2017-11-26T14:23:07","date_gmt":"2017-11-26T14:23:07","guid":{"rendered":"https:\/\/www.niraalpina.com\/leisure-activities\/kids\/"},"modified":"2024-03-19T17:45:47","modified_gmt":"2024-03-19T17:45:47","slug":"kids","status":"publish","type":"page","link":"https:\/\/www.niraalpina.com\/fr\/leisure-activities\/kids\/","title":{"rendered":"Kids"},"content":{"rendered":"<div id=\"pl-15597\"  class=\"panel-layout\" ><div id=\"pg-15597-0\"  class=\"panel-grid panel-has-style\" ><div class=\"c-row--valign-default c-row--widget-none c-row--margin-none c-row--column-none siteorigin-panels-stretch panel-row-style panel-row-style-for-15597-0\" data-stretch-type=\"full-stretched\" ><div id=\"pgc-15597-0-0\"  class=\"panel-grid-cell\" ><div id=\"panel-15597-0-0-0\" class=\"so-panel widget widget_cn-core-hero-widget panel-first-child panel-last-child\" data-index=\"0\" ><div\n\t\t\t\n\t\t\tclass=\"so-widget-cn-core-hero-widget so-widget-cn-core-hero-widget-base\"\n\t\t\t\n\t\t><section class=\"c-hero c-hero--short\">\n    <div class=\"c-hero__inner\">\n        \n        <div class=\"c-hero__content\">\n\n                            <h1 class=\"c-hero__heading\">\n                    Club Enfants, Magasin de Sport et \u00c9cole de Ski Adapt\u00e9e                <\/h1>\n            \n                            <p class=\"c-hero__subheading\">\n                    Le Paradis des Petits                <\/p>\n                            <div class=\"s-entry \/ c-hero__text\">\n                    <p>\n                        Club Enfants, Magasin de Sport et \u00c9cole de Ski Adapt\u00e9e                    <\/p>\n                <\/div>\n                    <\/div>\n\n        \n    <\/div>\n\n\n\n    \n    \n    <div data-src=\"https:\/\/hotelcms-production.imgix.net\/niraalpina.com\/wp-content\/uploads\/2017\/11\/Nira_Alpina_KidsClub_0031_HR.jpg\" data-crop=\"manual\" class=\"imgix-fluid  crop \/ c-hero__background\" data-focus-horizontal=\"50\" data-focus-vertical=\"50\"><\/div><noscript><div style=\"background-image: url(https:\/\/hotelcms-production.imgix.net\/niraalpina.com\/wp-content\/uploads\/2017\/11\/Nira_Alpina_KidsClub_0031_HR.jpg);\" class=\"crop \/ c-hero__background\" ><\/div><\/noscript>\n    \n    <\/section>\n<\/div><\/div><\/div><\/div><\/div><div id=\"pg-15597-1\"  class=\"panel-grid panel-has-style\" ><div class=\"c-row--valign-default c-row--widget-spacing c-row--margin-none c-row--column-default siteorigin-panels-stretch panel-row-style panel-row-style-for-15597-1\" data-stretch-type=\"full\" ><div id=\"pgc-15597-1-0\"  class=\"panel-grid-cell\" ><div id=\"panel-15597-1-0-0\" class=\"so-panel widget widget_cn-core-text-widget panel-first-child panel-last-child\" data-index=\"1\" ><div\n\t\t\t\n\t\t\tclass=\"so-widget-cn-core-text-widget so-widget-cn-core-text-widget-base\"\n\t\t\t\n\t\t>\n<div class=\"c-text c-text--lede\" >\n\n    \n    \n    \n    <div class=\"c-text__content s-entry\">\n        <p>Nira Alpina : Le Premier Choix des Familles pour une Aventure Alpine Pleine d'Action. De nos Chambres Familiales Spacieuses \u00e0 notre \u00c9cole de Ski Fantastique, en passant par nos Repas D\u00e9contract\u00e9s, nous avons tout ce qu'il faut pour des vacances en famille m\u00e9morables. Avec une Garde d'Enfants Professionnelle disponible de 16h00 \u00e0 21h00 tout au long de la saison hivernale, et un Club pour Enfants offrant une vari\u00e9t\u00e9 d'activit\u00e9s et de divertissements passionnants, vous avez la libert\u00e9 de vous d\u00e9tendre au bar sur le toit ou de savourer un d\u00eener romantique en t\u00eate-\u00e0-t\u00eate apr\u00e8s une journ\u00e9e bien remplie sur les pistes.<\/p>\n    <\/div>\n\n<\/div>\n<\/div><\/div><\/div><\/div><\/div><div id=\"pg-15597-2\"  class=\"panel-grid panel-has-style\" ><div class=\"c-row--valign-default c-row--widget-none c-row--margin-large c-row--column-large panel-row-style panel-row-style-for-15597-2\" ><div id=\"pgc-15597-2-0\"  class=\"panel-grid-cell\" ><div id=\"panel-15597-2-0-0\" class=\"so-panel widget widget_cn-core-text-widget panel-first-child\" data-index=\"2\" ><div\n\t\t\t\n\t\t\tclass=\"so-widget-cn-core-text-widget so-widget-cn-core-text-widget-base\"\n\t\t\t\n\t\t>\n<div class=\"c-text c-text--left\" >\n\n    \n            <h2 class=\"c-text__heading\">Chambres<\/h2>\n    \n    \n    <div class=\"c-text__content s-entry\">\n        <p>Nos chambres spacieuses et \u00e9l\u00e9gantes sont id\u00e9ales pour accueillir les enfants, avec la possibilit\u00e9 d'ajouter un lit b\u00e9b\u00e9 ou un lit d'appoint si n\u00e9cessaire. Les chambres communicantes sont parfaites pour les familles, offrant l'espace et l'intimit\u00e9 n\u00e9cessaires pour des vacances relaxantes. De plus, les barri\u00e8res de s\u00e9curit\u00e9 \u00e9lev\u00e9es sur nos balcons assurent une tranquillit\u00e9 d'esprit suppl\u00e9mentaire.<\/p>\n    <\/div>\n\n<\/div>\n<\/div><\/div><div id=\"panel-15597-2-0-1\" class=\"so-panel widget widget_cn-core-text-widget panel-last-child\" data-index=\"3\" ><div\n\t\t\t\n\t\t\tclass=\"so-widget-cn-core-text-widget so-widget-cn-core-text-widget-base\"\n\t\t\t\n\t\t>\n<div class=\"c-text c-text--left\" >\n\n    \n            <h2 class=\"c-text__heading\">Club des enfants<\/h2>\n    \n    \n    <div class=\"c-text__content s-entry\">\n        <p>Le club pour enfants est ouvert tous les jours de 9 heures \u00e0 21 heures, offrant un havre de joie et de divertissement pour les petits. Adapt\u00e9 \u00e0 tous les \u00e2ges, il propose une multitude de jeux, un coin lecture multilingue et un programme rempli d'activit\u00e9s passionnantes. De plus, nos gardiens professionnels sont l\u00e0 pour prendre soin des enfants \u00e2g\u00e9s de 3 ans et plus de 16 heures \u00e0 21 heures pendant la saison hivernale.<\/p>\n    <\/div>\n\n<\/div>\n<\/div><\/div><\/div><div id=\"pgc-15597-2-1\"  class=\"panel-grid-cell\" ><div id=\"panel-15597-2-1-0\" class=\"so-panel widget widget_cn-core-image-widget panel-first-child panel-last-child\" data-index=\"4\" ><div\n\t\t\t\n\t\t\tclass=\"so-widget-cn-core-image-widget so-widget-cn-core-image-widget-base\"\n\t\t\t\n\t\t>\n<div class=\"c-image-container  no-variation\">\n    \n    <figure class=\"img-fit\">\n                    <img decoding=\"async\" data-src=\"https:\/\/hotelcms-production.imgix.net\/niraalpina.com\/wp-content\/uploads\/2019\/07\/Nira-Alpina-Corvatsch-Room-Twin-bed-1.jpg\" data-crop=\"manual\" src=\"data:image\/gif;base64,R0lGODlhBAADAIAAAAAAAAAAACH5BAEAAAAALAAAAAAEAAMAAAIDhI9WADs=\" class=\"imgix-fluid \/ c-image\" alt=\"\" data-focus-horizontal=\"50\" data-focus-vertical=\"50\"  \/><noscript><img decoding=\"async\" src=\"https:\/\/hotelcms-production.imgix.net\/niraalpina.com\/wp-content\/uploads\/2019\/07\/Nira-Alpina-Corvatsch-Room-Twin-bed-1.jpg\" class=\"c-image\" alt=\"\"  \/><\/noscript>            <\/figure>\n\n    <\/div>\n<\/div><\/div><\/div><\/div><\/div><div id=\"pg-15597-3\"  class=\"panel-grid panel-has-style\" ><div class=\"c-row--valign-default c-row--widget-none c-row--margin-large c-row--column-default siteorigin-panels-stretch panel-row-style panel-row-style-for-15597-3\" data-stretch-type=\"full-stretched\" ><div id=\"pgc-15597-3-0\"  class=\"panel-grid-cell\" ><div id=\"panel-15597-3-0-0\" class=\"so-panel widget widget_cn-core-image-slider-widget panel-first-child panel-last-child\" data-index=\"5\" ><div\n\t\t\t\n\t\t\tclass=\"so-widget-cn-core-image-slider-widget so-widget-cn-core-image-slider-widget-base\"\n\t\t\t\n\t\t><div class=\"c-slider-wrapper no-variation no-variation\">\n\n    \n    \n    <div\n        id=\"slider-69deba3285570\"\n        class=\"c-slider c-slider--image c-slider--set-height js-flickity\"\n                    data-flickity-options='{\"pageDots\":true,\"prevNextButtons\":true,\"cellAlign\":\"center\",\"contain\":false,\"wrapAround\":true,\"imagesLoaded\":true,\"setGallerySize\":false,\"adaptiveHeight\":false,\"autoPlay\":3500,\"friction\":0.28,\"pauseAutoPlayOnHover\":false,\"rightToLeft\":false,\"groupCells\":false}'\n            >\n                    <div\n                class=\"c-slider__cell  js-flickity-cell\"\n                id=\"image-cell-0\"\n            >\n                \n<div class=\"c-image-container  no-variation\">\n    \n    <figure class=\"crop\">\n                    <div data-src=\"https:\/\/hotelcms-production.imgix.net\/niraalpina.com\/wp-content\/uploads\/2019\/07\/Nira-Alpina-Family-at-Rooftop-Bar-8.jpg\" data-crop=\"\" class=\"imgix-fluid  c-image\"><\/div><noscript><div style=\"background-image: url(https:\/\/hotelcms-production.imgix.net\/niraalpina.com\/wp-content\/uploads\/2019\/07\/Nira-Alpina-Family-at-Rooftop-Bar-8.jpg);\" class=\"c-image\" ><\/div><\/noscript>            <\/figure>\n\n    <\/div>\n            <\/div>\n                    <div\n                class=\"c-slider__cell  js-flickity-cell\"\n                id=\"image-cell-1\"\n            >\n                \n<div class=\"c-image-container  no-variation\">\n    \n    <figure class=\"crop\">\n                    <div data-src=\"https:\/\/hotelcms-production.imgix.net\/niraalpina.com\/wp-content\/uploads\/2019\/07\/Nira-Alpina-Stars-Restaurant-Kids-table.jpg\" data-crop=\"\" class=\"imgix-fluid  c-image\"><\/div><noscript><div style=\"background-image: url(https:\/\/hotelcms-production.imgix.net\/niraalpina.com\/wp-content\/uploads\/2019\/07\/Nira-Alpina-Stars-Restaurant-Kids-table.jpg);\" class=\"c-image\" ><\/div><\/noscript>            <\/figure>\n\n    <\/div>\n            <\/div>\n                    <div\n                class=\"c-slider__cell  js-flickity-cell\"\n                id=\"image-cell-2\"\n            >\n                \n<div class=\"c-image-container  no-variation\">\n    \n    <figure class=\"crop\">\n                    <div data-src=\"https:\/\/hotelcms-production.imgix.net\/niraalpina.com\/wp-content\/uploads\/2019\/08\/niraalpina3.jpg\" data-crop=\"manual\" class=\"imgix-fluid  c-image\" data-focus-horizontal=\"30\" data-focus-vertical=\"40\"><\/div><noscript><div style=\"background-image: url(https:\/\/hotelcms-production.imgix.net\/niraalpina.com\/wp-content\/uploads\/2019\/08\/niraalpina3.jpg);\" class=\"c-image\" ><\/div><\/noscript>            <\/figure>\n\n    <\/div>\n            <\/div>\n                    <div\n                class=\"c-slider__cell  js-flickity-cell\"\n                id=\"image-cell-3\"\n            >\n                \n<div class=\"c-image-container  no-variation\">\n    \n    <figure class=\"crop\">\n                    <div data-src=\"https:\/\/hotelcms-production.imgix.net\/niraalpina.com\/wp-content\/uploads\/2019\/07\/Nira-Alpina-Baby-bed-1.jpg\" data-crop=\"\" class=\"imgix-fluid  c-image\"><\/div><noscript><div style=\"background-image: url(https:\/\/hotelcms-production.imgix.net\/niraalpina.com\/wp-content\/uploads\/2019\/07\/Nira-Alpina-Baby-bed-1.jpg);\" class=\"c-image\" ><\/div><\/noscript>            <\/figure>\n\n    <\/div>\n            <\/div>\n                    <div\n                class=\"c-slider__cell  js-flickity-cell\"\n                id=\"image-cell-4\"\n            >\n                \n<div class=\"c-image-container  no-variation\">\n    \n    <figure class=\"crop\">\n                    <div data-src=\"https:\/\/hotelcms-production.imgix.net\/niraalpina.com\/wp-content\/uploads\/2019\/07\/Nira-Alpina-Kids-Club-5.jpg\" data-crop=\"\" class=\"imgix-fluid  c-image\"><\/div><noscript><div style=\"background-image: url(https:\/\/hotelcms-production.imgix.net\/niraalpina.com\/wp-content\/uploads\/2019\/07\/Nira-Alpina-Kids-Club-5.jpg);\" class=\"c-image\" ><\/div><\/noscript>            <\/figure>\n\n    <\/div>\n            <\/div>\n            <\/div>\n\n    <\/div><\/div><\/div><\/div><\/div><\/div><div id=\"pg-15597-4\"  class=\"panel-grid panel-has-style\" ><div class=\"c-row--valign-default c-row--widget-none c-row--margin-none c-row--column-small panel-row-style panel-row-style-for-15597-4\" ><div id=\"pgc-15597-4-0\"  class=\"panel-grid-cell\" ><div id=\"panel-15597-4-0-0\" class=\"so-panel widget widget_cn-core-image-widget panel-first-child panel-last-child\" data-index=\"6\" ><div\n\t\t\t\n\t\t\tclass=\"so-widget-cn-core-image-widget so-widget-cn-core-image-widget-base\"\n\t\t\t\n\t\t>\n<div class=\"c-image-container  no-variation\">\n    \n    <figure class=\"img-fit\">\n                    <img decoding=\"async\" data-src=\"https:\/\/hotelcms-production.imgix.net\/niraalpina.com\/wp-content\/uploads\/2017\/11\/Nira_Alpina_ChildrenSki_0118_HR.jpg\" data-crop=\"manual\" src=\"data:image\/gif;base64,R0lGODlhBAADAIAAAAAAAAAAACH5BAEAAAAALAAAAAAEAAMAAAIDhI9WADs=\" class=\"imgix-fluid \/ c-image\" alt=\"\" data-focus-horizontal=\"50\" data-focus-vertical=\"50\"  \/><noscript><img decoding=\"async\" src=\"https:\/\/hotelcms-production.imgix.net\/niraalpina.com\/wp-content\/uploads\/2017\/11\/Nira_Alpina_ChildrenSki_0118_HR.jpg\" class=\"c-image\" alt=\"\"  \/><\/noscript>            <\/figure>\n\n    <\/div>\n<\/div><\/div><\/div><div id=\"pgc-15597-4-1\"  class=\"panel-grid-cell\" ><div id=\"panel-15597-4-1-0\" class=\"so-panel widget widget_cn-core-text-widget panel-first-child\" data-index=\"7\" ><div\n\t\t\t\n\t\t\tclass=\"so-widget-cn-core-text-widget so-widget-cn-core-text-widget-base\"\n\t\t\t\n\t\t>\n<div class=\"c-text c-text--left\" >\n\n    \n            <h2 class=\"c-text__heading\">Ski pour enfants<\/h2>\n    \n    \n    <div class=\"c-text__content s-entry\">\n        <p>Nous avons collabor\u00e9 avec des entreprises locales exp\u00e9riment\u00e9es, poss\u00e9dant de nombreuses ann\u00e9es d'expertise dans l'enseignement du ski \u00e0 nos jeunes clients. Notre piste de ski pour enfants est id\u00e9alement situ\u00e9e \u00e0 seulement 5 m\u00e8tres de l'h\u00f4tel. C'est l'endroit parfait pour que les enfants de tous \u00e2ges et de tous niveaux puissent perfectionner leurs comp\u00e9tences et s'amuser dans la neige pendant des heures.<\/p>\n    <\/div>\n\n<\/div>\n<\/div><\/div><div id=\"panel-15597-4-1-1\" class=\"so-panel widget widget_cn-core-text-widget panel-last-child\" data-index=\"8\" ><div\n\t\t\t\n\t\t\tclass=\"so-widget-cn-core-text-widget so-widget-cn-core-text-widget-base\"\n\t\t\t\n\t\t>\n<div class=\"c-text c-text--left\" >\n\n    \n            <h2 class=\"c-text__heading\">Nourriture pour enfants<\/h2>\n    \n    \n    <div class=\"c-text__content s-entry\">\n        <p>Nos restaurants familiaux proposent des menus complets sp\u00e9cialement con\u00e7us pour les enfants, avec des plats d\u00e9licieux et excitants imagin\u00e9s par nos chefs. Ces espaces accueillants sont parfaits pour se d\u00e9tendre et se relaxer apr\u00e8s une journ\u00e9e sur les pistes. De plus, notre boulangerie Nira propose des cours de p\u00e2tisserie pour les enfants, offrant ainsi une exp\u00e9rience amusante et \u00e9ducative, et constitue \u00e9galement l'endroit id\u00e9al pour organiser l'anniversaire de votre enfant.<\/p>\n    <\/div>\n\n<\/div>\n<\/div><\/div><\/div><\/div><\/div><div id=\"pg-15597-5\"  class=\"panel-grid panel-has-style\" ><div class=\"c-row--valign-default c-row--widget-none c-row--margin-small c-row--column-small panel-row-style panel-row-style-for-15597-5\" ><div id=\"pgc-15597-5-0\"  class=\"panel-grid-cell\" ><div id=\"panel-15597-5-0-0\" class=\"so-panel widget widget_cn-core-cta-widget panel-first-child panel-last-child\" data-index=\"9\" ><div\n\t\t\t\n\t\t\tclass=\"so-widget-cn-core-cta-widget so-widget-cn-core-cta-widget-base\"\n\t\t\t\n\t\t><div class=\"c-cta c-cta--layout-image-right no-variation has-background\">\n\n    <div class=\"c-cta__content\">\n\n        <div class=\"c-cta__inner\">\n\n                            <a href=\"https:\/\/www.niraalpina.com\/fr\/spa\/\" class=\"c-cta__anchor\" target=\"_blank\">\n            \n            \n            \n            \n                <div class=\"c-cta__headings\">\n\n                \n                                    <h2 class=\"c-cta__heading\">\n                        Spa pour enfants                    <\/h2>\n                \n                \n                <\/div>\n\n            \n            \n                            <\/a>\n            \n                            <div class=\"c-cta__text \/ s-entry\">\n                    <p>Au Shanti Spa by Pure Altitude, nous avons \u00e9galement pens\u00e9 aux plus petits avec une gamme de soins sp\u00e9cialement con\u00e7us pour eux. Nos soins du visage Prince et Princesse des Neiges ainsi que nos massages Superstar sont r\u00e9alis\u00e9s avec des produits biologiques de la gamme TOOFRUIT. Ils sont con\u00e7us pour offrir une exp\u00e9rience relaxante et revitalisante aux enfants, tout en illuminant leur peau.<\/p>\n                <\/div>\n            \n            \n                            <div class=\"c-cta__buttons\">\n                    <a  class=\"c-button button \/ c-cta__button  c-button--arrow\" target=\"_blank\" href=\"https:\/\/www.niraalpina.com\/fr\/spa\/\">\n    To the SPA<\/a>\n\n\n                <\/div>\n            \n                    <\/div>\n\n    <\/div>\n\n    \n            <div data-src=\"https:\/\/hotelcms-production.imgix.net\/niraalpina.com\/wp-content\/uploads\/2019\/08\/niraalpina3.jpg\" data-crop=\"manual\" class=\"imgix-fluid  crop \/ c-background c-cta__background\" data-focus-horizontal=\"30\" data-focus-vertical=\"40\"><\/div><noscript><div style=\"background-image: url(https:\/\/hotelcms-production.imgix.net\/niraalpina.com\/wp-content\/uploads\/2019\/08\/niraalpina3.jpg);\" class=\"crop \/ c-background c-cta__background\" ><\/div><\/noscript>    \n            <a href=\"https:\/\/www.niraalpina.com\/fr\/spa\/\" class=\"c-cta__detached-anchor\" target=\"_blank\" target=\"_blank\" href=\"https:\/\/www.niraalpina.com\/fr\/spa\/\"><\/a>\n    \n<\/div>\n\n<\/div><\/div><\/div><\/div><\/div><div id=\"pg-15597-6\"  class=\"panel-grid panel-has-style\" ><div class=\"1 siteorigin-panels-stretch has-background c-row--background-cover imgix-fluid crop panel-row-style panel-row-style-for-15597-6\" data-stretch-type=\"full\" data-src=\"https:\/\/hotelcms-production.imgix.net\/niraalpina.com\/wp-content\/uploads\/2017\/11\/texture.png\" data-crop=\"\" ><div id=\"pgc-15597-6-0\"  class=\"panel-grid-cell\" ><div id=\"panel-15597-6-0-0\" class=\"so-panel widget widget_cn-core-cta-widget panel-first-child panel-last-child\" data-index=\"10\" ><div\n\t\t\t\n\t\t\tclass=\"so-widget-cn-core-cta-widget so-widget-cn-core-cta-widget-base\"\n\t\t\t\n\t\t><div class=\"c-cta c-cta--layout-breaker no-variation\">\n\n    <div class=\"c-cta__content\">\n\n        <div class=\"c-cta__inner\">\n\n                            <a href=\"https:\/\/be.synxis.com\/?chain=5154&#038;hotel=53708&#038;theme=SBE_Nira_V1&#038;config=SBE_Nira_V1\" class=\"c-cta__anchor\" target=\"_blank\" rel=\"noopener\">\n            \n            \n            \n            \n                <div class=\"c-cta__headings\">\n\n                                    <p class=\"c-cta__preheading\">\n                        Puret\u00e9 et sophistication                    <\/p>\n                \n                                    <h2 class=\"c-cta__heading\">\n                        D\u00e9couvrez notre s\u00e9duisante retraite de montagne                    <\/h2>\n                \n                \n                <\/div>\n\n            \n            \n                            <\/a>\n            \n                            <div class=\"c-cta__text \/ s-entry\">\n                    <p>Nira Alpina, l'une des stations les plus uniques des Alpes suisses, offre des vues \u00e9poustouflantes sur des paysages naturels intacts et constitue l'endroit id\u00e9al pour vivre des aventures en \u00e9t\u00e9 comme en hiver. De plus, si vous r\u00e9servez directement sur notre site Internet, vous pouvez b\u00e9n\u00e9ficier de notre garantie du meilleur tarif, d'un enregistrement anticip\u00e9 et de pralines suisses gratuites dans votre chambre.<\/p>\n                <\/div>\n            \n            \n                            <div class=\"c-cta__buttons\">\n                    <a class=\"c-button button \/ c-cta__button  no-variation\" href=\"https:\/\/be.synxis.com\/?chain=5154&#038;hotel=53708&#038;theme=SBE_Nira_V1&#038;config=SBE_Nira_V1\" target=\"_blank\" rel=\"noopener\">\n    R\u00e9servez votre s\u00e9jour<\/a>\n\n\n                <\/div>\n            \n                    <\/div>\n\n    <\/div>\n\n    \n    \n            <a href=\"https:\/\/be.synxis.com\/?chain=5154&#038;hotel=53708&#038;theme=SBE_Nira_V1&#038;config=SBE_Nira_V1\" class=\"c-cta__detached-anchor\" target=\"_blank\" rel=\"noopener\"><\/a>\n    \n<\/div>\n\n<\/div><\/div><\/div><\/div><\/div><\/div>","protected":false},"excerpt":{"rendered":"<p>Club Enfants, Magasin de Sport et \u00c9cole de Ski Adapt\u00e9e Le Paradis des Petits Club Enfants, Magasin de Sport et \u00c9cole de Ski Adapt\u00e9e Nira Alpina : Le Premier Choix des Familles pour une Aventure Alpine Pleine d&#8217;Action. De nos Chambres Familiales Spacieuses \u00e0 notre \u00c9cole de Ski Fantastique, en passant par nos Repas D\u00e9contract\u00e9s, &hellip;<\/p>\n","protected":false},"author":1,"featured_media":0,"parent":15594,"menu_order":4,"comment_status":"closed","ping_status":"closed","template":"","meta":{"_acf_changed":false,"footnotes":""},"class_list":["post--15597","post--page","post--type-page","post--status-publish","post--hentry"],"acf":[],"_links":{"self":[{"href":"https:\/\/www.niraalpina.com\/fr\/wp-json\/wp\/v2\/pages\/15597","targetHints":{"allow":["GET"]}}],"collection":[{"href":"https:\/\/www.niraalpina.com\/fr\/wp-json\/wp\/v2\/pages"}],"about":[{"href":"https:\/\/www.niraalpina.com\/fr\/wp-json\/wp\/v2\/types\/page"}],"author":[{"embeddable":true,"href":"https:\/\/www.niraalpina.com\/fr\/wp-json\/wp\/v2\/users\/1"}],"replies":[{"embeddable":true,"href":"https:\/\/www.niraalpina.com\/fr\/wp-json\/wp\/v2\/comments?post=15597"}],"version-history":[{"count":7,"href":"https:\/\/www.niraalpina.com\/fr\/wp-json\/wp\/v2\/pages\/15597\/revisions"}],"predecessor-version":[{"id":15712,"href":"https:\/\/www.niraalpina.com\/fr\/wp-json\/wp\/v2\/pages\/15597\/revisions\/15712"}],"up":[{"embeddable":true,"href":"https:\/\/www.niraalpina.com\/fr\/wp-json\/wp\/v2\/pages\/15594"}],"wp:attachment":[{"href":"https:\/\/www.niraalpina.com\/fr\/wp-json\/wp\/v2\/media?parent=15597"}],"curies":[{"name":"wp","href":"https:\/\/api.w.org\/{rel}","templated":true}]}}