{"id":15595,"date":"2017-11-26T14:23:07","date_gmt":"2017-11-26T14:23:07","guid":{"rendered":"https:\/\/www.niraalpina.com\/leisure-activities\/skiing\/"},"modified":"2025-05-12T13:50:19","modified_gmt":"2025-05-12T13:50:19","slug":"skiing","status":"publish","type":"page","link":"https:\/\/www.niraalpina.com\/fr\/leisure-activities\/skiing\/","title":{"rendered":"Skiing"},"content":{"rendered":"<div id=\"pl-15595\"  class=\"panel-layout\" ><div id=\"pg-15595-0\"  class=\"panel-grid panel-has-style\" ><div class=\"1 siteorigin-panels-stretch panel-row-style panel-row-style-for-15595-0\" data-stretch-type=\"full-width-stretch\" ><div id=\"pgc-15595-0-0\"  class=\"panel-grid-cell\" ><div id=\"panel-15595-0-0-0\" class=\"so-panel widget widget_cn-core-hero-widget panel-first-child panel-last-child\" data-index=\"0\" ><div\n\t\t\t\n\t\t\tclass=\"so-widget-cn-core-hero-widget so-widget-cn-core-hero-widget-base\"\n\t\t\t\n\t\t><section class=\"c-hero c-hero--short\">\n    <div class=\"c-hero__inner\">\n        \n        <div class=\"c-hero__content\">\n\n                            <h1 class=\"c-hero__heading\">\n                    Visitez notre pays des merveilles hivernales, berc\u00e9 dans les Alpes suisses                <\/h1>\n            \n                            <p class=\"c-hero__subheading\">\n                    Ski \u00e0 Nira Alpina                <\/p>\n                            <div class=\"s-entry \/ c-hero__text\">\n                    <p>\n                        Experts partenaires locaux , acc\u00e8s direct aux pistes et au t\u00e9l\u00e9ph\u00e9rique de Corvatsch                    <\/p>\n                <\/div>\n                    <\/div>\n\n        \n    <\/div>\n\n\n\n    \n    \n    <div data-src=\"https:\/\/hotelcms-production.imgix.net\/niraalpina.com\/wp-content\/uploads\/2024\/10\/DJI_0103-Pano_Web.jpg\" data-crop=\"\" class=\"imgix-fluid  crop \/ c-hero__background\"><\/div><noscript><div style=\"background-image: url(https:\/\/hotelcms-production.imgix.net\/niraalpina.com\/wp-content\/uploads\/2024\/10\/DJI_0103-Pano_Web.jpg);\" class=\"crop \/ c-hero__background\" ><\/div><\/noscript>\n    \n    <\/section>\n<\/div><\/div><\/div><\/div><\/div><div id=\"pg-15595-1\"  class=\"panel-grid panel-has-style\" ><div class=\"c-row--valign-default c-row--widget-spacing c-row--margin-none c-row--column-default siteorigin-panels-stretch panel-row-style panel-row-style-for-15595-1\" data-stretch-type=\"full\" ><div id=\"pgc-15595-1-0\"  class=\"panel-grid-cell\" ><div id=\"panel-15595-1-0-0\" class=\"so-panel widget widget_cn-core-text-widget panel-first-child panel-last-child\" data-index=\"1\" ><div\n\t\t\t\n\t\t\tclass=\"so-widget-cn-core-text-widget so-widget-cn-core-text-widget-base\"\n\t\t\t\n\t\t>\n<div class=\"c-text c-text--lede\" >\n\n    \n    \n    \n    <div class=\"c-text__content s-entry\">\n        <p>Nous proposons les plus belles opportunit\u00e9s de ski \u00e0 Silvaplana-Surlej, gr\u00e2ce \u00e0 notre liaison directe avec les sommets via le t\u00e9l\u00e9ph\u00e9rique de Corvatsch. Que vous soyez amateur de ski, de snowboard ou de randonn\u00e9e, vous pouvez pleinement profiter de toutes les merveilles que notre station offre durant les mois d'hiver enneig\u00e9s, avec votre skis aux pieds!<\/p>\n    <\/div>\n\n<\/div>\n<\/div><\/div><\/div><\/div><\/div><div id=\"pg-15595-2\"  class=\"panel-grid panel-has-style\" ><div class=\"1 siteorigin-panels-stretch has-background c-row--background-cover imgix-fluid crop panel-row-style panel-row-style-for-15595-2\" data-stretch-type=\"full-width-stretch\" data-src=\"\" data-crop=\"\" ><div id=\"pgc-15595-2-0\"  class=\"panel-grid-cell\" ><div id=\"panel-15595-2-0-0\" class=\"so-panel widget widget_cn-core-cta-widget panel-first-child panel-last-child\" data-index=\"2\" ><div\n\t\t\t\n\t\t\tclass=\"so-widget-cn-core-cta-widget so-widget-cn-core-cta-widget-base\"\n\t\t\t\n\t\t><div class=\"c-cta c-cta--layout-breaker-left no-variation has-background\">\n\n    <div class=\"c-cta__content\">\n\n        <div class=\"c-cta__inner\">\n\n            \n            \n            \n            \n                <div class=\"c-cta__headings\">\n\n                \n                                    <h2 class=\"c-cta__heading\">\n                        Ski-in ski-out Corvatsch                    <\/h2>\n                \n                \n                <\/div>\n\n            \n            \n            \n                            <div class=\"c-cta__text \/ s-entry\">\n                    <p>De votre chambre \u00e0 la montagne. Notre emplacement id\u00e9al nous positionne au c\u0153ur de toutes les splendeurs que la nature alpine suisse a \u00e0 offrir. B\u00e9n\u00e9ficiez d'un acc\u00e8s direct aux pistes de ski de montagne gr\u00e2ce au t\u00e9l\u00e9ph\u00e9rique de Silvaplana - Corvatsch (Engadine, St Moritz), offrant ainsi \u00e0 nos clients la proximit\u00e9 constante avec le paradis du ski.<\/p>\n                <\/div>\n            \n            \n            \n                    <\/div>\n\n    <\/div>\n\n    \n            <div data-src=\"https:\/\/hotelcms-production.imgix.net\/niraalpina.com\/wp-content\/uploads\/2017\/11\/esm1189-1.jpg\" data-crop=\"manual\" class=\"imgix-fluid  crop \/ c-background c-cta__background\" data-focus-horizontal=\"50\" data-focus-vertical=\"30\"><\/div><noscript><div style=\"background-image: url(https:\/\/hotelcms-production.imgix.net\/niraalpina.com\/wp-content\/uploads\/2017\/11\/esm1189-1.jpg);\" class=\"crop \/ c-background c-cta__background\" ><\/div><\/noscript>    \n    \n<\/div>\n\n<\/div><\/div><\/div><\/div><\/div><div id=\"pg-15595-3\"  class=\"panel-grid panel-has-style\" ><div class=\"c-row--valign-default c-row--widget-none c-row--margin-default c-row--column-small s-row siteorigin-panels-stretch has-background c-row--background-cover imgix-fluid crop panel-row-style panel-row-style-for-15595-3\" data-stretch-type=\"full-width-stretch\" data-src=\"\" data-crop=\"\" ><div id=\"pgc-15595-3-0\"  class=\"panel-grid-cell panel-grid-cell-empty\" ><\/div><div id=\"pgc-15595-3-1\"  class=\"panel-grid-cell panel-grid-cell-empty\" ><\/div><div id=\"pgc-15595-3-2\"  class=\"panel-grid-cell\" ><div id=\"panel-15595-3-2-0\" class=\"so-panel widget widget_cn-core-image-widget panel-first-child panel-last-child\" data-index=\"3\" ><div\n\t\t\t\n\t\t\tclass=\"so-widget-cn-core-image-widget so-widget-cn-core-image-widget-base\"\n\t\t\t\n\t\t>\n<div class=\"c-image-container  c-image--1-1\">\n    \n    <figure class=\"crop\">\n                    <div data-src=\"https:\/\/hotelcms-production.imgix.net\/niraalpina.com\/wp-content\/uploads\/2017\/11\/esm9869.jpg\" data-crop=\"manual\" class=\"imgix-fluid  c-image\" data-focus-horizontal=\"50\" data-focus-vertical=\"65\"><\/div><noscript><div style=\"background-image: url(https:\/\/hotelcms-production.imgix.net\/niraalpina.com\/wp-content\/uploads\/2017\/11\/esm9869.jpg);\" class=\"c-image\" ><\/div><\/noscript>            <\/figure>\n\n    <\/div>\n<\/div><\/div><\/div><div id=\"pgc-15595-3-3\"  class=\"panel-grid-cell\" ><div id=\"panel-15595-3-3-0\" class=\"so-panel widget widget_cn-core-image-widget panel-first-child panel-last-child\" data-index=\"4\" ><div\n\t\t\t\n\t\t\tclass=\"so-widget-cn-core-image-widget so-widget-cn-core-image-widget-base\"\n\t\t\t\n\t\t>\n<div class=\"c-image-container  c-image--16-9\">\n    \n    <figure class=\"crop\">\n                    <div data-src=\"https:\/\/hotelcms-production.imgix.net\/niraalpina.com\/wp-content\/uploads\/2017\/11\/Nira-Alpina-SkyBridge_0132_MR.jpg\" data-crop=\"manual\" class=\"imgix-fluid  c-image\" data-focus-horizontal=\"50\" data-focus-vertical=\"30\"><\/div><noscript><div style=\"background-image: url(https:\/\/hotelcms-production.imgix.net\/niraalpina.com\/wp-content\/uploads\/2017\/11\/Nira-Alpina-SkyBridge_0132_MR.jpg);\" class=\"c-image\" ><\/div><\/noscript>            <\/figure>\n\n    <\/div>\n<\/div><\/div><\/div><\/div><\/div><div id=\"pg-15595-4\"  class=\"panel-grid panel-has-style\" ><div class=\"c-row--valign-default c-row--widget-spacing c-row--margin-none c-row--column-default siteorigin-panels-stretch panel-row-style panel-row-style-for-15595-4\" data-stretch-type=\"full\" ><div id=\"pgc-15595-4-0\"  class=\"panel-grid-cell\" ><div id=\"panel-15595-4-0-0\" class=\"so-panel widget widget_cn-core-text-widget panel-first-child panel-last-child\" data-index=\"5\" ><div\n\t\t\t\n\t\t\tclass=\"so-widget-cn-core-text-widget so-widget-cn-core-text-widget-base\"\n\t\t\t\n\t\t>\n<div class=\"c-text c-text--left\" >\n\n    \n    \n    \n    <div class=\"c-text__content s-entry\">\n        <ul>\n<li>Qu'est-ce que le Ski in Ski out ?<\/li>\n<\/ul>\n<p>Le \"Ski in Ski out\" est une commodit\u00e9 de s\u00e9jour qui permet aux skieurs de sortir directement de leur h\u00e9bergement et de rejoindre les pistes de ski sans avoir \u00e0 marcher longtemps ou \u00e0 utiliser des moyens de transport suppl\u00e9mentaires. Cela offre une exp\u00e9rience de ski fluide et sans interruption, car les skieurs peuvent retourner facilement \u00e0 leur h\u00e9bergement \u00e0 la fin de la journ\u00e9e de ski. Au Nira Alpina, cette facilit\u00e9 est assur\u00e9e gr\u00e2ce \u00e0 notre connexion directe aux pistes de ski via le t\u00e9l\u00e9ph\u00e9rique de Corvatsch, offrant ainsi \u00e0 nos clients un acc\u00e8s imm\u00e9diat et pratique aux plaisirs du ski.<\/p>\n<ul>\n<li>O\u00f9 puis-je acheter le forfait de ski ? Qu'est-ce que le Snow Deal ?<\/li>\n<\/ul>\n<p>Pour l'achat de forfaits de ski, vous pouvez les obtenir \u00e0 la r\u00e9ception pour 45 CHF* par personne et par jour, valable pour toute la dur\u00e9e de votre s\u00e9jour. Ce forfait permet l'utilisation des remont\u00e9es m\u00e9caniques et des transports publics dans la r\u00e9gion de l'Oberengadin. Pour plus de d\u00e9tails, veuillez contacter la r\u00e9ception. *saison 2023\/2024.<\/p>\n<p>Si vous recherchez des offres sp\u00e9ciales sur les forfaits de ski, vous pouvez les acheter d\u00e8s maintenant sur <a href=\"http:\/\/www.snow-deal.ch\/en\" target=\"_new\" rel=\"noopener\">www.snow-deal.ch\/en<\/a>.<\/p>\n<ul>\n<li>Disposez-vous d'un local \u00e0 skis ?<\/li>\n<\/ul>\n<p>Nous disposons d'un local \u00e0 skis situ\u00e9 dans le garage de l'h\u00f4tel. Vous pouvez y laisser vos skis, chaussures de ski ou chaussures de randonn\u00e9e. Chaque client b\u00e9n\u00e9ficie d'une armoire \u00e0 skis personnelle accessible avec sa carte de chambre. Pour toute assistance suppl\u00e9mentaire, veuillez contacter la r\u00e9ception.<\/p>\n<ul>\n<li>Domaine skiable et transport?<\/li>\n<\/ul>\n<p>Le domaine skiable de St. Moritz offre une vari\u00e9t\u00e9 de zones de ski, notamment:<br \/>\nCorvatsch, situ\u00e9 directement \u00e0 c\u00f4t\u00e9 de l'h\u00f4tel.<br \/>\nCorviglia et Piz Nair, \u00e0 environ 7 kilom\u00e8tres de distance.<br \/>\nDiavolezza \/ Lagalp, \u00e0 environ 25 kilom\u00e8tres.<\/p>\n<p>Toutes ces zones offrent des exp\u00e9riences uniques de ski et de snowboard, avec des pistes adapt\u00e9es \u00e0 tous les niveaux de comp\u00e9tence. Pour se d\u00e9placer entre ces diff\u00e9rents domaines skiables, des options de transport telles que les bus locaux ou les v\u00e9hicules priv\u00e9s sont disponibles.<\/p>\n<ul>\n<li>Quels sont les bus qui vont \u00e0 St. Moritz ?<\/li>\n<\/ul>\n<p>Pour les d\u00e9placements vers les diff\u00e9rents domaines skiables de St. Moritz, plusieurs options sont disponibles. Des places de parking sont disponibles si vous choisissez d'utiliser votre propre v\u00e9hicule.<\/p>\n<p>Alternativement, vous pouvez utiliser le r\u00e9seau de bus, avec un arr\u00eat juste en face de l'h\u00f4tel. Le transport en bus est inclus dans le forfait de ski, et il existe une liaison directe entre les domaines skiables de Corvatsch et de Corviglia avec le \"Hahnensee-Express\".<\/p>\n<p>Les bus desservant St. Moritz depuis notre emplacement \u00e0 Surlej sont les suivants :<br \/>\nLe bus n\u00b0 601 part \u00e0 8h45 \u00e0 un intervalle de 30 minutes pour la gare de St. Le dernier bus part \u00e0 19h45 de l'h\u00f4tel.<br \/>\nLe bus n\u00b0 602 part \u00e0 08h29 \u00e0 30 minutes d'intervalle pour St. Moritz Centre, station \u00ab Schulhausplatz \u00bb. Le dernier bus part \u00e0 17h59 de l'h\u00f4tel.<br \/>\nLe bus n\u00b0 603 part \u00e0 08h05 \u00e0 un intervalle de 30 minutes pour St. Moritz Centre, station \u00ab Schulhausplatz \u00bb. Le dernier bus part \u00e0 17h35 de l'h\u00f4tel.<\/p>\n<p>&nbsp;<\/p>\n<ul>\n<li>O\u00f9 puis-je louer du mat\u00e9riel de ski ?<\/li>\n<\/ul>\n<p>Si vous avez besoin de louer du mat\u00e9riel de ski, nous vous recommandons Ski Service Corvatsch et Intersport, tous deux situ\u00e9s \u00e0 proximit\u00e9 de l'h\u00f4tel. Il est conseill\u00e9 de r\u00e9server votre \u00e9quipement \u00e0 l'avance.<br \/>\nSki Service Corvatsch https:\/\/www.skiservice-corvatsch.com\/en#\/ Nous vous recommandons de r\u00e9server votre mat\u00e9riel \u00e0 l'avance.<br \/>\nSki Service Corvatsch propose m\u00eame un service de navette entre l'h\u00f4tel et son magasin. Pour b\u00e9n\u00e9ficier de ce service, veuillez contacter la r\u00e9ception.<br \/>\nEn face de l'h\u00f4tel, vous trouverez Intersport qui loue \u00e9galement du mat\u00e9riel de sports d'hiver. http:\/\/www.rentnetwork-engadin.ch\/<\/p>\n<ul>\n<li>O\u00f9 puis-je r\u00e9server des cours de ski \/ avec quelles \u00e9coles de ski travaillez-vous ?<\/li>\n<\/ul>\n<p>Pour des cours de ski, nous travaillons en partenariat avec la Schweizer Skischule Corvatsch-Pontresina et Ski Cool.<br \/>\nIl est recommand\u00e9 de r\u00e9server vos cours \u00e0 l'avance.<br \/>\nSchweizer Skischule Corvatsch-Pontresina\u00a0 - http:\/\/www.ssscp.ch (400 m\u00e8tres de l'h\u00f4tel).<br \/>\nSki Cool\u00a0 - http:\/\/www.skicool.ch\/<\/p>\n<ul>\n<li>Qu'est-ce que la nuit des neiges ?<\/li>\n<\/ul>\n<p>Chaque vendredi soir, le Corvatsch est ouvert pour le ski nocturne \u00e0 partir de 19h00, offrant la plus longue piste nocturne \u00e9clair\u00e9e de Suisse sur 4,2 km. Pour plus de d\u00e9tails, veuillez contacter la r\u00e9ception.<\/p>\n<ul>\n<li>Comment sont les pistes de ski dans la r\u00e9gion de l'Engadine Saint-Moritz ?<\/li>\n<\/ul>\n<p>La r\u00e9gion offre 88 pistes de descente, dont 20 % sont class\u00e9es comme faciles, 70 % moyennes et 10 % difficiles.<br \/>\nLa descente la plus longue : 10 km (descente du glacier de Diavolezza \u00e0 Morteratsch).<br \/>\nLa descente la plus raide: \"des Grisons (Lagalb)\", 86% de pente.<br \/>\nFreestyle - 3 snowparks : Snow Park Corvatsch avec half-pipe et bag jump de 6,8 m de haut, Snow Park Corviglia avec nouvelle Fun Slope, et Snow Park Zuoz.<br \/>\nPour plus d'informations, cliquez sur le lien suivant :<br \/>\nhttps:\/\/www.engadin.ch\/en\/slopes-tracks\/mountain-railways\/<\/p>\n<ul>\n<li>Quels sont les horaires des remont\u00e9es m\u00e9caniques ?<\/li>\n<\/ul>\n<p>La station de t\u00e9l\u00e9ph\u00e9rique de Corvatsch est situ\u00e9e juste en face de l'entr\u00e9e de l'h\u00f4tel. Pendant toute la saison d'hiver, elle fonctionne tous les jours \u00e0 partir de 8h20, toutes les 20 minutes, jusqu'\u00e0 ce que la derni\u00e8re t\u00e9l\u00e9cabine monte \u00e0 16h (du 10\/02 \u00e0 16h20). La derni\u00e8re t\u00e9l\u00e9cabine quitte le sommet de la montagne \u00e0 3303m \u00e0 17h00 (du 10.02. \u00e0 17h20).<\/p>\n<p>&nbsp;<\/p>\n<ul>\n<li>Quels sports d'hiver peut-on pratiquer en Engadine ?<\/li>\n<\/ul>\n<p>La r\u00e9gion de l'Engadine Saint-Moritz offre une vari\u00e9t\u00e9 d'activit\u00e9s hivernales telles que la luge, la randonn\u00e9e en raquettes, le ski de fond, le patinage sur glace, le snowkite, la randonn\u00e9e hivernale, le bobsleigh, l'\u00e9quitation et m\u00eame le yoga sur la neige. Pour plus d'informations, veuillez contacter la r\u00e9ception ou visiter le lien fourni: https:\/\/www.engadin.stmoritz.ch\/winter\/en\/activities\/sports\/<\/p>\n    <\/div>\n\n<\/div>\n<\/div><\/div><\/div><\/div><\/div><div id=\"pg-15595-5\"  class=\"panel-grid panel-has-style\" ><div class=\"c-row--valign-default c-row--widget-none c-row--margin-none c-row--column-none siteorigin-panels-stretch has-background c-row--background-cover imgix-fluid crop panel-row-style panel-row-style-for-15595-5\" data-stretch-type=\"full-width-stretch\" data-src=\"https:\/\/hotelcms-production.imgix.net\/niraalpina.com\/wp-content\/uploads\/2017\/11\/texture.png\" data-crop=\"\" ><div id=\"pgc-15595-5-0\"  class=\"panel-grid-cell\" ><div id=\"panel-15595-5-0-0\" class=\"so-panel widget widget_cn-core-cta-widget panel-first-child panel-last-child\" data-index=\"6\" ><div\n\t\t\t\n\t\t\tclass=\"so-widget-cn-core-cta-widget so-widget-cn-core-cta-widget-base\"\n\t\t\t\n\t\t><div class=\"c-cta c-cta--layout-breaker no-variation\">\n\n    <div class=\"c-cta__content\">\n\n        <div class=\"c-cta__inner\">\n\n                            <a href=\"https:\/\/be.synxis.com\/?chain=5154&#038;hotel=53708&#038;theme=SBE_Nira_V1&#038;config=SBE_Nira_V1\" class=\"c-cta__anchor\" target=\"_blank\" rel=\"noopener\">\n            \n            \n            \n            \n                <div class=\"c-cta__headings\">\n\n                                    <p class=\"c-cta__preheading\">\n                        Explorez notre Charmante Retraite de Montagne                    <\/p>\n                \n                                    <h2 class=\"c-cta__heading\">\n                        \u00c9merveillement sur les pistes : L'environnement skiable naturel                    <\/h2>\n                \n                \n                <\/div>\n\n            \n            \n                            <\/a>\n            \n                            <div class=\"c-cta__text \/ s-entry\">\n                    <p>Nira Alpina, l'une des stations les plus uniques des Alpes suisses, offre des vues \u00e9poustouflantes sur des paysages naturels intacts et constitue l'endroit id\u00e9al pour vivre des aventures en \u00e9t\u00e9 comme en hiver. De plus, si vous r\u00e9servez directement sur notre site Internet, vous pouvez b\u00e9n\u00e9ficier de notre garantie du meilleur tarif, d'un enregistrement anticip\u00e9 et de pralines suisses gratuites dans votre chambre.<\/p>\n                <\/div>\n            \n            \n                            <div class=\"c-cta__buttons\">\n                    <a class=\"c-button button \/ c-cta__button  no-variation\" href=\"https:\/\/be.synxis.com\/?chain=5154&#038;hotel=53708&#038;theme=SBE_Nira_V1&#038;config=SBE_Nira_V1\" target=\"_blank\" rel=\"noopener\">\n    Book your stay<\/a>\n\n\n                <\/div>\n            \n                    <\/div>\n\n    <\/div>\n\n    \n    \n            <a href=\"https:\/\/be.synxis.com\/?chain=5154&#038;hotel=53708&#038;theme=SBE_Nira_V1&#038;config=SBE_Nira_V1\" class=\"c-cta__detached-anchor\" target=\"_blank\" rel=\"noopener\"><\/a>\n    \n<\/div>\n\n<\/div><\/div><\/div><\/div><\/div><\/div>","protected":false},"excerpt":{"rendered":"<p>Visitez notre pays des merveilles hivernales, berc\u00e9 dans les Alpes suisses Ski \u00e0 Nira Alpina Experts partenaires locaux , acc\u00e8s direct aux pistes et au t\u00e9l\u00e9ph\u00e9rique de Corvatsch Nous proposons les plus belles opportunit\u00e9s de ski \u00e0 Silvaplana-Surlej, gr\u00e2ce \u00e0 notre liaison directe avec les sommets via le t\u00e9l\u00e9ph\u00e9rique de Corvatsch. Que vous soyez amateur &hellip;<\/p>\n","protected":false},"author":1,"featured_media":0,"parent":15594,"menu_order":1,"comment_status":"closed","ping_status":"closed","template":"","meta":{"_acf_changed":false,"footnotes":""},"class_list":["post--15595","post--page","post--type-page","post--status-publish","post--hentry"],"acf":[],"_links":{"self":[{"href":"https:\/\/www.niraalpina.com\/fr\/wp-json\/wp\/v2\/pages\/15595","targetHints":{"allow":["GET"]}}],"collection":[{"href":"https:\/\/www.niraalpina.com\/fr\/wp-json\/wp\/v2\/pages"}],"about":[{"href":"https:\/\/www.niraalpina.com\/fr\/wp-json\/wp\/v2\/types\/page"}],"author":[{"embeddable":true,"href":"https:\/\/www.niraalpina.com\/fr\/wp-json\/wp\/v2\/users\/1"}],"replies":[{"embeddable":true,"href":"https:\/\/www.niraalpina.com\/fr\/wp-json\/wp\/v2\/comments?post=15595"}],"version-history":[{"count":7,"href":"https:\/\/www.niraalpina.com\/fr\/wp-json\/wp\/v2\/pages\/15595\/revisions"}],"predecessor-version":[{"id":17493,"href":"https:\/\/www.niraalpina.com\/fr\/wp-json\/wp\/v2\/pages\/15595\/revisions\/17493"}],"up":[{"embeddable":true,"href":"https:\/\/www.niraalpina.com\/fr\/wp-json\/wp\/v2\/pages\/15594"}],"wp:attachment":[{"href":"https:\/\/www.niraalpina.com\/fr\/wp-json\/wp\/v2\/media?parent=15595"}],"curies":[{"name":"wp","href":"https:\/\/api.w.org\/{rel}","templated":true}]}}