{"id":15594,"date":"2017-11-26T14:12:24","date_gmt":"2017-11-26T14:12:24","guid":{"rendered":"https:\/\/www.niraalpina.com\/leisure-activities\/"},"modified":"2024-03-19T17:32:56","modified_gmt":"2024-03-19T17:32:56","slug":"leisure-activities","status":"publish","type":"page","link":"https:\/\/www.niraalpina.com\/fr\/leisure-activities\/","title":{"rendered":"Leisure &#038; activities"},"content":{"rendered":"<div id=\"pl-15594\"  class=\"panel-layout\" ><div id=\"pg-15594-0\"  class=\"panel-grid panel-has-style\" ><div class=\"c-row--valign-default c-row--widget-none c-row--margin-none c-row--column-none siteorigin-panels-stretch panel-row-style panel-row-style-for-15594-0\" data-stretch-type=\"full-stretched\" ><div id=\"pgc-15594-0-0\"  class=\"panel-grid-cell\" ><div id=\"panel-15594-0-0-0\" class=\"so-panel widget widget_cn-core-hero-widget panel-first-child panel-last-child\" data-index=\"0\" ><div\n\t\t\t\n\t\t\tclass=\"so-widget-cn-core-hero-widget so-widget-cn-core-hero-widget-base\"\n\t\t\t\n\t\t><section class=\"c-hero c-hero--short\">\n    <div class=\"c-hero__inner\">\n        \n        <div class=\"c-hero__content\">\n\n                            <h1 class=\"c-hero__heading\">\n                    Choses \u00e0 faire \u00e0 Nira Alpina                <\/h1>\n            \n                            <p class=\"c-hero__subheading\">\n                    Loisirs et activit\u00e9s                <\/p>\n                            <div class=\"s-entry \/ c-hero__text\">\n                    <p>\n                        Opportunit\u00e9s infinies tout moment de l'ann\u00e9e                    <\/p>\n                <\/div>\n                    <\/div>\n\n        \n    <\/div>\n\n\n\n    \n    \n    <div data-src=\"https:\/\/hotelcms-production.imgix.net\/niraalpina.com\/wp-content\/uploads\/2017\/11\/esm9863.jpg\" data-crop=\"manual\" class=\"imgix-fluid  crop \/ c-hero__background\" data-focus-horizontal=\"50\" data-focus-vertical=\"40\"><\/div><noscript><div style=\"background-image: url(https:\/\/hotelcms-production.imgix.net\/niraalpina.com\/wp-content\/uploads\/2017\/11\/esm9863.jpg);\" class=\"crop \/ c-hero__background\" ><\/div><\/noscript>\n    \n    <\/section>\n<\/div><\/div><\/div><\/div><\/div><div id=\"pg-15594-1\"  class=\"panel-grid panel-has-style\" ><div class=\"c-row--valign-default c-row--widget-spacing c-row--margin-none c-row--column-default siteorigin-panels-stretch has-background c-row--background-cover imgix-fluid crop panel-row-style panel-row-style-for-15594-1\" data-stretch-type=\"full\" data-src=\"https:\/\/hotelcms-production.imgix.net\/niraalpina.com\/wp-content\/uploads\/2017\/11\/texture-bg.png\" data-crop=\"\" ><div id=\"pgc-15594-1-0\"  class=\"panel-grid-cell\" ><div id=\"panel-15594-1-0-0\" class=\"so-panel widget widget_cn-core-text-widget panel-first-child panel-last-child\" data-index=\"1\" ><div\n\t\t\t\n\t\t\tclass=\"so-widget-cn-core-text-widget so-widget-cn-core-text-widget-base\"\n\t\t\t\n\t\t>\n<div class=\"c-text c-text--lede\" >\n\n    \n    \n    \n    <div class=\"c-text__content s-entry\">\n        <p>Nous profitons de notre magnifique environnement naturel et travaillons avec des partenaires soigneusement s\u00e9lectionn\u00e9s pour garantir \u00e0 nos h\u00f4tes des exp\u00e9riences extraordinaires tout au long de l'ann\u00e9e. Qu'il s'agisse d'activit\u00e9s de plein air riches en adr\u00e9naline ou de forfaits li\u00e9s \u00e0 la gastronomie et aux boissons, nous avons toujours quelque chose<\/p>\n    <\/div>\n\n<\/div>\n<\/div><\/div><\/div><\/div><\/div><div id=\"pg-15594-2\"  class=\"panel-grid panel-has-style\" ><div class=\"c-row--valign-default c-row--widget-none c-row--margin-small c-row--column-small siteorigin-panels-stretch panel-row-style panel-row-style-for-15594-2\" data-stretch-type=\"full\" ><div id=\"pgc-15594-2-0\"  class=\"panel-grid-cell\" ><div id=\"panel-15594-2-0-0\" class=\"so-panel widget widget_cn-core-cta-widget panel-first-child panel-last-child\" data-index=\"2\" ><div\n\t\t\t\n\t\t\tclass=\"so-widget-cn-core-cta-widget so-widget-cn-core-cta-widget-base\"\n\t\t\t\n\t\t><div class=\"c-cta no-layout no-variation\">\n\n    <div class=\"c-cta__content\">\n\n        <div class=\"c-cta__inner\">\n\n                            <a href=\"https:\/\/www.niraalpina.com\/fr\/leisure-activities\/summer-activities\/\" class=\"c-cta__anchor\">\n            \n            \n                          <div class=\"crop\">\n                <div data-src=\"https:\/\/hotelcms-production.imgix.net\/niraalpina.com\/wp-content\/uploads\/2021\/05\/ESTM-FilipZuan.jpg\" data-crop=\"centre\" class=\"imgix-fluid  c-image c-cta__image\" data-caption=\"ENGADIN St. Moritz - Wanderung zur Fuorcla Surlej. Im Hintergrund der Piz Bernina und Piz Roseg. \n\nHiking to Fuorcla Surlej, with Piz Bernina and Piz Roseg in the background. \n\nEscursione sul Fuorcla Surlej. Sullo sfondo il Piz Bernina e il Piz Roseg. \n\nCopyright by ENGADIN St. Moritz By-line: swiss-image.ch\/Gian Andri Giovanoli\"><\/div><noscript><div style=\"background-image: url(https:\/\/hotelcms-production.imgix.net\/niraalpina.com\/wp-content\/uploads\/2021\/05\/ESTM-FilipZuan.jpg);\" class=\"c-image c-cta__image\" ><\/div><\/noscript>              <\/div>\n            \n            \n                <div class=\"c-cta__headings\">\n\n                                    <p class=\"c-cta__preheading\">\n                        Les \u00e9t\u00e9s suisses                    <\/p>\n                \n                                    <h2 class=\"c-cta__heading\">\n                        Activit\u00e9s d'\u00e9t\u00e9                    <\/h2>\n                \n                \n                <\/div>\n\n            \n            \n                            <\/a>\n            \n            \n            \n            \n                    <\/div>\n\n    <\/div>\n\n    \n    \n            <a href=\"https:\/\/www.niraalpina.com\/fr\/leisure-activities\/summer-activities\/\" class=\"c-cta__detached-anchor\"><\/a>\n    \n<\/div>\n\n<\/div><\/div><\/div><div id=\"pgc-15594-2-1\"  class=\"panel-grid-cell\" ><div id=\"panel-15594-2-1-0\" class=\"so-panel widget widget_cn-core-cta-widget panel-first-child panel-last-child\" data-index=\"3\" ><div\n\t\t\t\n\t\t\tclass=\"so-widget-cn-core-cta-widget so-widget-cn-core-cta-widget-base\"\n\t\t\t\n\t\t><div class=\"c-cta no-layout no-variation\">\n\n    <div class=\"c-cta__content\">\n\n        <div class=\"c-cta__inner\">\n\n                            <a href=\"https:\/\/www.niraalpina.com\/fr\/leisure-activities\/winter-activities\/\" class=\"c-cta__anchor\">\n            \n            \n                          <div class=\"crop\">\n                <div data-src=\"https:\/\/hotelcms-production.imgix.net\/niraalpina.com\/wp-content\/uploads\/2021\/05\/esm0166.jpg\" data-crop=\"\" class=\"imgix-fluid  c-image c-cta__image\" data-caption=\"ENGADIN ST. MORITZ - Freerider im Skigebiet Corvatsch\/Furtschellas unterhalb des Piz Grialetsch bei der Abenddaemmerung. Im Hintergrund die Ortschaft Maloja und der gefrorene Silsersee.\n\nFreerider in the Corvatsch\/Furtschellas ski area below the Piz Grialetsch at dusk. In the background, the village of Maloja and the frozen Lake Sils.   \n\nFreerider nel comprensorio Corvatsch\/Furtschellas, sotto il Piz Grialetsch, al crepuscolo. Sullo sfondo, Maloja e il Lago di Sils ghiacciato\n\nCopyright by: ENGADIN St. Moritz By-line: swiss-image.ch\/Immanuel Meier\"><\/div><noscript><div style=\"background-image: url(https:\/\/hotelcms-production.imgix.net\/niraalpina.com\/wp-content\/uploads\/2021\/05\/esm0166.jpg);\" class=\"c-image c-cta__image\" ><\/div><\/noscript>              <\/div>\n            \n            \n                <div class=\"c-cta__headings\">\n\n                                    <p class=\"c-cta__preheading\">\n                        Pays des merveilles                    <\/p>\n                \n                                    <h2 class=\"c-cta__heading\">\n                        Activit\u00e9s hivernales                    <\/h2>\n                \n                \n                <\/div>\n\n            \n            \n                            <\/a>\n            \n            \n            \n            \n                    <\/div>\n\n    <\/div>\n\n    \n    \n            <a href=\"https:\/\/www.niraalpina.com\/fr\/leisure-activities\/winter-activities\/\" class=\"c-cta__detached-anchor\"><\/a>\n    \n<\/div>\n\n<\/div><\/div><\/div><\/div><\/div><div id=\"pg-15594-3\"  class=\"panel-grid panel-has-style\" ><div class=\"c-row--valign-default c-row--widget-none c-row--margin-small c-row--column-small siteorigin-panels-stretch panel-row-style panel-row-style-for-15594-3\" data-stretch-type=\"full\" ><div id=\"pgc-15594-3-0\"  class=\"panel-grid-cell\" ><div id=\"panel-15594-3-0-0\" class=\"so-panel widget widget_cn-core-cta-widget panel-first-child panel-last-child\" data-index=\"4\" ><div\n\t\t\t\n\t\t\tclass=\"so-widget-cn-core-cta-widget so-widget-cn-core-cta-widget-base\"\n\t\t\t\n\t\t><div class=\"c-cta no-layout no-variation\">\n\n    <div class=\"c-cta__content\">\n\n        <div class=\"c-cta__inner\">\n\n                            <a href=\"https:\/\/www.niraalpina.com\/fr\/leisure-activities\/grand-tour-of-switzerland\/\" class=\"c-cta__anchor\">\n            \n            \n                          <div class=\"crop\">\n                <div data-src=\"https:\/\/hotelcms-production.imgix.net\/niraalpina.com\/wp-content\/uploads\/2017\/12\/2-Fotospot_GToS_Aletsch3.jpg\" data-crop=\"manual\" class=\"imgix-fluid  c-image c-cta__image\" data-focus-horizontal=\"70\" data-focus-vertical=\"40\"><\/div><noscript><div style=\"background-image: url(https:\/\/hotelcms-production.imgix.net\/niraalpina.com\/wp-content\/uploads\/2017\/12\/2-Fotospot_GToS_Aletsch3.jpg);\" class=\"c-image c-cta__image\" ><\/div><\/noscript>              <\/div>\n            \n            \n                <div class=\"c-cta__headings\">\n\n                                    <p class=\"c-cta__preheading\">\n                        Des sites inoubliables                    <\/p>\n                \n                                    <h2 class=\"c-cta__heading\">\n                        Grand tour de Suisse                    <\/h2>\n                \n                \n                <\/div>\n\n            \n            \n                            <\/a>\n            \n            \n            \n            \n                    <\/div>\n\n    <\/div>\n\n    \n    \n            <a href=\"https:\/\/www.niraalpina.com\/fr\/leisure-activities\/grand-tour-of-switzerland\/\" class=\"c-cta__detached-anchor\"><\/a>\n    \n<\/div>\n\n<\/div><\/div><\/div><div id=\"pgc-15594-3-1\"  class=\"panel-grid-cell\" ><div id=\"panel-15594-3-1-0\" class=\"so-panel widget widget_cn-core-cta-widget panel-first-child panel-last-child\" data-index=\"5\" ><div\n\t\t\t\n\t\t\tclass=\"so-widget-cn-core-cta-widget so-widget-cn-core-cta-widget-base\"\n\t\t\t\n\t\t><div class=\"c-cta no-layout no-variation\">\n\n    <div class=\"c-cta__content\">\n\n        <div class=\"c-cta__inner\">\n\n                            <a href=\"https:\/\/www.niraalpina.com\/fr\/meetings-and-events\/nira-alpina-experiences\/\" class=\"c-cta__anchor\">\n            \n            \n                          <div class=\"crop\">\n                <div data-src=\"https:\/\/hotelcms-production.imgix.net\/niraalpina.com\/wp-content\/uploads\/2017\/11\/Interior-02.jpg\" data-crop=\"manual\" class=\"imgix-fluid  c-image c-cta__image\" data-focus-horizontal=\"50\" data-focus-vertical=\"60\"><\/div><noscript><div style=\"background-image: url(https:\/\/hotelcms-production.imgix.net\/niraalpina.com\/wp-content\/uploads\/2017\/11\/Interior-02.jpg);\" class=\"c-image c-cta__image\" ><\/div><\/noscript>              <\/div>\n            \n            \n                <div class=\"c-cta__headings\">\n\n                                    <p class=\"c-cta__preheading\">\n                        Il y en a pour tous les go\u00fbts                    <\/p>\n                \n                                    <h2 class=\"c-cta__heading\">\n                        Exp\u00e9riences de Nira Alpina                    <\/h2>\n                \n                \n                <\/div>\n\n            \n            \n                            <\/a>\n            \n            \n            \n            \n                    <\/div>\n\n    <\/div>\n\n    \n    \n            <a href=\"https:\/\/www.niraalpina.com\/fr\/meetings-and-events\/nira-alpina-experiences\/\" class=\"c-cta__detached-anchor\"><\/a>\n    \n<\/div>\n\n<\/div><\/div><\/div><\/div><\/div><div id=\"pg-15594-4\"  class=\"panel-grid panel-has-style\" ><div class=\"c-row--valign-default c-row--widget-none c-row--margin-small c-row--column-none siteorigin-panels-stretch panel-row-style panel-row-style-for-15594-4\" data-stretch-type=\"full\" ><div id=\"pgc-15594-4-0\"  class=\"panel-grid-cell\" ><div id=\"panel-15594-4-0-0\" class=\"so-panel widget widget_cn-core-cta-widget panel-first-child panel-last-child\" data-index=\"6\" ><div\n\t\t\t\n\t\t\tclass=\"so-widget-cn-core-cta-widget so-widget-cn-core-cta-widget-base\"\n\t\t\t\n\t\t><div class=\"c-cta c-cta--layout-image-right no-variation has-background\">\n\n    <div class=\"c-cta__content\">\n\n        <div class=\"c-cta__inner\">\n\n                            <a href=\"https:\/\/www.niraalpina.com\/fr\/leisure-activities\/kids\/\" class=\"c-cta__anchor\">\n            \n            \n            \n            \n                <div class=\"c-cta__headings\">\n\n                \n                                    <h2 class=\"c-cta__heading\">\n                        Les petits                    <\/h2>\n                \n                \n                <\/div>\n\n            \n            \n                            <\/a>\n            \n                            <div class=\"c-cta__text \/ s-entry\">\n                    <p>Nous avons cr\u00e9\u00e9 un bon nombre d'activit\u00e9s de loisirs pour les enfants. On\u00a0travaille avec des entreprises locales sp\u00e9cialis\u00e9es pour que nos plus jeunes h\u00f4tes ne manquent pas d'apprendre \u00e0 skier, \u00e0 randonner, \u00e0 faire de la luge ou du patin \u00e0 glace.<\/p>\n                <\/div>\n            \n            \n                            <div class=\"c-cta__buttons\">\n                    <a  class=\"c-button  c-cta__button c-cta__button--secondary c-button--arrow\" href=\"https:\/\/www.niraalpina.com\/fr\/leisure-activities\/kids\/\">\n    Les petits<\/a>\n\n\n                <\/div>\n            \n                    <\/div>\n\n    <\/div>\n\n    \n            <div data-src=\"https:\/\/hotelcms-production.imgix.net\/niraalpina.com\/wp-content\/uploads\/2021\/05\/corvatsch-4485-RGB.jpg\" data-crop=\"\" class=\"imgix-fluid  crop \/ c-background c-cta__background\"><\/div><noscript><div style=\"background-image: url(https:\/\/hotelcms-production.imgix.net\/niraalpina.com\/wp-content\/uploads\/2021\/05\/corvatsch-4485-RGB.jpg);\" class=\"crop \/ c-background c-cta__background\" ><\/div><\/noscript>    \n            <a href=\"https:\/\/www.niraalpina.com\/fr\/leisure-activities\/kids\/\" class=\"c-cta__detached-anchor\"><\/a>\n    \n<\/div>\n\n<\/div><\/div><\/div><\/div><\/div><div id=\"pg-15594-5\"  class=\"panel-grid panel-has-style\" ><div class=\"c-row--valign-default c-row--widget-none c-row--margin-none c-row--column-none siteorigin-panels-stretch has-background c-row--background-cover imgix-fluid crop panel-row-style panel-row-style-for-15594-5\" data-stretch-type=\"full-stretched\" data-src=\"https:\/\/hotelcms-production.imgix.net\/niraalpina.com\/wp-content\/uploads\/2017\/11\/texture.png\" data-crop=\"\" ><div id=\"pgc-15594-5-0\"  class=\"panel-grid-cell\" ><div id=\"panel-15594-5-0-0\" class=\"so-panel widget widget_cn-core-cta-widget panel-first-child panel-last-child\" data-index=\"7\" ><div\n\t\t\t\n\t\t\tclass=\"so-widget-cn-core-cta-widget so-widget-cn-core-cta-widget-base\"\n\t\t\t\n\t\t><div class=\"c-cta c-cta--layout-breaker no-variation\">\n\n    <div class=\"c-cta__content\">\n\n        <div class=\"c-cta__inner\">\n\n                            <a href=\"https:\/\/be.synxis.com\/?chain=5154&#038;hotel=53708&#038;theme=SBE_Nira_V1&#038;config=SBE_Nira_V1\" class=\"c-cta__anchor\" target=\"_blank\" rel=\"noopener\">\n            \n            \n            \n            \n                <div class=\"c-cta__headings\">\n\n                                    <p class=\"c-cta__preheading\">\n                        \u00catre aventureux                    <\/p>\n                \n                                    <h2 class=\"c-cta__heading\">\n                        D\u00e9couvrez notre s\u00e9duisante retraite de montagne                    <\/h2>\n                \n                \n                <\/div>\n\n            \n            \n                            <\/a>\n            \n                            <div class=\"c-cta__text \/ s-entry\">\n                    <p>Nira Alpina, l'une des stations les plus uniques des Alpes suisses, offre des vues \u00e9poustouflantes sur des paysages naturels intacts et constitue l'endroit id\u00e9al pour vivre des aventures en \u00e9t\u00e9 comme en hiver. De plus, si vous r\u00e9servez directement sur notre site web, vous pouvez b\u00e9n\u00e9ficier de notre garantie du meilleur tarif et de pralines suisses gratuites dans votre chambre.<\/p>\n                <\/div>\n            \n            \n                            <div class=\"c-cta__buttons\">\n                    <a class=\"c-button button \/ c-cta__button  no-variation\" target=\"_blank\" href=\"https:\/\/be.synxis.com\/?chain=5154&#038;hotel=53708&#038;theme=SBE_Nira_V1&#038;config=SBE_Nira_V1\" rel=\"noopener\">\n    R\u00e9servez votre s\u00e9jour<\/a>\n\n\n                <\/div>\n            \n                    <\/div>\n\n    <\/div>\n\n    \n    \n            <a href=\"https:\/\/be.synxis.com\/?chain=5154&#038;hotel=53708&#038;theme=SBE_Nira_V1&#038;config=SBE_Nira_V1\" class=\"c-cta__detached-anchor\" target=\"_blank\" rel=\"noopener\"><\/a>\n    \n<\/div>\n\n<\/div><\/div><\/div><\/div><\/div><\/div>","protected":false},"excerpt":{"rendered":"<p>Choses \u00e0 faire \u00e0 Nira Alpina Loisirs et activit\u00e9s Opportunit\u00e9s infinies tout moment de l&#8217;ann\u00e9e Nous profitons de notre magnifique environnement naturel et travaillons avec des partenaires soigneusement s\u00e9lectionn\u00e9s pour garantir \u00e0 nos h\u00f4tes des exp\u00e9riences extraordinaires tout au long de l&#8217;ann\u00e9e. Qu&#8217;il s&#8217;agisse d&#8217;activit\u00e9s de plein air riches en adr\u00e9naline ou de forfaits li\u00e9s &hellip;<\/p>\n","protected":false},"author":1,"featured_media":0,"parent":0,"menu_order":10,"comment_status":"closed","ping_status":"closed","template":"","meta":{"_acf_changed":false,"footnotes":""},"class_list":["post--15594","post--page","post--type-page","post--status-publish","post--hentry"],"acf":[],"_links":{"self":[{"href":"https:\/\/www.niraalpina.com\/fr\/wp-json\/wp\/v2\/pages\/15594","targetHints":{"allow":["GET"]}}],"collection":[{"href":"https:\/\/www.niraalpina.com\/fr\/wp-json\/wp\/v2\/pages"}],"about":[{"href":"https:\/\/www.niraalpina.com\/fr\/wp-json\/wp\/v2\/types\/page"}],"author":[{"embeddable":true,"href":"https:\/\/www.niraalpina.com\/fr\/wp-json\/wp\/v2\/users\/1"}],"replies":[{"embeddable":true,"href":"https:\/\/www.niraalpina.com\/fr\/wp-json\/wp\/v2\/comments?post=15594"}],"version-history":[{"count":6,"href":"https:\/\/www.niraalpina.com\/fr\/wp-json\/wp\/v2\/pages\/15594\/revisions"}],"predecessor-version":[{"id":15708,"href":"https:\/\/www.niraalpina.com\/fr\/wp-json\/wp\/v2\/pages\/15594\/revisions\/15708"}],"wp:attachment":[{"href":"https:\/\/www.niraalpina.com\/fr\/wp-json\/wp\/v2\/media?parent=15594"}],"curies":[{"name":"wp","href":"https:\/\/api.w.org\/{rel}","templated":true}]}}