{"id":15438,"date":"2021-05-12T09:47:30","date_gmt":"2021-05-12T09:47:30","guid":{"rendered":"https:\/\/www.niraalpina.com\/about-us\/shanti-hospitality-group\/"},"modified":"2024-05-13T14:52:14","modified_gmt":"2024-05-13T14:52:14","slug":"shanti-hospitality-group","status":"publish","type":"page","link":"https:\/\/www.niraalpina.com\/fr\/a-propos-de-nous\/shanti-hospitality-group\/","title":{"rendered":"Shanti Hospitality Group"},"content":{"rendered":"<div id=\"pl-15438\"  class=\"panel-layout\" ><div id=\"pg-15438-0\"  class=\"panel-grid panel-has-style\" ><div class=\"c-row--valign-default c-row--widget-none c-row--margin-none c-row--column-none siteorigin-panels-stretch panel-row-style panel-row-style-for-15438-0\" data-stretch-type=\"full-stretched\" ><div id=\"pgc-15438-0-0\"  class=\"panel-grid-cell\" ><div id=\"panel-15438-0-0-0\" class=\"so-panel widget widget_cn-core-hero-widget panel-first-child panel-last-child\" data-index=\"0\" ><div\n\t\t\t\n\t\t\tclass=\"so-widget-cn-core-hero-widget so-widget-cn-core-hero-widget-base\"\n\t\t\t\n\t\t><section class=\"c-hero c-hero--short\">\n    <div class=\"c-hero__inner\">\n        \n        <div class=\"c-hero__content\">\n\n            \n                            <p class=\"c-hero__subheading\">\n                    SHANTI HOSPITALITY GROUP                <\/p>\n                    <\/div>\n\n        \n    <\/div>\n\n\n\n    \n    <div data-src=\"https:\/\/hotelcms-production.imgix.net\/niraalpina.com\/wp-content\/uploads\/2019\/01\/Romano-Salis_Corvatsch.jpg\" data-crop=\"\" class=\"imgix-fluid  crop \/ c-hero__background\" data-caption=\"ENGADIN St.Moritz - Ein Freeskier zieht seine Spuren im Schneesportgebiet Corvatsch, Eiskristalle liegen in der Luft vor dem Piz Bernina (4049 m) mit Biancograt und dem Piz Roseg (3937 m).\n\nA freeskier making tracks in the Corvatsch snow-sports area; ice crystals hang in the air against a backdrop of Piz Bernina (4049 m) with the Biancograt ridge and Piz Roseg (3937 m).\n\nUn amante di free ski lascia le sue tracce nel comprensorio di sport invernali di Corvatsch, nella aria ci sono cristalli di ghiaccio sullo sfondo del Piz Bernina (4049 m) con il  Biancograt e il Piz Roseg (3937 m).\n\nCopyright by ENGADIN St. Moritz By-line: swiss-image.ch\/Romano Salis\"><\/div><noscript><div style=\"background-image: url(https:\/\/hotelcms-production.imgix.net\/niraalpina.com\/wp-content\/uploads\/2019\/01\/Romano-Salis_Corvatsch.jpg);\" class=\"crop \/ c-hero__background\" ><\/div><\/noscript>\n    \n    <\/section>\n<\/div><\/div><\/div><\/div><\/div><div id=\"pg-15438-1\"  class=\"panel-grid panel-has-style\" ><div class=\"c-row--valign-default c-row--widget-none c-row--margin-none c-row--column-none siteorigin-panels-stretch panel-row-style panel-row-style-for-15438-1\" data-stretch-type=\"full-stretched\" ><div id=\"pgc-15438-1-0\"  class=\"panel-grid-cell\" ><div id=\"panel-15438-1-0-0\" class=\"so-panel widget widget_cn-core-text-widget panel-first-child\" data-index=\"1\" ><div\n\t\t\t\n\t\t\tclass=\"so-widget-cn-core-text-widget so-widget-cn-core-text-widget-base\"\n\t\t\t\n\t\t>\n<div class=\"c-text c-text--lede\" >\n\n    \n            <h2 class=\"c-text__heading\">Construire des marques exceptionnelles et offrir des moments exceptionnels<\/h2>\n    \n    \n    <div class=\"c-text__content s-entry\">\n        <p>Shanti Hospitality Group est une soci\u00e9t\u00e9 d'h\u00f4tellerie et de loisirs qui se concentre sur la construction d'actifs et de marques exceptionnels. Nous nous effor\u00e7ons d'avoir un impact positif dans tout ce que nous faisons. Historiquement, chez Shanti Hospitality, nous y sommes parvenus en construisant des actifs et des marques exceptionnels.<\/p>\n    <\/div>\n\n<\/div>\n<\/div><\/div><div id=\"panel-15438-1-0-1\" class=\"so-panel widget widget_cn-core-cta-widget\" data-index=\"2\" ><div\n\t\t\t\n\t\t\tclass=\"so-widget-cn-core-cta-widget so-widget-cn-core-cta-widget-base\"\n\t\t\t\n\t\t><div class=\"c-cta c-cta--layout-image-right no-variation has-background\">\n\n    <div class=\"c-cta__content\">\n\n        <div class=\"c-cta__inner\">\n\n            \n            \n            \n            \n                <div class=\"c-cta__headings\">\n\n                \n                                    <h2 class=\"c-cta__heading\">\n                        NOTRE ETHOS                     <\/h2>\n                \n                \n                <\/div>\n\n            \n            \n            \n                            <div class=\"c-cta__text \/ s-entry\">\n                    <p>\u00c0 l'avenir, nous souhaitons donner la priorit\u00e9 au bien-\u00eatre et cr\u00e9er des moments et des exp\u00e9riences extraordinaires pour ceux qui nous entourent. Les instruments qui nous permettront d'atteindre cet objectif sont Shanti Seva, Shanti Experiences et Shanti Wellness.<\/p>\n                <\/div>\n            \n            \n            \n                    <\/div>\n\n    <\/div>\n\n    \n            <div data-src=\"https:\/\/hotelcms-production.imgix.net\/niraalpina.com\/wp-content\/uploads\/2019\/07\/silvaplana-hotel-nira-alpina-low-1370.jpg\" data-crop=\"\" class=\"imgix-fluid  crop \/ c-background c-cta__background\"><\/div><noscript><div style=\"background-image: url(https:\/\/hotelcms-production.imgix.net\/niraalpina.com\/wp-content\/uploads\/2019\/07\/silvaplana-hotel-nira-alpina-low-1370.jpg);\" class=\"crop \/ c-background c-cta__background\" ><\/div><\/noscript>    \n    \n<\/div>\n\n<\/div><\/div><div id=\"panel-15438-1-0-2\" class=\"so-panel widget widget_cn-core-cta-widget\" data-index=\"3\" ><div\n\t\t\t\n\t\t\tclass=\"so-widget-cn-core-cta-widget so-widget-cn-core-cta-widget-base\"\n\t\t\t\n\t\t><div class=\"c-cta c-cta--layout-image-left no-variation has-background\">\n\n    <div class=\"c-cta__content\">\n\n        <div class=\"c-cta__inner\">\n\n                            <a href=\"https:\/\/www.niraalpina.com\/leisure-activities\/leisure-enquiry\/\" class=\"c-cta__anchor\">\n            \n            \n            \n            \n                <div class=\"c-cta__headings\">\n\n                \n                                    <h2 class=\"c-cta__heading\">\n                        EXP\u00c9RIENCES SHANTI                    <\/h2>\n                \n                                    <h3 class=\"c-cta__subheading\">\n                        \u00ab Voyager, exp\u00e9rimenter et apprendre : c'est vivre \u00bb - Tenzing Norgay, alpiniste. L'une des deux premi\u00e8res personnes connues \u00e0 avoir atteint le sommet du mont Everest.                    <\/h3>\n                \n                <\/div>\n\n            \n            \n                            <\/a>\n            \n                            <div class=\"c-cta__text \/ s-entry\">\n                    <p>Chez Shanti Hospitality, nous mettons \u00e0 profit notre expertise et notre connaissance approfondie de la r\u00e9gion pour offrir des souvenirs inoubliables \u00e0 nos clients. Nous aimons tous poss\u00e9der des objets, mais la gratification qu'ils nous procurent est de courte dur\u00e9e, contrairement \u00e0 la satisfaction durable qu'apportent les souvenirs heureux. Cela est d\u00fb \u00e0 l'adaptation h\u00e9donique. Ce sont nos souvenirs qui nous permettent de revivre la joie, l'excitation et l'\u00e9motion d'un moment, m\u00eame longtemps apr\u00e8s qu'il soit pass\u00e9.<\/p>\n                <\/div>\n            \n            \n            \n                    <\/div>\n\n    <\/div>\n\n    \n            <div data-src=\"https:\/\/hotelcms-production.imgix.net\/niraalpina.com\/wp-content\/uploads\/2023\/10\/DSC5228_Web.jpg\" data-crop=\"\" class=\"imgix-fluid  crop \/ c-background c-cta__background\"><\/div><noscript><div style=\"background-image: url(https:\/\/hotelcms-production.imgix.net\/niraalpina.com\/wp-content\/uploads\/2023\/10\/DSC5228_Web.jpg);\" class=\"crop \/ c-background c-cta__background\" ><\/div><\/noscript>    \n            <a href=\"https:\/\/www.niraalpina.com\/leisure-activities\/leisure-enquiry\/\" class=\"c-cta__detached-anchor\"><\/a>\n    \n<\/div>\n\n<\/div><\/div><div id=\"panel-15438-1-0-3\" class=\"so-panel widget widget_cn-core-cta-widget\" data-index=\"4\" ><div\n\t\t\t\n\t\t\tclass=\"so-widget-cn-core-cta-widget so-widget-cn-core-cta-widget-base\"\n\t\t\t\n\t\t><div class=\"c-cta c-cta--layout-image-right no-variation has-background\">\n\n    <div class=\"c-cta__content\">\n\n        <div class=\"c-cta__inner\">\n\n            \n            \n            \n            \n                <div class=\"c-cta__headings\">\n\n                \n                                    <h2 class=\"c-cta__heading\">\n                        SHANTI WELLNESS                    <\/h2>\n                \n                                    <h3 class=\"c-cta__subheading\">\n                        \u00ab Le meilleur projet sur lequel vous pourrez jamais travailler, c'est vous-m\u00eame. - Inconnu                    <\/h3>\n                \n                <\/div>\n\n            \n            \n            \n                            <div class=\"c-cta__text \/ s-entry\">\n                    <p>Shanti Wellness vise \u00e0 rafra\u00eechir et \u00e0 rajeunir l'esprit, le corps et l'\u00e2me, jetant ainsi les bases d'un mode de vie sain et \u00e9panouissant. En effet, un \u00e9tat d'esprit sain est essentiel pour pouvoir vivre des moments exceptionnels et en profiter pleinement.<\/p>\n                <\/div>\n            \n            \n            \n                    <\/div>\n\n    <\/div>\n\n    \n            <div data-src=\"https:\/\/hotelcms-production.imgix.net\/niraalpina.com\/wp-content\/uploads\/2021\/04\/Switzerland-Tourism-Lorenz-Richard-3.jpg\" data-crop=\"\" class=\"imgix-fluid  crop \/ c-background c-cta__background\" data-caption=\"Protagonisten im Spa des Hotel Nira Alpina\"><\/div><noscript><div style=\"background-image: url(https:\/\/hotelcms-production.imgix.net\/niraalpina.com\/wp-content\/uploads\/2021\/04\/Switzerland-Tourism-Lorenz-Richard-3.jpg);\" class=\"crop \/ c-background c-cta__background\" ><\/div><\/noscript>    \n    \n<\/div>\n\n<\/div><\/div><div id=\"panel-15438-1-0-4\" class=\"so-panel widget widget_cn-core-cta-widget panel-last-child\" data-index=\"5\" ><div\n\t\t\t\n\t\t\tclass=\"so-widget-cn-core-cta-widget so-widget-cn-core-cta-widget-base\"\n\t\t\t\n\t\t><div class=\"c-cta c-cta--layout-image-left no-variation has-background\">\n\n    <div class=\"c-cta__content\">\n\n        <div class=\"c-cta__inner\">\n\n                            <a href=\"https:\/\/www.niraalpina.com\/leisure-activities\/leisure-enquiry\/\" class=\"c-cta__anchor\">\n            \n            \n            \n            \n                <div class=\"c-cta__headings\">\n\n                \n                                    <h2 class=\"c-cta__heading\">\n                        SHANTI SEVA                    <\/h2>\n                \n                                    <h3 class=\"c-cta__subheading\">\n                        \u00ab En fait, prendre soin des autres, aider les autres, c'est finalement le moyen de d\u00e9couvrir sa propre joie et d'avoir une vie heureuse. \u00bb - Dala\u00ef Lama, Le livre de la joie : Le bonheur durable dans un monde en mutation                    <\/h3>\n                \n                <\/div>\n\n            \n            \n                            <\/a>\n            \n                            <div class=\"c-cta__text \/ s-entry\">\n                    <p>En hindi, le mot \u00ab Seva \u00bb signifie servir de mani\u00e8re d\u00e9sint\u00e9ress\u00e9e. Shanti Seva est l'\u00e2me de l'hospitalit\u00e9 Shanti et se trouve au c\u0153ur de tout ce que nous faisons. Cet esprit de service d\u00e9sint\u00e9ress\u00e9 est profond\u00e9ment ancr\u00e9 dans notre culture et s'\u00e9tend \u00e9galement \u00e0 nos h\u00f4tes, \u00e0 nos coll\u00e8gues et aux membres de nos communaut\u00e9s locales.<\/p>\n                <\/div>\n            \n            \n            \n                    <\/div>\n\n    <\/div>\n\n    \n            <div data-src=\"https:\/\/hotelcms-production.imgix.net\/niraalpina.com\/wp-content\/uploads\/2019\/07\/Nira-Alpina-Impressions-Cornelia-Studer-2.jpg\" data-crop=\"\" class=\"imgix-fluid  crop \/ c-background c-cta__background\"><\/div><noscript><div style=\"background-image: url(https:\/\/hotelcms-production.imgix.net\/niraalpina.com\/wp-content\/uploads\/2019\/07\/Nira-Alpina-Impressions-Cornelia-Studer-2.jpg);\" class=\"crop \/ c-background c-cta__background\" ><\/div><\/noscript>    \n            <a href=\"https:\/\/www.niraalpina.com\/leisure-activities\/leisure-enquiry\/\" class=\"c-cta__detached-anchor\"><\/a>\n    \n<\/div>\n\n<\/div><\/div><\/div><\/div><\/div><div id=\"pg-15438-2\"  class=\"panel-grid panel-has-style\" ><div class=\"c-row--valign-default c-row--widget-none c-row--margin-none c-row--column-none siteorigin-panels-stretch has-background c-row--background-cover imgix-fluid crop panel-row-style panel-row-style-for-15438-2\" data-stretch-type=\"full-stretched\" data-src=\"https:\/\/hotelcms-production.imgix.net\/niraalpina.com\/wp-content\/uploads\/2017\/11\/texture.png\" data-crop=\"\" ><div id=\"pgc-15438-2-0\"  class=\"panel-grid-cell\" ><div id=\"panel-15438-2-0-0\" class=\"so-panel widget widget_cn-core-cta-widget panel-first-child panel-last-child\" data-index=\"6\" ><div\n\t\t\t\n\t\t\tclass=\"so-widget-cn-core-cta-widget so-widget-cn-core-cta-widget-base\"\n\t\t\t\n\t\t><div class=\"c-cta c-cta--layout-breaker no-variation\">\n\n    <div class=\"c-cta__content\">\n\n        <div class=\"c-cta__inner\">\n\n                            <a href=\"https:\/\/be.synxis.com\/?chain=5154&#038;hotel=53708&#038;theme=SBE_Nira_V1&#038;config=SBE_Nira_V1\" class=\"c-cta__anchor\" target=\"_blank\" rel=\"noopener\">\n            \n            \n            \n            \n                <div class=\"c-cta__headings\">\n\n                                    <p class=\"c-cta__preheading\">\n                        Pure et sophistiqu\u00e9e                    <\/p>\n                \n                                    <h2 class=\"c-cta__heading\">\n                        D\u00e9couvrez notre s\u00e9duisante retraite en montagne                    <\/h2>\n                \n                \n                <\/div>\n\n            \n            \n                            <\/a>\n            \n                            <div class=\"c-cta__text \/ s-entry\">\n                    <p>L'un des endroits les plus uniques des Alpes suisses, Nira Alpina offre une vue imprenable sur une nature intacte. C\u2019est l'endroit id\u00e9al pour les aventures estivales et hivernales. Et si vous r\u00e9servez directement sur notre site, nous vous garantissons le meilleur tarif et des chocolats suisses dans votre chambre.<\/p>\n                <\/div>\n            \n            \n                            <div class=\"c-cta__buttons\">\n                    <a class=\"c-button button \/ c-cta__button  no-variation\" href=\"https:\/\/be.synxis.com\/?chain=5154&#038;hotel=53708&#038;theme=SBE_Nira_V1&#038;config=SBE_Nira_V1\" target=\"_blank\" rel=\"noopener\">\n    Book your stay<\/a>\n\n\n                <\/div>\n            \n                    <\/div>\n\n    <\/div>\n\n    \n    \n            <a href=\"https:\/\/be.synxis.com\/?chain=5154&#038;hotel=53708&#038;theme=SBE_Nira_V1&#038;config=SBE_Nira_V1\" class=\"c-cta__detached-anchor\" target=\"_blank\" rel=\"noopener\"><\/a>\n    \n<\/div>\n\n<\/div><\/div><\/div><\/div><\/div><\/div>","protected":false},"excerpt":{"rendered":"<p>SHANTI HOSPITALITY GROUP Construire des marques exceptionnelles et offrir des moments exceptionnels Shanti Hospitality Group est une soci\u00e9t\u00e9 d&#8217;h\u00f4tellerie et de loisirs qui se concentre sur la construction d&#8217;actifs et de marques exceptionnels. Nous nous effor\u00e7ons d&#8217;avoir un impact positif dans tout ce que nous faisons. Historiquement, chez Shanti Hospitality, nous y sommes parvenus en &hellip;<\/p>\n","protected":false},"author":53,"featured_media":0,"parent":15170,"menu_order":1,"comment_status":"closed","ping_status":"closed","template":"","meta":{"_acf_changed":false,"footnotes":""},"class_list":["post--15438","post--page","post--type-page","post--status-publish","post--hentry"],"acf":[],"_links":{"self":[{"href":"https:\/\/www.niraalpina.com\/fr\/wp-json\/wp\/v2\/pages\/15438","targetHints":{"allow":["GET"]}}],"collection":[{"href":"https:\/\/www.niraalpina.com\/fr\/wp-json\/wp\/v2\/pages"}],"about":[{"href":"https:\/\/www.niraalpina.com\/fr\/wp-json\/wp\/v2\/types\/page"}],"author":[{"embeddable":true,"href":"https:\/\/www.niraalpina.com\/fr\/wp-json\/wp\/v2\/users\/53"}],"replies":[{"embeddable":true,"href":"https:\/\/www.niraalpina.com\/fr\/wp-json\/wp\/v2\/comments?post=15438"}],"version-history":[{"count":3,"href":"https:\/\/www.niraalpina.com\/fr\/wp-json\/wp\/v2\/pages\/15438\/revisions"}],"predecessor-version":[{"id":15732,"href":"https:\/\/www.niraalpina.com\/fr\/wp-json\/wp\/v2\/pages\/15438\/revisions\/15732"}],"up":[{"embeddable":true,"href":"https:\/\/www.niraalpina.com\/fr\/wp-json\/wp\/v2\/pages\/15170"}],"wp:attachment":[{"href":"https:\/\/www.niraalpina.com\/fr\/wp-json\/wp\/v2\/media?parent=15438"}],"curies":[{"name":"wp","href":"https:\/\/api.w.org\/{rel}","templated":true}]}}