{"id":14443,"date":"2021-12-16T16:49:19","date_gmt":"2021-12-16T16:49:19","guid":{"rendered":"https:\/\/www.niraalpina.com\/nira-engiadina\/"},"modified":"2023-09-28T16:25:58","modified_gmt":"2023-09-28T16:25:58","slug":"nira-engiadina","status":"publish","type":"page","link":"https:\/\/www.niraalpina.com\/fr\/meetings-and-events\/nira-engiadina\/","title":{"rendered":"Nira Engiadina"},"content":{"rendered":"<div id=\"pl-14443\"  class=\"panel-layout\" ><div id=\"pg-14443-0\"  class=\"panel-grid panel-has-style\" ><div class=\"c-row--valign-default c-row--widget-none c-row--margin-none c-row--column-none siteorigin-panels-stretch panel-row-style panel-row-style-for-14443-0\" data-stretch-type=\"full-stretched\" ><div id=\"pgc-14443-0-0\"  class=\"panel-grid-cell\" ><div id=\"panel-14443-0-0-0\" class=\"so-panel widget widget_cn-core-hero-widget panel-first-child panel-last-child\" data-index=\"0\" ><div\n\t\t\t\n\t\t\tclass=\"so-widget-cn-core-hero-widget so-widget-cn-core-hero-widget-base\"\n\t\t\t\n\t\t><section class=\"c-hero c-hero--short\">\n    <div class=\"c-hero__inner\">\n        \n        <div class=\"c-hero__content\">\n\n            \n                            <p class=\"c-hero__subheading\">\n                    Art \u00e0 Nira Alpina                <\/p>\n                            <div class=\"s-entry \/ c-hero__text\">\n                    <p>\n                        Nira Engiadina, Vinylographie                    <\/p>\n                <\/div>\n                    <\/div>\n\n        \n    <\/div>\n\n\n\n    \n    <div data-src=\"https:\/\/hotelcms-production.imgix.net\/niraalpina.com\/wp-content\/uploads\/2021\/12\/Nira-Alpina-Bilder-SchallerGerd-5.jpg\" data-crop=\"\" class=\"imgix-fluid  crop \/ c-hero__background\"><\/div><noscript><div style=\"background-image: url(https:\/\/hotelcms-production.imgix.net\/niraalpina.com\/wp-content\/uploads\/2021\/12\/Nira-Alpina-Bilder-SchallerGerd-5.jpg);\" class=\"crop \/ c-hero__background\" ><\/div><\/noscript>\n    \n    <\/section>\n<\/div><\/div><\/div><\/div><\/div><div id=\"pg-14443-1\"  class=\"panel-grid panel-has-style\" ><div class=\"c-row--valign-default c-row--widget-none c-row--margin-none c-row--column-none siteorigin-panels-stretch panel-row-style panel-row-style-for-14443-1\" data-stretch-type=\"full-stretched\" ><div id=\"pgc-14443-1-0\"  class=\"panel-grid-cell\" ><div id=\"panel-14443-1-0-0\" class=\"so-panel widget widget_cn-core-text-widget panel-first-child\" data-index=\"1\" ><div\n\t\t\t\n\t\t\tclass=\"so-widget-cn-core-text-widget so-widget-cn-core-text-widget-base\"\n\t\t\t\n\t\t>\n<div class=\"c-text c-text--lede\" >\n\n    \n            <h2 class=\"c-text__heading\">ART NIRA ENGIADINA <\/h2>\n    \n    \n    <div class=\"c-text__content s-entry\">\n            <\/div>\n\n<\/div>\n<\/div><\/div><div id=\"panel-14443-1-0-1\" class=\"so-panel widget widget_cn-core-cta-widget\" data-index=\"2\" ><div\n\t\t\t\n\t\t\tclass=\"so-widget-cn-core-cta-widget so-widget-cn-core-cta-widget-base\"\n\t\t\t\n\t\t><div class=\"c-cta c-cta--layout-image-right no-variation has-background\">\n\n    <div class=\"c-cta__content\">\n\n        <div class=\"c-cta__inner\">\n\n                            <a href=\"https:\/\/www.bauwerk-perspektiven.de\/nira-engiadina\/\" class=\"c-cta__anchor\" target=\"_blank\" rel=\"noopener\">\n            \n            \n            \n            \n                <div class=\"c-cta__headings\">\n\n                                    <p class=\"c-cta__preheading\">\n                        Nira Engiadina                     <\/p>\n                \n                                    <h2 class=\"c-cta__heading\">\n                        Par Gerd Schaller                    <\/h2>\n                \n                \n                <\/div>\n\n            \n            \n                            <\/a>\n            \n                            <div class=\"c-cta__text \/ s-entry\">\n                    <p>Il y a beaucoup de beaux paysages sur notre plan\u00e8te. Mais peu d'entre eux ont un effet aussi puissant que l'Engadine. La majestueuse montagne, avec ses vall\u00e9es inspirantes et ses lacs cristallins, appara\u00eet sous un jour tr\u00e8s sp\u00e9cial \u2013 aussi clair et pur que nulle part ailleurs dans le monde. <\/p>\n<p>Nira Engiadina, d\u00e9riv\u00e9 de Nira (lumi\u00e8re) et du terme roman pour la vall\u00e9e de l'Inn, est un projet d'art photographique qui montre la beaut\u00e9 de cette haute vall\u00e9e \u00e0 couper le souffle, m\u00eame en dehors du grand tourisme.<\/p>\n<p>Depuis le d\u00e9but de la saison d'hiver 2021\/22, pr\u00e8s d'une centaine de photographies sont visibles dans les quatre \u00e9tages de l\u2019h\u00f4tel.<\/p>\n<p>Retrouvez plus d'informations sur l\u2019artiste Gerd Schaller et l\u2019achat d'une \u0153uvre d'art sur: <\/p>\n                <\/div>\n            \n            \n                            <div class=\"c-cta__buttons\">\n                    <a class=\"c-button button \/ c-cta__button  c-button--arrow\" target=\"_blank\" href=\"https:\/\/www.bauwerk-perspektiven.de\/nira-engiadina\/\" rel=\"noopener\">\n    Nira Engiadina <\/a>\n\n\n                <\/div>\n            \n                    <\/div>\n\n    <\/div>\n\n    \n            <div data-src=\"https:\/\/hotelcms-production.imgix.net\/niraalpina.com\/wp-content\/uploads\/2021\/12\/19-20-nira-engiadina.jpg\" data-crop=\"\" class=\"imgix-fluid  crop \/ c-background c-cta__background\"><\/div><noscript><div style=\"background-image: url(https:\/\/hotelcms-production.imgix.net\/niraalpina.com\/wp-content\/uploads\/2021\/12\/19-20-nira-engiadina.jpg);\" class=\"crop \/ c-background c-cta__background\" ><\/div><\/noscript>    \n            <a href=\"https:\/\/www.bauwerk-perspektiven.de\/nira-engiadina\/\" class=\"c-cta__detached-anchor\" target=\"_blank\" rel=\"noopener\"><\/a>\n    \n<\/div>\n\n<\/div><\/div><div id=\"panel-14443-1-0-2\" class=\"so-panel widget widget_cn-core-cta-widget panel-last-child\" data-index=\"3\" ><div\n\t\t\t\n\t\t\tclass=\"so-widget-cn-core-cta-widget so-widget-cn-core-cta-widget-base\"\n\t\t\t\n\t\t><div class=\"c-cta c-cta--layout-image-left no-variation has-background\">\n\n    <div class=\"c-cta__content\">\n\n        <div class=\"c-cta__inner\">\n\n                            <a href=\"https:\/\/vinylography.art\/\" class=\"c-cta__anchor\" target=\"_blank\" rel=\"noopener\">\n            \n            \n            \n            \n                <div class=\"c-cta__headings\">\n\n                                    <p class=\"c-cta__preheading\">\n                        VINYLOGRAPHIE                    <\/p>\n                \n                                    <h2 class=\"c-cta__heading\">\n                        Par Gerd Schaller                    <\/h2>\n                \n                \n                <\/div>\n\n            \n            \n                            <\/a>\n            \n                            <div class=\"c-cta__text \/ s-entry\">\n                    <p>L'amour, la joie, la douleur et la souffrance. De merveilleux souvenirs et des moments \u00e9mouvants. Tout le monde a ses histoires personnelles. Souvent, ils sont \u00e9troitement li\u00e9s \u00e0 la musique \u2013 avec cette chanson qui nous accompagne toute notre vie.<br \/>\nL'esth\u00e9tique de l'image, la composition, l'effet de couleur et de lumi\u00e8re font de chaque vinylographie un accroche-regard. Chaque vinylographie est strictement limit\u00e9e \u00e0 quelques exemplaires, sign\u00e9e \u00e0 la main et munie d'un certificat d'authenticit\u00e9. <\/p>\n<p>Certaines \u0153uvres d'art peuvent \u00eatre admir\u00e9es chez nous au Rooftop Bar. Voici l'exposition de Gerd Schaller : <\/p>\n                <\/div>\n            \n            \n                            <div class=\"c-cta__buttons\">\n                    <a class=\"c-button button \/ c-cta__button  c-button--arrow\" target=\"_blank\" href=\"https:\/\/vinylography.art\/\" rel=\"noopener\">\n    Vinylographie originale <\/a>\n\n\n                <\/div>\n            \n                    <\/div>\n\n    <\/div>\n\n    \n            <div data-src=\"https:\/\/hotelcms-production.imgix.net\/niraalpina.com\/wp-content\/uploads\/2021\/12\/vinylography-titel-15.jpg\" data-crop=\"\" class=\"imgix-fluid  crop \/ c-background c-cta__background\"><\/div><noscript><div style=\"background-image: url(https:\/\/hotelcms-production.imgix.net\/niraalpina.com\/wp-content\/uploads\/2021\/12\/vinylography-titel-15.jpg);\" class=\"crop \/ c-background c-cta__background\" ><\/div><\/noscript>    \n            <a href=\"https:\/\/vinylography.art\/\" class=\"c-cta__detached-anchor\" target=\"_blank\" rel=\"noopener\"><\/a>\n    \n<\/div>\n\n<\/div><\/div><\/div><\/div><\/div><div id=\"pg-14443-2\"  class=\"panel-grid panel-has-style\" ><div class=\"c-row--valign-default c-row--widget-none c-row--margin-none c-row--column-none siteorigin-panels-stretch has-background c-row--background-cover imgix-fluid crop panel-row-style panel-row-style-for-14443-2\" data-stretch-type=\"full-stretched\" data-src=\"https:\/\/hotelcms-production.imgix.net\/niraalpina.com\/wp-content\/uploads\/2017\/11\/texture.png\" data-crop=\"\" ><div id=\"pgc-14443-2-0\"  class=\"panel-grid-cell\" ><div id=\"panel-14443-2-0-0\" class=\"so-panel widget widget_cn-core-cta-widget panel-first-child panel-last-child\" data-index=\"4\" ><div\n\t\t\t\n\t\t\tclass=\"so-widget-cn-core-cta-widget so-widget-cn-core-cta-widget-base\"\n\t\t\t\n\t\t><div class=\"c-cta c-cta--layout-breaker no-variation\">\n\n    <div class=\"c-cta__content\">\n\n        <div class=\"c-cta__inner\">\n\n                            <a href=\"https:\/\/be.synxis.com\/?chain=5154&#038;hotel=53708&#038;theme=SBE_Nira_V1&#038;config=SBE_Nira_V1\" class=\"c-cta__anchor\" target=\"_blank\" rel=\"noopener\">\n            \n            \n            \n            \n                <div class=\"c-cta__headings\">\n\n                                    <p class=\"c-cta__preheading\">\n                        Bienvenue dans la spectaculaire Engadine                    <\/p>\n                \n                                    <h2 class=\"c-cta__heading\">\n                        H\u00f4tel design en Engadine                    <\/h2>\n                \n                \n                <\/div>\n\n            \n            \n                            <\/a>\n            \n                            <div class=\"c-cta__text \/ s-entry\">\n                    <p>Chez nous, vous \u00eates en plein c\u0153ur de la montagne. Si vous r\u00e9servez directement sur notre site, nous vous garantissons le meilleur tarif et des chocolats suisses dans votre chambre.<\/p>\n                <\/div>\n            \n            \n                            <div class=\"c-cta__buttons\">\n                    <a class=\"c-button button \/ c-cta__button  no-variation\" href=\"https:\/\/be.synxis.com\/?chain=5154&#038;hotel=53708&#038;theme=SBE_Nira_V1&#038;config=SBE_Nira_V1\" target=\"_blank\" rel=\"noopener\">\n    R\u00e9servez maintenant<\/a>\n\n\n                <\/div>\n            \n                    <\/div>\n\n    <\/div>\n\n    \n    \n            <a href=\"https:\/\/be.synxis.com\/?chain=5154&#038;hotel=53708&#038;theme=SBE_Nira_V1&#038;config=SBE_Nira_V1\" class=\"c-cta__detached-anchor\" target=\"_blank\" rel=\"noopener\"><\/a>\n    \n<\/div>\n\n<\/div><\/div><\/div><\/div><\/div><\/div>","protected":false},"excerpt":{"rendered":"<p>Art \u00e0 Nira Alpina Nira Engiadina, Vinylographie ART NIRA ENGIADINA Nira Engiadina Par Gerd Schaller Il y a beaucoup de beaux paysages sur notre plan\u00e8te. Mais peu d&#8217;entre eux ont un effet aussi puissant que l&#8217;Engadine. La majestueuse montagne, avec ses vall\u00e9es inspirantes et ses lacs cristallins, appara\u00eet sous un jour tr\u00e8s sp\u00e9cial \u2013 aussi &hellip;<\/p>\n","protected":false},"author":53,"featured_media":0,"parent":15646,"menu_order":1,"comment_status":"closed","ping_status":"closed","template":"","meta":{"_acf_changed":false,"footnotes":""},"class_list":["post--14443","post--page","post--type-page","post--status-publish","post--hentry"],"acf":[],"_links":{"self":[{"href":"https:\/\/www.niraalpina.com\/fr\/wp-json\/wp\/v2\/pages\/14443","targetHints":{"allow":["GET"]}}],"collection":[{"href":"https:\/\/www.niraalpina.com\/fr\/wp-json\/wp\/v2\/pages"}],"about":[{"href":"https:\/\/www.niraalpina.com\/fr\/wp-json\/wp\/v2\/types\/page"}],"author":[{"embeddable":true,"href":"https:\/\/www.niraalpina.com\/fr\/wp-json\/wp\/v2\/users\/53"}],"replies":[{"embeddable":true,"href":"https:\/\/www.niraalpina.com\/fr\/wp-json\/wp\/v2\/comments?post=14443"}],"version-history":[{"count":2,"href":"https:\/\/www.niraalpina.com\/fr\/wp-json\/wp\/v2\/pages\/14443\/revisions"}],"predecessor-version":[{"id":14649,"href":"https:\/\/www.niraalpina.com\/fr\/wp-json\/wp\/v2\/pages\/14443\/revisions\/14649"}],"up":[{"embeddable":true,"href":"https:\/\/www.niraalpina.com\/fr\/wp-json\/wp\/v2\/pages\/15646"}],"wp:attachment":[{"href":"https:\/\/www.niraalpina.com\/fr\/wp-json\/wp\/v2\/media?parent=14443"}],"curies":[{"name":"wp","href":"https:\/\/api.w.org\/{rel}","templated":true}]}}