{"id":10993,"date":"2020-05-26T12:13:54","date_gmt":"2020-05-26T12:13:54","guid":{"rendered":"https:\/\/www.niraalpina.com\/?page_id=10993"},"modified":"2025-07-04T12:49:28","modified_gmt":"2025-07-04T12:49:28","slug":"vos-hotes","status":"publish","type":"page","link":"https:\/\/www.niraalpina.com\/fr\/a-propos-de-nous\/vos-hotes\/","title":{"rendered":"Vos h\u00f4tes"},"content":{"rendered":"<div id=\"pl-10993\"  class=\"panel-layout\" ><div id=\"pg-10993-0\"  class=\"panel-grid panel-has-style\" ><div class=\"c-row--valign-default c-row--widget-none c-row--margin-none c-row--column-none siteorigin-panels-stretch panel-row-style panel-row-style-for-10993-0\" data-stretch-type=\"full-width-stretch\" ><div id=\"pgc-10993-0-0\"  class=\"panel-grid-cell\" ><div id=\"panel-10993-0-0-0\" class=\"so-panel widget widget_cn-core-hero-widget panel-first-child panel-last-child\" data-index=\"0\" ><div\n\t\t\t\n\t\t\tclass=\"so-widget-cn-core-hero-widget so-widget-cn-core-hero-widget-base\"\n\t\t\t\n\t\t><section class=\"c-hero c-hero--short\">\n    <div class=\"c-hero__inner\">\n        \n        <div class=\"c-hero__content\">\n\n                            <h1 class=\"c-hero__heading\">\n                    Vos h\u00f4tes                <\/h1>\n            \n                            <p class=\"c-hero__subheading\">\n                    L'\u00e9quipe de Nira Alpina                <\/p>\n                            <div class=\"s-entry \/ c-hero__text\">\n                    <p>\n                        Bienvenue chez nous                    <\/p>\n                <\/div>\n                    <\/div>\n\n        \n    <\/div>\n\n\n\n    \n    \n    <div data-src=\"https:\/\/hotelcms-production.imgix.net\/niraalpina.com\/wp-content\/uploads\/2020\/05\/Nira-Alpina.jpg\" data-crop=\"auto\" class=\"imgix-fluid  crop \/ c-hero__background\"><\/div><noscript><div style=\"background-image: url(https:\/\/hotelcms-production.imgix.net\/niraalpina.com\/wp-content\/uploads\/2020\/05\/Nira-Alpina.jpg);\" class=\"crop \/ c-hero__background\" ><\/div><\/noscript>\n    \n    <\/section>\n<\/div><\/div><\/div><\/div><\/div><div id=\"pg-10993-1\"  class=\"panel-grid panel-has-style\" ><div class=\"c-row--valign-default c-row--widget-spacing c-row--margin-none c-row--column-none siteorigin-panels-stretch panel-row-style panel-row-style-for-10993-1\" data-stretch-type=\"full\" ><div id=\"pgc-10993-1-0\"  class=\"panel-grid-cell\" ><div id=\"panel-10993-1-0-0\" class=\"so-panel widget widget_cn-core-text-widget panel-first-child panel-last-child\" data-index=\"1\" ><div\n\t\t\t\n\t\t\tclass=\"so-widget-cn-core-text-widget so-widget-cn-core-text-widget-base\"\n\t\t\t\n\t\t>\n<div class=\"c-text c-text--lede\" >\n\n    \n    \n    \n    <div class=\"c-text__content s-entry\">\n        <p>Nous voulons vous offrir des exp\u00e9riences inoubliables et faire tout notre possible pour rendre votre s\u00e9jour \u00e0 Nira Alpina aussi agr\u00e9able et plaisant que possible. Nous nous r\u00e9jouissons de vous accueillir chez nous!<\/p>\n    <\/div>\n\n<\/div>\n<\/div><\/div><\/div><\/div><\/div><div id=\"pg-10993-2\"  class=\"panel-grid panel-has-style\" ><div class=\"c-row--valign-default c-row--widget-default c-row--margin-default c-row--column-default siteorigin-panels-stretch panel-row-style panel-row-style-for-10993-2\" data-stretch-type=\"full\" ><div id=\"pgc-10993-2-0\"  class=\"panel-grid-cell\" ><div id=\"panel-10993-2-0-0\" class=\"so-panel widget widget_cn-core-cta-widget panel-first-child\" data-index=\"2\" ><div\n\t\t\t\n\t\t\tclass=\"so-widget-cn-core-cta-widget so-widget-cn-core-cta-widget-base\"\n\t\t\t\n\t\t><div class=\"c-cta no-layout no-variation has-background\">\n\n    <div class=\"c-cta__content\">\n\n        <div class=\"c-cta__inner\">\n\n            \n            \n                          <div class=\"crop\">\n                <div data-src=\"https:\/\/hotelcms-production.imgix.net\/niraalpina.com\/wp-content\/uploads\/2021\/11\/Claudia-Pronk-General-Manager-5.jpg\" data-crop=\"\" class=\"imgix-fluid  c-image c-cta__image\"><\/div><noscript><div style=\"background-image: url(https:\/\/hotelcms-production.imgix.net\/niraalpina.com\/wp-content\/uploads\/2021\/11\/Claudia-Pronk-General-Manager-5.jpg);\" class=\"c-image c-cta__image\" ><\/div><\/noscript>              <\/div>\n            \n            \n                <div class=\"c-cta__headings\">\n\n                                    <p class=\"c-cta__preheading\">\n                        Claudia Pronk                    <\/p>\n                \n                                    <h2 class=\"c-cta__heading\">\n                        General Manager                    <\/h2>\n                \n                \n                <\/div>\n\n            \n            \n            \n            \n            \n            \n                    <\/div>\n\n    <\/div>\n\n    \n                \n    \n<\/div>\n\n<\/div><\/div><div id=\"panel-10993-2-0-1\" class=\"so-panel widget widget_cn-core-cta-widget\" data-index=\"3\" ><div\n\t\t\t\n\t\t\tclass=\"so-widget-cn-core-cta-widget so-widget-cn-core-cta-widget-base\"\n\t\t\t\n\t\t><div class=\"c-cta no-layout no-variation has-background\">\n\n    <div class=\"c-cta__content\">\n\n        <div class=\"c-cta__inner\">\n\n            \n            \n                          <div class=\"crop\">\n                <div data-src=\"https:\/\/hotelcms-production.imgix.net\/niraalpina.com\/wp-content\/uploads\/2022\/08\/DSC3948WEB.jpg\" data-crop=\"\" class=\"imgix-fluid  c-image c-cta__image\"><\/div><noscript><div style=\"background-image: url(https:\/\/hotelcms-production.imgix.net\/niraalpina.com\/wp-content\/uploads\/2022\/08\/DSC3948WEB.jpg);\" class=\"c-image c-cta__image\" ><\/div><\/noscript>              <\/div>\n            \n            \n                <div class=\"c-cta__headings\">\n\n                                    <p class=\"c-cta__preheading\">\n                        Stefan Bl\u00fcmchen                    <\/p>\n                \n                                    <h2 class=\"c-cta__heading\">\n                        Restaurant Manager                    <\/h2>\n                \n                \n                <\/div>\n\n            \n            \n            \n            \n            \n            \n                    <\/div>\n\n    <\/div>\n\n    \n                \n    \n<\/div>\n\n<\/div><\/div><div id=\"panel-10993-2-0-2\" class=\"so-panel widget widget_cn-core-cta-widget panel-last-child\" data-index=\"4\" ><div\n\t\t\t\n\t\t\tclass=\"so-widget-cn-core-cta-widget so-widget-cn-core-cta-widget-base\"\n\t\t\t\n\t\t><div class=\"c-cta no-layout no-variation has-background\">\n\n    <div class=\"c-cta__content\">\n\n        <div class=\"c-cta__inner\">\n\n            \n            \n                          <div class=\"crop\">\n                <div data-src=\"https:\/\/hotelcms-production.imgix.net\/niraalpina.com\/wp-content\/uploads\/2021\/11\/Augusto-Freitas-Techniker-10.jpg\" data-crop=\"\" class=\"imgix-fluid  c-image c-cta__image\"><\/div><noscript><div style=\"background-image: url(https:\/\/hotelcms-production.imgix.net\/niraalpina.com\/wp-content\/uploads\/2021\/11\/Augusto-Freitas-Techniker-10.jpg);\" class=\"c-image c-cta__image\" ><\/div><\/noscript>              <\/div>\n            \n            \n                <div class=\"c-cta__headings\">\n\n                                    <p class=\"c-cta__preheading\">\n                        Augusto Freitas                    <\/p>\n                \n                                    <h2 class=\"c-cta__heading\">\n                        Technician                    <\/h2>\n                \n                \n                <\/div>\n\n            \n            \n            \n            \n            \n            \n                    <\/div>\n\n    <\/div>\n\n    \n                \n    \n<\/div>\n\n<\/div><\/div><\/div><div id=\"pgc-10993-2-1\"  class=\"panel-grid-cell\" ><div id=\"panel-10993-2-1-0\" class=\"so-panel widget widget_cn-core-cta-widget panel-first-child\" data-index=\"5\" ><div\n\t\t\t\n\t\t\tclass=\"so-widget-cn-core-cta-widget so-widget-cn-core-cta-widget-base\"\n\t\t\t\n\t\t><div class=\"c-cta no-layout no-variation has-background\">\n\n    <div class=\"c-cta__content\">\n\n        <div class=\"c-cta__inner\">\n\n            \n            \n                          <div class=\"crop\">\n                <div data-src=\"https:\/\/hotelcms-production.imgix.net\/niraalpina.com\/wp-content\/uploads\/2025\/07\/IMG_3955.jpg\" data-crop=\"\" class=\"imgix-fluid  c-image c-cta__image\"><\/div><noscript><div style=\"background-image: url(https:\/\/hotelcms-production.imgix.net\/niraalpina.com\/wp-content\/uploads\/2025\/07\/IMG_3955.jpg);\" class=\"c-image c-cta__image\" ><\/div><\/noscript>              <\/div>\n            \n            \n                <div class=\"c-cta__headings\">\n\n                                    <p class=\"c-cta__preheading\">\n                        Luca Vieli                    <\/p>\n                \n                                    <h2 class=\"c-cta__heading\">\n                        Assistant Manager                     <\/h2>\n                \n                \n                <\/div>\n\n            \n            \n            \n            \n            \n            \n                    <\/div>\n\n    <\/div>\n\n    \n                \n    \n<\/div>\n\n<\/div><\/div><div id=\"panel-10993-2-1-1\" class=\"so-panel widget widget_cn-core-cta-widget\" data-index=\"6\" ><div\n\t\t\t\n\t\t\tclass=\"so-widget-cn-core-cta-widget so-widget-cn-core-cta-widget-base\"\n\t\t\t\n\t\t><div class=\"c-cta no-layout no-variation has-background\">\n\n    <div class=\"c-cta__content\">\n\n        <div class=\"c-cta__inner\">\n\n            \n            \n                          <div class=\"crop\">\n                <div data-src=\"https:\/\/hotelcms-production.imgix.net\/niraalpina.com\/wp-content\/uploads\/2021\/11\/Janko-Glotz-small-10.jpg\" data-crop=\"\" class=\"imgix-fluid  c-image c-cta__image\"><\/div><noscript><div style=\"background-image: url(https:\/\/hotelcms-production.imgix.net\/niraalpina.com\/wp-content\/uploads\/2021\/11\/Janko-Glotz-small-10.jpg);\" class=\"c-image c-cta__image\" ><\/div><\/noscript>              <\/div>\n            \n            \n                <div class=\"c-cta__headings\">\n\n                                    <p class=\"c-cta__preheading\">\n                        Janko Glotz                    <\/p>\n                \n                                    <h2 class=\"c-cta__heading\">\n                        Executive Chef                    <\/h2>\n                \n                \n                <\/div>\n\n            \n            \n            \n            \n            \n            \n                    <\/div>\n\n    <\/div>\n\n    \n                \n    \n<\/div>\n\n<\/div><\/div><div id=\"panel-10993-2-1-2\" class=\"so-panel widget widget_cn-core-cta-widget panel-last-child\" data-index=\"7\" ><div\n\t\t\t\n\t\t\tclass=\"so-widget-cn-core-cta-widget so-widget-cn-core-cta-widget-base\"\n\t\t\t\n\t\t><div class=\"c-cta no-layout no-variation\">\n\n    <div class=\"c-cta__content\">\n\n        <div class=\"c-cta__inner\">\n\n                            <a href=\"https:\/\/www.niraalpina.com\/fr\/a-propos-de-nous\/carriere\/\" class=\"c-cta__anchor\">\n            \n            \n            \n            \n                <div class=\"c-cta__headings\">\n\n                                    <p class=\"c-cta__preheading\">\n                        \u00cates-vous notre nouveau membre de l'\u00e9quipe?                    <\/p>\n                \n                                    <h2 class=\"c-cta__heading\">\n                        Vous souhaitez \u00e9galement travailler dans un environnement dynamique et international et faire partie de notre \u00e9quipe ? Alors d\u00e9couvrez d\u00e8s maintenant nos postes vacants et rejoignez la famille Nira Alpina !                    <\/h2>\n                \n                \n                <\/div>\n\n            \n            \n                            <\/a>\n            \n            \n            \n                            <div class=\"c-cta__buttons\">\n                    <a  class=\"c-button button \/ c-cta__button  c-button--arrow\" href=\"https:\/\/www.niraalpina.com\/fr\/a-propos-de-nous\/carriere\/\">\n    Postes vacants<\/a>\n\n\n                <\/div>\n            \n                    <\/div>\n\n    <\/div>\n\n    \n    \n            <a href=\"https:\/\/www.niraalpina.com\/fr\/a-propos-de-nous\/carriere\/\" class=\"c-cta__detached-anchor\" href=\"https:\/\/www.niraalpina.com\/fr\/a-propos-de-nous\/carriere\/\"><\/a>\n    \n<\/div>\n\n<\/div><\/div><\/div><div id=\"pgc-10993-2-2\"  class=\"panel-grid-cell\" ><div id=\"panel-10993-2-2-0\" class=\"so-panel widget widget_cn-core-cta-widget panel-first-child\" data-index=\"8\" ><div\n\t\t\t\n\t\t\tclass=\"so-widget-cn-core-cta-widget so-widget-cn-core-cta-widget-base\"\n\t\t\t\n\t\t><div class=\"c-cta no-layout no-variation has-background\">\n\n    <div class=\"c-cta__content\">\n\n        <div class=\"c-cta__inner\">\n\n            \n            \n                          <div class=\"crop\">\n                <div data-src=\"https:\/\/hotelcms-production.imgix.net\/niraalpina.com\/wp-content\/uploads\/2021\/11\/Giannis-Krastanas-Reservations-Front-Office-Manager-1.jpg\" data-crop=\"\" class=\"imgix-fluid  c-image c-cta__image\"><\/div><noscript><div style=\"background-image: url(https:\/\/hotelcms-production.imgix.net\/niraalpina.com\/wp-content\/uploads\/2021\/11\/Giannis-Krastanas-Reservations-Front-Office-Manager-1.jpg);\" class=\"c-image c-cta__image\" ><\/div><\/noscript>              <\/div>\n            \n            \n                <div class=\"c-cta__headings\">\n\n                                    <p class=\"c-cta__preheading\">\n                        Giannis Krastanas                    <\/p>\n                \n                                    <h2 class=\"c-cta__heading\">\n                        Front Office &amp; Reservations Manager                    <\/h2>\n                \n                \n                <\/div>\n\n            \n            \n            \n            \n            \n            \n                    <\/div>\n\n    <\/div>\n\n    \n                \n    \n<\/div>\n\n<\/div><\/div><div id=\"panel-10993-2-2-1\" class=\"so-panel widget widget_cn-core-cta-widget panel-last-child\" data-index=\"9\" ><div\n\t\t\t\n\t\t\tclass=\"so-widget-cn-core-cta-widget so-widget-cn-core-cta-widget-base\"\n\t\t\t\n\t\t><div class=\"c-cta no-layout no-variation has-background\">\n\n    <div class=\"c-cta__content\">\n\n        <div class=\"c-cta__inner\">\n\n            \n            \n                          <div class=\"crop\">\n                <div data-src=\"https:\/\/hotelcms-production.imgix.net\/niraalpina.com\/wp-content\/uploads\/2022\/08\/Nira-Alpina-2707WEB.jpg\" data-crop=\"\" class=\"imgix-fluid  c-image c-cta__image\"><\/div><noscript><div style=\"background-image: url(https:\/\/hotelcms-production.imgix.net\/niraalpina.com\/wp-content\/uploads\/2022\/08\/Nira-Alpina-2707WEB.jpg);\" class=\"c-image c-cta__image\" ><\/div><\/noscript>              <\/div>\n            \n            \n                <div class=\"c-cta__headings\">\n\n                                    <p class=\"c-cta__preheading\">\n                        Vinicius Popolili                    <\/p>\n                \n                                    <h2 class=\"c-cta__heading\">\n                        Executive Housekeeper                    <\/h2>\n                \n                \n                <\/div>\n\n            \n            \n            \n            \n            \n            \n                    <\/div>\n\n    <\/div>\n\n    \n                \n    \n<\/div>\n\n<\/div><\/div><\/div><\/div><\/div><div id=\"pg-10993-3\"  class=\"panel-grid panel-has-style\" ><div class=\"c-row--valign-default c-row--widget-none c-row--margin-none c-row--column-large siteorigin-panels-stretch panel-row-style panel-row-style-for-10993-3\" data-stretch-type=\"full-width-stretch\" ><div id=\"pgc-10993-3-0\"  class=\"panel-grid-cell\" ><div id=\"panel-10993-3-0-0\" class=\"so-panel widget widget_cn-core-adjacent-pages-widget panel-first-child panel-last-child\" data-index=\"10\" ><div\n\t\t\t\n\t\t\tclass=\"so-widget-cn-core-adjacent-pages-widget so-widget-cn-core-adjacent-pages-widget-base\"\n\t\t\t\n\t\t><nav class=\"c-siblings  \">\n\n    <ul class=\"menu\">\n        <li class=\"c-siblings__page \/ menu__previous\">\n                            <a href=\"https:\/\/www.niraalpina.com\/about-us\/\">Back to about us<\/a>\n                    <\/li>\n\n        \n        <li class=\"c-siblings__page \/ menu__next\">\n                        <a href=\"https:\/\/www.niraalpina.com\/fr\/a-propos-de-nous\/shanti-hospitality-group\/\" class=\"\">Next page &rarr;<\/a>                    <\/li>\n    <\/ul>\n\n<\/nav><\/div><\/div><\/div><\/div><\/div><div id=\"pg-10993-4\"  class=\"panel-grid panel-has-style\" ><div class=\"c-row--valign-default c-row--widget-none c-row--margin-none c-row--column-none siteorigin-panels-stretch has-background c-row--background-cover imgix-fluid crop panel-row-style panel-row-style-for-10993-4\" data-stretch-type=\"full-width-stretch\" data-src=\"https:\/\/hotelcms-production.imgix.net\/niraalpina.com\/wp-content\/uploads\/2017\/11\/texture.png\" data-crop=\"\" ><div id=\"pgc-10993-4-0\"  class=\"panel-grid-cell\" ><div id=\"panel-10993-4-0-0\" class=\"so-panel widget widget_cn-core-cta-widget panel-first-child panel-last-child\" data-index=\"11\" ><div\n\t\t\t\n\t\t\tclass=\"so-widget-cn-core-cta-widget so-widget-cn-core-cta-widget-base\"\n\t\t\t\n\t\t><div class=\"c-cta c-cta--layout-breaker no-variation\">\n\n    <div class=\"c-cta__content\">\n\n        <div class=\"c-cta__inner\">\n\n                            <a href=\"https:\/\/be.synxis.com\/?chain=5154&#038;hotel=53708&#038;theme=SBE_Nira_V1&#038;config=SBE_Nira_V1\" class=\"c-cta__anchor\" target=\"_blank\" rel=\"noopener\">\n            \n            \n            \n            \n                <div class=\"c-cta__headings\">\n\n                                    <p class=\"c-cta__preheading\">\n                        Pure et sophistiqu\u00e9e                    <\/p>\n                \n                                    <h2 class=\"c-cta__heading\">\n                        D\u00e9couvrez notre s\u00e9duisante retraite en montagne                    <\/h2>\n                \n                \n                <\/div>\n\n            \n            \n                            <\/a>\n            \n                            <div class=\"c-cta__text \/ s-entry\">\n                    <p>L'un des endroits les plus uniques des Alpes suisses, Nira Alpina offre une vue imprenable sur une nature intacte. C\u2019est l'endroit id\u00e9al pour les aventures estivales et hivernales. Et si vous r\u00e9servez directement sur notre site, nous vous garantissons le meilleur tarif et des chocolats suisses dans votre chambre.<\/p>\n                <\/div>\n            \n            \n                            <div class=\"c-cta__buttons\">\n                    <a class=\"c-button button \/ c-cta__button  no-variation\" href=\"https:\/\/be.synxis.com\/?chain=5154&#038;hotel=53708&#038;theme=SBE_Nira_V1&#038;config=SBE_Nira_V1\" target=\"_blank\" rel=\"noopener\">\n    R\u00c9SERVEZ VOTRE S\u00c9JOUR<\/a>\n\n\n                <\/div>\n            \n                    <\/div>\n\n    <\/div>\n\n    \n    \n            <a href=\"https:\/\/be.synxis.com\/?chain=5154&#038;hotel=53708&#038;theme=SBE_Nira_V1&#038;config=SBE_Nira_V1\" class=\"c-cta__detached-anchor\" target=\"_blank\" rel=\"noopener\"><\/a>\n    \n<\/div>\n\n<\/div><\/div><\/div><\/div><\/div><\/div>","protected":false},"excerpt":{"rendered":"<p>Vos h\u00f4tes L&#8217;\u00e9quipe de Nira Alpina Bienvenue chez nous Nous voulons vous offrir des exp\u00e9riences inoubliables et faire tout notre possible pour rendre votre s\u00e9jour \u00e0 Nira Alpina aussi agr\u00e9able et plaisant que possible. Nous nous r\u00e9jouissons de vous accueillir chez nous! Claudia Pronk General Manager Stefan Bl\u00fcmchen Restaurant Manager Augusto Freitas Technician Luca Vieli &hellip;<\/p>\n","protected":false},"author":53,"featured_media":0,"parent":15170,"menu_order":0,"comment_status":"closed","ping_status":"closed","template":"","meta":{"_acf_changed":false,"footnotes":""},"class_list":["post--10993","post--page","post--type-page","post--status-publish","post--hentry"],"acf":[],"_links":{"self":[{"href":"https:\/\/www.niraalpina.com\/fr\/wp-json\/wp\/v2\/pages\/10993","targetHints":{"allow":["GET"]}}],"collection":[{"href":"https:\/\/www.niraalpina.com\/fr\/wp-json\/wp\/v2\/pages"}],"about":[{"href":"https:\/\/www.niraalpina.com\/fr\/wp-json\/wp\/v2\/types\/page"}],"author":[{"embeddable":true,"href":"https:\/\/www.niraalpina.com\/fr\/wp-json\/wp\/v2\/users\/53"}],"replies":[{"embeddable":true,"href":"https:\/\/www.niraalpina.com\/fr\/wp-json\/wp\/v2\/comments?post=10993"}],"version-history":[{"count":23,"href":"https:\/\/www.niraalpina.com\/fr\/wp-json\/wp\/v2\/pages\/10993\/revisions"}],"predecessor-version":[{"id":17610,"href":"https:\/\/www.niraalpina.com\/fr\/wp-json\/wp\/v2\/pages\/10993\/revisions\/17610"}],"up":[{"embeddable":true,"href":"https:\/\/www.niraalpina.com\/fr\/wp-json\/wp\/v2\/pages\/15170"}],"wp:attachment":[{"href":"https:\/\/www.niraalpina.com\/fr\/wp-json\/wp\/v2\/media?parent=10993"}],"curies":[{"name":"wp","href":"https:\/\/api.w.org\/{rel}","templated":true}]}}