{"id":2067,"date":"2017-11-28T08:53:35","date_gmt":"2017-11-28T08:53:35","guid":{"rendered":"https:\/\/niraalpina.testingcreative.co.uk\/kontakt\/how-to-find-us\/"},"modified":"2020-04-01T15:02:34","modified_gmt":"2020-04-01T15:02:34","slug":"lage","status":"publish","type":"page","link":"https:\/\/www.niraalpina.com\/de\/kontakt\/lage\/","title":{"rendered":"Anreise &#038; Lage"},"content":{"rendered":"<div id=\"pl-2067\"  class=\"panel-layout\" ><div id=\"pg-2067-0\"  class=\"panel-grid panel-has-style\" ><div class=\"c-row--valign-default c-row--widget-none c-row--margin-small c-row--column-none siteorigin-panels-stretch panel-row-style panel-row-style-for-2067-0\" data-stretch-type=\"full-stretched\" ><div id=\"pgc-2067-0-0\"  class=\"panel-grid-cell\" ><div id=\"panel-2067-0-0-0\" class=\"so-panel widget widget_cn-core-hero-widget panel-first-child panel-last-child\" data-index=\"0\" ><div\n\t\t\t\n\t\t\tclass=\"so-widget-cn-core-hero-widget so-widget-cn-core-hero-widget-base\"\n\t\t\t\n\t\t><section class=\"c-hero c-hero--short\">\n    <div class=\"c-hero__inner\">\n        \n        <div class=\"c-hero__content\">\n\n                            <h1 class=\"c-hero__heading\">\n                    Anreise &amp; Lage                 <\/h1>\n            \n                            <p class=\"c-hero__subheading\">\n                    Nira Alpina                <\/p>\n                            <div class=\"s-entry \/ c-hero__text\">\n                    <p>\n                        Das Abenteuer beginnt hier                    <\/p>\n                <\/div>\n                    <\/div>\n\n        \n    <\/div>\n\n\n\n    \n    \n    <div data-src=\"https:\/\/hotelcms-production.imgix.net\/niraalpina.com\/wp-content\/uploads\/2019\/05\/silvaplana-hotel-nira-alpina-low-9592.jpg\" data-crop=\"\" class=\"imgix-fluid  crop \/ c-hero__background\"><\/div><noscript><div style=\"background-image: url(https:\/\/hotelcms-production.imgix.net\/niraalpina.com\/wp-content\/uploads\/2019\/05\/silvaplana-hotel-nira-alpina-low-9592.jpg);\" class=\"crop \/ c-hero__background\" ><\/div><\/noscript>\n    \n    <\/section>\n<\/div><\/div><\/div><\/div><\/div><div id=\"pg-2067-1\"  class=\"panel-grid panel-has-style\" ><div class=\"c-row--valign-middle c-row--widget-none c-row--margin-small c-row--column-small siteorigin-panels-stretch panel-row-style panel-row-style-for-2067-1\" data-stretch-type=\"full\" ><div id=\"pgc-2067-1-0\"  class=\"panel-grid-cell\" ><div id=\"panel-2067-1-0-0\" class=\"so-panel widget widget_cn-core-cta-widget panel-first-child panel-last-child\" data-index=\"1\" ><div\n\t\t\t\n\t\t\tclass=\"so-widget-cn-core-cta-widget so-widget-cn-core-cta-widget-base\"\n\t\t\t\n\t\t><div class=\"c-cta no-layout no-variation\">\n\n    <div class=\"c-cta__content\">\n\n        <div class=\"c-cta__inner\">\n\n            \n            \n            \n            \n                <div class=\"c-cta__headings\">\n\n                \n                                    <h2 class=\"c-cta__heading\">\n                        Lage                    <\/h2>\n                \n                \n                <\/div>\n\n            \n            \n            \n                            <div class=\"c-cta__text \/ s-entry\">\n                    <p>Unsere einzigartige Lage, direkt neben dem Corvatsch, macht uns zum einzigen echten Ski-in Ski-out Hotel in der Gegend.<\/p>\n<p>In nur 15 Minuten erreichen Sie den h\u00f6chsten Punkt des Skigebietes auf 3303 Metern und im Sommer f\u00fchrt die angrenzende Seilbahn zu spektakul\u00e4ren H\u00f6henwander- und Radwegen. Wir sind auch in der N\u00e4he des Sees Silvaplana, dem ber\u00fchmten Ort f\u00fcr Kitesurfen.<\/p>\n<p><strong>Nira Alpina<\/strong><br \/>\nVia dal Corvatsch, 76<br \/>\n7513 Silvaplana-Surlej<br \/>\nCH<\/p>\n                <\/div>\n            \n            \n            \n                    <\/div>\n\n    <\/div>\n\n    \n    \n    \n<\/div>\n\n<\/div><\/div><\/div><div id=\"pgc-2067-1-1\"  class=\"panel-grid-cell\" ><div id=\"panel-2067-1-1-0\" class=\"so-panel widget widget_cn-interactive-map-widget panel-first-child panel-last-child\" data-index=\"2\" ><div\n\t\t\t\n\t\t\tclass=\"so-widget-cn-interactive-map-widget so-widget-cn-interactive-map-widget-base\"\n\t\t\t\n\t\t>\n<div\n    class=\"c-interactive-map \"\n    data-module=\"map\"\n    data-module-options='{\"data\":{\"centre\":{\"centre_location\":{\"location\":\"Via dal Corvatsch 76, 7513 Silvaplana, Switzerland\",\"lat\":46.4553326,\"lng\":9.8139095},\"centre_description\":\"\",\"centre_heading\":\"Nira Alpina\",\"centre_link\":\"\",\"centre_icon\":\"https:\\\/\\\/niraalpina-live.imgix.net\\\/wp-content\\\/uploads\\\/2017\\\/12\\\/Alpina-Map.png?fit=crop&amp;w=150&amp;h=150&amp;auto=format\",\"centre_image\":\"\",\"map_zoom\":14},\"locations\":[]},\"categories\":[],\"show_controls\":true,\"draggable\":true,\"expand_infobox\":false,\"fit_bounds\":false,\"map_type\":\"roadmap\"}'\n>\n    \n    \n    <div class=\"c-interactive-map__canvas \/ js-map-canvas\"><span class=\"c-loading\"><\/span><\/div>\n\n<\/div>\n\n<\/div><\/div><\/div><\/div><\/div><div id=\"pg-2067-2\"  class=\"panel-grid panel-has-style\" ><div class=\"c-row--valign-default c-row--widget-default c-row--margin-default c-row--column-default panel-row-style panel-row-style-for-2067-2\" ><div id=\"pgc-2067-2-0\"  class=\"panel-grid-cell\" ><div id=\"panel-2067-2-0-0\" class=\"so-panel widget widget_cn-core-text-widget panel-first-child panel-last-child\" data-index=\"3\" ><div\n\t\t\t\n\t\t\tclass=\"so-widget-cn-core-text-widget so-widget-cn-core-text-widget-base\"\n\t\t\t\n\t\t>\n<div class=\"c-text no-variation\" >\n\n    \n            <h2 class=\"c-text__heading\">Anreisebeschreibung<\/h2>\n    \n    \n    <div class=\"c-text__content s-entry\">\n        <p><strong>Nachhaltige Anreise mit der Kutsche<\/strong><br \/>\nGerne organisieren wir die Abholung vom Bahnhof St. Moritz mit einer Kutsche. (Kutschenfahrt von St.\u00a0 Moritz ins Hotel Nira Alpina ab CHF\u00a0 150)<\/p>\n<p><strong>Anreise mit dem Flugzeug<\/strong><br \/>\nDie n\u00e4chstgelegensten internationalen Flugh\u00e4fen zum Hotel sind Z\u00fcrich, Innsbruck und Mailand.<\/p>\n<ul>\n<li>Z\u00fcrich Flughafen (3 Stunden Zugfahrt; 2.5 Stunden Autofahrt)<\/li>\n<li>Innsbruck Flughafen (3 Stunden Autofahrt)<\/li>\n<li>Mailand Flughafen (2.5 Stunden Autofahrt)<\/li>\n<li>Engadin Flugplatz (15 Minuten Autofahrt)<\/li>\n<\/ul>\n<p><strong>Anreise mit dem Auto<\/strong><\/p>\n<p>Passfahrt mit dem Auto<\/p>\n<table>\n<tbody>\n<tr>\n<td width=\"461\"><strong>Anreise<\/strong><\/td>\n<td width=\"66\"><strong>Km<\/strong><\/td>\n<td width=\"71\"><strong>Std<\/strong><\/td>\n<\/tr>\n<tr>\n<td width=\"461\">Z\u00fcrich \u2013 Silvaplana-Surlej<\/p>\n<p>Z\u00fcrich \u2013 Chur \u2013 Thusis \u2013 Julier \u2013 Silvaplana-Surlej<\/p>\n<\/td>\n<td width=\"66\">200<\/td>\n<td width=\"71\">ca. 2.5<\/td>\n<\/tr>\n<tr>\n<td width=\"461\">Mailand \u2013 Silvaplana-Surlej<\/p>\n<p>Mailand \u2013 Lecco \u2013 Chiavenna \u2013 Maloja \u2013 Silvaplana-Surlej<\/p>\n<\/td>\n<td width=\"66\">170<\/td>\n<td width=\"71\">ca. 2.5<\/td>\n<\/tr>\n<tr>\n<td width=\"461\">Innsbruck \u2013 Silvaplana-Surlej<\/p>\n<p>Innsbruck \u2013 Ried im Oberinntal \u2013 Zernez \u2013 Silvaplana-Surlej<\/p>\n<\/td>\n<td width=\"66\">190<\/td>\n<td width=\"71\">ca. 3<\/td>\n<\/tr>\n<tr>\n<td width=\"461\">M\u00fcnchen \u2013 Silvaplana-Surlej<\/p>\n<p>M\u00fcnchen \u2013 Innsbruck \u2013 Ried im Oberinntal \u2013 Zernez \u2013 Silvaplana-Surlej<\/p>\n<\/td>\n<td width=\"66\">300<\/td>\n<td width=\"71\">ca. 4<\/td>\n<\/tr>\n<tr>\n<td width=\"461\">Basel \u2013 Silvaplana-Surlej<\/p>\n<p>Basel \u2013 Chur \u2013 Thusis \u2013 Julier \u2013 Silvaplana-Surlej<\/p>\n<\/td>\n<td width=\"66\">250<\/td>\n<td width=\"71\">ca. 3.5<\/td>\n<\/tr>\n<\/tbody>\n<\/table>\n<p>Falls Sie eine Passfahrt mit dem Auto umgehen m\u00f6chten, bietet sich folgende M\u00f6glichkeit, den Wagen auf den Autozug Vereina zu verladen:<\/p>\n<ul>\n<li>Klosters\/Selfranga \u2013 Sagliains im Unterengadin (Sie k\u00f6nnen bequem im Auto sitzen bleiben)<\/li>\n<\/ul>\n<p>Informieren Sie sich \u00fcber die Rh\u00e4tische Bahn:<\/p>\n<p>Autoverlad Vereina<\/p>\n<p>Tel. 0041 (0) 81 288 37 37\u00a0\u00a0<a href=\"http:\/\/www.vereina.ch\" target=\"_blank\" rel=\"noopener\">www.vereina.ch<\/a><\/p>\n<p>Sie k\u00f6nnen die kostenpflichtigen Parkpl\u00e4tze unserer Tiefgarage nach Verf\u00fcgbarkeit zu 18.00 CHF\/ Tag nutzen.<\/p>\n<p><strong>Anreise per Bahn<\/strong><\/p>\n<p>Kostenlose Hoteltransfer vom Bahnhof St. Moritz auf Anfrage.<\/p>\n<table>\n<tbody>\n<tr>\n<td width=\"461\"><strong>Anreise<\/strong><\/td>\n<td width=\"66\"><strong>Km<\/strong><\/td>\n<td width=\"71\"><strong>Std<\/strong><\/td>\n<\/tr>\n<tr>\n<td width=\"461\">Z\u00fcrich \u2013 St. Moritz<\/p>\n<p>Z\u00fcrich \u2013 Chur \u2013 St. Moritz<\/p>\n<\/td>\n<td width=\"66\">200<\/td>\n<td width=\"71\">ca. 3<\/td>\n<\/tr>\n<tr>\n<td width=\"461\">Mailand \u2013 St. Moritz<\/p>\n<p>Mailand \u2013 Colico \u2013 Chiavenna (Bus) \u2013 St. Moritz<\/p>\n<\/td>\n<td width=\"66\">170<\/td>\n<td width=\"71\">ca. 4.5<\/td>\n<\/tr>\n<tr>\n<td width=\"461\">Innsbruck \u2013 St. Moritz<\/p>\n<p>Innsbruck \u2013 Sargans \u2013 Chur \u2013 St. Moritz<\/p>\n<\/td>\n<td width=\"66\">190<\/td>\n<td width=\"71\">ca. 5<\/td>\n<\/tr>\n<tr>\n<td width=\"461\">M\u00fcnchen \u2013 St. Moritz<\/p>\n<p>M\u00fcnchen \u2013 St. Margrethen \u2013 Chur \u2013 St. Moritz<\/p>\n<\/td>\n<td width=\"66\">300<\/td>\n<td width=\"71\">ca. 6<\/td>\n<\/tr>\n<tr>\n<td width=\"461\">Basel \u2013 Silvaplana<\/p>\n<p>Basel \u2013 Chur \u2013 St. Moritz<\/p>\n<\/td>\n<td width=\"66\">250<\/td>\n<td width=\"71\">ca. 4.5<\/td>\n<\/tr>\n<\/tbody>\n<\/table>\n<p>Ihre Reise mit der Rh\u00e4tischen Bahn k\u00f6nnen Sie unter <a href=\"http:\/\/www.sbb.ch\" target=\"_blank\" rel=\"noopener\">www.sbb.ch<\/a> buchen.<\/p>\n    <\/div>\n\n<\/div>\n<\/div><\/div><\/div><\/div><\/div><div id=\"pg-2067-3\"  class=\"panel-grid panel-has-style\" ><div class=\"c-row--valign-default c-row--widget-none c-row--margin-none c-row--column-none siteorigin-panels-stretch has-background c-row--background-cover imgix-fluid crop panel-row-style panel-row-style-for-2067-3\" data-stretch-type=\"full-stretched\" data-src=\"https:\/\/hotelcms-production.imgix.net\/niraalpina.com\/wp-content\/uploads\/2017\/11\/texture.png\" data-crop=\"\" ><div id=\"pgc-2067-3-0\"  class=\"panel-grid-cell\" ><div id=\"panel-2067-3-0-0\" class=\"so-panel widget widget_cn-core-cta-widget panel-first-child panel-last-child\" data-index=\"4\" ><div\n\t\t\t\n\t\t\tclass=\"so-widget-cn-core-cta-widget so-widget-cn-core-cta-widget-base\"\n\t\t\t\n\t\t><div class=\"c-cta c-cta--layout-breaker no-variation\">\n\n    <div class=\"c-cta__content\">\n\n        <div class=\"c-cta__inner\">\n\n                            <a href=\"https:\/\/www.niraalpina.com\/rooms-suites\/\" class=\"c-cta__anchor\">\n            \n            \n            \n            \n                <div class=\"c-cta__headings\">\n\n                                    <p class=\"c-cta__preheading\">\n                        Panorama und komfortabel                    <\/p>\n                \n                                    <h2 class=\"c-cta__heading\">\n                        Entdecken Sie unseren verlockenden Bergurlaub                    <\/h2>\n                \n                \n                <\/div>\n\n            \n            \n                            <\/a>\n            \n                            <div class=\"c-cta__text \/ s-entry\">\n                    <p>Als einer der einzigartigsten Orte in den Schweizer Alpen bietet Nira Alpina atemberaubende Ausblicke auf unber\u00fchrte Natur und ist der perfekte Ort f\u00fcr Sommer- und Winterabenteuer. Und wenn Sie direkt auf unserer Website buchen, profitieren Sie von unserer Best-Rate-Garantie, einem fr\u00fchen Check-in und kostenlosen Schweizer Pralinen in Ihrem Zimmer.<\/p>\n                <\/div>\n            \n            \n                            <div class=\"c-cta__buttons\">\n                    <a class=\"c-button button \/ c-cta__button  no-variation\" href=\"https:\/\/www.niraalpina.com\/rooms-suites\/\">\n    Zimmer und Suiten<\/a>\n\n\n                <\/div>\n            \n                    <\/div>\n\n    <\/div>\n\n    \n    \n            <a href=\"https:\/\/www.niraalpina.com\/rooms-suites\/\" class=\"c-cta__detached-anchor\"><\/a>\n    \n<\/div>\n\n<\/div><\/div><\/div><\/div><\/div><\/div>","protected":false},"excerpt":{"rendered":"<p>Anreise &amp; Lage Nira Alpina Das Abenteuer beginnt hier Lage Unsere einzigartige Lage, direkt neben dem Corvatsch, macht uns zum einzigen echten Ski-in Ski-out Hotel in der Gegend. In nur 15 Minuten erreichen Sie den h\u00f6chsten Punkt des Skigebietes auf 3303 Metern und im Sommer f\u00fchrt die angrenzende Seilbahn zu spektakul\u00e4ren H\u00f6henwander- und Radwegen. Wir &hellip;<\/p>\n","protected":false},"author":1,"featured_media":0,"parent":1643,"menu_order":3,"comment_status":"closed","ping_status":"closed","template":"","meta":{"_acf_changed":false,"footnotes":""},"class_list":["post--2067","post--page","post--type-page","post--status-publish","post--hentry"],"acf":[],"_links":{"self":[{"href":"https:\/\/www.niraalpina.com\/de\/wp-json\/wp\/v2\/pages\/2067","targetHints":{"allow":["GET"]}}],"collection":[{"href":"https:\/\/www.niraalpina.com\/de\/wp-json\/wp\/v2\/pages"}],"about":[{"href":"https:\/\/www.niraalpina.com\/de\/wp-json\/wp\/v2\/types\/page"}],"author":[{"embeddable":true,"href":"https:\/\/www.niraalpina.com\/de\/wp-json\/wp\/v2\/users\/1"}],"replies":[{"embeddable":true,"href":"https:\/\/www.niraalpina.com\/de\/wp-json\/wp\/v2\/comments?post=2067"}],"version-history":[{"count":13,"href":"https:\/\/www.niraalpina.com\/de\/wp-json\/wp\/v2\/pages\/2067\/revisions"}],"predecessor-version":[{"id":7150,"href":"https:\/\/www.niraalpina.com\/de\/wp-json\/wp\/v2\/pages\/2067\/revisions\/7150"}],"up":[{"embeddable":true,"href":"https:\/\/www.niraalpina.com\/de\/wp-json\/wp\/v2\/pages\/1643"}],"wp:attachment":[{"href":"https:\/\/www.niraalpina.com\/de\/wp-json\/wp\/v2\/media?parent=2067"}],"curies":[{"name":"wp","href":"https:\/\/api.w.org\/{rel}","templated":true}]}}