{"id":2062,"date":"2017-12-01T11:22:00","date_gmt":"2017-12-01T11:22:54","guid":{"rendered":"https:\/\/niraalpina.testingcreative.co.uk\/spa\/spa-anfrage\/thank-you\/"},"modified":"2017-12-13T10:57:27","modified_gmt":"2017-12-13T10:57:27","slug":"danke","status":"publish","type":"page","link":"https:\/\/www.niraalpina.com\/de\/spa\/spa-anfrage\/danke\/","title":{"rendered":"Spa Danke"},"content":{"rendered":"<div id=\"pl-2062\"  class=\"panel-layout\" ><div id=\"pg-2062-0\"  class=\"panel-grid panel-has-style\" ><div class=\"1 siteorigin-panels-stretch panel-row-style panel-row-style-for-2062-0\" data-stretch-type=\"full-stretched\" ><div id=\"pgc-2062-0-0\"  class=\"panel-grid-cell\" ><div id=\"panel-2062-0-0-0\" class=\"so-panel widget widget_cn-core-hero-widget panel-first-child panel-last-child\" data-index=\"0\" ><div\n\t\t\t\n\t\t\tclass=\"so-widget-cn-core-hero-widget so-widget-cn-core-hero-widget-base\"\n\t\t\t\n\t\t><section class=\"c-hero c-hero--short\">\n    <div class=\"c-hero__inner\">\n        \n        <div class=\"c-hero__content\">\n\n                            <h1 class=\"c-hero__heading\">\n                    Ihre Nachricht wurde gesendet                <\/h1>\n            \n                            <p class=\"c-hero__subheading\">\n                    Vielen Dank f\u00fcr Ihre Anfrage                <\/p>\n                            <div class=\"s-entry \/ c-hero__text\">\n                    <p>\n                        Unser Team wird sich so schnell wie m\u00f6glich bei Ihnen melden                    <\/p>\n                <\/div>\n                    <\/div>\n\n        \n    <\/div>\n\n\n\n    \n    \n    <div data-src=\"https:\/\/hotelcms-production.imgix.net\/niraalpina.com\/wp-content\/uploads\/2017\/11\/NiraAlpina_DM_20121212-3032.jpg\" data-crop=\"manual\" class=\"imgix-fluid  crop \/ c-hero__background\" data-focus-horizontal=\"50\" data-focus-vertical=\"50\"><\/div><noscript><div style=\"background-image: url(https:\/\/hotelcms-production.imgix.net\/niraalpina.com\/wp-content\/uploads\/2017\/11\/NiraAlpina_DM_20121212-3032.jpg);\" class=\"crop \/ c-hero__background\" ><\/div><\/noscript>\n    \n    <\/section>\n<\/div><\/div><\/div><\/div><\/div><div id=\"pg-2062-1\"  class=\"panel-grid panel-has-style\" ><div class=\"c-row--valign-default c-row--widget-none c-row--margin-small c-row--column-default siteorigin-panels-stretch panel-row-style panel-row-style-for-2062-1\" data-stretch-type=\"full\" ><div id=\"pgc-2062-1-0\"  class=\"panel-grid-cell\" ><div id=\"panel-2062-1-0-0\" class=\"so-panel widget widget_cn-core-text-widget panel-first-child panel-last-child\" data-index=\"1\" ><div\n\t\t\t\n\t\t\tclass=\"so-widget-cn-core-text-widget so-widget-cn-core-text-widget-base\"\n\t\t\t\n\t\t>\n<div class=\"c-text c-text--lede\" >\n\n    \n    \n    \n    <div class=\"c-text__content s-entry\">\n        <div id=\"pg-201-1\" class=\"panel-grid\">\n<div class=\"c-row--valign-default c-row--widget-default c-row--margin-none c-row--column-none has-background imgix-fluid crop panel-row-style has-loaded\" data-src=\"http:\/\/shantimaurice.imgix.net\/wp-content\/uploads\/2017\/11\/texture-bg.png?auto=format&amp;\">\n<div id=\"pgc-201-1-0\" class=\"panel-grid-cell\">\n<div id=\"panel-201-1-0-0\" class=\"so-panel widget widget_cn-core-text-widget panel-first-child panel-last-child\" data-index=\"1\">\n<div class=\"so-widget-cn-core-text-widget so-widget-cn-core-text-widget-base widget-is-visible\">\n<div class=\"c-text c-text--lede\">\n<div class=\"c-text__content s-entry\">\n<p>Werfen Sie doch einen Blick auf den Rest unserer Website und planen Sie Ihren Aufenthalt im Nira Alpina w\u00e4hrend Sie warten.<\/p>\n<\/div>\n<\/div>\n<\/div>\n<\/div>\n<\/div>\n<\/div>\n<\/div>\n    <\/div>\n\n<\/div>\n<\/div><\/div><\/div><\/div><\/div><div id=\"pg-2062-2\"  class=\"panel-grid panel-has-style\" ><div class=\"c-row--valign-default c-row--widget-none c-row--margin-small c-row--column-default siteorigin-panels-stretch panel-row-style panel-row-style-for-2062-2\" data-stretch-type=\"full\" ><div id=\"pgc-2062-2-0\"  class=\"panel-grid-cell\" ><div id=\"panel-2062-2-0-0\" class=\"so-panel widget widget_cn-core-cta-widget panel-first-child panel-last-child\" data-index=\"2\" ><div\n\t\t\t\n\t\t\tclass=\"so-widget-cn-core-cta-widget so-widget-cn-core-cta-widget-base\"\n\t\t\t\n\t\t><div class=\"c-cta no-layout no-variation has-background\">\n\n    <div class=\"c-cta__content\">\n\n        <div class=\"c-cta__inner\">\n\n                            <a href=\"https:\/\/www.niraalpina.com\/rooms-suites\/\" class=\"c-cta__anchor\">\n            \n            \n                          <div class=\"crop\">\n                <div data-src=\"https:\/\/hotelcms-production.imgix.net\/niraalpina.com\/wp-content\/uploads\/2017\/11\/Nira-Alpina-Garden-Room_MR.jpg\" data-crop=\"manual\" class=\"imgix-fluid  c-image c-cta__image\" data-focus-horizontal=\"50\" data-focus-vertical=\"50\"><\/div><noscript><div style=\"background-image: url(https:\/\/hotelcms-production.imgix.net\/niraalpina.com\/wp-content\/uploads\/2017\/11\/Nira-Alpina-Garden-Room_MR.jpg);\" class=\"c-image c-cta__image\" ><\/div><\/noscript>              <\/div>\n            \n            \n                <div class=\"c-cta__headings\">\n\n                                    <p class=\"c-cta__preheading\">\n                        Un\u00fcbertroffene Aussicht                    <\/p>\n                \n                                    <h2 class=\"c-cta__heading\">\n                        Unsere Zimmer und Suiten                    <\/h2>\n                \n                \n                <\/div>\n\n            \n            \n                            <\/a>\n            \n            \n            \n            \n                    <\/div>\n\n    <\/div>\n\n    \n                \n            <a href=\"https:\/\/www.niraalpina.com\/rooms-suites\/\" class=\"c-cta__detached-anchor\"><\/a>\n    \n<\/div>\n\n<\/div><\/div><\/div><div id=\"pgc-2062-2-1\"  class=\"panel-grid-cell\" ><div id=\"panel-2062-2-1-0\" class=\"so-panel widget widget_cn-core-cta-widget panel-first-child panel-last-child\" data-index=\"3\" ><div\n\t\t\t\n\t\t\tclass=\"so-widget-cn-core-cta-widget so-widget-cn-core-cta-widget-base\"\n\t\t\t\n\t\t><div class=\"c-cta no-layout no-variation has-background\">\n\n    <div class=\"c-cta__content\">\n\n        <div class=\"c-cta__inner\">\n\n                            <a href=\"https:\/\/www.niraalpina.com\/culinary-experiences\/\" class=\"c-cta__anchor\">\n            \n            \n                          <div class=\"crop\">\n                <div data-src=\"https:\/\/hotelcms-production.imgix.net\/niraalpina.com\/wp-content\/uploads\/2017\/11\/nira-alpina-food-2_rgb_hr-1.jpg\" data-crop=\"manual\" class=\"imgix-fluid  c-image c-cta__image\" data-focus-horizontal=\"50\" data-focus-vertical=\"50\"><\/div><noscript><div style=\"background-image: url(https:\/\/hotelcms-production.imgix.net\/niraalpina.com\/wp-content\/uploads\/2017\/11\/nira-alpina-food-2_rgb_hr-1.jpg);\" class=\"c-image c-cta__image\" ><\/div><\/noscript>              <\/div>\n            \n            \n                <div class=\"c-cta__headings\">\n\n                                    <p class=\"c-cta__preheading\">\n                        Berg oben speisen                    <\/p>\n                \n                                    <h2 class=\"c-cta__heading\">\n                        Kulinarische Erlebnisse                    <\/h2>\n                \n                \n                <\/div>\n\n            \n            \n                            <\/a>\n            \n            \n            \n            \n                    <\/div>\n\n    <\/div>\n\n    \n                \n            <a href=\"https:\/\/www.niraalpina.com\/culinary-experiences\/\" class=\"c-cta__detached-anchor\"><\/a>\n    \n<\/div>\n\n<\/div><\/div><\/div><div id=\"pgc-2062-2-2\"  class=\"panel-grid-cell\" ><div id=\"panel-2062-2-2-0\" class=\"so-panel widget widget_cn-core-cta-widget panel-first-child panel-last-child\" data-index=\"4\" ><div\n\t\t\t\n\t\t\tclass=\"so-widget-cn-core-cta-widget so-widget-cn-core-cta-widget-base\"\n\t\t\t\n\t\t><div class=\"c-cta no-layout no-variation has-background\">\n\n    <div class=\"c-cta__content\">\n\n        <div class=\"c-cta__inner\">\n\n            \n            \n                          <div class=\"crop\">\n                <div data-src=\"https:\/\/hotelcms-production.imgix.net\/niraalpina.com\/wp-content\/uploads\/2017\/11\/Whirpool-02.jpg\" data-crop=\"manual\" class=\"imgix-fluid  c-image c-cta__image\" data-focus-horizontal=\"50\" data-focus-vertical=\"50\"><\/div><noscript><div style=\"background-image: url(https:\/\/hotelcms-production.imgix.net\/niraalpina.com\/wp-content\/uploads\/2017\/11\/Whirpool-02.jpg);\" class=\"c-image c-cta__image\" ><\/div><\/noscript>              <\/div>\n            \n            \n                <div class=\"c-cta__headings\">\n\n                                    <p class=\"c-cta__preheading\">\n                        K\u00f6rper und Geist                    <\/p>\n                \n                                    <h2 class=\"c-cta__heading\">\n                        Nira Spa                    <\/h2>\n                \n                \n                <\/div>\n\n            \n            \n            \n            \n            \n            \n                    <\/div>\n\n    <\/div>\n\n    \n                \n    \n<\/div>\n\n<\/div><\/div><\/div><\/div><\/div><\/div>","protected":false},"excerpt":{"rendered":"<p>Ihre Nachricht wurde gesendet Vielen Dank f\u00fcr Ihre Anfrage Unser Team wird sich so schnell wie m\u00f6glich bei Ihnen melden Werfen Sie doch einen Blick auf den Rest unserer Website und planen Sie Ihren Aufenthalt im Nira Alpina w\u00e4hrend Sie warten. Un\u00fcbertroffene Aussicht Unsere Zimmer und Suiten Berg oben speisen Kulinarische Erlebnisse K\u00f6rper und Geist &hellip;<\/p>\n","protected":false},"author":7,"featured_media":0,"parent":1479,"menu_order":0,"comment_status":"closed","ping_status":"closed","template":"","meta":{"_acf_changed":false,"footnotes":""},"class_list":["post--2062","post--page","post--type-page","post--status-publish","post--hentry"],"acf":[],"_links":{"self":[{"href":"https:\/\/www.niraalpina.com\/de\/wp-json\/wp\/v2\/pages\/2062","targetHints":{"allow":["GET"]}}],"collection":[{"href":"https:\/\/www.niraalpina.com\/de\/wp-json\/wp\/v2\/pages"}],"about":[{"href":"https:\/\/www.niraalpina.com\/de\/wp-json\/wp\/v2\/types\/page"}],"author":[{"embeddable":true,"href":"https:\/\/www.niraalpina.com\/de\/wp-json\/wp\/v2\/users\/7"}],"replies":[{"embeddable":true,"href":"https:\/\/www.niraalpina.com\/de\/wp-json\/wp\/v2\/comments?post=2062"}],"version-history":[{"count":2,"href":"https:\/\/www.niraalpina.com\/de\/wp-json\/wp\/v2\/pages\/2062\/revisions"}],"predecessor-version":[{"id":2064,"href":"https:\/\/www.niraalpina.com\/de\/wp-json\/wp\/v2\/pages\/2062\/revisions\/2064"}],"up":[{"embeddable":true,"href":"https:\/\/www.niraalpina.com\/de\/wp-json\/wp\/v2\/pages\/1479"}],"wp:attachment":[{"href":"https:\/\/www.niraalpina.com\/de\/wp-json\/wp\/v2\/media?parent=2062"}],"curies":[{"name":"wp","href":"https:\/\/api.w.org\/{rel}","templated":true}]}}