{"id":17033,"date":"2018-05-15T14:00:30","date_gmt":"2018-05-15T14:00:30","guid":{"rendered":"https:\/\/www.niraalpina.com\/kontakt\/faq\/"},"modified":"2025-05-12T13:57:17","modified_gmt":"2025-05-12T13:57:17","slug":"faq","status":"publish","type":"page","link":"https:\/\/www.niraalpina.com\/de\/kontakt\/faq\/","title":{"rendered":"FAQ"},"content":{"rendered":"<div id=\"pl-17033\"  class=\"panel-layout\" ><div id=\"pg-17033-0\"  class=\"panel-grid panel-has-style\" ><div class=\"c-row--valign-default c-row--widget-default c-row--margin-default c-row--column-default siteorigin-panels-stretch panel-row-style panel-row-style-for-17033-0\" data-stretch-type=\"full-width-stretch\" ><div id=\"pgc-17033-0-0\"  class=\"panel-grid-cell\" ><div id=\"panel-17033-0-0-0\" class=\"so-panel widget widget_cn-core-hero-widget panel-first-child panel-last-child\" data-index=\"0\" ><div\n\t\t\t\n\t\t\tclass=\"so-widget-cn-core-hero-widget so-widget-cn-core-hero-widget-base\"\n\t\t\t\n\t\t><section class=\"c-hero c-hero--short\">\n    <div class=\"c-hero__inner\">\n        \n        <div class=\"c-hero__content\">\n\n            \n                            <p class=\"c-hero__subheading\">\n                    Frequently Asked Questions                <\/p>\n                    <\/div>\n\n        \n    <\/div>\n\n\n\n    \n    \n    <div data-src=\"https:\/\/hotelcms-production.imgix.net\/niraalpina.com\/wp-content\/uploads\/2018\/09\/NiraAlpina_DM_20121212-3007-LR.jpg\" data-crop=\"\" class=\"imgix-fluid  crop \/ c-hero__background\"><\/div><noscript><div style=\"background-image: url(https:\/\/hotelcms-production.imgix.net\/niraalpina.com\/wp-content\/uploads\/2018\/09\/NiraAlpina_DM_20121212-3007-LR.jpg);\" class=\"crop \/ c-hero__background\" ><\/div><\/noscript>\n    \n    <\/section>\n<\/div><\/div><\/div><\/div><\/div><div id=\"pg-17033-1\"  class=\"panel-grid panel-no-style\" ><div id=\"pgc-17033-1-0\"  class=\"panel-grid-cell\" ><div id=\"panel-17033-1-0-0\" class=\"so-panel widget widget_cn-core-text-widget panel-first-child panel-last-child\" data-index=\"1\" ><div\n\t\t\t\n\t\t\tclass=\"so-widget-cn-core-text-widget so-widget-cn-core-text-widget-base\"\n\t\t\t\n\t\t>\n<div class=\"c-text no-variation\" >\n\n                    <p class=\"c-text__preheading\">FAQ<\/p>\n    \n    \n    \n    <div class=\"c-text__content s-entry\">\n        <p><strong>Wann sind die Check-in- und Check-out-Zeiten?<\/strong><br \/>\nCheck in ist ab 15.00 Uhr.<br \/>\nCheck out ist bis 11.00 Uhr.<\/p>\n<p><strong>Sind die Preise pro Zimmer oder pro Person?<\/strong><br \/>\nAlle unsere Preise verstehen sich pro Zimmer und Nacht.<\/p>\n<p><strong>Ist das Fr\u00fchst\u00fcck im Zimmerpreis inbegriffen?<\/strong><br \/>\nAlle unsere Preise beinhalten unser reichhaltiges Fr\u00fchst\u00fccksbuffet.<\/p>\n<p><strong>Zu welcher Zeit wird das Fr\u00fchst\u00fcck serviert?<\/strong><br \/>\nDas Fr\u00fchst\u00fcck wird zwischen 07.00 und 10.30 Uhr im Restaurant Stars auf der 5. Etage angeboten.<\/p>\n<p><strong>Haben Sie Nichtraucherzimmer?<\/strong><br \/>\nAlle unsere Zimmer sowie unsere \u00f6ffentlichen Bereiche sind Nichtraucherr\u00e4ume. In unserer Rooftop Bar haben wir eine separate Smokers Lounge.<\/p>\n<p><strong>Wie viele Stockwerke sind im Hotel und haben Sie einen Fahrstuhl?<\/strong><br \/>\nEs gibt 5 Stockwerke, die alle mit Aufz\u00fcgen erreichbar sind.<\/p>\n<p><strong>Welche Sprachen werden an der Rezeption gesprochen?<\/strong><br \/>\nDeutsch, Englisch, Italienisch, Griechisch<\/p>\n<p><strong>Haben die Zimmer eine Terrasse oder Balkon?<\/strong><br \/>\nUnsere Gartenzimmer haben Zugang zum Garten, unsere anderen Zimmer haben einen Balkon oder eine Terrasse. Nur unsere Mountain View Zimmer haben weder einen Balkon noch eine Terrasse.<\/p>\n<p><strong>Gibt es Fernseher mit internationalen Kan\u00e4len in den Zimmern?<\/strong><br \/>\nAlle unsere Zimmer verf\u00fcgen \u00fcber Flachbild-TVs mit einer grossen Auswahl an internationalen TV-Kan\u00e4len und einigen Radiokan\u00e4len.<\/p>\n<p><strong>Haben Sie einen Internetzugang im Hotel?<\/strong><br \/>\nJa, wir haben kostenlosen WLAN-Internetzugang in allen Zimmern und G\u00e4ste-Bereiche.<\/p>\n<p><strong>Ist das Hotel ein Ski-in Ski-out?<\/strong><br \/>\nJa, wir befinden uns direkt neben dem Corvatsch Berg- und Skigebiet und die Seilbahn befindet sich direkt gegen\u00fcber dem Hotel und ist entweder \u00fcber eine \u00fcberdachte Br\u00fccke, die das Hotel mit der Seilbahn verbindet, oder \u00fcber die Strasse zu erreichen.<\/p>\n<p><strong>Wie viel kostet der Skipass?<\/strong><br \/>\nWenn Sie l\u00e4nger als eine Nacht bleiben, k\u00f6nnen Sie den Hotel-Skipass f\u00fcr CHF 47.- erwerben. Dieses Sonderangebot gilt pro Person und pro Tag und ist nur f\u00fcr die gesamte Dauer Ihres Aufenthaltes buchbar.<br \/>\nIm Sommer ist die Bergbahn ab 2 N\u00e4chte Aufenthalt inklusive.<\/p>\n<p><strong>Gibt es einen \u00fcberdachten Parkplatz?<\/strong><br \/>\nJa, wir haben eine Garage. Die Parkgeb\u00fchr betr\u00e4gt CHF 18.00 pro Fahrzeug und Nacht.<\/p>\n<p><strong>Wo liegt der n\u00e4chste Flughafen?<\/strong><br \/>\nSt. Moritz - Samedan Flughafen (15 Minuten mit dem Auto)<br \/>\nZ\u00fcrich Flughafen (ca. 3 Stunden mit dem Auto)<br \/>\nMilan Airport (ca. 3 Stunden mit dem Auto)<\/p>\n<p><strong>Wo ist der n\u00e4chste Bahnhof?<\/strong><br \/>\nSt. Moritz Bahnhof ist ca. 5 km vom Hotel entfernt.<\/p>\n<p><strong>Haben Sie einen Abhol- oder Shuttleservice von und zum Bahnhof?<\/strong><br \/>\nGerne organisieren wir den Transfer vom Bahnhof St. Moritz zum Hotel auf Anfrage und nach Verf\u00fcgbarkeit. Bitte beachten Sie, dass maximal 7 Personen einschliesslich Gep\u00e4ck gleichzeitig transportiert werden k\u00f6nnen.<\/p>\n<p><strong>Sind Haustiere in der Unterkunft erlaubt?<\/strong><br \/>\nHunde sind mit einem Zuschlag von CHF 20 pro Hund und Tag erlaubt. Hunde sind im Restaurant Stars und im Spa nicht gestattet.<\/p>\n<p><strong>Wie sind die \u00d6ffnungszeiten des Spas?<\/strong><br \/>\nUnser Spa ist im Sommer t\u00e4glich von 10.00 bis 20.00 Uhr ge\u00f6ffnet. Im Winter sind die \u00d6ffnungszeiten t\u00e4glich von 10.00 bis 21.00 Uhr<\/p>\n<p><strong>Sind Kinder im Spa erlaubt?<\/strong><br \/>\nKinder unter 16 Jahren sind im Spa bis 17.30 Uhr gestattet.<\/p>\n<p><strong>K\u00f6nnen wir unser Elektroauto in der Garage aufladen?<\/strong><br \/>\nJa, in unserer Garage gibt es eine eigene Ladestation f\u00fcr Elektroautos.<\/p>\n<p><img loading=\"lazy\" decoding=\"async\" class=\"alignnone wp-image-17014 size-medium\" src=\"https:\/\/niraalpina-live.imgix.net\/wp-content\/uploads\/2024\/12\/sleep-ski-small.png?w=300&amp;amp;h=300&amp;amp;auto=format\" alt=\"Sleep + Ski Angebot\" width=\"212\" height=\"300\" srcset=\"https:\/\/hotelcms-production.imgix.net\/niraalpina.com\/wp-content\/uploads\/2024\/12\/sleep-ski-small.png 223w, https:\/\/hotelcms-production.imgix.net\/niraalpina.com\/wp-content\/uploads\/2024\/12\/sleep-ski-small-212x300.png 212w\" sizes=\"auto, (max-width: 212px) 100vw, 212px\" \/><\/p>\n<p><strong>Gut zu wissen f\u00fcr Winter<\/strong><\/p>\n<p><strong>Was ist Ski in Ski out?<\/strong><br \/>\nWas gibt es Sch\u00f6neres, als direkt vom Hotel auf die Skipiste.<br \/>\nDas Nira Alpina bietet einen unmittelbaren Zugang zum Corvatsch-Skigebiet, es ist \u00fcber einen privaten Zugang mit der Corvatsch Seilbahnstation verbunden.<\/p>\n<p><strong>Wo kann ich den Skipass kaufen?<\/strong><br \/>\nDen Skipass k\u00f6nnen Sie f\u00fcr CHF 45 pro Tag und Erwachsenen und nur f\u00fcr die gesamte Dauer des Aufenthaltes hinzubuchen. Mit diesem Skipass k\u00f6nnen Sie alle Skilifte sowie die \u00f6ffentlichen Verkehrsmittel im Oberengadin nutzen.<br \/>\nBitte wenden Sie sich an die Rezeption f\u00fcr weitere Informationen.<\/p>\n<p><strong>Was ist der Snow Deal?<\/strong><br \/>\nIm Winter gilt ein neues Preismodell f\u00fcr die Skip\u00e4sse der Oberengadiner Bergbahnen. Die Preise f\u00fcr Tages- und Mehrtageskarten sind je nach Nachfrage am jeweiligen G\u00fcltigkeitstag unterschiedlich hoch. Jetzt Skipass kaufen unter: <a href=\"http:\/\/www.snow-deal.ch\" target=\"_blank\" rel=\"noopener\">www.snow-deal.ch<\/a><\/p>\n<p><strong>Gibt es einen Skiraum?<\/strong><br \/>\nBitte verstauen Sie Ihre Skier und Skischuhe oder Ihre Wanderschuhe in unserem Skiraum im 1. Stock, den Sie \u00fcber den Aufzug erreichen. Ihren pers\u00f6nlichen Skischrank k\u00f6nnen Sie mit Ihrer Zimmerkarte \u00f6ffnen. F\u00fcr weitere Informationen und Hilfe wenden Sie sich bitte an unsere Rezeption.<\/p>\n<p><strong>Skigebiet und Transport<\/strong><br \/>\nDas Skigebiet St. Moritz umfasst:<br \/>\nCorvatsch direkt neben dem Hotel<br \/>\nCorviglia und Piz Nair ca 7 km<br \/>\nDiavolezza \/ Lagalp ca 25 km<\/p>\n<p>Alle Skigebiete sind mit dem Auto erreichbar und ausreichend Parkpl\u00e4tze sind vorhanden.<br \/>\nSie k\u00f6nnen auch mit dem Bus erreicht werden. Die Bushaltestelle befindet sich direkt gegen\u00fcber vom Hotel und die Busverbindung ist im Skipass enthalten.<br \/>\nZwischen dem Skigebiet Corvatsch (Silvaplana-Surlej) und dem Skigebiet Corviglia (Bahnhof St. Moritz Bad, Signal) besteht eine direkte Verbindung mit dem Hahnensee-Express, der halbst\u00fcndlich in beide Richtungen f\u00e4hrt.<\/p>\n<p><strong>Welche Busse fahren nach St. Moritz?<\/strong><br \/>\nBus Nr. 601 f\u00e4hrt ab 08.45 Uhr im 30 Minuten Takt in Richtung St. Moritz Bahnhof. Der letzte Bus f\u00e4hrt um 19.45 Uhr.<br \/>\nBus Nr. 602 f\u00e4hrt ab 08.29 im 30 Minuten Takt ins Zentrum nach St. Moritz., Haltestelle \u201cSchulhausplatz\u201d. Der letzte Bus ist um 17.59 Uhr.<br \/>\nBus Nr. 603 f\u00e4hrt ab 08.05 Uhr im 30 Minuten Takt nach St. Moritz Zentrum, Haltestelle \u201cSchulhausplatz\u201d. Der letzte Bus ist um 17.35 Uhr.<\/p>\n<p><strong>Wo kann ich Winter\/Ski Ausr\u00fcstung mieten?<\/strong><br \/>\nCa 400 m vor dem Nira Alpina liegt der Skiservice Corvatsch. Dort k\u00f6nnen Sie Ausr\u00fcstung und Bekleidung f\u00fcr diverse Outdoor Aktivit\u00e4ten mieten und kaufen.<br \/>\n<a href=\"http:\/\/www.skiservice-corvatsch.ch\/\" target=\"_blank\" rel=\"noopener\">http:\/\/www.skiservice-corvatsch.ch\/<\/a> Wir empfehlen Ski Ausr\u00fcstung im Vorfeld zu reservieren.<br \/>\nZum Ski Service wird ein Shuttle angeboten. Bitte wenden Sie sich daf\u00fcr direkt an die Rezeption.<br \/>\nGegen\u00fcber vom Hotel gibt es auch ein Intersport wo Sie Winter Ausr\u00fcstung mieten k\u00f6nnen..<br \/>\n<a href=\"http:\/\/www.rentnetwork-engadin.ch\/\" target=\"_blank\" rel=\"noopener\">http:\/\/www.rentnetwork-engadin.ch\/<\/a><\/p>\n<p><strong>Wo kann ich Skiunterricht buchen \/ mit welchen Skischulen arbeiten Sie?<\/strong><br \/>\nUnsere Partner f\u00fcr Skiunterricht sind:<br \/>\nSchweizer Skischule Corvatsch-Pontresina <a href=\"http:\/\/www.ssscp.ch\" target=\"_blank\" rel=\"noopener\">www.ssscp.ch<\/a><br \/>\nDie Skischule Corvatsch ist ca 400 m vom Nira Alpina entfernt.<br \/>\nSki Cool <a href=\"http:\/\/www.skicool.ch\/\" target=\"_blank\" rel=\"noopener\">http:\/\/www.skicool.ch\/<\/a><br \/>\nWir empfehlen, im Voraus zu buchen und helfen Ihnen gerne weiter.<\/p>\n<p><strong>Was ist Snow Night?<\/strong><br \/>\nJeden Freitag ab 19:00 Uhr findet auf dem Corvatsch die Snow Night statt. Das bedeutet, dass die Piste zum n\u00e4chtlichen Skifahren mit Flutlichtern beleuchtet wird. Bitte kontaktieren Sie die Rezeption f\u00fcr Tickets und weitere Informationen.<\/p>\n<p><strong>Wie sind die Schwierigkeitsgrade der Skipisten in der Region Engadin St. Moritz?<\/strong><br \/>\nDie Region bietet 88 Abfahrten, von denen 20% als leicht, 70% mittel und 10% als schwierig eingestuft werden.<br \/>\nL\u00e4ngste Abfahrt: 10 km (Gletscherwanderung von Diavolezza nach Morteratsch).<br \/>\nSteilste Abfahrt in Graub\u00fcnden (Lagalb): 86% Gef\u00e4lle.<br \/>\nFreestyle - 3 Snowparks: Snowpark Corvatsch mit 6,8 m hoher Halfpipe und Bag Jump, Corviglia Snow Park mit neuer Fun Slope und Zuoz Snow Park.<\/p>\n<p><strong>3D reality map:<\/strong><br \/>\n<a href=\"https:\/\/3d.realitymaps.de\/StMoritz\/\" target=\"_blank\" rel=\"noopener\">https:\/\/3d.realitymaps.de\/StMoritz\/<\/a><\/p>\n<p><strong>Wie sind die Skilift Betriebszeiten?<\/strong><br \/>\nDie direkt gegen\u00fcberliegende Corvatsch Bahn ist w\u00e4hrend der gesamten Wintersaison f\u00fcr Sie in Betrieb. Die Bahn f\u00e4hrt t\u00e4glich ab 8:20 Uhr alle 20 Minuten zum Gipfel des Corvatsch auf 3303m\/\u00fcM. Die letzte Bergfahrt ist um 16:00 Uhr (ab 10. Februar um 16:20 Uhr) und die letzte Talfahrt verl\u00e4sst die Corvatsch Bergstation um 17:00 Uhr (ab 10. Februar um 17:20 Uhr).<\/p>\n<p><strong>Wintersportarten im Engadin?<\/strong><br \/>\nDas Engadin bietet eine grosse Auswahl an Winteraktivit\u00e4ten wie Rodeln, Schneeschuhwandern, Langlaufski, Eislaufen, Snow Kiten, Winterwandern, Bobfahren, Reiten oder Yoga im Schnee.<br \/>\nBitte kontaktieren Sie die Rezeption f\u00fcr weitere Informationen und besuchen Sie: <a href=\"https:\/\/www.engadin.ch\/de\/guide\/aktivitaeten\" target=\"_blank\" rel=\"noopener\">https:\/\/www.engadin.stmoritz.ch\/winter\/en\/activities\/sports\/<\/a><\/p>\n    <\/div>\n\n<\/div>\n<\/div><\/div><\/div><\/div><\/div>","protected":false},"excerpt":{"rendered":"<p>Frequently Asked Questions FAQ Wann sind die Check-in- und Check-out-Zeiten? Check in ist ab 15.00 Uhr. Check out ist bis 11.00 Uhr. Sind die Preise pro Zimmer oder pro Person? Alle unsere Preise verstehen sich pro Zimmer und Nacht. Ist das Fr\u00fchst\u00fcck im Zimmerpreis inbegriffen? Alle unsere Preise beinhalten unser reichhaltiges Fr\u00fchst\u00fccksbuffet. Zu welcher Zeit &hellip;<\/p>\n","protected":false},"author":1,"featured_media":0,"parent":1643,"menu_order":1,"comment_status":"closed","ping_status":"closed","template":"","meta":{"_acf_changed":false,"footnotes":""},"class_list":["post--17033","post--page","post--type-page","post--status-publish","post--hentry"],"acf":[],"_links":{"self":[{"href":"https:\/\/www.niraalpina.com\/de\/wp-json\/wp\/v2\/pages\/17033","targetHints":{"allow":["GET"]}}],"collection":[{"href":"https:\/\/www.niraalpina.com\/de\/wp-json\/wp\/v2\/pages"}],"about":[{"href":"https:\/\/www.niraalpina.com\/de\/wp-json\/wp\/v2\/types\/page"}],"author":[{"embeddable":true,"href":"https:\/\/www.niraalpina.com\/de\/wp-json\/wp\/v2\/users\/1"}],"replies":[{"embeddable":true,"href":"https:\/\/www.niraalpina.com\/de\/wp-json\/wp\/v2\/comments?post=17033"}],"version-history":[{"count":6,"href":"https:\/\/www.niraalpina.com\/de\/wp-json\/wp\/v2\/pages\/17033\/revisions"}],"predecessor-version":[{"id":17498,"href":"https:\/\/www.niraalpina.com\/de\/wp-json\/wp\/v2\/pages\/17033\/revisions\/17498"}],"up":[{"embeddable":true,"href":"https:\/\/www.niraalpina.com\/de\/wp-json\/wp\/v2\/pages\/1643"}],"wp:attachment":[{"href":"https:\/\/www.niraalpina.com\/de\/wp-json\/wp\/v2\/media?parent=17033"}],"curies":[{"name":"wp","href":"https:\/\/api.w.org\/{rel}","templated":true}]}}