{"id":1612,"date":"2017-11-26T14:18:47","date_gmt":"2017-11-26T14:18:47","guid":{"rendered":"https:\/\/niraalpina.testingcreative.co.uk\/about-us\/additional-facilities\/"},"modified":"2017-12-15T15:48:21","modified_gmt":"2017-12-15T15:48:21","slug":"zusaetzliche-einrichtungen","status":"publish","type":"page","link":"https:\/\/www.niraalpina.com\/de\/meetings-and-events\/zusaetzliche-einrichtungen\/","title":{"rendered":"Zus\u00e4tzliche Einrichtungen"},"content":{"rendered":"<div id=\"pl-1612\"  class=\"panel-layout\" ><div id=\"pg-1612-0\"  class=\"panel-grid panel-has-style\" ><div class=\"c-row--valign-default c-row--widget-default c-row--margin-none c-row--column-default siteorigin-panels-stretch panel-row-style panel-row-style-for-1612-0\" data-stretch-type=\"full-stretched\" ><div id=\"pgc-1612-0-0\"  class=\"panel-grid-cell\" ><div id=\"panel-1612-0-0-0\" class=\"so-panel widget widget_cn-core-hero-widget panel-first-child panel-last-child\" data-index=\"0\" ><div\n\t\t\t\n\t\t\tclass=\"so-widget-cn-core-hero-widget so-widget-cn-core-hero-widget-base\"\n\t\t\t\n\t\t><section class=\"c-hero c-hero--short\">\n    <div class=\"c-hero__inner\">\n        \n        <div class=\"c-hero__content\">\n\n                            <h1 class=\"c-hero__heading\">\n                    Zus\u00e4tzliche Einrichtungen                <\/h1>\n            \n                            <p class=\"c-hero__subheading\">\n                    Endlose M\u00f6glichkeiten in den Alpen                <\/p>\n                            <div class=\"s-entry \/ c-hero__text\">\n                    <p>\n                        F\u00fchlen Sie sich wie zu Hause                    <\/p>\n                <\/div>\n                    <\/div>\n\n        \n    <\/div>\n\n\n\n    \n    \n    <div data-src=\"https:\/\/hotelcms-production.imgix.net\/niraalpina.com\/wp-content\/uploads\/2017\/11\/Nira-Alpina-Pool2-RGB.jpg\" data-crop=\"manual\" class=\"imgix-fluid  crop \/ c-hero__background\" data-focus-horizontal=\"50\" data-focus-vertical=\"50\"><\/div><noscript><div style=\"background-image: url(https:\/\/hotelcms-production.imgix.net\/niraalpina.com\/wp-content\/uploads\/2017\/11\/Nira-Alpina-Pool2-RGB.jpg);\" class=\"crop \/ c-hero__background\" ><\/div><\/noscript>\n    \n    <\/section>\n<\/div><\/div><\/div><\/div><\/div><div id=\"pg-1612-1\"  class=\"panel-grid panel-has-style\" ><div class=\"c-row--valign-default c-row--widget-spacing c-row--margin-none c-row--column-default siteorigin-panels-stretch panel-row-style panel-row-style-for-1612-1\" data-stretch-type=\"full\" ><div id=\"pgc-1612-1-0\"  class=\"panel-grid-cell\" ><div id=\"panel-1612-1-0-0\" class=\"so-panel widget widget_cn-core-text-widget panel-first-child panel-last-child\" data-index=\"1\" ><div\n\t\t\t\n\t\t\tclass=\"so-widget-cn-core-text-widget so-widget-cn-core-text-widget-base\"\n\t\t\t\n\t\t>\n<div class=\"c-text c-text--lede\" >\n\n    \n    \n    \n    <div class=\"c-text__content s-entry\">\n        <p>Unser Hotel ist modern und komfortabel mit endlosen M\u00f6glichkeiten zur Entspannung und Erkundung. Neben unseren Restaurants, Spa und Fitnesseinrichtungen haben wir eine Reihe von zus\u00e4tzlichen Einrichtungen f\u00fcr alle G\u00e4ste zur Verf\u00fcgung.<\/p>\n    <\/div>\n\n<\/div>\n<\/div><\/div><\/div><\/div><\/div><div id=\"pg-1612-2\"  class=\"panel-grid panel-has-style\" ><div class=\"c-row--valign-default c-row--widget-none c-row--margin-none c-row--column-default siteorigin-panels-stretch panel-row-style panel-row-style-for-1612-2\" data-stretch-type=\"full-stretched\" ><div id=\"pgc-1612-2-0\"  class=\"panel-grid-cell\" ><div id=\"panel-1612-2-0-0\" class=\"so-panel widget widget_cn-core-cta-widget panel-first-child panel-last-child\" data-index=\"2\" ><div\n\t\t\t\n\t\t\tclass=\"so-widget-cn-core-cta-widget so-widget-cn-core-cta-widget-base\"\n\t\t\t\n\t\t><div class=\"c-cta c-cta--layout-image-left no-variation has-background\">\n\n    <div class=\"c-cta__content\">\n\n        <div class=\"c-cta__inner\">\n\n            \n            \n            \n            \n                <div class=\"c-cta__headings\">\n\n                \n                                    <h2 class=\"c-cta__heading\">\n                        Pop-up store                    <\/h2>\n                \n                \n                <\/div>\n\n            \n            \n            \n                            <div class=\"c-cta__text \/ s-entry\">\n                    <p>Klein aber oho \u2013 die neue Pop-up Boutique im Nira Alpina wurde eigens f\u00fcr die kleinsten G\u00e4ste gestaltet. Designed vom f\u00fchrenden Sportartikelgesch\u00e4ft, Skiservice Corvatsch, ist der neue Pop-up Store der kleinste Sportladen in den Alpen und ganz nach dem Geschmack von Kindern eingerichtet.<br \/>\nDer neue Pop-up Store unter der grossen Eingangstreppe des Nira Alpina ist gerade mal sechs Quadratmeter gross und nur 1,70 Meter hoch. Es gibt eine Auswahl an Sportbekleidung, Accessoires und Spielsachen. So sind die Kleinen perfekt ger\u00fcstet, um den ganzen Tag in der Natur zu verbringen und sehen zudem super aus.<br \/>\nT\u00e4glich ge\u00f6ffnet.<\/p>\n                <\/div>\n            \n            \n            \n                    <\/div>\n\n    <\/div>\n\n    \n            <div data-src=\"https:\/\/hotelcms-production.imgix.net\/niraalpina.com\/wp-content\/uploads\/2017\/11\/DSC_0308.jpg\" data-crop=\"manual\" class=\"imgix-fluid  crop \/ c-background c-cta__background\" data-focus-horizontal=\"50\" data-focus-vertical=\"50\"><\/div><noscript><div style=\"background-image: url(https:\/\/hotelcms-production.imgix.net\/niraalpina.com\/wp-content\/uploads\/2017\/11\/DSC_0308.jpg);\" class=\"crop \/ c-background c-cta__background\" ><\/div><\/noscript>    \n    \n<\/div>\n\n<\/div><\/div><\/div><\/div><\/div><div id=\"pg-1612-3\"  class=\"panel-grid panel-has-style\" ><div class=\"c-row--valign-default c-row--widget-none c-row--margin-small c-row--column-default siteorigin-panels-stretch panel-row-style panel-row-style-for-1612-3\" data-stretch-type=\"full-stretched\" ><div id=\"pgc-1612-3-0\"  class=\"panel-grid-cell\" ><div id=\"panel-1612-3-0-0\" class=\"so-panel widget widget_cn-core-cta-widget panel-first-child panel-last-child\" data-index=\"3\" ><div\n\t\t\t\n\t\t\tclass=\"so-widget-cn-core-cta-widget so-widget-cn-core-cta-widget-base\"\n\t\t\t\n\t\t><div class=\"c-cta c-cta--layout-image-right no-variation has-background\">\n\n    <div class=\"c-cta__content\">\n\n        <div class=\"c-cta__inner\">\n\n            \n            \n            \n            \n                <div class=\"c-cta__headings\">\n\n                \n                                    <h2 class=\"c-cta__heading\">\n                        Bibliothek                    <\/h2>\n                \n                \n                <\/div>\n\n            \n            \n            \n                            <div class=\"c-cta__text \/ s-entry\">\n                    <p>Trainieren Sie Ihren Geist nach einem Tag auf den Pisten oder Pfaden. Unsere Bibliothek deckt die meisten Interessen ab, von Marilyn Monroe bis K\u00f6nigin Elizabeth II. und von Leonardo da Vinci bis Mario Testino.\u00a0Nat\u00fcrlich gibt es auch Literatur \u00fcber das Nira Alpina bis hin zu den regionalen Ski-, Snowboard-, Wander- und Radzielen. F\u00fcr ein Lesevergn\u00fcgen ohne Grenzen steht Ihnen ein Apple Computer mit kostenlosem Wi-Fi bereit. Die Bibliothek ist ein entspannender R\u00fcckzugsort, dessen bequeme Ledersofas zum Verweilen einladen.<\/p>\n                <\/div>\n            \n            \n            \n                    <\/div>\n\n    <\/div>\n\n    \n            <div data-src=\"https:\/\/hotelcms-production.imgix.net\/niraalpina.com\/wp-content\/uploads\/2017\/11\/Nira-Alpina-Library-RGB.jpg\" data-crop=\"manual\" class=\"imgix-fluid  crop \/ c-background c-cta__background\" data-focus-horizontal=\"50\" data-focus-vertical=\"50\"><\/div><noscript><div style=\"background-image: url(https:\/\/hotelcms-production.imgix.net\/niraalpina.com\/wp-content\/uploads\/2017\/11\/Nira-Alpina-Library-RGB.jpg);\" class=\"crop \/ c-background c-cta__background\" ><\/div><\/noscript>    \n    \n<\/div>\n\n<\/div><\/div><\/div><\/div><\/div><div id=\"pg-1612-4\"  class=\"panel-grid panel-has-style\" ><div class=\"c-row--valign-default c-row--widget-none c-row--margin-default c-row--column-default siteorigin-panels-stretch panel-row-style panel-row-style-for-1612-4\" data-stretch-type=\"full-stretched\" ><div id=\"pgc-1612-4-0\"  class=\"panel-grid-cell\" ><div id=\"panel-1612-4-0-0\" class=\"so-panel widget widget_cn-core-adjacent-pages-widget panel-first-child panel-last-child\" data-index=\"4\" ><div\n\t\t\t\n\t\t\tclass=\"so-widget-cn-core-adjacent-pages-widget so-widget-cn-core-adjacent-pages-widget-base\"\n\t\t\t\n\t\t><nav class=\"c-siblings  \">\n\n    <ul class=\"menu\">\n        <li class=\"c-siblings__page \/ menu__previous\">\n                            <a href=\"https:\/\/www.niraalpina.com\/about-us\/\">Zur\u00fcck zu \u00dcber uns<\/a>\n                    <\/li>\n\n        \n        <li class=\"c-siblings__page \/ menu__next\">\n                        <a href=\"https:\/\/www.niraalpina.com\/de\/meetings-and-events\/nira-engiadina\/\" class=\"\">Next page &rarr;<\/a>                    <\/li>\n    <\/ul>\n\n<\/nav><\/div><\/div><\/div><\/div><\/div><div id=\"pg-1612-5\"  class=\"panel-grid panel-has-style\" ><div class=\"c-row--valign-default c-row--widget-default c-row--margin-small c-row--column-default siteorigin-panels-stretch has-background c-row--background-cover imgix-fluid crop panel-row-style panel-row-style-for-1612-5\" data-stretch-type=\"full\" data-src=\"https:\/\/hotelcms-production.imgix.net\/niraalpina.com\/wp-content\/uploads\/2017\/11\/texture.png\" data-crop=\"\" ><div id=\"pgc-1612-5-0\"  class=\"panel-grid-cell\" ><div id=\"panel-1612-5-0-0\" class=\"so-panel widget widget_cn-core-cta-widget panel-first-child panel-last-child\" data-index=\"5\" ><div\n\t\t\t\n\t\t\tclass=\"so-widget-cn-core-cta-widget so-widget-cn-core-cta-widget-base\"\n\t\t\t\n\t\t><div class=\"c-cta c-cta--layout-breaker no-variation\">\n\n    <div class=\"c-cta__content\">\n\n        <div class=\"c-cta__inner\">\n\n                            <a href=\"https:\/\/gc.synxis.com\/rez.aspx?Hotel=53708&#038;Chain=5154&#038;template=RES_NIRA_ALPINA_V1&#038;shell=RES_NIRA_ALPINA_V1&#038;locale=de\" class=\"c-cta__anchor\" target=\"_blank\" rel=\"noopener\">\n            \n            \n            \n            \n                <div class=\"c-cta__headings\">\n\n                                    <p class=\"c-cta__preheading\">\n                        Entspannung und Vergn\u00fcgen                    <\/p>\n                \n                                    <h2 class=\"c-cta__heading\">\n                        Entdecken Sie wahren Bergurlaub                    <\/h2>\n                \n                \n                <\/div>\n\n            \n            \n                            <\/a>\n            \n                            <div class=\"c-cta__text \/ s-entry\">\n                    <p>Bei uns verbringen Sie einen anderen Urlaub: Vergn\u00fcgen setzen wir vor Etikette,\u00a0Spass ist uns wichtiger als F\u00f6rmlichkeit. Bei uns sind Sie im Herzen der Bergwelt. Wenn Sie direkt buchen, profitieren Sie von unserer Best-Rate-Garantie, einem fr\u00fchen Check-in und kostenlosen Schweizer Pralinen in Ihrem Zimmer.<\/p>\n                <\/div>\n            \n            \n                            <div class=\"c-cta__buttons\">\n                    <a class=\"c-button button \/ c-cta__button  no-variation\" href=\"https:\/\/gc.synxis.com\/rez.aspx?Hotel=53708&#038;Chain=5154&#038;template=RES_NIRA_ALPINA_V1&#038;shell=RES_NIRA_ALPINA_V1&#038;locale=de\" target=\"_blank\" rel=\"noopener\">\n    Jetzt Buchen<\/a>\n\n\n                <\/div>\n            \n                    <\/div>\n\n    <\/div>\n\n    \n    \n            <a href=\"https:\/\/gc.synxis.com\/rez.aspx?Hotel=53708&#038;Chain=5154&#038;template=RES_NIRA_ALPINA_V1&#038;shell=RES_NIRA_ALPINA_V1&#038;locale=de\" class=\"c-cta__detached-anchor\" target=\"_blank\" rel=\"noopener\"><\/a>\n    \n<\/div>\n\n<\/div><\/div><\/div><\/div><\/div><\/div>","protected":false},"excerpt":{"rendered":"<p>Zus\u00e4tzliche Einrichtungen Endlose M\u00f6glichkeiten in den Alpen F\u00fchlen Sie sich wie zu Hause Unser Hotel ist modern und komfortabel mit endlosen M\u00f6glichkeiten zur Entspannung und Erkundung. Neben unseren Restaurants, Spa und Fitnesseinrichtungen haben wir eine Reihe von zus\u00e4tzlichen Einrichtungen f\u00fcr alle G\u00e4ste zur Verf\u00fcgung. Pop-up store Klein aber oho \u2013 die neue Pop-up Boutique im &hellip;<\/p>\n","protected":false},"author":1,"featured_media":0,"parent":1593,"menu_order":0,"comment_status":"closed","ping_status":"closed","template":"","meta":{"_acf_changed":false,"footnotes":""},"class_list":["post--1612","post--page","post--type-page","post--status-publish","post--hentry"],"acf":[],"_links":{"self":[{"href":"https:\/\/www.niraalpina.com\/de\/wp-json\/wp\/v2\/pages\/1612","targetHints":{"allow":["GET"]}}],"collection":[{"href":"https:\/\/www.niraalpina.com\/de\/wp-json\/wp\/v2\/pages"}],"about":[{"href":"https:\/\/www.niraalpina.com\/de\/wp-json\/wp\/v2\/types\/page"}],"author":[{"embeddable":true,"href":"https:\/\/www.niraalpina.com\/de\/wp-json\/wp\/v2\/users\/1"}],"replies":[{"embeddable":true,"href":"https:\/\/www.niraalpina.com\/de\/wp-json\/wp\/v2\/comments?post=1612"}],"version-history":[{"count":7,"href":"https:\/\/www.niraalpina.com\/de\/wp-json\/wp\/v2\/pages\/1612\/revisions"}],"predecessor-version":[{"id":2348,"href":"https:\/\/www.niraalpina.com\/de\/wp-json\/wp\/v2\/pages\/1612\/revisions\/2348"}],"up":[{"embeddable":true,"href":"https:\/\/www.niraalpina.com\/de\/wp-json\/wp\/v2\/pages\/1593"}],"wp:attachment":[{"href":"https:\/\/www.niraalpina.com\/de\/wp-json\/wp\/v2\/media?parent=1612"}],"curies":[{"name":"wp","href":"https:\/\/api.w.org\/{rel}","templated":true}]}}