{"id":1577,"date":"2017-11-28T08:52:00","date_gmt":"2017-11-28T08:52:14","guid":{"rendered":"https:\/\/niraalpina.testingcreative.co.uk\/leisure-activities\/nira-alpina-experiences\/"},"modified":"2020-07-07T12:15:30","modified_gmt":"2020-07-07T12:15:30","slug":"nira-alpina-erlebnisse","status":"publish","type":"page","link":"https:\/\/www.niraalpina.com\/de\/meetings-and-events\/nira-alpina-erlebnisse\/","title":{"rendered":"Nira Alpina Erlebnisse"},"content":{"rendered":"<div id=\"pl-1577\"  class=\"panel-layout\" ><div id=\"pg-1577-0\"  class=\"panel-grid panel-has-style\" ><div class=\"c-row--valign-default c-row--widget-none c-row--margin-none c-row--column-none siteorigin-panels-stretch panel-row-style panel-row-style-for-1577-0\" data-stretch-type=\"full-stretched\" ><div id=\"pgc-1577-0-0\"  class=\"panel-grid-cell\" ><div id=\"panel-1577-0-0-0\" class=\"so-panel widget widget_cn-core-hero-widget panel-first-child panel-last-child\" data-index=\"0\" ><div\n\t\t\t\n\t\t\tclass=\"so-widget-cn-core-hero-widget so-widget-cn-core-hero-widget-base\"\n\t\t\t\n\t\t><section class=\"c-hero c-hero--short\">\n    <div class=\"c-hero__inner\">\n        \n        <div class=\"c-hero__content\">\n\n                            <h1 class=\"c-hero__heading\">\n                    Etwas f\u00fcr jeden                <\/h1>\n            \n                            <p class=\"c-hero__subheading\">\n                    Nira Alpina Erlebnisse                <\/p>\n                            <div class=\"s-entry \/ c-hero__text\">\n                    <p>\n                        Whisky-, Wein- und Gin &amp; Tonic-Verkostung                    <\/p>\n                <\/div>\n                    <\/div>\n\n        \n    <\/div>\n\n\n\n    \n    \n    <div data-src=\"https:\/\/hotelcms-production.imgix.net\/niraalpina.com\/wp-content\/uploads\/2017\/11\/Interior-02.jpg\" data-crop=\"manual\" class=\"imgix-fluid  crop \/ c-hero__background\" data-focus-horizontal=\"50\" data-focus-vertical=\"60\"><\/div><noscript><div style=\"background-image: url(https:\/\/hotelcms-production.imgix.net\/niraalpina.com\/wp-content\/uploads\/2017\/11\/Interior-02.jpg);\" class=\"crop \/ c-hero__background\" ><\/div><\/noscript>\n    \n    <\/section>\n<\/div><\/div><\/div><\/div><\/div><div id=\"pg-1577-1\"  class=\"panel-grid panel-has-style\" ><div class=\"c-row--valign-default c-row--widget-spacing c-row--margin-small c-row--column-none siteorigin-panels-stretch panel-row-style panel-row-style-for-1577-1\" data-stretch-type=\"full\" ><div id=\"pgc-1577-1-0\"  class=\"panel-grid-cell\" ><div id=\"panel-1577-1-0-0\" class=\"so-panel widget widget_cn-core-text-widget panel-first-child panel-last-child\" data-index=\"1\" ><div\n\t\t\t\n\t\t\tclass=\"so-widget-cn-core-text-widget so-widget-cn-core-text-widget-base\"\n\t\t\t\n\t\t>\n<div class=\"c-text c-text--lede\" >\n\n    \n    \n    \n    <div class=\"c-text__content s-entry\">\n        <p>Unsere einzigartigen und aufregenden Veranstaltungen werden Ihren Aufenthalt im Nira Alpina unvergesslich machen. Unsere Wein-, Whiskey- und Gin & Tonic-Verkostungserfahrungen, die von Experten in unserer fabelhaften Rooftop Bar veranstaltet werden, sind perfekt f\u00fcr Paare oder kleinere Gruppen.<\/p>\n    <\/div>\n\n<\/div>\n<\/div><\/div><\/div><\/div><\/div><div id=\"pg-1577-2\"  class=\"panel-grid panel-has-style\" ><div class=\"c-row--valign-default c-row--widget-none c-row--margin-none c-row--column-none siteorigin-panels-stretch panel-row-style panel-row-style-for-1577-2\" data-stretch-type=\"full-stretched\" ><div id=\"pgc-1577-2-0\"  class=\"panel-grid-cell\" ><div id=\"panel-1577-2-0-0\" class=\"so-panel widget widget_cn-core-cta-widget panel-first-child\" data-index=\"2\" ><div\n\t\t\t\n\t\t\tclass=\"so-widget-cn-core-cta-widget so-widget-cn-core-cta-widget-base\"\n\t\t\t\n\t\t><div class=\"c-cta c-cta--layout-image-right no-variation has-background\">\n\n    <div class=\"c-cta__content\">\n\n        <div class=\"c-cta__inner\">\n\n                            <a href=\"https:\/\/www.niraalpina.com\/leisure-activities\/leisure-enquiry\/\" class=\"c-cta__anchor\">\n            \n            \n            \n            \n                <div class=\"c-cta__headings\">\n\n                \n                                    <h2 class=\"c-cta__heading\">\n                        Wein-Verkostung                    <\/h2>\n                \n                \n                <\/div>\n\n            \n            \n                            <\/a>\n            \n                            <div class=\"c-cta__text \/ s-entry\">\n                    <p>Unser Restaurant Manager zeigt Ihnen seine Lieblingsweine. Erkunden Sie verschiedene Regionen mit verschiedenen Geschmacksrichtungen und lassen Sie sich von der Welt der Weine verzaubern.<\/p>\n                <\/div>\n            \n            \n                            <div class=\"c-cta__buttons\">\n                    <a  class=\"c-button button \/ c-cta__button  c-button--arrow\" href=\"https:\/\/www.niraalpina.com\/leisure-activities\/leisure-enquiry\/\">\n    Jetzt Anfragen<\/a>\n\n\n                <\/div>\n            \n                    <\/div>\n\n    <\/div>\n\n    \n            <div data-src=\"https:\/\/hotelcms-production.imgix.net\/niraalpina.com\/wp-content\/uploads\/2019\/07\/Nira-Alpina-Stars-Restaurant-16.jpg\" data-crop=\"\" class=\"imgix-fluid  crop \/ c-background c-cta__background\"><\/div><noscript><div style=\"background-image: url(https:\/\/hotelcms-production.imgix.net\/niraalpina.com\/wp-content\/uploads\/2019\/07\/Nira-Alpina-Stars-Restaurant-16.jpg);\" class=\"crop \/ c-background c-cta__background\" ><\/div><\/noscript>    \n            <a href=\"https:\/\/www.niraalpina.com\/leisure-activities\/leisure-enquiry\/\" class=\"c-cta__detached-anchor\" href=\"https:\/\/www.niraalpina.com\/leisure-activities\/leisure-enquiry\/\"><\/a>\n    \n<\/div>\n\n<\/div><\/div><div id=\"panel-1577-2-0-1\" class=\"so-panel widget widget_cn-core-cta-widget\" data-index=\"3\" ><div\n\t\t\t\n\t\t\tclass=\"so-widget-cn-core-cta-widget so-widget-cn-core-cta-widget-base\"\n\t\t\t\n\t\t><div class=\"c-cta c-cta--layout-image-left no-variation has-background\">\n\n    <div class=\"c-cta__content\">\n\n        <div class=\"c-cta__inner\">\n\n                            <a href=\"https:\/\/www.niraalpina.com\/leisure-activities\/leisure-enquiry\/\" class=\"c-cta__anchor\">\n            \n            \n            \n            \n                <div class=\"c-cta__headings\">\n\n                \n                                    <h2 class=\"c-cta__heading\">\n                        Whiskey Tasting                    <\/h2>\n                \n                \n                <\/div>\n\n            \n            \n                            <\/a>\n            \n                            <div class=\"c-cta__text \/ s-entry\">\n                    <p>Erleben Sie die unterschiedlichen Facetten Ihres Lieblingsgetr\u00e4nks. Unsere umfassende Whiskeyauswahl wird Sie begeistern.<\/p>\n                <\/div>\n            \n            \n                            <div class=\"c-cta__buttons\">\n                    <a  class=\"c-button button \/ c-cta__button  c-button--arrow\" href=\"https:\/\/www.niraalpina.com\/leisure-activities\/leisure-enquiry\/\">\n    Jetzt Anfragen<\/a>\n\n\n                <\/div>\n            \n                    <\/div>\n\n    <\/div>\n\n    \n            <div data-src=\"https:\/\/hotelcms-production.imgix.net\/niraalpina.com\/wp-content\/uploads\/2019\/07\/Nira-Alpina-Rooftop-Bar-Antico-Negroni-1.jpg\" data-crop=\"\" class=\"imgix-fluid  crop \/ c-background c-cta__background\"><\/div><noscript><div style=\"background-image: url(https:\/\/hotelcms-production.imgix.net\/niraalpina.com\/wp-content\/uploads\/2019\/07\/Nira-Alpina-Rooftop-Bar-Antico-Negroni-1.jpg);\" class=\"crop \/ c-background c-cta__background\" ><\/div><\/noscript>    \n            <a href=\"https:\/\/www.niraalpina.com\/leisure-activities\/leisure-enquiry\/\" class=\"c-cta__detached-anchor\" href=\"https:\/\/www.niraalpina.com\/leisure-activities\/leisure-enquiry\/\"><\/a>\n    \n<\/div>\n\n<\/div><\/div><div id=\"panel-1577-2-0-2\" class=\"so-panel widget widget_cn-core-cta-widget panel-last-child\" data-index=\"4\" ><div\n\t\t\t\n\t\t\tclass=\"so-widget-cn-core-cta-widget so-widget-cn-core-cta-widget-base\"\n\t\t\t\n\t\t><div class=\"c-cta c-cta--layout-image-right no-variation has-background\">\n\n    <div class=\"c-cta__content\">\n\n        <div class=\"c-cta__inner\">\n\n                            <a href=\"https:\/\/www.niraalpina.com\/leisure-activities\/leisure-enquiry\/\" class=\"c-cta__anchor\">\n            \n            \n            \n            \n                <div class=\"c-cta__headings\">\n\n                \n                                    <h2 class=\"c-cta__heading\">\n                        Gin &amp; Tonic-Verkostung                    <\/h2>\n                \n                \n                <\/div>\n\n            \n            \n                            <\/a>\n            \n                            <div class=\"c-cta__text \/ s-entry\">\n                    <p>Probieren Sie die unterschiedlichen Geschm\u00e4cker des Gin &amp; Tonics. Entdecken Sie Ihr Lieblingsgetr\u00e4nk von einer v\u00f6llig neuen Seite.<\/p>\n                <\/div>\n            \n            \n                            <div class=\"c-cta__buttons\">\n                    <a  class=\"c-button button \/ c-cta__button  c-button--arrow\" href=\"https:\/\/www.niraalpina.com\/leisure-activities\/leisure-enquiry\/\">\n    Jetzt Anfragen<\/a>\n\n\n                <\/div>\n            \n                    <\/div>\n\n    <\/div>\n\n    \n            <div data-src=\"https:\/\/hotelcms-production.imgix.net\/niraalpina.com\/wp-content\/uploads\/2017\/11\/niraalpina_moods_22.jpg\" data-crop=\"\" class=\"imgix-fluid  crop \/ c-background c-cta__background\"><\/div><noscript><div style=\"background-image: url(https:\/\/hotelcms-production.imgix.net\/niraalpina.com\/wp-content\/uploads\/2017\/11\/niraalpina_moods_22.jpg);\" class=\"crop \/ c-background c-cta__background\" ><\/div><\/noscript>    \n            <a href=\"https:\/\/www.niraalpina.com\/leisure-activities\/leisure-enquiry\/\" class=\"c-cta__detached-anchor\" href=\"https:\/\/www.niraalpina.com\/leisure-activities\/leisure-enquiry\/\"><\/a>\n    \n<\/div>\n\n<\/div><\/div><\/div><\/div><\/div><div id=\"pg-1577-3\"  class=\"panel-grid panel-has-style\" ><div class=\"c-row--valign-default c-row--widget-none c-row--margin-none c-row--column-large siteorigin-panels-stretch panel-row-style panel-row-style-for-1577-3\" data-stretch-type=\"full-stretched\" ><div id=\"pgc-1577-3-0\"  class=\"panel-grid-cell\" ><div id=\"panel-1577-3-0-0\" class=\"so-panel widget widget_cn-core-adjacent-pages-widget panel-first-child panel-last-child\" data-index=\"5\" ><div\n\t\t\t\n\t\t\tclass=\"so-widget-cn-core-adjacent-pages-widget so-widget-cn-core-adjacent-pages-widget-base\"\n\t\t\t\n\t\t><nav class=\"c-siblings  \">\n\n    <ul class=\"menu\">\n        <li class=\"c-siblings__page \/ menu__previous\">\n                            <a href=\"https:\/\/www.niraalpina.com\/leisure-activities\/\">Zur\u00fcck zu allen Freizeitaktivit\u00e4ten<\/a>\n                    <\/li>\n\n        \n        <li class=\"c-siblings__page \/ menu__next\">\n                        <a href=\"https:\/\/www.niraalpina.com\/de\/meetings-and-events\/veranstaltung-anfrage\/\" class=\"\">Next page &rarr;<\/a>                    <\/li>\n    <\/ul>\n\n<\/nav><\/div><\/div><\/div><\/div><\/div><div id=\"pg-1577-4\"  class=\"panel-grid panel-has-style\" ><div class=\"c-row--valign-default c-row--widget-none c-row--margin-none c-row--column-none siteorigin-panels-stretch has-background c-row--background-cover imgix-fluid crop panel-row-style panel-row-style-for-1577-4\" data-stretch-type=\"full-stretched\" data-src=\"https:\/\/hotelcms-production.imgix.net\/niraalpina.com\/wp-content\/uploads\/2017\/11\/texture.png\" data-crop=\"\" ><div id=\"pgc-1577-4-0\"  class=\"panel-grid-cell\" ><div id=\"panel-1577-4-0-0\" class=\"so-panel widget widget_cn-core-cta-widget panel-first-child panel-last-child\" data-index=\"6\" ><div\n\t\t\t\n\t\t\tclass=\"so-widget-cn-core-cta-widget so-widget-cn-core-cta-widget-base\"\n\t\t\t\n\t\t><div class=\"c-cta c-cta--layout-breaker no-variation\">\n\n    <div class=\"c-cta__content\">\n\n        <div class=\"c-cta__inner\">\n\n                            <a href=\"https:\/\/gc.synxis.com\/rez.aspx?Hotel=53708&#038;Chain=5154&#038;template=RES_NIRA_ALPINA_V1&#038;shell=RES_NIRA_ALPINA_V1&#038;locale=de\" class=\"c-cta__anchor\" target=\"_blank\" rel=\"noopener\">\n            \n            \n            \n            \n                <div class=\"c-cta__headings\">\n\n                                    <p class=\"c-cta__preheading\">\n                        Reine und anspruchsvolle                    <\/p>\n                \n                                    <h2 class=\"c-cta__heading\">\n                        Entdecken Sie wahren Bergurlaub                    <\/h2>\n                \n                \n                <\/div>\n\n            \n            \n                            <\/a>\n            \n                            <div class=\"c-cta__text \/ s-entry\">\n                    <p>Bei uns verbringen Sie einen anderen Urlaub: Vergn\u00fcgen setzen wir vor Etikette,\u00a0Spass ist uns wichtiger als F\u00f6rmlichkeit. Bei uns sind Sie im Herzen der Bergwelt. Wenn Sie direkt buchen, profitieren Sie von unserer Best-Rate-Garantie, einem fr\u00fchen Check-in und kostenlosen Schweizer Pralinen in Ihrem Zimmer.<\/p>\n                <\/div>\n            \n            \n                            <div class=\"c-cta__buttons\">\n                    <a class=\"c-button button \/ c-cta__button  no-variation\" href=\"https:\/\/gc.synxis.com\/rez.aspx?Hotel=53708&#038;Chain=5154&#038;template=RES_NIRA_ALPINA_V1&#038;shell=RES_NIRA_ALPINA_V1&#038;locale=de\" target=\"_blank\" rel=\"noopener\">\n    Jetzt Buchen<\/a>\n\n\n                <\/div>\n            \n                    <\/div>\n\n    <\/div>\n\n    \n    \n            <a href=\"https:\/\/gc.synxis.com\/rez.aspx?Hotel=53708&#038;Chain=5154&#038;template=RES_NIRA_ALPINA_V1&#038;shell=RES_NIRA_ALPINA_V1&#038;locale=de\" class=\"c-cta__detached-anchor\" target=\"_blank\" rel=\"noopener\"><\/a>\n    \n<\/div>\n\n<\/div><\/div><\/div><\/div><\/div><\/div>","protected":false},"excerpt":{"rendered":"<p>Etwas f\u00fcr jeden Nira Alpina Erlebnisse Whisky-, Wein- und Gin &amp; Tonic-Verkostung Unsere einzigartigen und aufregenden Veranstaltungen werden Ihren Aufenthalt im Nira Alpina unvergesslich machen. Unsere Wein-, Whiskey- und Gin &#038; Tonic-Verkostungserfahrungen, die von Experten in unserer fabelhaften Rooftop Bar veranstaltet werden, sind perfekt f\u00fcr Paare oder kleinere Gruppen. Wein-Verkostung Unser Restaurant Manager zeigt Ihnen &hellip;<\/p>\n","protected":false},"author":1,"featured_media":0,"parent":1593,"menu_order":2,"comment_status":"closed","ping_status":"closed","template":"","meta":{"_acf_changed":false,"footnotes":""},"class_list":["post--1577","post--page","post--type-page","post--status-publish","post--hentry"],"acf":[],"_links":{"self":[{"href":"https:\/\/www.niraalpina.com\/de\/wp-json\/wp\/v2\/pages\/1577","targetHints":{"allow":["GET"]}}],"collection":[{"href":"https:\/\/www.niraalpina.com\/de\/wp-json\/wp\/v2\/pages"}],"about":[{"href":"https:\/\/www.niraalpina.com\/de\/wp-json\/wp\/v2\/types\/page"}],"author":[{"embeddable":true,"href":"https:\/\/www.niraalpina.com\/de\/wp-json\/wp\/v2\/users\/1"}],"replies":[{"embeddable":true,"href":"https:\/\/www.niraalpina.com\/de\/wp-json\/wp\/v2\/comments?post=1577"}],"version-history":[{"count":17,"href":"https:\/\/www.niraalpina.com\/de\/wp-json\/wp\/v2\/pages\/1577\/revisions"}],"predecessor-version":[{"id":8026,"href":"https:\/\/www.niraalpina.com\/de\/wp-json\/wp\/v2\/pages\/1577\/revisions\/8026"}],"up":[{"embeddable":true,"href":"https:\/\/www.niraalpina.com\/de\/wp-json\/wp\/v2\/pages\/1593"}],"wp:attachment":[{"href":"https:\/\/www.niraalpina.com\/de\/wp-json\/wp\/v2\/media?parent=1577"}],"curies":[{"name":"wp","href":"https:\/\/api.w.org\/{rel}","templated":true}]}}