{"id":1567,"date":"2017-11-26T14:23:07","date_gmt":"2017-11-26T14:23:07","guid":{"rendered":"https:\/\/niraalpina.testingcreative.co.uk\/leisure-activities\/kids\/"},"modified":"2023-06-19T14:49:16","modified_gmt":"2023-06-19T14:49:16","slug":"kinder","status":"publish","type":"page","link":"https:\/\/www.niraalpina.com\/de\/freizeit-aktivitaeten\/kinder\/","title":{"rendered":"Kinder"},"content":{"rendered":"<div id=\"pl-1567\"  class=\"panel-layout\" ><div id=\"pg-1567-0\"  class=\"panel-grid panel-has-style\" ><div class=\"c-row--valign-default c-row--widget-none c-row--margin-none c-row--column-none siteorigin-panels-stretch panel-row-style panel-row-style-for-1567-0\" data-stretch-type=\"full-stretched\" ><div id=\"pgc-1567-0-0\"  class=\"panel-grid-cell\" ><div id=\"panel-1567-0-0-0\" class=\"so-panel widget widget_cn-core-hero-widget panel-first-child panel-last-child\" data-index=\"0\" ><div\n\t\t\t\n\t\t\tclass=\"so-widget-cn-core-hero-widget so-widget-cn-core-hero-widget-base\"\n\t\t\t\n\t\t><section class=\"c-hero c-hero--short\">\n    <div class=\"c-hero__inner\">\n        \n        <div class=\"c-hero__content\">\n\n                            <h1 class=\"c-hero__heading\">\n                    Der perfekte Ort f\u00fcr Kinder                <\/h1>\n            \n                            <p class=\"c-hero__subheading\">\n                    Kinder                <\/p>\n                            <div class=\"s-entry \/ c-hero__text\">\n                    <p>\n                        Kids Club, Kindersportgesch\u00e4ft vor Ort, Skischule                    <\/p>\n                <\/div>\n                    <\/div>\n\n        \n    <\/div>\n\n\n\n    \n    \n    <div data-src=\"https:\/\/hotelcms-production.imgix.net\/niraalpina.com\/wp-content\/uploads\/2017\/11\/Nira_Alpina_KidsClub_0031_HR.jpg\" data-crop=\"manual\" class=\"imgix-fluid  crop \/ c-hero__background\" data-focus-horizontal=\"50\" data-focus-vertical=\"50\"><\/div><noscript><div style=\"background-image: url(https:\/\/hotelcms-production.imgix.net\/niraalpina.com\/wp-content\/uploads\/2017\/11\/Nira_Alpina_KidsClub_0031_HR.jpg);\" class=\"crop \/ c-hero__background\" ><\/div><\/noscript>\n    \n    <\/section>\n<\/div><\/div><\/div><\/div><\/div><div id=\"pg-1567-1\"  class=\"panel-grid panel-has-style\" ><div class=\"c-row--valign-default c-row--widget-spacing c-row--margin-none c-row--column-default siteorigin-panels-stretch panel-row-style panel-row-style-for-1567-1\" data-stretch-type=\"full\" ><div id=\"pgc-1567-1-0\"  class=\"panel-grid-cell\" ><div id=\"panel-1567-1-0-0\" class=\"so-panel widget widget_cn-core-text-widget panel-first-child panel-last-child\" data-index=\"1\" ><div\n\t\t\t\n\t\t\tclass=\"so-widget-cn-core-text-widget so-widget-cn-core-text-widget-base\"\n\t\t\t\n\t\t>\n<div class=\"c-text c-text--lede\" >\n\n    \n    \n    \n    <div class=\"c-text__content s-entry\">\n        <p>Nira Alpina ist die erste Wahl f\u00fcr Familien, die ein actionreiches alpines Abenteuer suchen. Von unseren ger\u00e4umigen familienfreundlichen Zimmern und entspannten Speiseerlebnissen bis hin zu unserer fantastischen Skischule haben wir alles, was Sie f\u00fcr einen unvergesslichen Urlaub als Familie ben\u00f6tigen. Und w\u00e4hrend der Wintersaison mit professioneller Kinderbetreuung von 16:00 bis 21:00 Uhr und einem Miniclub mit einer Reihe von spannenden Aktivit\u00e4ten und Unterhaltung, haben Sie die Freiheit, Apr\u00e8s-Ski nur f\u00fcr Erwachsene in der Rooftop Bar oder ein romantisches Abendessen zu zweit zu geniessen.<\/p>\n    <\/div>\n\n<\/div>\n<\/div><\/div><\/div><\/div><\/div><div id=\"pg-1567-2\"  class=\"panel-grid panel-has-style\" ><div class=\"c-row--valign-default c-row--widget-default c-row--margin-large c-row--column-large panel-row-style panel-row-style-for-1567-2\" ><div id=\"pgc-1567-2-0\"  class=\"panel-grid-cell\" ><div id=\"panel-1567-2-0-0\" class=\"so-panel widget widget_cn-core-text-widget panel-first-child\" data-index=\"2\" ><div\n\t\t\t\n\t\t\tclass=\"so-widget-cn-core-text-widget so-widget-cn-core-text-widget-base\"\n\t\t\t\n\t\t>\n<div class=\"c-text c-text--left\" >\n\n    \n            <h2 class=\"c-text__heading\">Zimmer<\/h2>\n    \n    \n    <div class=\"c-text__content s-entry\">\n        <p>Unsere\u00a0kindgerechte Zimmerausstattung verf\u00fcgt auf Wunsch \u00fcber Baby- und Kinderbetten, sowie Zimmer, welche durch eine\u00a0Verbindungst\u00fcr verbunden werden k\u00f6nnen.<\/p>\n    <\/div>\n\n<\/div>\n<\/div><\/div><div id=\"panel-1567-2-0-1\" class=\"so-panel widget widget_cn-core-text-widget panel-last-child\" data-index=\"3\" ><div\n\t\t\t\n\t\t\tclass=\"so-widget-cn-core-text-widget so-widget-cn-core-text-widget-base\"\n\t\t\t\n\t\t>\n<div class=\"c-text c-text--left\" >\n\n    \n            <h2 class=\"c-text__heading\">Kids Club<\/h2>\n    \n    \n    <div class=\"c-text__content s-entry\">\n        <p>Der Kids Club ist auf Anfrage und nach Verf\u00fcgbarkeit zwischen 10 Uhr und 21 Uhr ge\u00f6ffnet. Kinder jeden Alters finden hier unz\u00e4hlige Spiele, eine mehrsprachige Leseecke und viele weitere Unterhaltungsm\u00f6glichkeiten. W\u00e4hrend der Wintersaison wird eine professionelle Kinderbetreuung f\u00fcr Ihre Kleinen ab 3 Jahren zwischen 16 Uhr und 21 Uhr auf Anfrage und nach Verf\u00fcgbarkeit angeboten. (\u00d6ffnungszeiten sind freibleibend und unverbindlich)<\/p>\n    <\/div>\n\n<\/div>\n<\/div><\/div><\/div><div id=\"pgc-1567-2-1\"  class=\"panel-grid-cell\" ><div id=\"panel-1567-2-1-0\" class=\"so-panel widget widget_cn-core-image-widget panel-first-child panel-last-child\" data-index=\"4\" ><div\n\t\t\t\n\t\t\tclass=\"so-widget-cn-core-image-widget so-widget-cn-core-image-widget-base\"\n\t\t\t\n\t\t>\n<div class=\"c-image-container  no-variation\">\n    \n    <figure class=\"img-fit\">\n                    <img decoding=\"async\" data-src=\"https:\/\/hotelcms-production.imgix.net\/niraalpina.com\/wp-content\/uploads\/2019\/07\/Nira-Alpina-Corvatsch-Room-Twin-bed-1.jpg\" data-crop=\"\" src=\"data:image\/gif;base64,R0lGODlhBAADAIAAAAAAAAAAACH5BAEAAAAALAAAAAAEAAMAAAIDhI9WADs=\" class=\"imgix-fluid \/ c-image\" alt=\"\"  \/><noscript><img decoding=\"async\" src=\"https:\/\/hotelcms-production.imgix.net\/niraalpina.com\/wp-content\/uploads\/2019\/07\/Nira-Alpina-Corvatsch-Room-Twin-bed-1.jpg\" class=\"c-image\" alt=\"\"  \/><\/noscript>            <\/figure>\n\n    <\/div>\n<\/div><\/div><\/div><\/div><\/div><div id=\"pg-1567-3\"  class=\"panel-grid panel-has-style\" ><div class=\"c-row--valign-default c-row--widget-default c-row--margin-large c-row--column-default siteorigin-panels-stretch panel-row-style panel-row-style-for-1567-3\" data-stretch-type=\"full-stretched\" ><div id=\"pgc-1567-3-0\"  class=\"panel-grid-cell\" ><div id=\"panel-1567-3-0-0\" class=\"so-panel widget widget_cn-core-image-slider-widget panel-first-child panel-last-child\" data-index=\"5\" ><div\n\t\t\t\n\t\t\tclass=\"so-widget-cn-core-image-slider-widget so-widget-cn-core-image-slider-widget-base\"\n\t\t\t\n\t\t><div class=\"c-slider-wrapper no-variation no-variation\">\n\n    \n    \n    <div\n        id=\"slider-6a070e58e5d0a\"\n        class=\"c-slider c-slider--image c-slider--set-height js-flickity\"\n                    data-flickity-options='{\"pageDots\":true,\"prevNextButtons\":true,\"cellAlign\":\"center\",\"contain\":false,\"wrapAround\":true,\"imagesLoaded\":true,\"setGallerySize\":false,\"adaptiveHeight\":false,\"autoPlay\":0,\"friction\":0.28,\"pauseAutoPlayOnHover\":false,\"rightToLeft\":false,\"groupCells\":false}'\n            >\n                    <div\n                class=\"c-slider__cell  js-flickity-cell\"\n                id=\"image-cell-0\"\n            >\n                \n<div class=\"c-image-container  no-variation\">\n    \n    <figure class=\"crop\">\n                    <div data-src=\"https:\/\/hotelcms-production.imgix.net\/niraalpina.com\/wp-content\/uploads\/2019\/07\/Nira-Alpina-Baby-bed-1.jpg\" data-crop=\"\" class=\"imgix-fluid  c-image\"><\/div><noscript><div style=\"background-image: url(https:\/\/hotelcms-production.imgix.net\/niraalpina.com\/wp-content\/uploads\/2019\/07\/Nira-Alpina-Baby-bed-1.jpg);\" class=\"c-image\" ><\/div><\/noscript>            <\/figure>\n\n    <\/div>\n            <\/div>\n                    <div\n                class=\"c-slider__cell  js-flickity-cell\"\n                id=\"image-cell-1\"\n            >\n                \n<div class=\"c-image-container  no-variation\">\n    \n    <figure class=\"crop\">\n                    <div data-src=\"https:\/\/hotelcms-production.imgix.net\/niraalpina.com\/wp-content\/uploads\/2019\/07\/Nira-Alpina-Family-at-Rooftop-Bar-8.jpg\" data-crop=\"\" class=\"imgix-fluid  c-image\"><\/div><noscript><div style=\"background-image: url(https:\/\/hotelcms-production.imgix.net\/niraalpina.com\/wp-content\/uploads\/2019\/07\/Nira-Alpina-Family-at-Rooftop-Bar-8.jpg);\" class=\"c-image\" ><\/div><\/noscript>            <\/figure>\n\n    <\/div>\n            <\/div>\n                    <div\n                class=\"c-slider__cell  js-flickity-cell\"\n                id=\"image-cell-2\"\n            >\n                \n<div class=\"c-image-container  no-variation\">\n    \n    <figure class=\"crop\">\n                    <div data-src=\"https:\/\/hotelcms-production.imgix.net\/niraalpina.com\/wp-content\/uploads\/2019\/07\/Nira-Alpina-Stars-Restaurant-Kids-table.jpg\" data-crop=\"\" class=\"imgix-fluid  c-image\"><\/div><noscript><div style=\"background-image: url(https:\/\/hotelcms-production.imgix.net\/niraalpina.com\/wp-content\/uploads\/2019\/07\/Nira-Alpina-Stars-Restaurant-Kids-table.jpg);\" class=\"c-image\" ><\/div><\/noscript>            <\/figure>\n\n    <\/div>\n            <\/div>\n                    <div\n                class=\"c-slider__cell  js-flickity-cell\"\n                id=\"image-cell-3\"\n            >\n                \n<div class=\"c-image-container  no-variation\">\n    \n    <figure class=\"crop\">\n                    <div data-src=\"https:\/\/hotelcms-production.imgix.net\/niraalpina.com\/wp-content\/uploads\/2017\/11\/Nira_Alpina_KidsClub_0031_HR.jpg\" data-crop=\"\" class=\"imgix-fluid  c-image\"><\/div><noscript><div style=\"background-image: url(https:\/\/hotelcms-production.imgix.net\/niraalpina.com\/wp-content\/uploads\/2017\/11\/Nira_Alpina_KidsClub_0031_HR.jpg);\" class=\"c-image\" ><\/div><\/noscript>            <\/figure>\n\n    <\/div>\n            <\/div>\n            <\/div>\n\n    <\/div><\/div><\/div><\/div><\/div><\/div><div id=\"pg-1567-4\"  class=\"panel-grid panel-has-style\" ><div class=\"c-row--valign-default c-row--widget-none c-row--margin-none c-row--column-default panel-row-style panel-row-style-for-1567-4\" ><div id=\"pgc-1567-4-0\"  class=\"panel-grid-cell\" ><div id=\"panel-1567-4-0-0\" class=\"so-panel widget widget_cn-core-image-widget panel-first-child panel-last-child\" data-index=\"6\" ><div\n\t\t\t\n\t\t\tclass=\"so-widget-cn-core-image-widget so-widget-cn-core-image-widget-base\"\n\t\t\t\n\t\t>\n<div class=\"c-image-container  no-variation\">\n    \n    <figure class=\"img-fit\">\n                    <img decoding=\"async\" data-src=\"https:\/\/hotelcms-production.imgix.net\/niraalpina.com\/wp-content\/uploads\/2017\/11\/Nira_Alpina_ChildrenSki_0118_HR.jpg\" data-crop=\"manual\" src=\"data:image\/gif;base64,R0lGODlhBAADAIAAAAAAAAAAACH5BAEAAAAALAAAAAAEAAMAAAIDhI9WADs=\" class=\"imgix-fluid \/ c-image\" alt=\"\" data-focus-horizontal=\"50\" data-focus-vertical=\"50\"  \/><noscript><img decoding=\"async\" src=\"https:\/\/hotelcms-production.imgix.net\/niraalpina.com\/wp-content\/uploads\/2017\/11\/Nira_Alpina_ChildrenSki_0118_HR.jpg\" class=\"c-image\" alt=\"\"  \/><\/noscript>            <\/figure>\n\n    <\/div>\n<\/div><\/div><\/div><div id=\"pgc-1567-4-1\"  class=\"panel-grid-cell\" ><div id=\"panel-1567-4-1-0\" class=\"so-panel widget widget_cn-core-text-widget panel-first-child\" data-index=\"7\" ><div\n\t\t\t\n\t\t\tclass=\"so-widget-cn-core-text-widget so-widget-cn-core-text-widget-base\"\n\t\t\t\n\t\t>\n<div class=\"c-text c-text--left\" >\n\n    \n            <h2 class=\"c-text__heading\">Kinderskilift<\/h2>\n    \n    \n    <div class=\"c-text__content s-entry\">\n        <p>Der direkte Zugang zum Kinderskilift befindet sich in unmittelbarer N\u00e4he zum Hotel.<\/p>\n    <\/div>\n\n<\/div>\n<\/div><\/div><div id=\"panel-1567-4-1-1\" class=\"so-panel widget widget_cn-core-text-widget panel-last-child\" data-index=\"8\" ><div\n\t\t\t\n\t\t\tclass=\"so-widget-cn-core-text-widget so-widget-cn-core-text-widget-base\"\n\t\t\t\n\t\t>\n<div class=\"c-text c-text--left\" >\n\n    \n            <h2 class=\"c-text__heading\">Kindermen\u00fc<\/h2>\n    \n    \n    <div class=\"c-text__content s-entry\">\n        <p>Unsere Restaurants bieten eine breite Auswahl an kinderfreundlichen Gerichten zu einem reduzierten Preis an.<\/p>\n    <\/div>\n\n<\/div>\n<\/div><\/div><\/div><\/div><\/div><div id=\"pg-1567-5\"  class=\"panel-grid panel-has-style\" ><div class=\"c-row--valign-default c-row--widget-none c-row--margin-small c-row--column-small panel-row-style panel-row-style-for-1567-5\" ><div id=\"pgc-1567-5-0\"  class=\"panel-grid-cell\" ><div id=\"panel-1567-5-0-0\" class=\"so-panel widget widget_cn-core-cta-widget panel-first-child panel-last-child\" data-index=\"9\" ><div\n\t\t\t\n\t\t\tclass=\"so-widget-cn-core-cta-widget so-widget-cn-core-cta-widget-base\"\n\t\t\t\n\t\t><div class=\"c-cta c-cta--layout-image-right no-variation has-background\">\n\n    <div class=\"c-cta__content\">\n\n        <div class=\"c-cta__inner\">\n\n                            <a href=\"https:\/\/www.niraalpina.com\/de\/spa\/\" class=\"c-cta__anchor\" target=\"_blank\">\n            \n            \n            \n            \n                <div class=\"c-cta__headings\">\n\n                \n                                    <h2 class=\"c-cta__heading\">\n                        Kinder Spa                    <\/h2>\n                \n                \n                <\/div>\n\n            \n            \n                            <\/a>\n            \n                            <div class=\"c-cta__text \/ s-entry\">\n                    <p>Das Shanti Spa bietet auch eine Auswahl an Anwendungen, die speziell auf Kinder abgestimmt sind. Unsere Gesichtsbehandlungen und Superstar-Massagen von Snow Prince und Princess basieren auf Produkten aus dem biologischen TOOFRUIT-Sortiment und wurden entwickelt, um die Kleinen zu entspannen und die Haut zu befeuchten.<\/p>\n                <\/div>\n            \n            \n                            <div class=\"c-cta__buttons\">\n                    <a  class=\"c-button button \/ c-cta__button  \" target=\"_blank\" href=\"https:\/\/www.niraalpina.com\/de\/spa\/\">\n    Shanti Spa<\/a>\n\n\n                <\/div>\n            \n                    <\/div>\n\n    <\/div>\n\n    \n            <div data-src=\"https:\/\/hotelcms-production.imgix.net\/niraalpina.com\/wp-content\/uploads\/2019\/08\/niraalpina3.jpg\" data-crop=\"\" class=\"imgix-fluid  crop \/ c-background c-cta__background\"><\/div><noscript><div style=\"background-image: url(https:\/\/hotelcms-production.imgix.net\/niraalpina.com\/wp-content\/uploads\/2019\/08\/niraalpina3.jpg);\" class=\"crop \/ c-background c-cta__background\" ><\/div><\/noscript>    \n            <a href=\"https:\/\/www.niraalpina.com\/de\/spa\/\" class=\"c-cta__detached-anchor\" target=\"_blank\" target=\"_blank\" href=\"https:\/\/www.niraalpina.com\/de\/spa\/\"><\/a>\n    \n<\/div>\n\n<\/div><\/div><\/div><\/div><\/div><div id=\"pg-1567-6\"  class=\"panel-grid panel-has-style\" ><div class=\"1 siteorigin-panels-stretch has-background c-row--background-cover imgix-fluid crop panel-row-style panel-row-style-for-1567-6\" data-stretch-type=\"full\" data-src=\"https:\/\/hotelcms-production.imgix.net\/niraalpina.com\/wp-content\/uploads\/2017\/11\/texture.png\" data-crop=\"\" ><div id=\"pgc-1567-6-0\"  class=\"panel-grid-cell\" ><div id=\"panel-1567-6-0-0\" class=\"so-panel widget widget_cn-core-cta-widget panel-first-child panel-last-child\" data-index=\"10\" ><div\n\t\t\t\n\t\t\tclass=\"so-widget-cn-core-cta-widget so-widget-cn-core-cta-widget-base\"\n\t\t\t\n\t\t><div class=\"c-cta c-cta--layout-breaker no-variation\">\n\n    <div class=\"c-cta__content\">\n\n        <div class=\"c-cta__inner\">\n\n                            <a href=\"https:\/\/gc.synxis.com\/rez.aspx?Hotel=53708&#038;Chain=5154&#038;template=RES_NIRA_ALPINA_V1&#038;shell=RES_NIRA_ALPINA_V1&#038;locale=de\" class=\"c-cta__anchor\" target=\"_blank\" rel=\"noopener\">\n            \n            \n            \n            \n                <div class=\"c-cta__headings\">\n\n                                    <p class=\"c-cta__preheading\">\n                        Nat\u00fcrliche Skiumgebung                    <\/p>\n                \n                                    <h2 class=\"c-cta__heading\">\n                        Entdecken Sie wahren Bergurlaub                    <\/h2>\n                \n                \n                <\/div>\n\n            \n            \n                            <\/a>\n            \n                            <div class=\"c-cta__text \/ s-entry\">\n                    <p>Bei uns verbringen Sie einen anderen Urlaub: Vergn\u00fcgen setzen wir vor Etikette,\u00a0Spass ist uns wichtiger als F\u00f6rmlichkeit. Bei uns sind Sie im Herzen der Bergwelt. Wenn Sie direkt buchen, profitieren Sie von unserer Best-Rate-Garantie, einem fr\u00fchen Check-in und kostenlosen Schweizer Pralinen in Ihrem Zimmer.<\/p>\n                <\/div>\n            \n            \n                            <div class=\"c-cta__buttons\">\n                    <a class=\"c-button button \/ c-cta__button  no-variation\" href=\"https:\/\/gc.synxis.com\/rez.aspx?Hotel=53708&#038;Chain=5154&#038;template=RES_NIRA_ALPINA_V1&#038;shell=RES_NIRA_ALPINA_V1&#038;locale=de\" target=\"_blank\" rel=\"noopener\">\n    Buchen Sie jetzt<\/a>\n\n\n                <\/div>\n            \n                    <\/div>\n\n    <\/div>\n\n    \n    \n            <a href=\"https:\/\/gc.synxis.com\/rez.aspx?Hotel=53708&#038;Chain=5154&#038;template=RES_NIRA_ALPINA_V1&#038;shell=RES_NIRA_ALPINA_V1&#038;locale=de\" class=\"c-cta__detached-anchor\" target=\"_blank\" rel=\"noopener\"><\/a>\n    \n<\/div>\n\n<\/div><\/div><\/div><\/div><\/div><\/div>","protected":false},"excerpt":{"rendered":"<p>Der perfekte Ort f\u00fcr Kinder Kinder Kids Club, Kindersportgesch\u00e4ft vor Ort, Skischule Nira Alpina ist die erste Wahl f\u00fcr Familien, die ein actionreiches alpines Abenteuer suchen. Von unseren ger\u00e4umigen familienfreundlichen Zimmern und entspannten Speiseerlebnissen bis hin zu unserer fantastischen Skischule haben wir alles, was Sie f\u00fcr einen unvergesslichen Urlaub als Familie ben\u00f6tigen. Und w\u00e4hrend der &hellip;<\/p>\n","protected":false},"author":1,"featured_media":0,"parent":1541,"menu_order":4,"comment_status":"closed","ping_status":"closed","template":"","meta":{"_acf_changed":false,"footnotes":""},"class_list":["post--1567","post--page","post--type-page","post--status-publish","post--hentry"],"acf":[],"_links":{"self":[{"href":"https:\/\/www.niraalpina.com\/de\/wp-json\/wp\/v2\/pages\/1567","targetHints":{"allow":["GET"]}}],"collection":[{"href":"https:\/\/www.niraalpina.com\/de\/wp-json\/wp\/v2\/pages"}],"about":[{"href":"https:\/\/www.niraalpina.com\/de\/wp-json\/wp\/v2\/types\/page"}],"author":[{"embeddable":true,"href":"https:\/\/www.niraalpina.com\/de\/wp-json\/wp\/v2\/users\/1"}],"replies":[{"embeddable":true,"href":"https:\/\/www.niraalpina.com\/de\/wp-json\/wp\/v2\/comments?post=1567"}],"version-history":[{"count":15,"href":"https:\/\/www.niraalpina.com\/de\/wp-json\/wp\/v2\/pages\/1567\/revisions"}],"predecessor-version":[{"id":14210,"href":"https:\/\/www.niraalpina.com\/de\/wp-json\/wp\/v2\/pages\/1567\/revisions\/14210"}],"up":[{"embeddable":true,"href":"https:\/\/www.niraalpina.com\/de\/wp-json\/wp\/v2\/pages\/1541"}],"wp:attachment":[{"href":"https:\/\/www.niraalpina.com\/de\/wp-json\/wp\/v2\/media?parent=1567"}],"curies":[{"name":"wp","href":"https:\/\/api.w.org\/{rel}","templated":true}]}}