{"id":1546,"date":"2017-11-26T14:23:07","date_gmt":"2017-11-26T14:23:07","guid":{"rendered":"https:\/\/niraalpina.testingcreative.co.uk\/leisure-activities\/skiing\/"},"modified":"2024-12-17T13:24:30","modified_gmt":"2024-12-17T13:24:30","slug":"skifahren","status":"publish","type":"page","link":"https:\/\/www.niraalpina.com\/de\/freizeit-aktivitaeten\/skifahren\/","title":{"rendered":"Skifahren"},"content":{"rendered":"<div id=\"pl-1546\"  class=\"panel-layout\" ><div id=\"pg-1546-0\"  class=\"panel-grid panel-has-style\" ><div class=\"1 siteorigin-panels-stretch panel-row-style panel-row-style-for-1546-0\" data-stretch-type=\"full-stretched\" ><div id=\"pgc-1546-0-0\"  class=\"panel-grid-cell\" ><div id=\"panel-1546-0-0-0\" class=\"so-panel widget widget_cn-core-hero-widget panel-first-child panel-last-child\" data-index=\"0\" ><div\n\t\t\t\n\t\t\tclass=\"so-widget-cn-core-hero-widget so-widget-cn-core-hero-widget-base\"\n\t\t\t\n\t\t><section class=\"c-hero c-hero--short\">\n    <div class=\"c-hero__inner\">\n        \n        <div class=\"c-hero__content\">\n\n                            <h1 class=\"c-hero__heading\">\n                    Geniessen Sie unser Winterwunderland in den Schweizer Alpen                <\/h1>\n            \n                            <p class=\"c-hero__subheading\">\n                    Skifahren im Engadin                <\/p>\n                            <div class=\"s-entry \/ c-hero__text\">\n                    <p>\n                        Experten vor Ort, Ski-in Ski-out, Corvatsch-Seilbahn                    <\/p>\n                <\/div>\n                    <\/div>\n\n        \n    <\/div>\n\n\n\n    \n    \n    <div data-src=\"https:\/\/hotelcms-production.imgix.net\/niraalpina.com\/wp-content\/uploads\/2024\/10\/DJI_0103-Pano_Web.jpg\" data-crop=\"\" class=\"imgix-fluid  crop \/ c-hero__background\"><\/div><noscript><div style=\"background-image: url(https:\/\/hotelcms-production.imgix.net\/niraalpina.com\/wp-content\/uploads\/2024\/10\/DJI_0103-Pano_Web.jpg);\" class=\"crop \/ c-hero__background\" ><\/div><\/noscript>\n    \n    <\/section>\n<\/div><\/div><\/div><\/div><\/div><div id=\"pg-1546-1\"  class=\"panel-grid panel-has-style\" ><div class=\"c-row--valign-default c-row--widget-spacing c-row--margin-none c-row--column-default siteorigin-panels-stretch panel-row-style panel-row-style-for-1546-1\" data-stretch-type=\"full\" ><div id=\"pgc-1546-1-0\"  class=\"panel-grid-cell\" ><div id=\"panel-1546-1-0-0\" class=\"so-panel widget widget_cn-core-text-widget panel-first-child panel-last-child\" data-index=\"1\" ><div\n\t\t\t\n\t\t\tclass=\"so-widget-cn-core-text-widget so-widget-cn-core-text-widget-base\"\n\t\t\t\n\t\t>\n<div class=\"c-text c-text--lede\" >\n\n    \n    \n    \n    <div class=\"c-text__content s-entry\">\n        <p>Wir bieten Ihnen die besten M\u00f6glichkeiten zum Skifahren in Silvaplana-Surlej, da wir mit der Corvatschbahn direkt mit den Bergen verbunden sind. Wenn Sie Skifahrer, Snowboarder oder Winterwanderer sind, k\u00f6nnen Sie in den verschneiten Wintermonaten alles nutzen, was unser Resort zu bieten hat.<\/p>\n    <\/div>\n\n<\/div>\n<\/div><\/div><\/div><\/div><\/div><div id=\"pg-1546-2\"  class=\"panel-grid panel-has-style\" ><div class=\"1 siteorigin-panels-stretch has-background c-row--background-cover imgix-fluid crop panel-row-style panel-row-style-for-1546-2\" data-stretch-type=\"full-stretched\" data-src=\"\" data-crop=\"\" ><div id=\"pgc-1546-2-0\"  class=\"panel-grid-cell\" ><div id=\"panel-1546-2-0-0\" class=\"so-panel widget widget_cn-core-cta-widget panel-first-child panel-last-child\" data-index=\"2\" ><div\n\t\t\t\n\t\t\tclass=\"so-widget-cn-core-cta-widget so-widget-cn-core-cta-widget-base\"\n\t\t\t\n\t\t><div class=\"c-cta c-cta--layout-breaker-left no-variation has-background\">\n\n    <div class=\"c-cta__content\">\n\n        <div class=\"c-cta__inner\">\n\n            \n            \n            \n            \n                <div class=\"c-cta__headings\">\n\n                \n                                    <h2 class=\"c-cta__heading\">\n                        Ski-in ski-out Corvatsch                    <\/h2>\n                \n                \n                <\/div>\n\n            \n            \n            \n                            <div class=\"c-cta__text \/ s-entry\">\n                    <p>Der Corvatsch ist <em>das<\/em> Symbol der Bergwelt des Oberengadins. Mit seinem trockenen, sonnigen Klima hat der Berg das ganze Jahr \u00fcber seinen besonderen Reiz. Im Winter bieten seine H\u00e4nge die bei weitem anspruchsvollsten Pisten in der Region St. Moritz (120 Kilometer gut gepflegte Abfahrten und 180 Kilometer Langlaufloipen). Im Sommer sind die H\u00f6henwanderwege leicht zu erreichen: man f\u00e4hrt einfach mit der Corvatsch-Seilbahn zum Piz Corvatsch, dem Startpunkt vieler Wanderpfade. Unser Hotel, mit seiner direkten Seilbahnanbindung, ist der perfekte Ausgangspunkt, um das zerkl\u00fcftete Terrain des Corvatsch zu entdecken.<\/p>\n                <\/div>\n            \n            \n            \n                    <\/div>\n\n    <\/div>\n\n    \n            <div data-src=\"https:\/\/hotelcms-production.imgix.net\/niraalpina.com\/wp-content\/uploads\/2017\/11\/esm1189-1.jpg\" data-crop=\"manual\" class=\"imgix-fluid  crop \/ c-background c-cta__background\" data-focus-horizontal=\"50\" data-focus-vertical=\"30\"><\/div><noscript><div style=\"background-image: url(https:\/\/hotelcms-production.imgix.net\/niraalpina.com\/wp-content\/uploads\/2017\/11\/esm1189-1.jpg);\" class=\"crop \/ c-background c-cta__background\" ><\/div><\/noscript>    \n    \n<\/div>\n\n<\/div><\/div><\/div><\/div><\/div><div id=\"pg-1546-3\"  class=\"panel-grid panel-has-style\" ><div class=\"c-row--valign-default c-row--widget-none c-row--margin-default c-row--column-small s-row siteorigin-panels-stretch has-background c-row--background-cover imgix-fluid crop panel-row-style panel-row-style-for-1546-3\" data-stretch-type=\"full-stretched\" data-src=\"\" data-crop=\"\" ><div id=\"pgc-1546-3-0\"  class=\"panel-grid-cell panel-grid-cell-empty\" ><\/div><div id=\"pgc-1546-3-1\"  class=\"panel-grid-cell panel-grid-cell-empty\" ><\/div><div id=\"pgc-1546-3-2\"  class=\"panel-grid-cell\" ><div id=\"panel-1546-3-2-0\" class=\"so-panel widget widget_cn-core-image-widget panel-first-child panel-last-child\" data-index=\"3\" ><div\n\t\t\t\n\t\t\tclass=\"so-widget-cn-core-image-widget so-widget-cn-core-image-widget-base\"\n\t\t\t\n\t\t>\n<div class=\"c-image-container  c-image--1-1\">\n    \n    <figure class=\"crop\">\n                    <div data-src=\"https:\/\/hotelcms-production.imgix.net\/niraalpina.com\/wp-content\/uploads\/2017\/11\/esm9869.jpg\" data-crop=\"manual\" class=\"imgix-fluid  c-image\" data-focus-horizontal=\"50\" data-focus-vertical=\"65\"><\/div><noscript><div style=\"background-image: url(https:\/\/hotelcms-production.imgix.net\/niraalpina.com\/wp-content\/uploads\/2017\/11\/esm9869.jpg);\" class=\"c-image\" ><\/div><\/noscript>            <\/figure>\n\n    <\/div>\n<\/div><\/div><\/div><div id=\"pgc-1546-3-3\"  class=\"panel-grid-cell\" ><div id=\"panel-1546-3-3-0\" class=\"so-panel widget widget_cn-core-image-widget panel-first-child panel-last-child\" data-index=\"4\" ><div\n\t\t\t\n\t\t\tclass=\"so-widget-cn-core-image-widget so-widget-cn-core-image-widget-base\"\n\t\t\t\n\t\t>\n<div class=\"c-image-container  c-image--16-9\">\n    \n    <figure class=\"crop\">\n                    <div data-src=\"https:\/\/hotelcms-production.imgix.net\/niraalpina.com\/wp-content\/uploads\/2017\/11\/Nira-Alpina-SkyBridge_0132_MR.jpg\" data-crop=\"manual\" class=\"imgix-fluid  c-image\" data-focus-horizontal=\"50\" data-focus-vertical=\"30\"><\/div><noscript><div style=\"background-image: url(https:\/\/hotelcms-production.imgix.net\/niraalpina.com\/wp-content\/uploads\/2017\/11\/Nira-Alpina-SkyBridge_0132_MR.jpg);\" class=\"c-image\" ><\/div><\/noscript>            <\/figure>\n\n    <\/div>\n<\/div><\/div><\/div><\/div><\/div><div id=\"pg-1546-4\"  class=\"panel-grid panel-has-style\" ><div class=\"c-row--valign-default c-row--widget-default c-row--margin-default c-row--column-default panel-row-style panel-row-style-for-1546-4\" ><div id=\"pgc-1546-4-0\"  class=\"panel-grid-cell\" ><div id=\"panel-1546-4-0-0\" class=\"so-panel widget widget_cn-core-image-widget panel-first-child panel-last-child\" data-index=\"5\" ><div\n\t\t\t\n\t\t\tclass=\"so-widget-cn-core-image-widget so-widget-cn-core-image-widget-base\"\n\t\t\t\n\t\t>\n<div class=\"c-image-container  no-variation\">\n    \n    <figure class=\"img-fit\">\n                    <img decoding=\"async\" data-src=\"https:\/\/hotelcms-production.imgix.net\/niraalpina.com\/wp-content\/uploads\/2024\/12\/sleep-ski-small.png\" data-crop=\"\" src=\"data:image\/gif;base64,R0lGODlhBAADAIAAAAAAAAAAACH5BAEAAAAALAAAAAAEAAMAAAIDhI9WADs=\" class=\"imgix-fluid \/ c-image\" alt=\"Sleep + Ski Angebot\"  \/><noscript><img decoding=\"async\" src=\"https:\/\/hotelcms-production.imgix.net\/niraalpina.com\/wp-content\/uploads\/2024\/12\/sleep-ski-small.png\" class=\"c-image\" alt=\"Sleep + Ski Angebot\"  \/><\/noscript>            <\/figure>\n\n    <\/div>\n<\/div><\/div><\/div><div id=\"pgc-1546-4-1\"  class=\"panel-grid-cell\" ><div id=\"panel-1546-4-1-0\" class=\"so-panel widget widget_cn-core-text-widget panel-first-child panel-last-child\" data-index=\"6\" ><div\n\t\t\t\n\t\t\tclass=\"so-widget-cn-core-text-widget so-widget-cn-core-text-widget-base\"\n\t\t\t\n\t\t>\n<div class=\"c-text no-variation\" >\n\n    \n            <h2 class=\"c-text__heading\">Skipass inklusive f\u00fcr CHF 47.-<\/h2>\n    \n    \n    <div class=\"c-text__content s-entry\">\n        <p>Geniessen Sie traumhaftes Ski- und Snowboardvergn\u00fcgen mit dem einzigartigen Angebot \u00abSleep + Ski\u00bb. G\u00fcltig w\u00e4hrend der gesamten Wintersaison.<\/p>\n<p>&nbsp;<\/p>\n<p>Angebot g\u00fcltig pro Person und Tag w\u00e4hrend der gesamten Aufenthaltsdauer in den teilnehmenden Beherbergungsbetrieben, ab Wintersaisonstart bis -ende.<\/p>\n    <\/div>\n\n<\/div>\n<\/div><\/div><\/div><\/div><\/div><div id=\"pg-1546-5\"  class=\"panel-grid panel-has-style\" ><div class=\"c-row--valign-default c-row--widget-spacing c-row--margin-none c-row--column-default siteorigin-panels-stretch panel-row-style panel-row-style-for-1546-5\" data-stretch-type=\"full\" ><div id=\"pgc-1546-5-0\"  class=\"panel-grid-cell\" ><div id=\"panel-1546-5-0-0\" class=\"so-panel widget widget_cn-core-text-widget panel-first-child panel-last-child\" data-index=\"7\" ><div\n\t\t\t\n\t\t\tclass=\"so-widget-cn-core-text-widget so-widget-cn-core-text-widget-base\"\n\t\t\t\n\t\t>\n<div class=\"c-text c-text--left\" >\n\n    \n    \n    \n    <div class=\"c-text__content s-entry\">\n        <p><strong>Gut zu wissen f\u00fcr Winter<\/strong><\/p>\n<p><strong>Was ist Ski in Ski out?<\/strong><br \/>\nWas gibt es Sch\u00f6neres, als direkt vom Hotel auf die Skipiste.<br \/>\nDas Nira Alpina bietet einen unmittelbaren Zugang zum Corvatsch-Skigebiet, es ist \u00fcber einen privaten Zugang mit der Corvatsch Seilbahnstation verbunden.<\/p>\n<p><strong>Wo kann ich den Skipass kaufen?<\/strong><br \/>\nDen Skipass k\u00f6nnen Sie bei einem Aufenthalt von mehr als einer Nacht f\u00fcr CHF 47 pro Tag und Erwachsenen und nur f\u00fcr die gesamte Dauer des Aufenthaltes hinzubuchen. Mit diesem Skipass k\u00f6nnen Sie alle Skilifte sowie die \u00f6ffentlichen Verkehrsmittel im Oberengadin nutzen.<br \/>\nBitte wenden Sie sich an die Rezeption f\u00fcr weitere Informationen.<\/p>\n<p><strong>Was ist der Snow Deal?<\/strong><br \/>\nDie Preise f\u00fcr Tages- und Mehrtageskarten sind je nach Nachfrage am jeweiligen G\u00fcltigkeitstag unterschiedlich hoch. <span lang=\"DE\">Je fr\u00fcher Sie buchen, desto h\u00f6her ist Ihr Rabatt. <\/span><span lang=\"DE\">Jetzt Skipass kaufen unter: <a href=\"http:\/\/www.snow-deal.ch\/\" target=\"_blank\" rel=\"noopener\" data-saferedirecturl=\"https:\/\/www.google.com\/url?q=http:\/\/www.snow-deal.ch&amp;source=gmail&amp;ust=1577608154381000&amp;usg=AFQjCNEgKQXsQ2x07UI800bsqDQftJh6xQ\">www.snow-deal.ch<\/a><\/span><\/p>\n<p><strong>Gibt es einen Skiraum?<\/strong><br \/>\nBitte verstauen Sie Ihre Skier und Skischuhe oder Ihre Wanderschuhe in unserem Skiraum in der Hotelgarage. Ihren pers\u00f6nlichen Skischrank k\u00f6nnen Sie mit Ihrer Zimmerkarte \u00f6ffnen. F\u00fcr weitere Informationen und Hilfe wenden Sie sich bitte an unsere Rezeption.<\/p>\n<p><strong>Skigebiet und Transport<\/strong><br \/>\nDas Skigebiet St. Moritz umfasst:<br \/>\nCorvatsch direkt neben dem Hotel<br \/>\nCorviglia und Piz Nair ca 7 km<br \/>\nDiavolezza \/ Lagalp ca 25 km<\/p>\n<p>Alle Skigebiete sind mit dem Auto erreichbar und ausreichend Parkpl\u00e4tze sind vorhanden.<br \/>\nSie k\u00f6nnen auch mit dem Bus erreicht werden. Die Bushaltestelle befindet sich direkt gegen\u00fcber vom Hotel und die Busverbindung ist im Skipass enthalten.<br \/>\nZwischen dem Skigebiet Corvatsch (Silvaplana-Surlej) und dem Skigebiet Corviglia (Bahnhof St. Moritz Bad, Signal) besteht eine direkte Verbindung mit dem Hahnensee-Express, der halbst\u00fcndlich in beide Richtungen f\u00e4hrt.<\/p>\n<p><strong>Welche Busse fahren nach St. Moritz?<\/strong><br \/>\nBus Nr. 601 f\u00e4hrt ab 08.45 Uhr im 30 Minuten Takt in Richtung St. Moritz Bahnhof. Der letzte Bus f\u00e4hrt um 19.45 Uhr.<br \/>\nBus Nr. 602 f\u00e4hrt ab 08.29 im 30 Minuten Takt ins Zentrum nach St. Moritz., Haltestelle \u201cSchulhausplatz\u201d. Der letzte Bus ist um 17.59 Uhr.<br \/>\nBus Nr. 603 f\u00e4hrt ab 08.05 Uhr im 30 Minuten Takt nach St. Moritz Zentrum, Haltestelle \u201cSchulhausplatz\u201d. Der letzte Bus ist um 17.35 Uhr.<\/p>\n<p><strong>Wo kann ich Winter\/Ski Ausr\u00fcstung mieten?<\/strong><br \/>\nCa 400 m vor dem Nira Alpina liegt der Skiservice Corvatsch. Dort k\u00f6nnen Sie Ausr\u00fcstung und Bekleidung f\u00fcr diverse Outdoor Aktivit\u00e4ten mieten und erhalten 10% Erm\u00e4ssigung.<br \/>\n<a href=\"https:\/\/www.skiservice-corvatsch.com\/de\" target=\"_blank\" rel=\"noopener\">Website Skiservice Corvatsch<\/a> . Wir empfehlen Ski Ausr\u00fcstung im Vorfeld zu reservieren.<br \/>\nZum Ski Service wird ein Shuttle angeboten. Bitte wenden Sie sich daf\u00fcr direkt an die Rezeption.<br \/>\nGegen\u00fcber vom Hotel gibt es auch ein Intersport wo Sie Winter Ausr\u00fcstung mieten und ebenfalls von 10% Erm\u00e4ssigung profitieren k\u00f6nnen.<br \/>\n<a href=\"http:\/\/www.rentnetwork-engadin.ch\/\" target=\"_blank\" rel=\"noopener\">Website Intersport<\/a><\/p>\n<p><strong>Wo kann ich Skiunterricht buchen \/ mit welchen Skischulen arbeiten Sie?<\/strong><br \/>\nUnsere Partner f\u00fcr Skiunterricht sind:<br \/>\nSchweizer Skischule Corvatsch-Pontresina <a href=\"http:\/\/www.ssscp.ch\" target=\"_blank\" rel=\"noopener\">www.ssscp.ch<\/a><br \/>\nDie Skischule Corvatsch ist ca 400 m vom Nira Alpina entfernt.<br \/>\nSki Cool <a href=\"http:\/\/www.skicool.ch\/\" target=\"_blank\" rel=\"noopener\">http:\/\/www.skicool.ch\/<\/a><br \/>\nWir empfehlen, im Voraus zu buchen und helfen Ihnen gerne weiter.<\/p>\n<p><strong>Was ist Snow Night?<\/strong><br \/>\nJeden Freitag ab 19:00 Uhr findet auf dem Corvatsch die Snow Night statt. Das bedeutet, dass die Piste zum n\u00e4chtlichen Skifahren mit Flutlichtern beleuchtet wird. Bitte kontaktieren Sie die Rezeption f\u00fcr Tickets (welche separat gekauft werden m\u00fcssen) und weitere Informationen.<\/p>\n<p><strong>Wie sind die Schwierigkeitsgrade der Skipisten in der Region Engadin St. Moritz?<\/strong><br \/>\nDie Region bietet 88 Abfahrten, von denen 20% als leicht, 70% mittel und 10% als schwierig eingestuft werden.<br \/>\nL\u00e4ngste Abfahrt: 10 km (Gletscherwanderung von Diavolezza nach Morteratsch).<br \/>\nSteilste Abfahrt in Graub\u00fcnden (Lagalb): 86% Gef\u00e4lle.<br \/>\nFreestyle - 3 Snowparks: Snowpark Corvatsch mit 6,8 m hoher Halfpipe und Bag Jump, Corviglia Snow Park mit neuer Fun Slope und Zuoz Snow Park.<br \/>\n<strong>Weitere Informationen finden Sie auf dem Pistenplan:<\/strong><br \/>\n<a href=\"https:\/\/www.engadin.ch\/de\/pisten-loipen-wege\/pisten\/\" target=\"_blank\" rel=\"noopener\">https:\/\/www.engadin.ch\/de\/pisten-loipen-wege\/pisten\/<\/a><\/p>\n<p><strong>Wie sind die Skilift Betriebszeiten?<\/strong><br \/>\nDie direkt gegen\u00fcberliegende Corvatsch Bahn ist w\u00e4hrend der gesamten Wintersaison f\u00fcr Sie in Betrieb. Die Bahn f\u00e4hrt t\u00e4glich ab 8:20 Uhr alle 20 Minuten zum Gipfel des Corvatsch auf 3303m\/\u00fcM. Die letzte Bergfahrt ist um 16:00 Uhr (ab 10. Februar um 16:20 Uhr) und die letzte Talfahrt verl\u00e4sst die Corvatsch Bergstation um 17:00 Uhr (ab 10. Februar um 17:20 Uhr).<\/p>\n<p><strong>Wintersport im Engadin?<\/strong><br \/>\nDas Engadin bietet eine grosse Auswahl an Winteraktivit\u00e4ten wie Rodeln, Schneeschuhwandern, Langlaufski, Eislaufen, Snow Kiten, Winterwandern, Bobfahren, Reiten oder Yoga im Schnee.<br \/>\nBitte kontaktieren Sie die Rezeption f\u00fcr weitere Informationen und besuchen Sie:\u00a0<a href=\"https:\/\/www.engadin.ch\/de\/winter\/\" target=\"_blank\" rel=\"noopener\">https:\/\/www.engadin.ch\/de\/winter\/<\/a><\/p>\n    <\/div>\n\n<\/div>\n<\/div><\/div><\/div><\/div><\/div><div id=\"pg-1546-6\"  class=\"panel-grid panel-has-style\" ><div class=\"c-row--valign-default c-row--widget-none c-row--margin-none c-row--column-none siteorigin-panels-stretch has-background c-row--background-cover imgix-fluid crop panel-row-style panel-row-style-for-1546-6\" data-stretch-type=\"full-stretched\" data-src=\"https:\/\/hotelcms-production.imgix.net\/niraalpina.com\/wp-content\/uploads\/2017\/11\/texture.png\" data-crop=\"\" ><div id=\"pgc-1546-6-0\"  class=\"panel-grid-cell\" ><div id=\"panel-1546-6-0-0\" class=\"so-panel widget widget_cn-core-cta-widget panel-first-child panel-last-child\" data-index=\"8\" ><div\n\t\t\t\n\t\t\tclass=\"so-widget-cn-core-cta-widget so-widget-cn-core-cta-widget-base\"\n\t\t\t\n\t\t><div class=\"c-cta c-cta--layout-breaker no-variation\">\n\n    <div class=\"c-cta__content\">\n\n        <div class=\"c-cta__inner\">\n\n                            <a href=\"https:\/\/gc.synxis.com\/rez.aspx?Hotel=53708&#038;Chain=5154&#038;template=RES_NIRA_ALPINA_V1&#038;shell=RES_NIRA_ALPINA_V1&#038;locale=de\" class=\"c-cta__anchor\" target=\"_blank\" rel=\"noopener\">\n            \n            \n            \n            \n                <div class=\"c-cta__headings\">\n\n                                    <p class=\"c-cta__preheading\">\n                        Nat\u00fcrliche Skiumgebung                    <\/p>\n                \n                                    <h2 class=\"c-cta__heading\">\n                        Entdecken Sie wahren Bergurlaub                    <\/h2>\n                \n                \n                <\/div>\n\n            \n            \n                            <\/a>\n            \n                            <div class=\"c-cta__text \/ s-entry\">\n                    <p>Bei uns verbringen Sie einen anderen Urlaub: Vergn\u00fcgen setzen wir vor Etikette,\u00a0Spass ist uns wichtiger als F\u00f6rmlichkeit. Bei uns sind Sie im Herzen der Bergwelt. Wenn Sie direkt buchen, profitieren Sie von unserer Best-Rate-Garantie, einem fr\u00fchen Check-in und kostenlosen Schweizer Pralinen in Ihrem Zimmer.<\/p>\n                <\/div>\n            \n            \n                            <div class=\"c-cta__buttons\">\n                    <a class=\"c-button button \/ c-cta__button  no-variation\" href=\"https:\/\/gc.synxis.com\/rez.aspx?Hotel=53708&#038;Chain=5154&#038;template=RES_NIRA_ALPINA_V1&#038;shell=RES_NIRA_ALPINA_V1&#038;locale=de\" target=\"_blank\" rel=\"noopener\">\n    Jetzt Buchen<\/a>\n\n\n                <\/div>\n            \n                    <\/div>\n\n    <\/div>\n\n    \n    \n            <a href=\"https:\/\/gc.synxis.com\/rez.aspx?Hotel=53708&#038;Chain=5154&#038;template=RES_NIRA_ALPINA_V1&#038;shell=RES_NIRA_ALPINA_V1&#038;locale=de\" class=\"c-cta__detached-anchor\" target=\"_blank\" rel=\"noopener\"><\/a>\n    \n<\/div>\n\n<\/div><\/div><\/div><\/div><\/div><\/div>","protected":false},"excerpt":{"rendered":"<p>Geniessen Sie unser Winterwunderland in den Schweizer Alpen Skifahren im Engadin Experten vor Ort, Ski-in Ski-out, Corvatsch-Seilbahn Wir bieten Ihnen die besten M\u00f6glichkeiten zum Skifahren in Silvaplana-Surlej, da wir mit der Corvatschbahn direkt mit den Bergen verbunden sind. Wenn Sie Skifahrer, Snowboarder oder Winterwanderer sind, k\u00f6nnen Sie in den verschneiten Wintermonaten alles nutzen, was unser &hellip;<\/p>\n","protected":false},"author":1,"featured_media":0,"parent":1541,"menu_order":1,"comment_status":"closed","ping_status":"closed","template":"","meta":{"_acf_changed":false,"footnotes":""},"class_list":["post--1546","post--page","post--type-page","post--status-publish","post--hentry"],"acf":[],"_links":{"self":[{"href":"https:\/\/www.niraalpina.com\/de\/wp-json\/wp\/v2\/pages\/1546","targetHints":{"allow":["GET"]}}],"collection":[{"href":"https:\/\/www.niraalpina.com\/de\/wp-json\/wp\/v2\/pages"}],"about":[{"href":"https:\/\/www.niraalpina.com\/de\/wp-json\/wp\/v2\/types\/page"}],"author":[{"embeddable":true,"href":"https:\/\/www.niraalpina.com\/de\/wp-json\/wp\/v2\/users\/1"}],"replies":[{"embeddable":true,"href":"https:\/\/www.niraalpina.com\/de\/wp-json\/wp\/v2\/comments?post=1546"}],"version-history":[{"count":22,"href":"https:\/\/www.niraalpina.com\/de\/wp-json\/wp\/v2\/pages\/1546\/revisions"}],"predecessor-version":[{"id":17040,"href":"https:\/\/www.niraalpina.com\/de\/wp-json\/wp\/v2\/pages\/1546\/revisions\/17040"}],"up":[{"embeddable":true,"href":"https:\/\/www.niraalpina.com\/de\/wp-json\/wp\/v2\/pages\/1541"}],"wp:attachment":[{"href":"https:\/\/www.niraalpina.com\/de\/wp-json\/wp\/v2\/media?parent=1546"}],"curies":[{"name":"wp","href":"https:\/\/api.w.org\/{rel}","templated":true}]}}