{"id":1474,"date":"2017-11-26T14:12:00","date_gmt":"2017-11-26T14:12:24","guid":{"rendered":"https:\/\/niraalpina.testingcreative.co.uk\/spa\/"},"modified":"2025-12-29T11:37:52","modified_gmt":"2025-12-29T11:37:52","slug":"spa","status":"publish","type":"page","link":"https:\/\/www.niraalpina.com\/de\/spa\/","title":{"rendered":"Shanti Spa"},"content":{"rendered":"<div id=\"pl-1474\"  class=\"panel-layout\" ><div id=\"pg-1474-0\"  class=\"panel-grid panel-has-style\" ><div class=\"c-row--valign-default c-row--widget-none c-row--margin-none c-row--column-none siteorigin-panels-stretch panel-row-style panel-row-style-for-1474-0\" data-stretch-type=\"full-width-stretch\" ><div id=\"pgc-1474-0-0\"  class=\"panel-grid-cell\" ><div id=\"panel-1474-0-0-0\" class=\"so-panel widget widget_cn-core-hero-widget panel-first-child panel-last-child\" data-index=\"0\" ><div\n\t\t\t\n\t\t\tclass=\"so-widget-cn-core-hero-widget so-widget-cn-core-hero-widget-base\"\n\t\t\t\n\t\t><section class=\"c-hero c-hero--short\">\n    <div class=\"c-hero__inner\">\n        \n        <div class=\"c-hero__content\">\n\n                            <h1 class=\"c-hero__heading\">\n                    Shanti Spa by Pure Altitude                <\/h1>\n            \n                            <p class=\"c-hero__subheading\">\n                    Tauchen Sie in warmes Wasser und bewundern Sie die Aussicht                <\/p>\n                            <div class=\"s-entry \/ c-hero__text\">\n                    <p>\n                        Relax, Professionelle Behandlungen, Fitnessraum und Whirlpool                    <\/p>\n                <\/div>\n                    <\/div>\n\n        \n        <div class=\"c-hero__buttons\">\n\n            <a  class=\"c-button  no-variation\" href=\"https:\/\/www.niraalpina.com\/de\/kontakt\/\">\n    Buchen Sie Ihre Behandlung<\/a>\n\n\n\n        <\/div>\n\n        \n    <\/div>\n\n\n\n            <figure class=\"c-hero__badge\">\n                    <img decoding=\"async\" data-src=\"https:\/\/hotelcms-production.imgix.net\/niraalpina.com\/wp-content\/uploads\/2020\/06\/ST0065310.png\" data-crop=\"\" src=\"data:image\/gif;base64,R0lGODlhBAADAIAAAAAAAAAAACH5BAEAAAAALAAAAAAEAAMAAAIDhI9WADs=\" class=\"imgix-fluid \/ img-fit\" alt=\"\"  \/><noscript><img decoding=\"async\" src=\"https:\/\/hotelcms-production.imgix.net\/niraalpina.com\/wp-content\/uploads\/2020\/06\/ST0065310.png\" class=\"img-fit\" alt=\"\"  \/><\/noscript>                <\/figure>\n    \n    \n    <div data-src=\"https:\/\/hotelcms-production.imgix.net\/niraalpina.com\/wp-content\/uploads\/2017\/11\/Nira-Alpina-Pool2-RGB.jpg\" data-crop=\"manual\" class=\"imgix-fluid  crop \/ c-hero__background\" data-focus-horizontal=\"50\" data-focus-vertical=\"50\"><\/div><noscript><div style=\"background-image: url(https:\/\/hotelcms-production.imgix.net\/niraalpina.com\/wp-content\/uploads\/2017\/11\/Nira-Alpina-Pool2-RGB.jpg);\" class=\"crop \/ c-hero__background\" ><\/div><\/noscript>\n    \n    <\/section>\n<\/div><\/div><\/div><\/div><\/div><div id=\"pg-1474-1\"  class=\"panel-grid panel-has-style\" ><div class=\"c-row--valign-default c-row--widget-spacing c-row--margin-none c-row--column-default siteorigin-panels-stretch panel-row-style panel-row-style-for-1474-1\" data-stretch-type=\"full\" ><div id=\"pgc-1474-1-0\"  class=\"panel-grid-cell\" ><div id=\"panel-1474-1-0-0\" class=\"so-panel widget widget_cn-core-text-widget panel-first-child panel-last-child\" data-index=\"1\" ><div\n\t\t\t\n\t\t\tclass=\"so-widget-cn-core-text-widget so-widget-cn-core-text-widget-base\"\n\t\t\t\n\t\t>\n<div class=\"c-text c-text--lede\" >\n\n    \n    \n    \n    <div class=\"c-text__content s-entry\">\n        <p>Die Wellnessangebote im Shanti Spa by Pure Altitude gehen \u00fcber die k\u00f6rperliche Revitalisierung hinaus und umfassen alle Elemente einer ganzheitlichen, stressfreien Lebensweise. In einer harmonischen Umgebung streben wir nach, einen Ausgleich zwischen dem inneren und dem \u00e4usseren Ich zu erreichen. Sie sp\u00fcren die erfahrenen H\u00e4nde unserer Therapeuten. \"Rundum erneuert\" wird zur inneren Ruhe. Vom Entspannungsraum zum gut ausgestatteten Fitnessbereich, von der Sauna bis zum Whirlpool, finden Sie im Shanti Spa by Pure Altitude eine Oase k\u00f6rperlichen und geistigen Wohlbefindens.<\/p>\n    <\/div>\n\n<\/div>\n<\/div><\/div><\/div><\/div><\/div><div id=\"pg-1474-2\"  class=\"panel-grid panel-has-style\" ><div class=\"c-row--valign-default c-row--widget-none c-row--margin-small c-row--column-small siteorigin-panels-stretch panel-row-style panel-row-style-for-1474-2\" data-stretch-type=\"full-width-stretch\" data-row-label=\"facilities\" id=\"facilities\" ><div id=\"pgc-1474-2-0\"  class=\"panel-grid-cell\" ><div id=\"panel-1474-2-0-0\" class=\"so-panel widget widget_cn-core-cta-widget panel-first-child panel-last-child\" data-index=\"2\" ><div\n\t\t\t\n\t\t\tclass=\"so-widget-cn-core-cta-widget so-widget-cn-core-cta-widget-base\"\n\t\t\t\n\t\t><div class=\"c-cta c-cta--layout-image-right no-variation has-background\">\n\n    <div class=\"c-cta__content\">\n\n        <div class=\"c-cta__inner\">\n\n                            <a href=\"https:\/\/www.niraalpina.com\/de\/spa\/spa-anfrage\/\" class=\"c-cta__anchor\">\n            \n            \n            \n            \n                <div class=\"c-cta__headings\">\n\n                \n                                    <h2 class=\"c-cta__heading\">\n                        Wellnessbereich                    <\/h2>\n                \n                \n                <\/div>\n\n            \n            \n                            <\/a>\n            \n                            <div class=\"c-cta__text \/ s-entry\">\n                    <p>Unser Ruhepol, das Shanti Spa by Pure Altitude, verf\u00fcgt \u00fcber einen Entspannungsraum mit farbigem Licht, das je nach Stimmung wechselt, f\u00fcnf grosse Behandlungszimmer, ein Dampfbad, eine Sauna und einen grossen Whirlpool mit Unterwasserbett. Nach der Sauna erfrischen Sie sich an unserem eindrucksvollen, von Mosaiken eingefassten Brunnen, dessen Farben ebenfalls wechseln k\u00f6nnen und der \u00fcber vier Duschen und zwei kalte Wasserf\u00e4lle verf\u00fcgt.<\/p>\n                <\/div>\n            \n            \n                            <div class=\"c-cta__buttons\">\n                    <a  class=\"c-button button \/ c-cta__button  \" href=\"https:\/\/www.niraalpina.com\/de\/spa\/spa-anfrage\/\">\n    Jetzt Anfragen<\/a>\n\n\n                <\/div>\n            \n                    <\/div>\n\n    <\/div>\n\n    \n            <div data-src=\"https:\/\/hotelcms-production.imgix.net\/niraalpina.com\/wp-content\/uploads\/2017\/11\/Whirpool-02.jpg\" data-crop=\"manual\" class=\"imgix-fluid  crop \/ c-background c-cta__background\" data-focus-horizontal=\"50\" data-focus-vertical=\"50\"><\/div><noscript><div style=\"background-image: url(https:\/\/hotelcms-production.imgix.net\/niraalpina.com\/wp-content\/uploads\/2017\/11\/Whirpool-02.jpg);\" class=\"crop \/ c-background c-cta__background\" ><\/div><\/noscript>    \n            <a href=\"https:\/\/www.niraalpina.com\/de\/spa\/spa-anfrage\/\" class=\"c-cta__detached-anchor\" href=\"https:\/\/www.niraalpina.com\/de\/spa\/spa-anfrage\/\"><\/a>\n    \n<\/div>\n\n<\/div><\/div><\/div><\/div><\/div><div id=\"pg-1474-3\"  class=\"panel-grid panel-has-style\" ><div class=\"c-row--valign-default c-row--widget-none c-row--margin-small c-row--column-small siteorigin-panels-stretch panel-row-style panel-row-style-for-1474-3\" data-stretch-type=\"full-width-stretch\" data-row-label=\"treatments\" id=\"treatments\" ><div id=\"pgc-1474-3-0\"  class=\"panel-grid-cell\" ><div id=\"panel-1474-3-0-0\" class=\"so-panel widget widget_cn-core-cta-widget panel-first-child panel-last-child\" data-index=\"3\" ><div\n\t\t\t\n\t\t\tclass=\"so-widget-cn-core-cta-widget so-widget-cn-core-cta-widget-base\"\n\t\t\t\n\t\t><div class=\"c-cta c-cta--layout-image-left no-variation has-background\">\n\n    <div class=\"c-cta__content\">\n\n        <div class=\"c-cta__inner\">\n\n            \n            \n            \n            \n                <div class=\"c-cta__headings\">\n\n                \n                                    <h2 class=\"c-cta__heading\">\n                        Wellnessbehandlungen                    <\/h2>\n                \n                \n                <\/div>\n\n            \n            \n            \n                            <div class=\"c-cta__text \/ s-entry\">\n                    <p>Inmitten all der prickelnden Energie des Nira Alpina ist unser Wellnessbereich eine Oase der Ruhe. Die Wellnessangebote im Nira Alpina gehen weit \u00fcber k\u00f6rperliche Revitalisierung hinaus und umfassen alle Elemente einer ganzheitlichen, stressfreien Lebensweise. Unsere qualifizierten Therapeuten und Kosmetiker arbeiten mit qualitativ hochwertigen Produkten und innovativen Behandlungsmethoden von Pure Altitude. Massagen und Gesichtsverj\u00fcngungskuren geh\u00f6ren zum Angebot des Wellnessbereichs.<\/p>\n                <\/div>\n            \n            \n                            <div class=\"c-cta__buttons\">\n                    <a class=\"c-button  c-cta__button c-cta__button--secondary \" target=\"_blank\" href=\"https:\/\/hotelcms-production.imgix.net\/niraalpina.com\/wp-content\/uploads\/2024\/11\/Spa-Menu-Winter-2024-to-2025-Print-1.pdf?fm=pdf\" rel=\"noopener\">\n    Spa Menu<\/a>\n\n\n                <\/div>\n            \n                    <\/div>\n\n    <\/div>\n\n    \n            <div data-src=\"https:\/\/hotelcms-production.imgix.net\/niraalpina.com\/wp-content\/uploads\/2017\/11\/Nira-Alpina-Spa-Massage-RGB.jpg\" data-crop=\"\" class=\"imgix-fluid  crop \/ c-background c-cta__background\"><\/div><noscript><div style=\"background-image: url(https:\/\/hotelcms-production.imgix.net\/niraalpina.com\/wp-content\/uploads\/2017\/11\/Nira-Alpina-Spa-Massage-RGB.jpg);\" class=\"crop \/ c-background c-cta__background\" ><\/div><\/noscript>    \n    \n<\/div>\n\n<\/div><\/div><\/div><\/div><\/div><div id=\"pg-1474-4\"  class=\"panel-grid panel-has-style\" ><div class=\"c-row--valign-default c-row--widget-none c-row--margin-small c-row--column-small siteorigin-panels-stretch panel-row-style panel-row-style-for-1474-4\" data-stretch-type=\"full-width-stretch\" data-row-label=\"treatments\" id=\"treatments\" ><div id=\"pgc-1474-4-0\"  class=\"panel-grid-cell\" ><div id=\"panel-1474-4-0-0\" class=\"so-panel widget widget_cn-core-cta-widget panel-first-child panel-last-child\" data-index=\"4\" ><div\n\t\t\t\n\t\t\tclass=\"so-widget-cn-core-cta-widget so-widget-cn-core-cta-widget-base\"\n\t\t\t\n\t\t><div class=\"c-cta c-cta--layout-image-right no-variation has-background\">\n\n    <div class=\"c-cta__content\">\n\n        <div class=\"c-cta__inner\">\n\n            \n            \n            \n            \n                <div class=\"c-cta__headings\">\n\n                \n                                    <h2 class=\"c-cta__heading\">\n                        Fitnessraum                    <\/h2>\n                \n                \n                <\/div>\n\n            \n            \n            \n                            <div class=\"c-cta__text \/ s-entry\">\n                    <p>Unser moderner Fitnessraum im Hotel Nira Alpina bietet Ihnen alles, was Sie f\u00fcr ein effektives Training brauchen. Ausgestattet mit hochwertigen Cardioger\u00e4ten, Freihanteln und modernem Krafttrainingsequipment, ist unser Fitnessbereich perfekt f\u00fcr Ihr Workout w\u00e4hrend Ihres Aufenthalts. Ob Sie Ausdauer, Kraft oder Flexibilit\u00e4t trainieren m\u00f6chten, hier finden Sie optimale Bedingungen.<\/p>\n<p>G\u00f6nnen Sie sich ein aktives Erlebnis und tanken Sie Energie in einer einzigartigen Umgebung. Der Fitnessraum steht unseren Hotelg\u00e4sten 24\/7 zur Verf\u00fcgung.<\/p>\n                <\/div>\n            \n            \n            \n                    <\/div>\n\n    <\/div>\n\n    \n            <div data-src=\"https:\/\/hotelcms-production.imgix.net\/niraalpina.com\/wp-content\/uploads\/2024\/10\/Nira-Alpina-Gym-2.jpg\" data-crop=\"\" class=\"imgix-fluid  crop \/ c-background c-cta__background\"><\/div><noscript><div style=\"background-image: url(https:\/\/hotelcms-production.imgix.net\/niraalpina.com\/wp-content\/uploads\/2024\/10\/Nira-Alpina-Gym-2.jpg);\" class=\"crop \/ c-background c-cta__background\" ><\/div><\/noscript>    \n    \n<\/div>\n\n<\/div><\/div><\/div><\/div><\/div><div id=\"pg-1474-5\"  class=\"panel-grid panel-has-style\" ><div class=\"c-row--valign-default c-row--widget-none c-row--margin-small c-row--column-small siteorigin-panels-stretch panel-row-style panel-row-style-for-1474-5\" data-stretch-type=\"full-width-stretch\" data-row-label=\"treatments\" id=\"treatments\" ><div id=\"pgc-1474-5-0\"  class=\"panel-grid-cell\" ><div id=\"panel-1474-5-0-0\" class=\"so-panel widget widget_cn-core-cta-widget panel-first-child panel-last-child\" data-index=\"5\" ><div\n\t\t\t\n\t\t\tclass=\"so-widget-cn-core-cta-widget so-widget-cn-core-cta-widget-base\"\n\t\t\t\n\t\t><div class=\"c-cta c-cta--layout-image-left no-variation has-background\">\n\n    <div class=\"c-cta__content\">\n\n        <div class=\"c-cta__inner\">\n\n                            <a href=\"https:\/\/www.niraalpina.com\/de\/angebote-packages\/\" class=\"c-cta__anchor\">\n            \n            \n            \n            \n                <div class=\"c-cta__headings\">\n\n                \n                                    <h2 class=\"c-cta__heading\">\n                        Spa Packages                    <\/h2>\n                \n                \n                <\/div>\n\n            \n            \n                            <\/a>\n            \n                            <div class=\"c-cta__text \/ s-entry\">\n                    <p>Shanti Spa by Pure Altitude bietet eine grosse Auswahl von Behandlungen und Angeboten f\u00fcr alle diejenigen, die sich gerne verw\u00f6hnen lassen und geniessen m\u00f6chten.<\/p>\n                <\/div>\n            \n            \n                            <div class=\"c-cta__buttons\">\n                    <a class=\"c-button button \/ c-cta__button  \" href=\"https:\/\/www.niraalpina.com\/de\/angebote-packages\/\">\n    zu den Packages<\/a>\n\n\n                <\/div>\n            \n                    <\/div>\n\n    <\/div>\n\n    \n            <div data-src=\"https:\/\/hotelcms-production.imgix.net\/niraalpina.com\/wp-content\/uploads\/2017\/11\/Nira-Alpina-Spa-Sauna-Room-RGB-1280x850.jpg\" data-crop=\"manual\" class=\"imgix-fluid  crop \/ c-background c-cta__background\" data-focus-horizontal=\"50\" data-focus-vertical=\"50\"><\/div><noscript><div style=\"background-image: url(https:\/\/hotelcms-production.imgix.net\/niraalpina.com\/wp-content\/uploads\/2017\/11\/Nira-Alpina-Spa-Sauna-Room-RGB-1280x850.jpg);\" class=\"crop \/ c-background c-cta__background\" ><\/div><\/noscript>    \n            <a href=\"https:\/\/www.niraalpina.com\/de\/angebote-packages\/\" class=\"c-cta__detached-anchor\"><\/a>\n    \n<\/div>\n\n<\/div><\/div><\/div><\/div><\/div><div id=\"pg-1474-6\"  class=\"panel-grid panel-has-style\" ><div class=\"c-row--valign-default c-row--widget-none c-row--margin-small c-row--column-small siteorigin-panels-stretch panel-row-style panel-row-style-for-1474-6\" data-stretch-type=\"full-width-stretch\" ><div id=\"pgc-1474-6-0\"  class=\"panel-grid-cell\" ><div id=\"panel-1474-6-0-0\" class=\"so-panel widget widget_cn-core-cta-widget panel-first-child panel-last-child\" data-index=\"6\" ><div\n\t\t\t\n\t\t\tclass=\"so-widget-cn-core-cta-widget so-widget-cn-core-cta-widget-base\"\n\t\t\t\n\t\t><div class=\"c-cta c-cta--layout-image-right no-variation has-background\">\n\n    <div class=\"c-cta__content\">\n\n        <div class=\"c-cta__inner\">\n\n            \n            \n            \n            \n                <div class=\"c-cta__headings\">\n\n                \n                                    <h2 class=\"c-cta__heading\">\n                        Gut zu wissen                    <\/h2>\n                \n                \n                <\/div>\n\n            \n            \n            \n                            <div class=\"c-cta__text \/ s-entry\">\n                    <div style=\"font-family: inherit;font-size: inherit;font-weight: normal;line-height: 1.5;color: #000;margin: 0;padding: 0\">\n<p style=\"margin: 0\">\u00d6ffnungszeiten Spa-Bereich Sommer: t\u00e4glich von 10.00 bis 20.00 Uhr<\/p>\n<p style=\"margin: 0\">\u00d6ffnungszeiten Spa-Bereich Winter: t\u00e4glich von 10.00 bis 21.00 Uhr<\/p>\n<p style=\"margin: 0\">Besuch f\u00fcr unsere j\u00fcngeren G\u00e4ste:<\/p>\n<p style=\"margin: 0\">\u2022 Kinder haben die M\u00f6glichkeit, die Nasszone t\u00e4glich von 10:00 bis 17:30 Uhr zu besuchen.<\/p>\n<p style=\"margin: 0\">\u2022 Nach 17:30 Uhr ist der Zugang Erwachsenen vorbehalten.<\/p>\n<p style=\"margin: 0\">\u2022 Im Interesse der Sicherheit und aus R\u00fccksicht gegen\u00fcber unseren anderen G\u00e4sten bitten wir darum, dass Kinder immer von Erwachsenen beaufsichtigt werden.<\/p>\n<p style=\"margin: 0\">\u2022 Das Shanti Spa by Pure Altitude \u2013 Team beh\u00e4lt sich das Recht vor, Kindern, die andere G\u00e4ste st\u00f6ren, den Zugang zu verwehren.<\/p>\n<p style=\"margin: 0\">Hinweis: Die finnische Sauna und Dampfb\u00e4der sind f\u00fcr G\u00e4ste ab 16 Jahren zug\u00e4nglich.<\/p>\n<\/div>\n                <\/div>\n            \n            \n            \n                    <\/div>\n\n    <\/div>\n\n    \n            <div data-src=\"https:\/\/hotelcms-production.imgix.net\/niraalpina.com\/wp-content\/uploads\/2017\/11\/Nira-Alpina-Spa-Chair-RGB.jpg\" data-crop=\"auto\" class=\"imgix-fluid  crop \/ c-background c-cta__background\"><\/div><noscript><div style=\"background-image: url(https:\/\/hotelcms-production.imgix.net\/niraalpina.com\/wp-content\/uploads\/2017\/11\/Nira-Alpina-Spa-Chair-RGB.jpg);\" class=\"crop \/ c-background c-cta__background\" ><\/div><\/noscript>    \n    \n<\/div>\n\n<\/div><\/div><\/div><\/div><\/div><div id=\"pg-1474-7\"  class=\"panel-grid panel-has-style\" ><div class=\"c-row--valign-default c-row--widget-default c-row--margin-default c-row--column-default panel-row-style panel-row-style-for-1474-7\" ><div id=\"pgc-1474-7-0\"  class=\"panel-grid-cell\" ><div id=\"panel-1474-7-0-0\" class=\"so-panel widget widget_cn-core-cta-widget panel-first-child panel-last-child\" data-index=\"7\" ><div\n\t\t\t\n\t\t\tclass=\"so-widget-cn-core-cta-widget so-widget-cn-core-cta-widget-base\"\n\t\t\t\n\t\t><div class=\"c-cta no-layout no-variation\">\n\n    <div class=\"c-cta__content\">\n\n        <div class=\"c-cta__inner\">\n\n                            <a href=\"https:\/\/www.niraalpina.com\/leisure-activities\/winter-activities\/\" class=\"c-cta__anchor\">\n            \n            \n                          <div class=\"crop\">\n                <div data-src=\"https:\/\/hotelcms-production.imgix.net\/niraalpina.com\/wp-content\/uploads\/2021\/04\/Switzerland-Tourism-Lorenz-Richard-17.jpg\" data-crop=\"\" class=\"imgix-fluid  c-image c-cta__image\" data-caption=\"Protagonist beim Skifahren auf dem Corvatsch\"><\/div><noscript><div style=\"background-image: url(https:\/\/hotelcms-production.imgix.net\/niraalpina.com\/wp-content\/uploads\/2021\/04\/Switzerland-Tourism-Lorenz-Richard-17.jpg);\" class=\"c-image c-cta__image\" ><\/div><\/noscript>              <\/div>\n            \n            \n                <div class=\"c-cta__headings\">\n\n                                    <p class=\"c-cta__preheading\">\n                        Spektakul\u00e4re Schweizer Winter                    <\/p>\n                \n                                    <h2 class=\"c-cta__heading\">\n                        Winteraktivit\u00e4ten                    <\/h2>\n                \n                \n                <\/div>\n\n            \n            \n                            <\/a>\n            \n            \n            \n            \n                    <\/div>\n\n    <\/div>\n\n    \n    \n            <a href=\"https:\/\/www.niraalpina.com\/leisure-activities\/winter-activities\/\" class=\"c-cta__detached-anchor\"><\/a>\n    \n<\/div>\n\n<\/div><\/div><\/div><div id=\"pgc-1474-7-1\"  class=\"panel-grid-cell\" ><div id=\"panel-1474-7-1-0\" class=\"so-panel widget widget_cn-core-cta-widget panel-first-child panel-last-child\" data-index=\"8\" ><div\n\t\t\t\n\t\t\tclass=\"so-widget-cn-core-cta-widget so-widget-cn-core-cta-widget-base\"\n\t\t\t\n\t\t><div class=\"c-cta no-layout no-variation\">\n\n    <div class=\"c-cta__content\">\n\n        <div class=\"c-cta__inner\">\n\n                            <a href=\"https:\/\/www.niraalpina.com\/culinary-experiences\/\" class=\"c-cta__anchor\">\n            \n            \n                          <div class=\"crop\">\n                <div data-src=\"https:\/\/hotelcms-production.imgix.net\/niraalpina.com\/wp-content\/uploads\/2019\/07\/NiraAlpina-369.jpg\" data-crop=\"\" class=\"imgix-fluid  c-image c-cta__image\"><\/div><noscript><div style=\"background-image: url(https:\/\/hotelcms-production.imgix.net\/niraalpina.com\/wp-content\/uploads\/2019\/07\/NiraAlpina-369.jpg);\" class=\"c-image c-cta__image\" ><\/div><\/noscript>              <\/div>\n            \n            \n                <div class=\"c-cta__headings\">\n\n                                    <p class=\"c-cta__preheading\">\n                        Internationale K\u00fcche                    <\/p>\n                \n                                    <h2 class=\"c-cta__heading\">\n                        Kulinarisches Erlebnis                    <\/h2>\n                \n                \n                <\/div>\n\n            \n            \n                            <\/a>\n            \n            \n            \n            \n                    <\/div>\n\n    <\/div>\n\n    \n    \n            <a href=\"https:\/\/www.niraalpina.com\/culinary-experiences\/\" class=\"c-cta__detached-anchor\"><\/a>\n    \n<\/div>\n\n<\/div><\/div><\/div><div id=\"pgc-1474-7-2\"  class=\"panel-grid-cell\" ><div id=\"panel-1474-7-2-0\" class=\"so-panel widget widget_cn-core-cta-widget panel-first-child panel-last-child\" data-index=\"9\" ><div\n\t\t\t\n\t\t\tclass=\"so-widget-cn-core-cta-widget so-widget-cn-core-cta-widget-base\"\n\t\t\t\n\t\t><div class=\"c-cta no-layout no-variation\">\n\n    <div class=\"c-cta__content\">\n\n        <div class=\"c-cta__inner\">\n\n                            <a href=\"https:\/\/www.niraalpina.com\/rooms-suites\/\" class=\"c-cta__anchor\">\n            \n            \n                          <div class=\"crop\">\n                <div data-src=\"https:\/\/hotelcms-production.imgix.net\/niraalpina.com\/wp-content\/uploads\/2020\/12\/Alpine-Junior-Suite-Winter-4.jpg\" data-crop=\"\" class=\"imgix-fluid  c-image c-cta__image\"><\/div><noscript><div style=\"background-image: url(https:\/\/hotelcms-production.imgix.net\/niraalpina.com\/wp-content\/uploads\/2020\/12\/Alpine-Junior-Suite-Winter-4.jpg);\" class=\"c-image c-cta__image\" ><\/div><\/noscript>              <\/div>\n            \n            \n                <div class=\"c-cta__headings\">\n\n                                    <p class=\"c-cta__preheading\">\n                         Un\u00fcbertroffene Aussicht                    <\/p>\n                \n                                    <h2 class=\"c-cta__heading\">\n                        Zimmer und Suiten                    <\/h2>\n                \n                \n                <\/div>\n\n            \n            \n                            <\/a>\n            \n            \n            \n            \n                    <\/div>\n\n    <\/div>\n\n    \n    \n            <a href=\"https:\/\/www.niraalpina.com\/rooms-suites\/\" class=\"c-cta__detached-anchor\"><\/a>\n    \n<\/div>\n\n<\/div><\/div><\/div><\/div><\/div><\/div>","protected":false},"excerpt":{"rendered":"<p>Shanti Spa by Pure Altitude Tauchen Sie in warmes Wasser und bewundern Sie die Aussicht Relax, Professionelle Behandlungen, Fitnessraum und Whirlpool Buchen Sie Ihre Behandlung Die Wellnessangebote im Shanti Spa by Pure Altitude gehen \u00fcber die k\u00f6rperliche Revitalisierung hinaus und umfassen alle Elemente einer ganzheitlichen, stressfreien Lebensweise. In einer harmonischen Umgebung streben wir nach, einen &hellip;<\/p>\n","protected":false},"author":1,"featured_media":0,"parent":0,"menu_order":12,"comment_status":"closed","ping_status":"closed","template":"","meta":{"_acf_changed":false,"footnotes":""},"class_list":["post--1474","post--page","post--type-page","post--status-publish","post--hentry"],"acf":[],"_links":{"self":[{"href":"https:\/\/www.niraalpina.com\/de\/wp-json\/wp\/v2\/pages\/1474","targetHints":{"allow":["GET"]}}],"collection":[{"href":"https:\/\/www.niraalpina.com\/de\/wp-json\/wp\/v2\/pages"}],"about":[{"href":"https:\/\/www.niraalpina.com\/de\/wp-json\/wp\/v2\/types\/page"}],"author":[{"embeddable":true,"href":"https:\/\/www.niraalpina.com\/de\/wp-json\/wp\/v2\/users\/1"}],"replies":[{"embeddable":true,"href":"https:\/\/www.niraalpina.com\/de\/wp-json\/wp\/v2\/comments?post=1474"}],"version-history":[{"count":77,"href":"https:\/\/www.niraalpina.com\/de\/wp-json\/wp\/v2\/pages\/1474\/revisions"}],"predecessor-version":[{"id":17834,"href":"https:\/\/www.niraalpina.com\/de\/wp-json\/wp\/v2\/pages\/1474\/revisions\/17834"}],"wp:attachment":[{"href":"https:\/\/www.niraalpina.com\/de\/wp-json\/wp\/v2\/media?parent=1474"}],"curies":[{"name":"wp","href":"https:\/\/api.w.org\/{rel}","templated":true}]}}