{"id":1435,"date":"2017-11-28T08:50:17","date_gmt":"2017-11-28T08:50:17","guid":{"rendered":"https:\/\/niraalpina.testingcreative.co.uk\/rooms-suites\/corvatsch-room\/"},"modified":"2025-05-01T09:45:05","modified_gmt":"2025-05-01T09:45:05","slug":"corvatsch-zimmer","status":"publish","type":"page","link":"https:\/\/www.niraalpina.com\/de\/zimmer-suiten\/corvatsch-zimmer\/","title":{"rendered":"Corvatsch Zimmer"},"content":{"rendered":"<div id=\"pl-1435\"  class=\"panel-layout\" ><div id=\"pg-1435-0\"  class=\"panel-grid panel-has-style\" ><div class=\"c-row--valign-default c-row--widget-default c-row--margin-large c-row--column-default siteorigin-panels-stretch panel-row-style panel-row-style-for-1435-0\" data-stretch-type=\"full-width-stretch\" ><div id=\"pgc-1435-0-0\"  class=\"panel-grid-cell\" ><div id=\"panel-1435-0-0-0\" class=\"so-panel widget widget_cn-core-hero-widget panel-first-child panel-last-child\" data-index=\"0\" ><div\n\t\t\t\n\t\t\tclass=\"so-widget-cn-core-hero-widget so-widget-cn-core-hero-widget-base\"\n\t\t\t\n\t\t><section class=\"c-hero c-hero--short\">\n    <div class=\"c-hero__inner\">\n        \n        <div class=\"c-hero__content\">\n\n                            <h1 class=\"c-hero__heading\">\n                    Corvatsch Zimmer                <\/h1>\n            \n                            <p class=\"c-hero__subheading\">\n                    Sch\u00f6ne Aussicht auf das Tal                <\/p>\n                            <div class=\"s-entry \/ c-hero__text\">\n                    <p>\n                        Panoramafenster und weitl\u00e4ufiger Balkon                    <\/p>\n                <\/div>\n                    <\/div>\n\n        \n        <div class=\"c-hero__buttons\">\n\n            <a class=\"c-button  c-button--conversion\" target=\"_blank\" href=\"https:\/\/v9.moving-pictures.com\/nira_alpina_silvaplana\/?pano=959cd60300&#038;hideMenu=true\" rel=\"noopener\">\n    Virtuelle Tour<\/a>\n\n\n\n        <\/div>\n\n        \n    <\/div>\n\n\n\n    \n    \n    <div data-src=\"https:\/\/hotelcms-production.imgix.net\/niraalpina.com\/wp-content\/uploads\/2020\/12\/Corvatsch-Room-Winter-1.jpg\" data-crop=\"\" class=\"imgix-fluid  crop \/ c-hero__background\"><\/div><noscript><div style=\"background-image: url(https:\/\/hotelcms-production.imgix.net\/niraalpina.com\/wp-content\/uploads\/2020\/12\/Corvatsch-Room-Winter-1.jpg);\" class=\"crop \/ c-hero__background\" ><\/div><\/noscript>\n    \n    <\/section>\n<\/div><\/div><\/div><\/div><\/div><div id=\"pg-1435-1\"  class=\"panel-grid panel-has-style\" ><div class=\"c-row--valign-default c-row--widget-none c-row--margin-small c-row--column-default siteorigin-panels-stretch panel-row-style panel-row-style-for-1435-1\" data-stretch-type=\"full\" ><div id=\"pgc-1435-1-0\"  class=\"panel-grid-cell\" ><div id=\"panel-1435-1-0-0\" class=\"so-panel widget widget_cn-core-icon-list-widget panel-first-child\" data-index=\"1\" ><div\n\t\t\t\n\t\t\tclass=\"so-widget-cn-core-icon-list-widget so-widget-cn-core-icon-list-widget-base\"\n\t\t\t\n\t\t><div class=\"c-icon-list no-variation\" >\n\n    <div class=\"c-icon-list__headings\">\n    \n        \n                    <h2 class=\"c-icon-list__heading\">Zimmerdetails<\/h2>\n        \n        \n        <\/div>\n    \n    <ul class=\"c-icon-list__menu\">\n            <li class=\"c-icon-list__item\">\n            <div class=\"c-icon-list__icon img-fit\">\n                <img decoding=\"async\" data-src=\"https:\/\/hotelcms-production.imgix.net\/niraalpina.com\/wp-content\/uploads\/2017\/11\/Shanti-icons-05.svg\" data-crop=\"\" src=\"data:image\/gif;base64,R0lGODlhBAADAIAAAAAAAAAAACH5BAEAAAAALAAAAAAEAAMAAAIDhI9WADs=\" class=\"imgix-fluid \/ c-image\" alt=\"\"  \/><noscript><img decoding=\"async\" src=\"https:\/\/hotelcms-production.imgix.net\/niraalpina.com\/wp-content\/uploads\/2017\/11\/Shanti-icons-05.svg\" class=\"c-image\" alt=\"\"  \/><\/noscript>            <\/div>\n            <p class=\"c-icon-list__item__text\">Doppelbett, Breite 180 x 200 cm Matratzenh\u00f6he 20 cm<\/p>\n                    <\/li>\n            <li class=\"c-icon-list__item\">\n            <div class=\"c-icon-list__icon img-fit\">\n                            <\/div>\n            <p class=\"c-icon-list__item__text\">Zwei Einzelbetten auf Anfrage <\/p>\n                    <\/li>\n            <li class=\"c-icon-list__item\">\n            <div class=\"c-icon-list__icon img-fit\">\n                <img decoding=\"async\" data-src=\"https:\/\/hotelcms-production.imgix.net\/niraalpina.com\/wp-content\/uploads\/2017\/11\/Shanti-icons-24.svg\" data-crop=\"\" src=\"data:image\/gif;base64,R0lGODlhBAADAIAAAAAAAAAAACH5BAEAAAAALAAAAAAEAAMAAAIDhI9WADs=\" class=\"imgix-fluid \/ c-image\" alt=\"\"  \/><noscript><img decoding=\"async\" src=\"https:\/\/hotelcms-production.imgix.net\/niraalpina.com\/wp-content\/uploads\/2017\/11\/Shanti-icons-24.svg\" class=\"c-image\" alt=\"\"  \/><\/noscript>            <\/div>\n            <p class=\"c-icon-list__item__text\">2 Personen (+Kinderbett m\u00f6glich)<\/p>\n                    <\/li>\n            <li class=\"c-icon-list__item\">\n            <div class=\"c-icon-list__icon img-fit\">\n                <img decoding=\"async\" data-src=\"https:\/\/hotelcms-production.imgix.net\/niraalpina.com\/wp-content\/uploads\/2017\/11\/Shanti-icons-27.svg\" data-crop=\"\" src=\"data:image\/gif;base64,R0lGODlhBAADAIAAAAAAAAAAACH5BAEAAAAALAAAAAAEAAMAAAIDhI9WADs=\" class=\"imgix-fluid \/ c-image\" alt=\"\"  \/><noscript><img decoding=\"async\" src=\"https:\/\/hotelcms-production.imgix.net\/niraalpina.com\/wp-content\/uploads\/2017\/11\/Shanti-icons-27.svg\" class=\"c-image\" alt=\"\"  \/><\/noscript>            <\/div>\n            <p class=\"c-icon-list__item__text\">24 Quadratmeter<\/p>\n                    <\/li>\n            <li class=\"c-icon-list__item\">\n            <div class=\"c-icon-list__icon img-fit\">\n                <img decoding=\"async\" data-src=\"https:\/\/hotelcms-production.imgix.net\/niraalpina.com\/wp-content\/uploads\/2017\/11\/Shanti-icons-15.svg\" data-crop=\"\" src=\"data:image\/gif;base64,R0lGODlhBAADAIAAAAAAAAAAACH5BAEAAAAALAAAAAAEAAMAAAIDhI9WADs=\" class=\"imgix-fluid \/ c-image\" alt=\"\"  \/><noscript><img decoding=\"async\" src=\"https:\/\/hotelcms-production.imgix.net\/niraalpina.com\/wp-content\/uploads\/2017\/11\/Shanti-icons-15.svg\" class=\"c-image\" alt=\"\"  \/><\/noscript>            <\/div>\n            <p class=\"c-icon-list__item__text\">10m2 Balkon<\/p>\n                    <\/li>\n            <li class=\"c-icon-list__item\">\n            <div class=\"c-icon-list__icon img-fit\">\n                <img decoding=\"async\" data-src=\"https:\/\/hotelcms-production.imgix.net\/niraalpina.com\/wp-content\/uploads\/2017\/11\/Shanti-icons-12.svg\" data-crop=\"\" src=\"data:image\/gif;base64,R0lGODlhBAADAIAAAAAAAAAAACH5BAEAAAAALAAAAAAEAAMAAAIDhI9WADs=\" class=\"imgix-fluid \/ c-image\" alt=\"\"  \/><noscript><img decoding=\"async\" src=\"https:\/\/hotelcms-production.imgix.net\/niraalpina.com\/wp-content\/uploads\/2017\/11\/Shanti-icons-12.svg\" class=\"c-image\" alt=\"\"  \/><\/noscript>            <\/div>\n            <p class=\"c-icon-list__item__text\">Sch\u00f6ne Aussicht auf die Berge<\/p>\n                    <\/li>\n            <li class=\"c-icon-list__item\">\n            <div class=\"c-icon-list__icon img-fit\">\n                <img decoding=\"async\" data-src=\"https:\/\/hotelcms-production.imgix.net\/niraalpina.com\/wp-content\/uploads\/2017\/11\/Shanti-icons-13.svg\" data-crop=\"\" src=\"data:image\/gif;base64,R0lGODlhBAADAIAAAAAAAAAAACH5BAEAAAAALAAAAAAEAAMAAAIDhI9WADs=\" class=\"imgix-fluid \/ c-image\" alt=\"\"  \/><noscript><img decoding=\"async\" src=\"https:\/\/hotelcms-production.imgix.net\/niraalpina.com\/wp-content\/uploads\/2017\/11\/Shanti-icons-13.svg\" class=\"c-image\" alt=\"\"  \/><\/noscript>            <\/div>\n            <p class=\"c-icon-list__item__text\">Flat-Screen TV<\/p>\n                    <\/li>\n            <li class=\"c-icon-list__item\">\n            <div class=\"c-icon-list__icon img-fit\">\n                <img decoding=\"async\" data-src=\"https:\/\/hotelcms-production.imgix.net\/niraalpina.com\/wp-content\/uploads\/2017\/12\/Shanti-icons-17.svg\" data-crop=\"\" src=\"data:image\/gif;base64,R0lGODlhBAADAIAAAAAAAAAAACH5BAEAAAAALAAAAAAEAAMAAAIDhI9WADs=\" class=\"imgix-fluid \/ c-image\" alt=\"\"  \/><noscript><img decoding=\"async\" src=\"https:\/\/hotelcms-production.imgix.net\/niraalpina.com\/wp-content\/uploads\/2017\/12\/Shanti-icons-17.svg\" class=\"c-image\" alt=\"\"  \/><\/noscript>            <\/div>\n            <p class=\"c-icon-list__item__text\">USB-Hub f\u00fcr Ger\u00e4te<\/p>\n                    <\/li>\n            <li class=\"c-icon-list__item\">\n            <div class=\"c-icon-list__icon img-fit\">\n                <img decoding=\"async\" data-src=\"https:\/\/hotelcms-production.imgix.net\/niraalpina.com\/wp-content\/uploads\/2017\/12\/Shanti-icons-16.svg\" data-crop=\"\" src=\"data:image\/gif;base64,R0lGODlhBAADAIAAAAAAAAAAACH5BAEAAAAALAAAAAAEAAMAAAIDhI9WADs=\" class=\"imgix-fluid \/ c-image\" alt=\"\"  \/><noscript><img decoding=\"async\" src=\"https:\/\/hotelcms-production.imgix.net\/niraalpina.com\/wp-content\/uploads\/2017\/12\/Shanti-icons-16.svg\" class=\"c-image\" alt=\"\"  \/><\/noscript>            <\/div>\n            <p class=\"c-icon-list__item__text\">Nespresso Kaffeemaschine &amp; Teekocher<\/p>\n                    <\/li>\n            <li class=\"c-icon-list__item\">\n            <div class=\"c-icon-list__icon img-fit\">\n                <img decoding=\"async\" data-src=\"https:\/\/hotelcms-production.imgix.net\/niraalpina.com\/wp-content\/uploads\/2017\/12\/Shanti-icons-32.svg\" data-crop=\"\" src=\"data:image\/gif;base64,R0lGODlhBAADAIAAAAAAAAAAACH5BAEAAAAALAAAAAAEAAMAAAIDhI9WADs=\" class=\"imgix-fluid \/ c-image\" alt=\"\"  \/><noscript><img decoding=\"async\" src=\"https:\/\/hotelcms-production.imgix.net\/niraalpina.com\/wp-content\/uploads\/2017\/12\/Shanti-icons-32.svg\" class=\"c-image\" alt=\"\"  \/><\/noscript>            <\/div>\n            <p class=\"c-icon-list__item__text\">WiFi<\/p>\n                    <\/li>\n        <\/ul>\n\n<\/div><\/div><\/div><div id=\"panel-1435-1-0-1\" class=\"so-panel widget widget_cn-booking-form-widget panel-last-child\" data-index=\"2\" ><div\n\t\t\t\n\t\t\tclass=\"so-widget-cn-booking-form-widget so-widget-cn-booking-form-widget-base\"\n\t\t\t\n\t\t><form class=\"c-booking-bar c-booking-bar--synxis \" action=\"https:\/\/be.synxis.com\/?chain=5154&hotel=53708&theme=SBE_Nira_V1&config=SBE_Nira_V1&locale=en-US&adult=2\" method=\"get\">\n\n    <input type=\"hidden\" name=\"Chain\" value=\"5154\">\n    <input type=\"hidden\" name=\"Hotel\" value=\"53708\">\n    <input type=\"hidden\" name=\"theme\" value=\"SBE_Nira_V1\">\n    <input type=\"hidden\" name=\"config\" value=\"SBE_Nira_V1\">\n    <input type=\"hidden\" name=\"locale\" value=\"de-DE\">\n    <input type=\"hidden\" name=\"adult\" value=\"2\">\n\n  <div class=\"c-booking-bar__inner\">\n\n                    <h2 class=\"c-booking-bar__heading\">Verf\u00fcgbarkeit pr\u00fcfen<\/h2>\n        \n        \n        <div for=\"arrive\" class=\"c-booking-bar__label c-booking-bar--arrive\">\n            <label class=\"c-booking-bar__text\">Check-in date<\/label>\n            <input type=\"date\" name=\"arrive\" class=\"c-booking-bar__date\" placeholder=\"Check-in date\">\n        <\/div>\n\n        <div for=\"depart\" class=\"c-booking-bar__label c-booking-bar--depart\">\n            <label class=\"c-booking-bar__text\">Check-out date<\/label>\n            <input type=\"date\" name=\"depart\" class=\"c-booking-bar__date\" placeholder=\"Check-out date\">\n        <\/div>\n\n        \n        \n        \n        \n        \n        <button type=\"submit\" class=\"c-booking-bar__button\">JETZT BUCHEN<\/button>\n\n    <\/div>\n\n<\/form>\n<\/div><\/div><\/div><div id=\"pgc-1435-1-1\"  class=\"panel-grid-cell\" ><div id=\"panel-1435-1-1-0\" class=\"so-panel widget widget_cn-core-cta-widget panel-first-child panel-last-child\" data-index=\"3\" ><div\n\t\t\t\n\t\t\tclass=\"so-widget-cn-core-cta-widget so-widget-cn-core-cta-widget-base\"\n\t\t\t\n\t\t><div class=\"c-cta no-layout c-cta--extra\">\n\n    <div class=\"c-cta__content\">\n\n        <div class=\"c-cta__inner\">\n\n            \n            \n            \n            \n                <div class=\"c-cta__headings\">\n\n                \n                                    <h2 class=\"c-cta__heading\">\n                        Einzelheiten                    <\/h2>\n                \n                \n                <\/div>\n\n            \n            \n            \n                            <div class=\"c-cta__text \/ s-entry\">\n                    <p>Die riesigen Panoramafenster und der weitl\u00e4ufige Balkon erlauben freie Ausblicke auf die Berge und Seen. Innen schaffen das moderne Design und die neutralen Farben ein luftiges und grossz\u00fcgiges Ambiente. Nach einem Tag im Freien erwartet Sie in Ihrem Corvatsch-Zimmer eine erholsame Atmosph\u00e4re. In unserem Hotel gibt es f\u00fcnf Zimmer, die miteinander verbunden werden k\u00f6nnen. Durch eine Verbindungst\u00fcr kann man zwei Doppelzimmer verbinden bzw. wieder trennen, wenn Sie ungest\u00f6rt sein m\u00f6chten.<\/p>\n                <\/div>\n            \n            \n            \n                    <\/div>\n\n    <\/div>\n\n    \n    \n    \n<\/div>\n\n<\/div><\/div><\/div><\/div><\/div><div id=\"pg-1435-2\"  class=\"panel-grid panel-has-style\" ><div class=\"c-row--valign-default c-row--widget-spacing c-row--margin-small c-row--column-none siteorigin-panels-stretch panel-row-style panel-row-style-for-1435-2\" data-stretch-type=\"full-width-stretch\" ><div id=\"pgc-1435-2-0\"  class=\"panel-grid-cell\" ><div id=\"panel-1435-2-0-0\" class=\"so-panel widget widget_cn-core-image-slider-widget panel-first-child panel-last-child\" data-index=\"4\" ><div\n\t\t\t\n\t\t\tclass=\"so-widget-cn-core-image-slider-widget so-widget-cn-core-image-slider-widget-base\"\n\t\t\t\n\t\t><div class=\"c-slider-wrapper no-variation no-variation\">\n\n    \n    \n    <div\n        id=\"slider-69e467ffb701a\"\n        class=\"c-slider c-slider--image c-slider--set-height js-flickity\"\n                    data-flickity-options='{\"pageDots\":true,\"prevNextButtons\":true,\"cellAlign\":\"center\",\"contain\":false,\"wrapAround\":true,\"imagesLoaded\":true,\"setGallerySize\":false,\"adaptiveHeight\":false,\"autoPlay\":0,\"friction\":0.28,\"pauseAutoPlayOnHover\":false,\"rightToLeft\":false,\"groupCells\":false}'\n            >\n                    <div\n                class=\"c-slider__cell  js-flickity-cell\"\n                id=\"image-cell-0\"\n            >\n                \n<div class=\"c-image-container  no-variation\">\n    \n    <figure class=\"crop\">\n                    <div data-src=\"https:\/\/hotelcms-production.imgix.net\/niraalpina.com\/wp-content\/uploads\/2022\/12\/Corvatsch-Room-Nira-Alpina-Winter-7.jpg\" data-crop=\"centre\" class=\"imgix-fluid  c-image\"><\/div><noscript><div style=\"background-image: url(https:\/\/hotelcms-production.imgix.net\/niraalpina.com\/wp-content\/uploads\/2022\/12\/Corvatsch-Room-Nira-Alpina-Winter-7.jpg);\" class=\"c-image\" ><\/div><\/noscript>            <\/figure>\n\n    <\/div>\n            <\/div>\n                    <div\n                class=\"c-slider__cell  js-flickity-cell\"\n                id=\"image-cell-1\"\n            >\n                \n<div class=\"c-image-container  no-variation\">\n    \n    <figure class=\"crop\">\n                    <div data-src=\"https:\/\/hotelcms-production.imgix.net\/niraalpina.com\/wp-content\/uploads\/2020\/09\/Corvatsch-Zimmer-Sommer-4.jpg\" data-crop=\"\" class=\"imgix-fluid  c-image\"><\/div><noscript><div style=\"background-image: url(https:\/\/hotelcms-production.imgix.net\/niraalpina.com\/wp-content\/uploads\/2020\/09\/Corvatsch-Zimmer-Sommer-4.jpg);\" class=\"c-image\" ><\/div><\/noscript>            <\/figure>\n\n    <\/div>\n            <\/div>\n                    <div\n                class=\"c-slider__cell  js-flickity-cell\"\n                id=\"image-cell-2\"\n            >\n                \n<div class=\"c-image-container  no-variation\">\n    \n    <figure class=\"crop\">\n                    <div data-src=\"https:\/\/hotelcms-production.imgix.net\/niraalpina.com\/wp-content\/uploads\/2020\/12\/Corvatsch-Room-Winter-1.jpg\" data-crop=\"\" class=\"imgix-fluid  c-image\"><\/div><noscript><div style=\"background-image: url(https:\/\/hotelcms-production.imgix.net\/niraalpina.com\/wp-content\/uploads\/2020\/12\/Corvatsch-Room-Winter-1.jpg);\" class=\"c-image\" ><\/div><\/noscript>            <\/figure>\n\n    <\/div>\n            <\/div>\n                    <div\n                class=\"c-slider__cell  js-flickity-cell\"\n                id=\"image-cell-3\"\n            >\n                \n<div class=\"c-image-container  no-variation\">\n    \n    <figure class=\"crop\">\n                    <div data-src=\"https:\/\/hotelcms-production.imgix.net\/niraalpina.com\/wp-content\/uploads\/2020\/09\/Corvatsch-Zimmer-Sommer-6.jpg\" data-crop=\"manual\" class=\"imgix-fluid  c-image\" data-focus-horizontal=\"50\" data-focus-vertical=\"50\"><\/div><noscript><div style=\"background-image: url(https:\/\/hotelcms-production.imgix.net\/niraalpina.com\/wp-content\/uploads\/2020\/09\/Corvatsch-Zimmer-Sommer-6.jpg);\" class=\"c-image\" ><\/div><\/noscript>            <\/figure>\n\n    <\/div>\n            <\/div>\n                    <div\n                class=\"c-slider__cell  js-flickity-cell\"\n                id=\"image-cell-4\"\n            >\n                \n<div class=\"c-image-container  no-variation\">\n    \n    <figure class=\"crop\">\n                    <div data-src=\"https:\/\/hotelcms-production.imgix.net\/niraalpina.com\/wp-content\/uploads\/2019\/05\/Nira-Alpina-Corvatsch-Room-Twin-bed-1.jpg\" data-crop=\"\" class=\"imgix-fluid  c-image\"><\/div><noscript><div style=\"background-image: url(https:\/\/hotelcms-production.imgix.net\/niraalpina.com\/wp-content\/uploads\/2019\/05\/Nira-Alpina-Corvatsch-Room-Twin-bed-1.jpg);\" class=\"c-image\" ><\/div><\/noscript>            <\/figure>\n\n    <\/div>\n            <\/div>\n                    <div\n                class=\"c-slider__cell  js-flickity-cell\"\n                id=\"image-cell-5\"\n            >\n                \n<div class=\"c-image-container  no-variation\">\n    \n    <figure class=\"crop\">\n                    <div data-src=\"https:\/\/hotelcms-production.imgix.net\/niraalpina.com\/wp-content\/uploads\/2017\/11\/Nira-Alpina-Bathroom-RGB.jpg\" data-crop=\"manual\" class=\"imgix-fluid  c-image\" data-focus-horizontal=\"50\" data-focus-vertical=\"65\"><\/div><noscript><div style=\"background-image: url(https:\/\/hotelcms-production.imgix.net\/niraalpina.com\/wp-content\/uploads\/2017\/11\/Nira-Alpina-Bathroom-RGB.jpg);\" class=\"c-image\" ><\/div><\/noscript>            <\/figure>\n\n    <\/div>\n            <\/div>\n                    <div\n                class=\"c-slider__cell  js-flickity-cell\"\n                id=\"image-cell-6\"\n            >\n                \n<div class=\"c-image-container  no-variation\">\n    \n    <figure class=\"crop\">\n                    <div data-src=\"https:\/\/hotelcms-production.imgix.net\/niraalpina.com\/wp-content\/uploads\/2020\/09\/Corvatsch-Zimmer-Sommer-3-1-e1598982915767.jpg\" data-crop=\"manual\" class=\"imgix-fluid  c-image\" data-focus-horizontal=\"50\" data-focus-vertical=\"50\"><\/div><noscript><div style=\"background-image: url(https:\/\/hotelcms-production.imgix.net\/niraalpina.com\/wp-content\/uploads\/2020\/09\/Corvatsch-Zimmer-Sommer-3-1-e1598982915767.jpg);\" class=\"c-image\" ><\/div><\/noscript>            <\/figure>\n\n    <\/div>\n            <\/div>\n            <\/div>\n\n    <\/div><\/div><\/div><\/div><\/div><\/div><div id=\"pg-1435-3\"  class=\"panel-grid panel-has-style\" ><div class=\"c-row--valign-default c-row--widget-none c-row--margin-none c-row--column-large siteorigin-panels-stretch panel-row-style panel-row-style-for-1435-3\" data-stretch-type=\"full-width-stretch\" ><div id=\"pgc-1435-3-0\"  class=\"panel-grid-cell\" ><div id=\"panel-1435-3-0-0\" class=\"so-panel widget widget_cn-core-adjacent-pages-widget panel-first-child panel-last-child\" data-index=\"5\" ><div\n\t\t\t\n\t\t\tclass=\"so-widget-cn-core-adjacent-pages-widget so-widget-cn-core-adjacent-pages-widget-base\"\n\t\t\t\n\t\t><nav class=\"c-siblings  \">\n\n    <ul class=\"menu\">\n        <li class=\"c-siblings__page \/ menu__previous\">\n                            <a href=\"https:\/\/www.niraalpina.com\/rooms-suites\/\">Zur\u00fcck zu allen Zimmern und Suiten<\/a>\n                    <\/li>\n\n        \n        <li class=\"c-siblings__page \/ menu__next\">\n                        <a href=\"https:\/\/www.niraalpina.com\/de\/zimmer-suiten\/mountain-view-room\/\" class=\"\">Next page &rarr;<\/a>                    <\/li>\n    <\/ul>\n\n<\/nav><\/div><\/div><\/div><\/div><\/div><div id=\"pg-1435-4\"  class=\"panel-grid panel-has-style\" ><div class=\"c-row--valign-default c-row--widget-none c-row--margin-none c-row--column-none siteorigin-panels-stretch has-background c-row--background-cover imgix-fluid crop panel-row-style panel-row-style-for-1435-4\" data-stretch-type=\"full-width-stretch\" data-src=\"https:\/\/hotelcms-production.imgix.net\/niraalpina.com\/wp-content\/uploads\/2017\/11\/texture.png\" data-crop=\"\" ><div id=\"pgc-1435-4-0\"  class=\"panel-grid-cell\" ><div id=\"panel-1435-4-0-0\" class=\"so-panel widget widget_cn-core-cta-widget panel-first-child panel-last-child\" data-index=\"6\" ><div\n\t\t\t\n\t\t\tclass=\"so-widget-cn-core-cta-widget so-widget-cn-core-cta-widget-base\"\n\t\t\t\n\t\t><div class=\"c-cta c-cta--layout-breaker no-variation\">\n\n    <div class=\"c-cta__content\">\n\n        <div class=\"c-cta__inner\">\n\n                            <a href=\"https:\/\/gc.synxis.com\/rez.aspx?Hotel=53708&#038;Chain=5154&#038;template=RES_NIRA_ALPINA_V1&#038;shell=RES_NIRA_ALPINA_V1&#038;locale=DE&#038;_ga=2.66141038.1795433258.1524127620-296102037.1524127620&#038;adult=2&#038;child=0\" class=\"c-cta__anchor\" target=\"_blank\" rel=\"noopener\">\n            \n            \n            \n            \n                <div class=\"c-cta__headings\">\n\n                                    <p class=\"c-cta__preheading\">\n                        Panoramafenster und grosserBalkon                    <\/p>\n                \n                                    <h2 class=\"c-cta__heading\">\n                        Erleben Sie unvergessliche Momente                    <\/h2>\n                \n                \n                <\/div>\n\n            \n            \n                            <\/a>\n            \n                            <div class=\"c-cta__text \/ s-entry\">\n                    <p>Als einer der einzigartigsten Orte in den Schweizer Alpen bietet Nira Alpina atemberaubende Ausblicke auf unber\u00fchrte Natur und ist der perfekte Ort f\u00fcr Sommer- und Winterabenteuer. Und wenn Sie direkt auf unserer Website buchen, profitieren Sie von unserer Best-Rate-Garantie und Schweizer Pralinen in Ihrem Zimmer.<\/p>\n                <\/div>\n            \n            \n                            <div class=\"c-cta__buttons\">\n                    <a class=\"c-button button \/ c-cta__button  no-variation\" href=\"https:\/\/gc.synxis.com\/rez.aspx?Hotel=53708&#038;Chain=5154&#038;template=RES_NIRA_ALPINA_V1&#038;shell=RES_NIRA_ALPINA_V1&#038;locale=DE&#038;_ga=2.66141038.1795433258.1524127620-296102037.1524127620&#038;adult=2&#038;child=0\" target=\"_blank\" rel=\"noopener\">\n    Jetzt buchen<\/a>\n\n\n                <\/div>\n            \n                    <\/div>\n\n    <\/div>\n\n    \n    \n            <a href=\"https:\/\/gc.synxis.com\/rez.aspx?Hotel=53708&#038;Chain=5154&#038;template=RES_NIRA_ALPINA_V1&#038;shell=RES_NIRA_ALPINA_V1&#038;locale=DE&#038;_ga=2.66141038.1795433258.1524127620-296102037.1524127620&#038;adult=2&#038;child=0\" class=\"c-cta__detached-anchor\" target=\"_blank\" rel=\"noopener\"><\/a>\n    \n<\/div>\n\n<\/div><\/div><\/div><\/div><\/div><\/div>","protected":false},"excerpt":{"rendered":"<p>Corvatsch Zimmer Sch\u00f6ne Aussicht auf das Tal Panoramafenster und weitl\u00e4ufiger Balkon Virtuelle Tour Zimmerdetails Doppelbett, Breite 180 x 200 cm Matratzenh\u00f6he 20 cm Zwei Einzelbetten auf Anfrage 2 Personen (+Kinderbett m\u00f6glich) 24 Quadratmeter 10m2 Balkon Sch\u00f6ne Aussicht auf die Berge Flat-Screen TV USB-Hub f\u00fcr Ger\u00e4te Nespresso Kaffeemaschine &amp; Teekocher WiFi Verf\u00fcgbarkeit pr\u00fcfen Check-in date Check-out &hellip;<\/p>\n","protected":false},"author":1,"featured_media":10106,"parent":1402,"menu_order":2,"comment_status":"closed","ping_status":"closed","template":"","meta":{"_acf_changed":false,"footnotes":""},"class_list":["post--1435","post--page","post--type-page","post--status-publish","post--has-post-thumbnail","post--hentry"],"acf":[],"_links":{"self":[{"href":"https:\/\/www.niraalpina.com\/de\/wp-json\/wp\/v2\/pages\/1435","targetHints":{"allow":["GET"]}}],"collection":[{"href":"https:\/\/www.niraalpina.com\/de\/wp-json\/wp\/v2\/pages"}],"about":[{"href":"https:\/\/www.niraalpina.com\/de\/wp-json\/wp\/v2\/types\/page"}],"author":[{"embeddable":true,"href":"https:\/\/www.niraalpina.com\/de\/wp-json\/wp\/v2\/users\/1"}],"replies":[{"embeddable":true,"href":"https:\/\/www.niraalpina.com\/de\/wp-json\/wp\/v2\/comments?post=1435"}],"version-history":[{"count":45,"href":"https:\/\/www.niraalpina.com\/de\/wp-json\/wp\/v2\/pages\/1435\/revisions"}],"predecessor-version":[{"id":17449,"href":"https:\/\/www.niraalpina.com\/de\/wp-json\/wp\/v2\/pages\/1435\/revisions\/17449"}],"up":[{"embeddable":true,"href":"https:\/\/www.niraalpina.com\/de\/wp-json\/wp\/v2\/pages\/1402"}],"wp:featuredmedia":[{"embeddable":true,"href":"https:\/\/www.niraalpina.com\/de\/wp-json\/wp\/v2\/media\/10106"}],"wp:attachment":[{"href":"https:\/\/www.niraalpina.com\/de\/wp-json\/wp\/v2\/media?parent=1435"}],"curies":[{"name":"wp","href":"https:\/\/api.w.org\/{rel}","templated":true}]}}