{"id":1394,"date":"2017-11-22T12:05:52","date_gmt":"2017-11-22T12:05:52","guid":{"rendered":"https:\/\/niraalpina.testingcreative.co.uk\/front-page\/"},"modified":"2026-04-07T04:49:30","modified_gmt":"2026-04-07T04:49:30","slug":"front-page","status":"publish","type":"page","link":"https:\/\/www.niraalpina.com\/de\/","title":{"rendered":"Front page"},"content":{"rendered":"<div id=\"pl-1394\"  class=\"panel-layout\" ><div id=\"pg-1394-0\"  class=\"panel-grid panel-has-style\" ><div class=\"1 siteorigin-panels-stretch panel-row-style panel-row-style-for-1394-0\" data-stretch-type=\"full-width-stretch\" ><div id=\"pgc-1394-0-0\"  class=\"panel-grid-cell\" ><div id=\"panel-1394-0-0-0\" class=\"so-panel widget widget_cn-core-media-group-widget panel-first-child panel-last-child\" data-index=\"0\" ><div\n\t\t\t\n\t\t\tclass=\"so-widget-cn-core-media-group-widget so-widget-cn-core-media-group-widget-base\"\n\t\t\t\n\t\t>\n<div\n    class=\"c-media-group c-media-group--hero no-variation\"\n    data-module=\"media-group\"\n    data-module-options='{\"toggleLabel\":{\"active\":\"Read Less\",\"inactive\":\"Read more\"}}'\n>\n    \n    \n    \n    <div class=\"c-media-group__items  js-media-group-items\">\n                    <div class=\"c-media-group__item  js-media-group-item\">\n                \n<section\n    class=\"c-media c-media--tile stack-media-first\"\n    data-module-options='{\"actionImageBehaviour\":\"replace_on_hover\"}'\n>\n    <article class=\"c-media__content\">\n        <div class=\"c-media__inner\">\n\n            \n                            <div class=\"c-media__headings\">\n                                            <p class=\"c-media__preheading\">\n                            26. Juni 2026 - 11. Oktober 2026                        <\/p>\n                    \n                                            <h2 class=\"c-media__heading\">\n                            Bergsommer                        <\/h2>\n                    \n                                    <\/div>\n            \n            \n            \n            \n                            <div class=\"c-media__buttons\">\n                    <a class=\"c-button  c-media__button c-button--solid\" href=\"https:\/\/www.niraalpina.com\/de\/summer-home\/\">\n    SOMMER ENTDECKEN<\/a>\n\n\n                <\/div>\n            \n            \n        <\/div>\n    <\/article>\n\n    \n            <div class=\"c-media__background\">\n            <div data-src=\"https:\/\/hotelcms-production.imgix.net\/niraalpina.com\/wp-content\/uploads\/2023\/10\/DJI_0792_Web-1.jpg\" data-crop=\"\" class=\"imgix-fluid  crop \/ c-media__background-img\"><\/div><noscript><div style=\"background-image: url(https:\/\/hotelcms-production.imgix.net\/niraalpina.com\/wp-content\/uploads\/2023\/10\/DJI_0792_Web-1.jpg);\" class=\"crop \/ c-media__background-img\" ><\/div><\/noscript>        <\/div>\n    \n            <a href=\"https:\/\/www.niraalpina.com\/de\/summer-home\/\" class=\"c-media__anchor\" aria-hidden=\"true\"><\/a>\n    <\/section>\n\n                                    <button class=\"c-media-group__item-toggle  js-media-group-item-toggle\">Read more<\/button>\n                            <\/div>\n                    <div class=\"c-media-group__item  js-media-group-item\">\n                \n<section\n    class=\"c-media c-media--tile stack-media-first\"\n    data-module-options='{\"actionImageBehaviour\":\"replace_on_hover\"}'\n>\n    <article class=\"c-media__content\">\n        <div class=\"c-media__inner\">\n\n            \n                            <div class=\"c-media__headings\">\n                                            <p class=\"c-media__preheading\">\n                            4. Dezember 2026 - 4. April 2027                        <\/p>\n                    \n                                            <h2 class=\"c-media__heading\">\n                            Winterwunderland                        <\/h2>\n                    \n                                    <\/div>\n            \n            \n            \n            \n                            <div class=\"c-media__buttons\">\n                    <a class=\"c-button  c-media__button c-button--solid\" href=\"https:\/\/www.niraalpina.com\/de\/winter-home\/\">\n    WINTER ENTDECKEN<\/a>\n\n\n                <\/div>\n            \n            \n        <\/div>\n    <\/article>\n\n    \n            <div class=\"c-media__background\">\n            <div data-src=\"https:\/\/hotelcms-production.imgix.net\/niraalpina.com\/wp-content\/uploads\/2024\/03\/DSC3600_Web.jpg\" data-crop=\"\" class=\"imgix-fluid  crop \/ c-media__background-img\"><\/div><noscript><div style=\"background-image: url(https:\/\/hotelcms-production.imgix.net\/niraalpina.com\/wp-content\/uploads\/2024\/03\/DSC3600_Web.jpg);\" class=\"crop \/ c-media__background-img\" ><\/div><\/noscript>        <\/div>\n    \n            <a href=\"https:\/\/www.niraalpina.com\/de\/winter-home\/\" class=\"c-media__anchor\" aria-hidden=\"true\"><\/a>\n    <\/section>\n\n                                    <button class=\"c-media-group__item-toggle  js-media-group-item-toggle\">Read more<\/button>\n                            <\/div>\n            <\/div>\n<\/div>\n<\/div><\/div><\/div><\/div><\/div><div id=\"pg-1394-1\"  class=\"panel-grid panel-has-style\" ><div class=\"c-row--valign-default c-row--widget-spacing c-row--margin-none c-row--column-default siteorigin-panels-stretch has-background c-row--background-cover imgix-fluid crop panel-row-style panel-row-style-for-1394-1\" data-stretch-type=\"full\" data-src=\"https:\/\/hotelcms-production.imgix.net\/niraalpina.com\/wp-content\/uploads\/2017\/11\/texture-bg.png\" data-crop=\"\" ><div id=\"pgc-1394-1-0\"  class=\"panel-grid-cell\" ><div id=\"panel-1394-1-0-0\" class=\"so-panel widget widget_cn-core-cta-widget panel-first-child panel-last-child\" data-index=\"1\" ><div\n\t\t\t\n\t\t\tclass=\"so-widget-cn-core-cta-widget so-widget-cn-core-cta-widget-base\"\n\t\t\t\n\t\t><div class=\"c-cta c-cta--intro no-variation\">\n\n    <div class=\"c-cta__content\">\n\n        <div class=\"c-cta__inner\">\n\n                            <a href=\"https:\/\/v8a-moving-pictures.com\/nira_alpina_silvaplana\/\" class=\"c-cta__anchor\" target=\"_blank\" rel=\"noopener\">\n            \n            \n            \n            \n                <div class=\"c-cta__headings\">\n\n                \n                                    <h2 class=\"c-cta__heading\">\n                        Willkommen im Nira Alpina                    <\/h2>\n                \n                \n                <\/div>\n\n            \n            \n                            <\/a>\n            \n                            <div class=\"c-cta__text \/ s-entry\">\n                    <p class=\"p1\">Das Nira Alpina, ein 4-Sterne-Superior-Design-Hotel, liegt inmitten der atemberaubenden Berglandschaft von Silvaplana im Engadin und ist direkt mit der Corvatsch-Seilbahn verbunden. Das Hotel befindet sich im Schweizer Skiresort von St. Moritz und ist ein idealer Ausgangspunkt f\u00fcr alpine Erlebnisse. Im Sommer erwarten Sie abwechslungsreiche Hochwander- und Radwege durch die alpine Landschaft. Unser Hotel begeistert mit herzlichem Service, modernem Stil und einem Ambiente, das alpine Eleganz und zeitgem\u00e4ssen Lifestyle vereint.<\/p>\n                <\/div>\n            \n            \n                            <div class=\"c-cta__buttons\">\n                    <a class=\"c-button button \/ c-cta__button  no-variation\" target=\"_blank\" href=\"https:\/\/v8a-moving-pictures.com\/nira_alpina_silvaplana\/\" rel=\"noopener\">\n    Virtuelle Tour<\/a>\n\n\n<a class=\"c-button  c-cta__button c-cta__button--secondary no-variation\" href=\"https:\/\/www.niraalpina.com\/de\/uber-uns\/nachhaltigkeit\/\">\n    Nachhaltigkeit<\/a>\n\n\n                <\/div>\n            \n                    <\/div>\n\n    <\/div>\n\n    \n    \n            <a href=\"https:\/\/v8a-moving-pictures.com\/nira_alpina_silvaplana\/\" class=\"c-cta__detached-anchor\" target=\"_blank\" rel=\"noopener\"><\/a>\n    \n<\/div>\n\n<\/div><\/div><\/div><\/div><\/div><div id=\"pg-1394-2\"  class=\"panel-grid panel-has-style\" ><div class=\"c-row--valign-default c-row--widget-default c-row--margin-default c-row--column-default panel-row-style panel-row-style-for-1394-2\" ><div id=\"pgc-1394-2-0\"  class=\"panel-grid-cell\" ><div id=\"panel-1394-2-0-0\" class=\"so-panel widget widget_cn-core-video-widget panel-first-child panel-last-child\" data-index=\"2\" ><div\n\t\t\t\n\t\t\tclass=\"so-widget-cn-core-video-widget so-widget-cn-core-video-widget-base\"\n\t\t\t\n\t\t>\n<div class=\"c-video c-video--cnVideo_ \">\n            <video\n            id=\"cnVideo_\"\n            class=\"c-video__player\"\n            data-plyr-config='{\"autoplay\":true,\"muted\":true,\"loop\":{\"active\":true},\"controls\":[\"play\",\"progress\",\"mute\",\"volume\",\"fullscreen\"],\"fullscreen\":{\"enabled\":true,\"fallback\":true,\"iosNative\":true}}'\n            playsinline\n        >\n                    <source src=\"https:\/\/cdn1.cinema8.com\/mp4\/12400\/167\/167937\/167937_853_1080_0.mp4\" type=\"video\/mp4\">\n                <\/video>\n    <\/div>\n\n<script>\n    $(function() {\n\n        let initVideo = function(){\n\n            var cnVideo__Plyr = new Plyr('#cnVideo_');\n            var cnVideo__Waypoint;\n\n            cnVideo__Plyr.on('ready', function(event) {\n                                    event.detail.plyr.muted = true;\n                \n                                    cnVideo__Waypoint = new Waypoint({\n                        element: document.querySelector('.c-video--cnVideo_'),\n                        handler: function(direction) {\n                            cnVideo__Plyr.play();\n                        },\n                        offset: '70%'\n                    });\n                            });\n\n            cnVideo__Plyr.on('ended', function(event) {\n                $(window).trigger('cnVideoEnded', 'cnVideo_');\n            });\n\n            $(document).on('closing', '.remodal', function (e) {\n                                    cnVideo__Waypoint.destroy();\n                            });\n\n        }\n\n        function checkVideo(){\n            if(typeof(Plyr) != 'undefined'){\n                initVideo()\n            } else {\n                setTimeout(checkVideo, 250);\n            }\n        }\n\n        checkVideo()\n\n    });\n<\/script>\n<\/div><\/div><\/div><\/div><\/div><div id=\"pg-1394-3\"  class=\"panel-grid panel-has-style\" ><div class=\"c-row--valign-default c-row--widget-none c-row--margin-none c-row--column-default siteorigin-panels-stretch panel-row-style panel-row-style-for-1394-3\" data-stretch-type=\"full-width-stretch\" ><div id=\"pgc-1394-3-0\"  class=\"panel-grid-cell\" ><div id=\"panel-1394-3-0-0\" class=\"so-panel widget widget_cn-core-cta-widget panel-first-child panel-last-child\" data-index=\"3\" ><div\n\t\t\t\n\t\t\tclass=\"so-widget-cn-core-cta-widget so-widget-cn-core-cta-widget-base\"\n\t\t\t\n\t\t><div class=\"c-cta c-cta--layout-image-right no-variation has-background\">\n\n    <div class=\"c-cta__content\">\n\n        <div class=\"c-cta__inner\">\n\n                            <a href=\"https:\/\/www.niraalpina.com\/de\/zimmer-suiten\/\" class=\"c-cta__anchor\">\n            \n            \n            \n            \n                <div class=\"c-cta__headings\">\n\n                \n                                    <h2 class=\"c-cta__heading\">\n                        Zimmer und Suiten                    <\/h2>\n                \n                \n                <\/div>\n\n            \n            \n                            <\/a>\n            \n                            <div class=\"c-cta__text \/ s-entry\">\n                    <p>Zeitgem\u00e4sse Innenarchitektur trifft auf urigen H\u00fcttenzauber, alle Zimmer und Suiten verf\u00fcgen \u00fcber eine ger\u00e4umige Terrasse bzw. einen Balkon sowie Panoramafenster mit Blick auf die Engadiner Bergwelt.\u00a0Grossz\u00fcgigkeit ist Trumpf, nicht pomp\u00f6s und nicht urig, sondern stylisch, dem Zeitgeist unserer G\u00e4ste entsprechend.<\/p>\n                <\/div>\n            \n            \n                            <div class=\"c-cta__buttons\">\n                    <a class=\"c-button button \/ c-cta__button  c-button--arrow\" href=\"https:\/\/www.niraalpina.com\/de\/zimmer-suiten\/\">\n    Entdecken Sie unsere Zimmer und Suiten<\/a>\n\n\n                <\/div>\n            \n                    <\/div>\n\n    <\/div>\n\n    \n            <div data-src=\"https:\/\/hotelcms-production.imgix.net\/niraalpina.com\/wp-content\/uploads\/2025\/05\/Corvatschroom-1.jpg\" data-crop=\"\" class=\"imgix-fluid  crop \/ c-background c-cta__background\"><\/div><noscript><div style=\"background-image: url(https:\/\/hotelcms-production.imgix.net\/niraalpina.com\/wp-content\/uploads\/2025\/05\/Corvatschroom-1.jpg);\" class=\"crop \/ c-background c-cta__background\" ><\/div><\/noscript>    \n            <a href=\"https:\/\/www.niraalpina.com\/de\/zimmer-suiten\/\" class=\"c-cta__detached-anchor\"><\/a>\n    \n<\/div>\n\n<\/div><\/div><\/div><\/div><\/div><div id=\"pg-1394-4\"  class=\"panel-grid panel-has-style\" ><div class=\"c-row--valign-default c-row--widget-none c-row--margin-none c-row--column-default siteorigin-panels-stretch panel-row-style panel-row-style-for-1394-4\" data-stretch-type=\"full-width-stretch\" ><div id=\"pgc-1394-4-0\"  class=\"panel-grid-cell\" ><div id=\"panel-1394-4-0-0\" class=\"so-panel widget widget_cn-core-cta-widget panel-first-child panel-last-child\" data-index=\"4\" ><div\n\t\t\t\n\t\t\tclass=\"so-widget-cn-core-cta-widget so-widget-cn-core-cta-widget-base\"\n\t\t\t\n\t\t><div class=\"c-cta c-cta--layout-image-left no-variation has-background\">\n\n    <div class=\"c-cta__content\">\n\n        <div class=\"c-cta__inner\">\n\n                            <a href=\"https:\/\/www.niraalpina.com\/de\/spa\/\" class=\"c-cta__anchor\">\n            \n            \n            \n            \n                <div class=\"c-cta__headings\">\n\n                \n                                    <h2 class=\"c-cta__heading\">\n                        Entspannen Sie K\u00f6rper und Geist                    <\/h2>\n                \n                \n                <\/div>\n\n            \n            \n                            <\/a>\n            \n                            <div class=\"c-cta__text \/ s-entry\">\n                    <p>Die Wellnessangebote im Shanti Spa by Pure Altitude gehen \u00fcber die k\u00f6rperliche Revitalisierung hinaus und umfassen alle Elemente einer ganzheitlichen, stressfreien Lebensweise. In einer harmonischen Umgebung streben wir danach, einen Ausgleich zwischen dem inneren und dem \u00e4usseren Ich zu erreichen. Sie sp\u00fcren die erfahrenen, umsorgenden H\u00e4nde unserer Therapeuten. \u201eRundum erneuert\u201c gelangen Sie zur inneren Ruhe.<\/p>\n                <\/div>\n            \n            \n                            <div class=\"c-cta__buttons\">\n                    <a class=\"c-button button \/ c-cta__button  c-button--arrow\" href=\"https:\/\/www.niraalpina.com\/de\/spa\/\">\n    Entdecken Sie unseren Wellnessbereich<\/a>\n\n\n                <\/div>\n            \n                    <\/div>\n\n    <\/div>\n\n    \n            <div data-src=\"https:\/\/hotelcms-production.imgix.net\/niraalpina.com\/wp-content\/uploads\/2019\/01\/Nira-Alpina-Switzerland-Tourism-20-copy.jpg\" data-crop=\"\" class=\"imgix-fluid  crop \/ c-background c-cta__background\" data-caption=\"Protagonisten im Spa des Hotel Nira Alpina\"><\/div><noscript><div style=\"background-image: url(https:\/\/hotelcms-production.imgix.net\/niraalpina.com\/wp-content\/uploads\/2019\/01\/Nira-Alpina-Switzerland-Tourism-20-copy.jpg);\" class=\"crop \/ c-background c-cta__background\" ><\/div><\/noscript>    \n            <a href=\"https:\/\/www.niraalpina.com\/de\/spa\/\" class=\"c-cta__detached-anchor\"><\/a>\n    \n<\/div>\n\n<\/div><\/div><\/div><\/div><\/div><div id=\"pg-1394-5\"  class=\"panel-grid panel-has-style\" ><div class=\"c-row--valign-default c-row--widget-none c-row--margin-large c-row--column-default siteorigin-panels-stretch panel-row-style panel-row-style-for-1394-5\" data-stretch-type=\"full-width-stretch\" ><div id=\"pgc-1394-5-0\"  class=\"panel-grid-cell\" ><div id=\"panel-1394-5-0-0\" class=\"so-panel widget widget_cn-core-cta-widget panel-first-child panel-last-child\" data-index=\"5\" ><div\n\t\t\t\n\t\t\tclass=\"so-widget-cn-core-cta-widget so-widget-cn-core-cta-widget-base\"\n\t\t\t\n\t\t><div class=\"c-cta c-cta--layout-image-right no-variation has-background\">\n\n    <div class=\"c-cta__content\">\n\n        <div class=\"c-cta__inner\">\n\n                            <a href=\"https:\/\/www.niraalpina.com\/de\/angebote-packages\/\" class=\"c-cta__anchor\">\n            \n            \n            \n            \n                <div class=\"c-cta__headings\">\n\n                \n                                    <h2 class=\"c-cta__heading\">\n                        Etwas Besonderes...                    <\/h2>\n                \n                \n                <\/div>\n\n            \n            \n                            <\/a>\n            \n                            <div class=\"c-cta__text \/ s-entry\">\n                    <p>Vom Skifahren im Winter bis zum Wandern im Sommer oder entspannende Wellnesstage im Spa, im Nira Alpina finden Sie immer ein passendes Angebot. Erleben Sie alpine Abenteuer mit unseren Sommer- und Winter-Familienpaketen, einschliesslich Outdoor-Aktivit\u00e4ten wie Wandern, Mountainbiken, Skifahren und Wassersport. Entspannen Sie in unserer gem\u00fctlichen Wellness-Oase in den Schweizer Bergen oder beim einzigartigen Yoga-Retreat mit Sandeep Agarwalla aus den Himalayas<\/p>\n                <\/div>\n            \n            \n                            <div class=\"c-cta__buttons\">\n                    <a class=\"c-button button \/ c-cta__button  c-button--arrow\" href=\"https:\/\/www.niraalpina.com\/de\/angebote-packages\/\">\n    Zu unseren Angeboten &amp; Pauschalen<\/a>\n\n\n                <\/div>\n            \n                    <\/div>\n\n    <\/div>\n\n    \n            <div data-src=\"https:\/\/hotelcms-production.imgix.net\/niraalpina.com\/wp-content\/uploads\/2021\/03\/StMoritz_Yoga06_byFilipZuan.jpg\" data-crop=\"\" class=\"imgix-fluid  crop \/ c-background c-cta__background\"><\/div><noscript><div style=\"background-image: url(https:\/\/hotelcms-production.imgix.net\/niraalpina.com\/wp-content\/uploads\/2021\/03\/StMoritz_Yoga06_byFilipZuan.jpg);\" class=\"crop \/ c-background c-cta__background\" ><\/div><\/noscript>    \n            <a href=\"https:\/\/www.niraalpina.com\/de\/angebote-packages\/\" class=\"c-cta__detached-anchor\"><\/a>\n    \n<\/div>\n\n<\/div><\/div><\/div><\/div><\/div><div id=\"pg-1394-6\"  class=\"panel-grid panel-has-style\" ><div class=\"c-row--valign-default c-row--widget-default c-row--margin-none c-row--column-default siteorigin-panels-stretch panel-row-style panel-row-style-for-1394-6\" data-stretch-type=\"full-width-stretch\" ><div id=\"pgc-1394-6-0\"  class=\"panel-grid-cell\" ><div id=\"panel-1394-6-0-0\" class=\"so-panel widget widget_cn-core-media-group-widget panel-first-child panel-last-child\" data-index=\"6\" ><div\n\t\t\t\n\t\t\tclass=\"so-widget-cn-core-media-group-widget so-widget-cn-core-media-group-widget-base\"\n\t\t\t\n\t\t>\n<div\n    class=\"c-media-group c-media-group--hero c-media-group--hero-short\"\n    data-module=\"media-group\"\n    data-module-options='{\"toggleLabel\":{\"active\":\"Read Less\",\"inactive\":\"Read more\"}}'\n>\n    \n    \n    \n    <div class=\"c-media-group__items  js-media-group-items\">\n                    <div class=\"c-media-group__item  js-media-group-item\">\n                \n<section\n    class=\"c-media c-media--tile stack-media-first\"\n    data-module-options='{\"actionImageBehaviour\":\"replace_on_hover\"}'\n>\n    <article class=\"c-media__content\">\n        <div class=\"c-media__inner\">\n\n            \n                            <div class=\"c-media__headings\">\n                                            <p class=\"c-media__preheading\">\n                            03. Dezember 2025 - 06. April 2026                        <\/p>\n                    \n                                            <h2 class=\"c-media__heading\">\n                            Winterwunderland                        <\/h2>\n                    \n                                    <\/div>\n            \n            \n            \n            \n                            <div class=\"c-media__buttons\">\n                    <a class=\"c-button  c-media__button c-button--solid\" href=\"https:\/\/www.niraalpina.com\/de\/winter-home\/\">\n    WINTER ENTDECKEN<\/a>\n\n\n                <\/div>\n            \n            \n        <\/div>\n    <\/article>\n\n    \n            <div class=\"c-media__background\">\n            <div data-src=\"https:\/\/hotelcms-production.imgix.net\/niraalpina.com\/wp-content\/uploads\/2025\/02\/DJI_20250202115039_0522_D_Web.jpg\" data-crop=\"\" class=\"imgix-fluid  crop \/ c-media__background-img\" data-caption=\"default\"><\/div><noscript><div style=\"background-image: url(https:\/\/hotelcms-production.imgix.net\/niraalpina.com\/wp-content\/uploads\/2025\/02\/DJI_20250202115039_0522_D_Web.jpg);\" class=\"crop \/ c-media__background-img\" ><\/div><\/noscript>        <\/div>\n    \n            <a href=\"https:\/\/www.niraalpina.com\/de\/winter-home\/\" class=\"c-media__anchor\" aria-hidden=\"true\"><\/a>\n    <\/section>\n\n                                    <button class=\"c-media-group__item-toggle  js-media-group-item-toggle\">Read more<\/button>\n                            <\/div>\n                    <div class=\"c-media-group__item  js-media-group-item\">\n                \n<section\n    class=\"c-media c-media--tile stack-media-first\"\n    data-module-options='{\"actionImageBehaviour\":\"replace_on_hover\"}'\n>\n    <article class=\"c-media__content\">\n        <div class=\"c-media__inner\">\n\n            \n                            <div class=\"c-media__headings\">\n                                            <p class=\"c-media__preheading\">\n                            26. Juni 2026 - 11. Oktober 2026                        <\/p>\n                    \n                                            <h2 class=\"c-media__heading\">\n                            Bergsommer                        <\/h2>\n                    \n                                    <\/div>\n            \n            \n            \n            \n                            <div class=\"c-media__buttons\">\n                    <a class=\"c-button  c-media__button c-button--solid\" href=\"https:\/\/www.niraalpina.com\/de\/summer-home\/\">\n    SOMMER ENTDECKEN<\/a>\n\n\n                <\/div>\n            \n            \n        <\/div>\n    <\/article>\n\n    \n            <div class=\"c-media__background\">\n            <div data-src=\"https:\/\/hotelcms-production.imgix.net\/niraalpina.com\/wp-content\/uploads\/2024\/04\/Nira-Alpina-Exterior-Summer-1.jpg\" data-crop=\"\" class=\"imgix-fluid  crop \/ c-media__background-img\"><\/div><noscript><div style=\"background-image: url(https:\/\/hotelcms-production.imgix.net\/niraalpina.com\/wp-content\/uploads\/2024\/04\/Nira-Alpina-Exterior-Summer-1.jpg);\" class=\"crop \/ c-media__background-img\" ><\/div><\/noscript>        <\/div>\n    \n            <a href=\"https:\/\/www.niraalpina.com\/de\/summer-home\/\" class=\"c-media__anchor\" aria-hidden=\"true\"><\/a>\n    <\/section>\n\n                                    <button class=\"c-media-group__item-toggle  js-media-group-item-toggle\">Read more<\/button>\n                            <\/div>\n            <\/div>\n<\/div>\n<\/div><\/div><\/div><\/div><\/div><\/div>","protected":false},"excerpt":{"rendered":"","protected":false},"author":1,"featured_media":0,"parent":0,"menu_order":0,"comment_status":"closed","ping_status":"closed","template":"","meta":{"_acf_changed":false,"footnotes":""},"class_list":["post--1394","post--page","post--type-page","post--status-publish","post--hentry"],"acf":[],"_links":{"self":[{"href":"https:\/\/www.niraalpina.com\/de\/wp-json\/wp\/v2\/pages\/1394","targetHints":{"allow":["GET"]}}],"collection":[{"href":"https:\/\/www.niraalpina.com\/de\/wp-json\/wp\/v2\/pages"}],"about":[{"href":"https:\/\/www.niraalpina.com\/de\/wp-json\/wp\/v2\/types\/page"}],"author":[{"embeddable":true,"href":"https:\/\/www.niraalpina.com\/de\/wp-json\/wp\/v2\/users\/1"}],"replies":[{"embeddable":true,"href":"https:\/\/www.niraalpina.com\/de\/wp-json\/wp\/v2\/comments?post=1394"}],"version-history":[{"count":15,"href":"https:\/\/www.niraalpina.com\/de\/wp-json\/wp\/v2\/pages\/1394\/revisions"}],"predecessor-version":[{"id":18125,"href":"https:\/\/www.niraalpina.com\/de\/wp-json\/wp\/v2\/pages\/1394\/revisions\/18125"}],"wp:attachment":[{"href":"https:\/\/www.niraalpina.com\/de\/wp-json\/wp\/v2\/media?parent=1394"}],"curies":[{"name":"wp","href":"https:\/\/api.w.org\/{rel}","templated":true}]}}