{"id":12501,"date":"2021-12-16T16:08:22","date_gmt":"2021-12-16T16:08:22","guid":{"rendered":"https:\/\/www.niraalpina.com\/?page_id=12501"},"modified":"2025-05-12T14:03:07","modified_gmt":"2025-05-12T14:03:07","slug":"nira-engiadina","status":"publish","type":"page","link":"https:\/\/www.niraalpina.com\/de\/meetings-and-events\/nira-engiadina\/","title":{"rendered":"Nira Engiadina"},"content":{"rendered":"<div id=\"pl-12501\"  class=\"panel-layout\" ><div id=\"pg-12501-0\"  class=\"panel-grid panel-has-style\" ><div class=\"c-row--valign-default c-row--widget-none c-row--margin-none c-row--column-none siteorigin-panels-stretch panel-row-style panel-row-style-for-12501-0\" data-stretch-type=\"full-width-stretch\" ><div id=\"pgc-12501-0-0\"  class=\"panel-grid-cell\" ><div id=\"panel-12501-0-0-0\" class=\"so-panel widget widget_cn-core-hero-widget panel-first-child panel-last-child\" data-index=\"0\" ><div\n\t\t\t\n\t\t\tclass=\"so-widget-cn-core-hero-widget so-widget-cn-core-hero-widget-base\"\n\t\t\t\n\t\t><section class=\"c-hero c-hero--short\">\n    <div class=\"c-hero__inner\">\n        \n        <div class=\"c-hero__content\">\n\n            \n                            <p class=\"c-hero__subheading\">\n                    Kunst im Nira Alpina                <\/p>\n                            <div class=\"s-entry \/ c-hero__text\">\n                    <p>\n                        Nira Engiadina, Vinylography                    <\/p>\n                <\/div>\n                    <\/div>\n\n        \n    <\/div>\n\n\n\n    \n    \n    <div data-src=\"https:\/\/hotelcms-production.imgix.net\/niraalpina.com\/wp-content\/uploads\/2021\/12\/Nira-Alpina-Bilder-SchallerGerd-5.jpg\" data-crop=\"\" class=\"imgix-fluid  crop \/ c-hero__background\"><\/div><noscript><div style=\"background-image: url(https:\/\/hotelcms-production.imgix.net\/niraalpina.com\/wp-content\/uploads\/2021\/12\/Nira-Alpina-Bilder-SchallerGerd-5.jpg);\" class=\"crop \/ c-hero__background\" ><\/div><\/noscript>\n    \n    <\/section>\n<\/div><\/div><\/div><\/div><\/div><div id=\"pg-12501-1\"  class=\"panel-grid panel-has-style\" ><div class=\"c-row--valign-default c-row--widget-spacing c-row--margin-small c-row--column-none siteorigin-panels-stretch panel-row-style panel-row-style-for-12501-1\" data-stretch-type=\"full\" ><div id=\"pgc-12501-1-0\"  class=\"panel-grid-cell\" ><div id=\"panel-12501-1-0-0\" class=\"so-panel widget widget_cn-core-text-widget panel-first-child panel-last-child\" data-index=\"1\" ><div\n\t\t\t\n\t\t\tclass=\"so-widget-cn-core-text-widget so-widget-cn-core-text-widget-base\"\n\t\t\t\n\t\t>\n<div class=\"c-text c-text--lede\" >\n\n    \n            <h2 class=\"c-text__heading\">Kunstprojekte im Nira Alpina<\/h2>\n    \n    \n    <div class=\"c-text__content s-entry\">\n            <\/div>\n\n<\/div>\n<\/div><\/div><\/div><\/div><\/div><div id=\"pg-12501-2\"  class=\"panel-grid panel-has-style\" ><div class=\"c-row--valign-default c-row--widget-none c-row--margin-none c-row--column-none siteorigin-panels-stretch panel-row-style panel-row-style-for-12501-2\" data-stretch-type=\"full-width-stretch\" ><div id=\"pgc-12501-2-0\"  class=\"panel-grid-cell\" ><div id=\"panel-12501-2-0-0\" class=\"so-panel widget widget_cn-core-cta-widget panel-first-child\" data-index=\"2\" ><div\n\t\t\t\n\t\t\tclass=\"so-widget-cn-core-cta-widget so-widget-cn-core-cta-widget-base\"\n\t\t\t\n\t\t><div class=\"c-cta c-cta--layout-image-right no-variation has-background\">\n\n    <div class=\"c-cta__content\">\n\n        <div class=\"c-cta__inner\">\n\n                            <a href=\"https:\/\/www.bauwerk-perspektiven.de\/nira-engiadina\/\" class=\"c-cta__anchor\" target=\"_blank\" rel=\"noopener\">\n            \n            \n            \n            \n                <div class=\"c-cta__headings\">\n\n                                    <p class=\"c-cta__preheading\">\n                        Nira Engiadina Artwork                     <\/p>\n                \n                                    <h2 class=\"c-cta__heading\">\n                        by Gerd Schaller                    <\/h2>\n                \n                \n                <\/div>\n\n            \n            \n                            <\/a>\n            \n                            <div class=\"c-cta__text \/ s-entry\">\n                    <p>Es gibt viele sch\u00f6ne Landschaften auf unserer Erde. Aber kaum eine hat eine solch starke Wirkung wie das Engadin. Das m\u00e4chtige Hochgebirge mit seinen inspirierenden T\u00e4lern und kristallklaren Seen erscheint in einem ganz besonderen Licht \u2013 so klar und rein, wie es nirgendwo sonst auf der Welt so zu sehen ist.<\/p>\n<p>Nira Engiadina, abgeleitet von Nira (Lichtschimmer) und dem r\u00e4toromanischen Begriff f\u00fcr das Inntal, ist ein fotografisches Kunstprojekt, das die Sch\u00f6nheit dieses atemberaubenden und gleichermassen stillen Hochtals zeigt \u2013 auch abseits von touristischem Mainstream.<\/p>\n<p>Knapp 100 kuratierte Fotografien sind seit Beginn der Wintersaison 2021\/22 in den vier terrassierten Geschossen des Hauses im \u00f6ffentlich zug\u00e4nglichen Bereich zu sehen.<\/p>\n<p>N\u00e4here Informationen \u00fcber Gerd Schaller, dem K\u00fcnstler der Nira Engiadina Artwork, sowie Infos zum Kauf eines Artworks, finden Sie unter:<\/p>\n                <\/div>\n            \n            \n                            <div class=\"c-cta__buttons\">\n                    <a class=\"c-button button \/ c-cta__button  c-button--arrow\" target=\"_blank\" href=\"https:\/\/www.bauwerk-perspektiven.de\/nira-engiadina\/\" rel=\"noopener\">\n    Nira Engiadina<\/a>\n\n\n                <\/div>\n            \n                    <\/div>\n\n    <\/div>\n\n    \n            <div data-src=\"https:\/\/hotelcms-production.imgix.net\/niraalpina.com\/wp-content\/uploads\/2021\/12\/15-16-nira-engiadina-2.jpg\" data-crop=\"\" class=\"imgix-fluid  crop \/ c-background c-cta__background\"><\/div><noscript><div style=\"background-image: url(https:\/\/hotelcms-production.imgix.net\/niraalpina.com\/wp-content\/uploads\/2021\/12\/15-16-nira-engiadina-2.jpg);\" class=\"crop \/ c-background c-cta__background\" ><\/div><\/noscript>    \n            <a href=\"https:\/\/www.bauwerk-perspektiven.de\/nira-engiadina\/\" class=\"c-cta__detached-anchor\" target=\"_blank\" rel=\"noopener\"><\/a>\n    \n<\/div>\n\n<\/div><\/div><div id=\"panel-12501-2-0-1\" class=\"so-panel widget widget_cn-core-cta-widget panel-last-child\" data-index=\"3\" ><div\n\t\t\t\n\t\t\tclass=\"so-widget-cn-core-cta-widget so-widget-cn-core-cta-widget-base\"\n\t\t\t\n\t\t><div class=\"c-cta c-cta--layout-image-left no-variation has-background\">\n\n    <div class=\"c-cta__content\">\n\n        <div class=\"c-cta__inner\">\n\n            \n            \n            \n            \n                <div class=\"c-cta__headings\">\n\n                                    <p class=\"c-cta__preheading\">\n                        Vinylography                     <\/p>\n                \n                                    <h2 class=\"c-cta__heading\">\n                        by Gerd Schaller                    <\/h2>\n                \n                \n                <\/div>\n\n            \n            \n            \n                            <div class=\"c-cta__text \/ s-entry\">\n                    <p>Liebe, Freude, Schmerz und Leid. Wundervolle Erinnerungen und bewegende Momente. Jeder hat seine ganz pers\u00f6nlichen Geschichten. Oft sind sie eng verbunden mit Musik \u2013 mit diesem einen Song, der uns ein Leben lang begleitet.<br \/>\nBild\u00e4sthetik, Komposition, Farb- und Lichtwirkung machen jede Vinylography zu einem einpr\u00e4gsamen Blickfang.\u00a0 Jede Vinylography ist auf wenige Exemplare streng limitiert, handsigniert und mit einem Echtheitszertifikat versehen.<\/p>\n<p>Einige Kunstwerke k\u00f6nnen bei uns in der Rooftop bewundert werden.<\/p>\n                <\/div>\n            \n            \n            \n                    <\/div>\n\n    <\/div>\n\n    \n            <div data-src=\"https:\/\/hotelcms-production.imgix.net\/niraalpina.com\/wp-content\/uploads\/2021\/12\/vinylography-titel-15.jpg\" data-crop=\"\" class=\"imgix-fluid  crop \/ c-background c-cta__background\"><\/div><noscript><div style=\"background-image: url(https:\/\/hotelcms-production.imgix.net\/niraalpina.com\/wp-content\/uploads\/2021\/12\/vinylography-titel-15.jpg);\" class=\"crop \/ c-background c-cta__background\" ><\/div><\/noscript>    \n    \n<\/div>\n\n<\/div><\/div><\/div><\/div><\/div><div id=\"pg-12501-3\"  class=\"panel-grid panel-has-style\" ><div class=\"c-row--valign-default c-row--widget-none c-row--margin-none c-row--column-large siteorigin-panels-stretch panel-row-style panel-row-style-for-12501-3\" data-stretch-type=\"full-width-stretch\" ><div id=\"pgc-12501-3-0\"  class=\"panel-grid-cell\" ><div id=\"panel-12501-3-0-0\" class=\"so-panel widget widget_cn-core-adjacent-pages-widget panel-first-child panel-last-child\" data-index=\"4\" ><div\n\t\t\t\n\t\t\tclass=\"so-widget-cn-core-adjacent-pages-widget so-widget-cn-core-adjacent-pages-widget-base\"\n\t\t\t\n\t\t><nav class=\"c-siblings  \">\n\n    <ul class=\"menu\">\n        <li class=\"c-siblings__page \/ menu__previous\">\n                            <a href=\"https:\/\/www.niraalpina.com\/de\/kontakt\/\">Kontakt<\/a>\n                    <\/li>\n\n        \n        <li class=\"c-siblings__page \/ menu__next\">\n                        <a href=\"https:\/\/www.niraalpina.com\/de\/meetings-and-events\/nira-alpina-erlebnisse\/\" class=\"\">Next page &rarr;<\/a>                    <\/li>\n    <\/ul>\n\n<\/nav><\/div><\/div><\/div><\/div><\/div><div id=\"pg-12501-4\"  class=\"panel-grid panel-has-style\" ><div class=\"c-row--valign-default c-row--widget-none c-row--margin-none c-row--column-none siteorigin-panels-stretch has-background c-row--background-cover imgix-fluid crop panel-row-style panel-row-style-for-12501-4\" data-stretch-type=\"full-width-stretch\" data-src=\"https:\/\/hotelcms-production.imgix.net\/niraalpina.com\/wp-content\/uploads\/2017\/11\/texture.png\" data-crop=\"\" ><div id=\"pgc-12501-4-0\"  class=\"panel-grid-cell\" ><div id=\"panel-12501-4-0-0\" class=\"so-panel widget widget_cn-core-cta-widget panel-first-child panel-last-child\" data-index=\"5\" ><div\n\t\t\t\n\t\t\tclass=\"so-widget-cn-core-cta-widget so-widget-cn-core-cta-widget-base\"\n\t\t\t\n\t\t><div class=\"c-cta c-cta--layout-breaker no-variation\">\n\n    <div class=\"c-cta__content\">\n\n        <div class=\"c-cta__inner\">\n\n                            <a href=\"https:\/\/gc.synxis.com\/rez.aspx?Hotel=53708&#038;Chain=5154&#038;template=RES_NIRA_ALPINA_V1&#038;shell=RES_NIRA_ALPINA_V1&#038;locale=de\" class=\"c-cta__anchor\" target=\"_blank\" rel=\"noopener\">\n            \n            \n            \n            \n                <div class=\"c-cta__headings\">\n\n                                    <p class=\"c-cta__preheading\">\n                        Nira Alpina                     <\/p>\n                \n                                    <h2 class=\"c-cta__heading\">\n                        Designhotel im Engadin                    <\/h2>\n                \n                \n                <\/div>\n\n            \n            \n                            <\/a>\n            \n                            <div class=\"c-cta__text \/ s-entry\">\n                    <p>Bei uns sind Sie im Herzen der Bergwelt. Bei Direktbuchung profitieren Sie von unserer Best-Rate-Garantie und kostenlosen Schweizer Pralinen in Ihrem Zimmer.<\/p>\n                <\/div>\n            \n            \n                            <div class=\"c-cta__buttons\">\n                    <a class=\"c-button button \/ c-cta__button  no-variation\" href=\"https:\/\/gc.synxis.com\/rez.aspx?Hotel=53708&#038;Chain=5154&#038;template=RES_NIRA_ALPINA_V1&#038;shell=RES_NIRA_ALPINA_V1&#038;locale=de\" target=\"_blank\" rel=\"noopener\">\n    Jetzt Buchen<\/a>\n\n\n                <\/div>\n            \n                    <\/div>\n\n    <\/div>\n\n    \n    \n            <a href=\"https:\/\/gc.synxis.com\/rez.aspx?Hotel=53708&#038;Chain=5154&#038;template=RES_NIRA_ALPINA_V1&#038;shell=RES_NIRA_ALPINA_V1&#038;locale=de\" class=\"c-cta__detached-anchor\" target=\"_blank\" rel=\"noopener\"><\/a>\n    \n<\/div>\n\n<\/div><\/div><\/div><\/div><\/div><\/div>","protected":false},"excerpt":{"rendered":"<p>Kunst im Nira Alpina Nira Engiadina, Vinylography Kunstprojekte im Nira Alpina Nira Engiadina Artwork by Gerd Schaller Es gibt viele sch\u00f6ne Landschaften auf unserer Erde. Aber kaum eine hat eine solch starke Wirkung wie das Engadin. Das m\u00e4chtige Hochgebirge mit seinen inspirierenden T\u00e4lern und kristallklaren Seen erscheint in einem ganz besonderen Licht \u2013 so klar &hellip;<\/p>\n","protected":false},"author":53,"featured_media":0,"parent":1593,"menu_order":1,"comment_status":"closed","ping_status":"closed","template":"","meta":{"_acf_changed":false,"footnotes":""},"class_list":["post--12501","post--page","post--type-page","post--status-publish","post--hentry"],"acf":[],"_links":{"self":[{"href":"https:\/\/www.niraalpina.com\/de\/wp-json\/wp\/v2\/pages\/12501","targetHints":{"allow":["GET"]}}],"collection":[{"href":"https:\/\/www.niraalpina.com\/de\/wp-json\/wp\/v2\/pages"}],"about":[{"href":"https:\/\/www.niraalpina.com\/de\/wp-json\/wp\/v2\/types\/page"}],"author":[{"embeddable":true,"href":"https:\/\/www.niraalpina.com\/de\/wp-json\/wp\/v2\/users\/53"}],"replies":[{"embeddable":true,"href":"https:\/\/www.niraalpina.com\/de\/wp-json\/wp\/v2\/comments?post=12501"}],"version-history":[{"count":24,"href":"https:\/\/www.niraalpina.com\/de\/wp-json\/wp\/v2\/pages\/12501\/revisions"}],"predecessor-version":[{"id":17500,"href":"https:\/\/www.niraalpina.com\/de\/wp-json\/wp\/v2\/pages\/12501\/revisions\/17500"}],"up":[{"embeddable":true,"href":"https:\/\/www.niraalpina.com\/de\/wp-json\/wp\/v2\/pages\/1593"}],"wp:attachment":[{"href":"https:\/\/www.niraalpina.com\/de\/wp-json\/wp\/v2\/media?parent=12501"}],"curies":[{"name":"wp","href":"https:\/\/api.w.org\/{rel}","templated":true}]}}