{"id":11064,"date":"2021-05-13T10:44:17","date_gmt":"2021-05-13T10:44:17","guid":{"rendered":"https:\/\/www.niraalpina.com\/?page_id=11064"},"modified":"2024-10-15T13:14:46","modified_gmt":"2024-10-15T13:14:46","slug":"shanti-hospitality-group","status":"publish","type":"page","link":"https:\/\/www.niraalpina.com\/de\/uber-uns\/shanti-hospitality-group\/","title":{"rendered":"Shanti Hospitality Group"},"content":{"rendered":"<div id=\"pl-11064\"  class=\"panel-layout\" ><div id=\"pg-11064-0\"  class=\"panel-grid panel-has-style\" ><div class=\"c-row--valign-default c-row--widget-none c-row--margin-none c-row--column-none siteorigin-panels-stretch panel-row-style panel-row-style-for-11064-0\" data-stretch-type=\"full-stretched\" ><div id=\"pgc-11064-0-0\"  class=\"panel-grid-cell\" ><div id=\"panel-11064-0-0-0\" class=\"so-panel widget widget_cn-core-hero-widget panel-first-child panel-last-child\" data-index=\"0\" ><div\n\t\t\t\n\t\t\tclass=\"so-widget-cn-core-hero-widget so-widget-cn-core-hero-widget-base\"\n\t\t\t\n\t\t><section class=\"c-hero c-hero--short\">\n    <div class=\"c-hero__inner\">\n        \n        <div class=\"c-hero__content\">\n\n            \n                            <p class=\"c-hero__subheading\">\n                    SHANTI HOSPITALITY GROUP                <\/p>\n                    <\/div>\n\n        \n    <\/div>\n\n\n\n    \n    <div data-src=\"https:\/\/hotelcms-production.imgix.net\/niraalpina.com\/wp-content\/uploads\/2019\/01\/Romano-Salis_Corvatsch.jpg\" data-crop=\"\" class=\"imgix-fluid  crop \/ c-hero__background\" data-caption=\"ENGADIN St.Moritz - Ein Freeskier zieht seine Spuren im Schneesportgebiet Corvatsch, Eiskristalle liegen in der Luft vor dem Piz Bernina (4049 m) mit Biancograt und dem Piz Roseg (3937 m).\n\nA freeskier making tracks in the Corvatsch snow-sports area; ice crystals hang in the air against a backdrop of Piz Bernina (4049 m) with the Biancograt ridge and Piz Roseg (3937 m).\n\nUn amante di free ski lascia le sue tracce nel comprensorio di sport invernali di Corvatsch, nella aria ci sono cristalli di ghiaccio sullo sfondo del Piz Bernina (4049 m) con il  Biancograt e il Piz Roseg (3937 m).\n\nCopyright by ENGADIN St. Moritz By-line: swiss-image.ch\/Romano Salis\"><\/div><noscript><div style=\"background-image: url(https:\/\/hotelcms-production.imgix.net\/niraalpina.com\/wp-content\/uploads\/2019\/01\/Romano-Salis_Corvatsch.jpg);\" class=\"crop \/ c-hero__background\" ><\/div><\/noscript>\n    \n    <\/section>\n<\/div><\/div><\/div><\/div><\/div><div id=\"pg-11064-1\"  class=\"panel-grid panel-has-style\" ><div class=\"c-row--valign-default c-row--widget-none c-row--margin-none c-row--column-none siteorigin-panels-stretch panel-row-style panel-row-style-for-11064-1\" data-stretch-type=\"full-stretched\" ><div id=\"pgc-11064-1-0\"  class=\"panel-grid-cell\" ><div id=\"panel-11064-1-0-0\" class=\"so-panel widget widget_cn-core-text-widget panel-first-child\" data-index=\"1\" ><div\n\t\t\t\n\t\t\tclass=\"so-widget-cn-core-text-widget so-widget-cn-core-text-widget-base\"\n\t\t\t\n\t\t>\n<div class=\"c-text c-text--lede\" >\n\n    \n            <h2 class=\"c-text__heading\">Aussergew\u00f6hnliche Marken aufbauen und aussergew\u00f6hnliche Momente schaffen<\/h2>\n    \n    \n    <div class=\"c-text__content s-entry\">\n        <p><a href=\"https:\/\/www.shantihospitality.com\/\" target=\"_blank\" rel=\"noopener\">Shanti Hospitality<\/a> will eine positive Wirkung erzeugen in allem was sie tut. In der Vergangenheit wurden aussergew\u00f6hnliche Marken geschaffen. Nun wird das Wohlbefinden in den Vordergrund gestellt um aussergew\u00f6hnliche Momente und Erfahrungen f\u00fcr Sie als unseren Gast zu schaffen.<\/p>\n    <\/div>\n\n<\/div>\n<\/div><\/div><div id=\"panel-11064-1-0-1\" class=\"so-panel widget widget_cn-core-cta-widget\" data-index=\"2\" ><div\n\t\t\t\n\t\t\tclass=\"so-widget-cn-core-cta-widget so-widget-cn-core-cta-widget-base\"\n\t\t\t\n\t\t><div class=\"c-cta c-cta--layout-image-right no-variation has-background\">\n\n    <div class=\"c-cta__content\">\n\n        <div class=\"c-cta__inner\">\n\n            \n            \n            \n            \n                <div class=\"c-cta__headings\">\n\n                \n                                    <h2 class=\"c-cta__heading\">\n                        SHANTI ETHOS                     <\/h2>\n                \n                \n                <\/div>\n\n            \n            \n            \n                            <div class=\"c-cta__text \/ s-entry\">\n                    <p>Wir erreichen dies mit unseren Programmen Shanti Seva, Shanti Experiences und Shanti Wellness.<\/p>\n                <\/div>\n            \n            \n            \n                    <\/div>\n\n    <\/div>\n\n    \n            <div data-src=\"https:\/\/hotelcms-production.imgix.net\/niraalpina.com\/wp-content\/uploads\/2019\/07\/silvaplana-hotel-nira-alpina-low-1370.jpg\" data-crop=\"\" class=\"imgix-fluid  crop \/ c-background c-cta__background\"><\/div><noscript><div style=\"background-image: url(https:\/\/hotelcms-production.imgix.net\/niraalpina.com\/wp-content\/uploads\/2019\/07\/silvaplana-hotel-nira-alpina-low-1370.jpg);\" class=\"crop \/ c-background c-cta__background\" ><\/div><\/noscript>    \n    \n<\/div>\n\n<\/div><\/div><div id=\"panel-11064-1-0-2\" class=\"so-panel widget widget_cn-core-cta-widget\" data-index=\"3\" ><div\n\t\t\t\n\t\t\tclass=\"so-widget-cn-core-cta-widget so-widget-cn-core-cta-widget-base\"\n\t\t\t\n\t\t><div class=\"c-cta c-cta--layout-image-left no-variation has-background\">\n\n    <div class=\"c-cta__content\">\n\n        <div class=\"c-cta__inner\">\n\n            \n            \n            \n            \n                <div class=\"c-cta__headings\">\n\n                \n                                    <h2 class=\"c-cta__heading\">\n                        SHANTI EXPERIENCES                    <\/h2>\n                \n                                    <h3 class=\"c-cta__subheading\">\n                        \u201cTo travel, to experience and learn: that is to live.\u201d- Tenzing Norgay, Bergsteiger. Einer der beiden ersten Menschen, die den Gipfel des Mount Everest erreicht haben.                     <\/h3>\n                \n                <\/div>\n\n            \n            \n            \n                            <div class=\"c-cta__text \/ s-entry\">\n                    <p>Mit Shanti Experiences nutzen wir unser Fachwissen und unsere lokalen Kenntnisse, um Ihnen unvergessliche Erlebnisse zu bieten. Jeder von uns besitzt gerne Dinge, jedoch schenken uns diese nur eine kurzfristige Befriedigung. Unsere Erlebnisse und die damit verbunden Erinnerungen erlauben uns hingegen die Freude, Aufregung und Emotion eines Augenblicks noch einmal zu erfahren, lange nachdem es vorbei ist.<\/p>\n                <\/div>\n            \n            \n            \n                    <\/div>\n\n    <\/div>\n\n    \n            <div data-src=\"https:\/\/hotelcms-production.imgix.net\/niraalpina.com\/wp-content\/uploads\/2023\/10\/DSC5228_Web.jpg\" data-crop=\"\" class=\"imgix-fluid  crop \/ c-background c-cta__background\"><\/div><noscript><div style=\"background-image: url(https:\/\/hotelcms-production.imgix.net\/niraalpina.com\/wp-content\/uploads\/2023\/10\/DSC5228_Web.jpg);\" class=\"crop \/ c-background c-cta__background\" ><\/div><\/noscript>    \n    \n<\/div>\n\n<\/div><\/div><div id=\"panel-11064-1-0-3\" class=\"so-panel widget widget_cn-core-cta-widget\" data-index=\"4\" ><div\n\t\t\t\n\t\t\tclass=\"so-widget-cn-core-cta-widget so-widget-cn-core-cta-widget-base\"\n\t\t\t\n\t\t><div class=\"c-cta c-cta--layout-image-right no-variation has-background\">\n\n    <div class=\"c-cta__content\">\n\n        <div class=\"c-cta__inner\">\n\n            \n            \n            \n            \n                <div class=\"c-cta__headings\">\n\n                \n                                    <h2 class=\"c-cta__heading\">\n                        SHANTI WELLNESS                    <\/h2>\n                \n                                    <h3 class=\"c-cta__subheading\">\n                        \u201cThe best project you will ever work on is yourself.\u201d - Unknown                    <\/h3>\n                \n                <\/div>\n\n            \n            \n            \n                            <div class=\"c-cta__text \/ s-entry\">\n                    <p>Mit Shanti Wellness wollen wir Ihren Geist erfrischen und verj\u00fcngen. K\u00f6rper und Seele legen damit den Grundstein f\u00fcr ein gesundes Leben und Lebensstil. Gesundheit ist n\u00e4mlich unerl\u00e4sslich, um aussergew\u00f6hnliche Momente in vollen Z\u00fcgen zu geniessen.<\/p>\n                <\/div>\n            \n            \n            \n                    <\/div>\n\n    <\/div>\n\n    \n            <div data-src=\"https:\/\/hotelcms-production.imgix.net\/niraalpina.com\/wp-content\/uploads\/2021\/04\/Switzerland-Tourism-Lorenz-Richard-3.jpg\" data-crop=\"\" class=\"imgix-fluid  crop \/ c-background c-cta__background\" data-caption=\"Protagonisten im Spa des Hotel Nira Alpina\"><\/div><noscript><div style=\"background-image: url(https:\/\/hotelcms-production.imgix.net\/niraalpina.com\/wp-content\/uploads\/2021\/04\/Switzerland-Tourism-Lorenz-Richard-3.jpg);\" class=\"crop \/ c-background c-cta__background\" ><\/div><\/noscript>    \n    \n<\/div>\n\n<\/div><\/div><div id=\"panel-11064-1-0-4\" class=\"so-panel widget widget_cn-core-cta-widget panel-last-child\" data-index=\"5\" ><div\n\t\t\t\n\t\t\tclass=\"so-widget-cn-core-cta-widget so-widget-cn-core-cta-widget-base\"\n\t\t\t\n\t\t><div class=\"c-cta c-cta--layout-image-left no-variation has-background\">\n\n    <div class=\"c-cta__content\">\n\n        <div class=\"c-cta__inner\">\n\n                            <a href=\"https:\/\/www.niraalpina.com\/leisure-activities\/leisure-enquiry\/\" class=\"c-cta__anchor\">\n            \n            \n            \n            \n                <div class=\"c-cta__headings\">\n\n                \n                                    <h2 class=\"c-cta__heading\">\n                        SHANTI SEVA                    <\/h2>\n                \n                                    <h3 class=\"c-cta__subheading\">\n                        \u201cIn fact, taking care of others, helping others, ultimately is the way to discover your own joy and to have a happy life.\u201d \u2015 Dalai Lama, The Book of Joy: Lasting Happiness in a Changing World                    <\/h3>\n                \n                <\/div>\n\n            \n            \n                            <\/a>\n            \n                            <div class=\"c-cta__text \/ s-entry\">\n                    <p>Auf Hindi bedeutet das Wort \u201cSeva\u201d, selbstlos zu dienen. Shanti Seva ist die Seele der Shanti-Hospitality und das Herzst\u00fcck von allem, was wir tun. Dieser Geist des selbstlosen Dienens ist tief in unsere Kultur eingeflossen und erstreckt sich gleichermassen auf unsere G\u00e4ste, Kollegen und Mitglieder unserer lokalen Gemeinschaften.<\/p>\n                <\/div>\n            \n            \n            \n                    <\/div>\n\n    <\/div>\n\n    \n            <div data-src=\"https:\/\/hotelcms-production.imgix.net\/niraalpina.com\/wp-content\/uploads\/2019\/07\/Nira-Alpina-Impressions-Cornelia-Studer-2.jpg\" data-crop=\"\" class=\"imgix-fluid  crop \/ c-background c-cta__background\"><\/div><noscript><div style=\"background-image: url(https:\/\/hotelcms-production.imgix.net\/niraalpina.com\/wp-content\/uploads\/2019\/07\/Nira-Alpina-Impressions-Cornelia-Studer-2.jpg);\" class=\"crop \/ c-background c-cta__background\" ><\/div><\/noscript>    \n            <a href=\"https:\/\/www.niraalpina.com\/leisure-activities\/leisure-enquiry\/\" class=\"c-cta__detached-anchor\"><\/a>\n    \n<\/div>\n\n<\/div><\/div><\/div><\/div><\/div><div id=\"pg-11064-2\"  class=\"panel-grid panel-has-style\" ><div class=\"c-row--valign-default c-row--widget-none c-row--margin-none c-row--column-none siteorigin-panels-stretch has-background c-row--background-cover imgix-fluid crop panel-row-style panel-row-style-for-11064-2\" data-stretch-type=\"full-stretched\" data-src=\"https:\/\/hotelcms-production.imgix.net\/niraalpina.com\/wp-content\/uploads\/2017\/11\/texture.png\" data-crop=\"\" ><div id=\"pgc-11064-2-0\"  class=\"panel-grid-cell\" ><div id=\"panel-11064-2-0-0\" class=\"so-panel widget widget_cn-core-cta-widget panel-first-child panel-last-child\" data-index=\"6\" ><div\n\t\t\t\n\t\t\tclass=\"so-widget-cn-core-cta-widget so-widget-cn-core-cta-widget-base\"\n\t\t\t\n\t\t><div class=\"c-cta c-cta--layout-breaker no-variation\">\n\n    <div class=\"c-cta__content\">\n\n        <div class=\"c-cta__inner\">\n\n                            <a href=\"https:\/\/be.synxis.com\/?chain=5154&#038;hotel=53708&#038;theme=SBE_Nira_V1&#038;config=SBE_Nira_V1\" class=\"c-cta__anchor\" target=\"_blank\" rel=\"noopener\">\n            \n            \n            \n            \n                <div class=\"c-cta__headings\">\n\n                                    <p class=\"c-cta__preheading\">\n                        Rein und anspruchsvoll                    <\/p>\n                \n                                    <h2 class=\"c-cta__heading\">\n                        Entdecken Sie unser attraktives Bergparadies                    <\/h2>\n                \n                \n                <\/div>\n\n            \n            \n                            <\/a>\n            \n                            <div class=\"c-cta__text \/ s-entry\">\n                    <p>Als eines der einzigartigsten Resorts in den Schweizer Alpen bietet Nira Alpina atemberaubende Ausblicke auf unber\u00fchrte Naturlandschaften und ist der perfekte Ort f\u00fcr Sommer- und Winterabenteuer. Und wenn Sie direkt auf unserer Website buchen, profitieren Sie von unserer Bestpreisgarantie, fr\u00fchem Check-in und kostenlosen Schweizer Pralinen auf Ihrem Zimmer.<\/p>\n                <\/div>\n            \n            \n                            <div class=\"c-cta__buttons\">\n                    <a class=\"c-button button \/ c-cta__button  no-variation\" href=\"https:\/\/be.synxis.com\/?chain=5154&#038;hotel=53708&#038;theme=SBE_Nira_V1&#038;config=SBE_Nira_V1\" target=\"_blank\" rel=\"noopener\">\n    Buchen Sie Ihren Aufenthalt<\/a>\n\n\n                <\/div>\n            \n                    <\/div>\n\n    <\/div>\n\n    \n    \n            <a href=\"https:\/\/be.synxis.com\/?chain=5154&#038;hotel=53708&#038;theme=SBE_Nira_V1&#038;config=SBE_Nira_V1\" class=\"c-cta__detached-anchor\" target=\"_blank\" rel=\"noopener\"><\/a>\n    \n<\/div>\n\n<\/div><\/div><\/div><\/div><\/div><\/div>","protected":false},"excerpt":{"rendered":"<p>SHANTI HOSPITALITY GROUP Aussergew\u00f6hnliche Marken aufbauen und aussergew\u00f6hnliche Momente schaffen Shanti Hospitality will eine positive Wirkung erzeugen in allem was sie tut. In der Vergangenheit wurden aussergew\u00f6hnliche Marken geschaffen. Nun wird das Wohlbefinden in den Vordergrund gestellt um aussergew\u00f6hnliche Momente und Erfahrungen f\u00fcr Sie als unseren Gast zu schaffen. SHANTI ETHOS Wir erreichen dies mit &hellip;<\/p>\n","protected":false},"author":53,"featured_media":0,"parent":1607,"menu_order":1,"comment_status":"closed","ping_status":"closed","template":"","meta":{"_acf_changed":false,"footnotes":""},"class_list":["post--11064","post--page","post--type-page","post--status-publish","post--hentry"],"acf":[],"_links":{"self":[{"href":"https:\/\/www.niraalpina.com\/de\/wp-json\/wp\/v2\/pages\/11064","targetHints":{"allow":["GET"]}}],"collection":[{"href":"https:\/\/www.niraalpina.com\/de\/wp-json\/wp\/v2\/pages"}],"about":[{"href":"https:\/\/www.niraalpina.com\/de\/wp-json\/wp\/v2\/types\/page"}],"author":[{"embeddable":true,"href":"https:\/\/www.niraalpina.com\/de\/wp-json\/wp\/v2\/users\/53"}],"replies":[{"embeddable":true,"href":"https:\/\/www.niraalpina.com\/de\/wp-json\/wp\/v2\/comments?post=11064"}],"version-history":[{"count":13,"href":"https:\/\/www.niraalpina.com\/de\/wp-json\/wp\/v2\/pages\/11064\/revisions"}],"predecessor-version":[{"id":16828,"href":"https:\/\/www.niraalpina.com\/de\/wp-json\/wp\/v2\/pages\/11064\/revisions\/16828"}],"up":[{"embeddable":true,"href":"https:\/\/www.niraalpina.com\/de\/wp-json\/wp\/v2\/pages\/1607"}],"wp:attachment":[{"href":"https:\/\/www.niraalpina.com\/de\/wp-json\/wp\/v2\/media?parent=11064"}],"curies":[{"name":"wp","href":"https:\/\/api.w.org\/{rel}","templated":true}]}}