{"id":10560,"date":"2021-04-10T13:00:35","date_gmt":"2021-04-10T13:00:35","guid":{"rendered":"https:\/\/www.niraalpina.com\/sustainability\/"},"modified":"2025-02-05T16:14:49","modified_gmt":"2025-02-05T16:14:49","slug":"nachhaltigkeit","status":"publish","type":"page","link":"https:\/\/www.niraalpina.com\/de\/uber-uns\/nachhaltigkeit\/","title":{"rendered":"Nachhaltigkeit"},"content":{"rendered":"<div id=\"pl-10560\"  class=\"panel-layout\" ><div id=\"pg-10560-0\"  class=\"panel-grid panel-has-style\" ><div class=\"c-row--valign-default c-row--widget-none c-row--margin-none c-row--column-none siteorigin-panels-stretch panel-row-style panel-row-style-for-10560-0\" data-stretch-type=\"full-width-stretch\" ><div id=\"pgc-10560-0-0\"  class=\"panel-grid-cell\" ><div id=\"panel-10560-0-0-0\" class=\"so-panel widget widget_cn-core-hero-widget panel-first-child panel-last-child\" data-index=\"0\" ><div\n\t\t\t\n\t\t\tclass=\"so-widget-cn-core-hero-widget so-widget-cn-core-hero-widget-base\"\n\t\t\t\n\t\t><section class=\"c-hero c-hero--short\">\n    <div class=\"c-hero__inner\">\n        \n        <div class=\"c-hero__content\">\n\n            \n                            <p class=\"c-hero__subheading\">\n                    SUSTAINABILITY                <\/p>\n                            <div class=\"s-entry \/ c-hero__text\">\n                    <p>\n                         AT NIRA ALPINA                    <\/p>\n                <\/div>\n                    <\/div>\n\n        \n    <\/div>\n\n\n                <figure class=\"c-hero__badge c-hero__badge--0\">\n                                        <img decoding=\"async\" data-src=\"https:\/\/hotelcms-production.imgix.net\/niraalpina.com\/wp-content\/uploads\/2024\/12\/125_20q_01_swisstainable_2_engaged_RGB.png\" data-crop=\"\" src=\"data:image\/gif;base64,R0lGODlhBAADAIAAAAAAAAAAACH5BAEAAAAALAAAAAAEAAMAAAIDhI9WADs=\" class=\"imgix-fluid \/ img-fit\" alt=\"Swisstainable Level 2 - engaged\"  \/><noscript><img decoding=\"async\" src=\"https:\/\/hotelcms-production.imgix.net\/niraalpina.com\/wp-content\/uploads\/2024\/12\/125_20q_01_swisstainable_2_engaged_RGB.png\" class=\"img-fit\" alt=\"Swisstainable Level 2 - engaged\"  \/><\/noscript>                                <\/figure>\n                            <figure class=\"c-hero__badge c-hero__badge--1\">\n                                    <a class=\"c-hero__badge-link\" href=\"https:\/\/www.ginto.guide\/entries\/9b11e027-aa4a-487b-a91a-9fad040c1fa7?lnk_src=business\" target=\"_blank\" rel=\"noopener\">\n                                        <img decoding=\"async\" data-src=\"https:\/\/hotelcms-production.imgix.net\/niraalpina.com\/wp-content\/uploads\/2024\/04\/NEW-1.png\" data-crop=\"\" src=\"data:image\/gif;base64,R0lGODlhBAADAIAAAAAAAAAAACH5BAEAAAAALAAAAAAEAAMAAAIDhI9WADs=\" class=\"imgix-fluid \/ img-fit\" alt=\"\"  \/><noscript><img decoding=\"async\" src=\"https:\/\/hotelcms-production.imgix.net\/niraalpina.com\/wp-content\/uploads\/2024\/04\/NEW-1.png\" class=\"img-fit\" alt=\"\"  \/><\/noscript>                                    <\/a>\n                                <\/figure>\n            \n    \n    <div data-src=\"https:\/\/hotelcms-production.imgix.net\/niraalpina.com\/wp-content\/uploads\/2021\/06\/DJI_0796WEB.jpg\" data-crop=\"\" class=\"imgix-fluid  crop \/ c-hero__background\"><\/div><noscript><div style=\"background-image: url(https:\/\/hotelcms-production.imgix.net\/niraalpina.com\/wp-content\/uploads\/2021\/06\/DJI_0796WEB.jpg);\" class=\"crop \/ c-hero__background\" ><\/div><\/noscript>\n    \n    <\/section>\n<\/div><\/div><\/div><\/div><\/div><div id=\"pg-10560-1\"  class=\"panel-grid panel-has-style\" ><div class=\"c-row--valign-default c-row--widget-none c-row--margin-none c-row--column-none siteorigin-panels-stretch panel-row-style panel-row-style-for-10560-1\" data-stretch-type=\"full-width-stretch\" ><div id=\"pgc-10560-1-0\"  class=\"panel-grid-cell\" ><div id=\"panel-10560-1-0-0\" class=\"so-panel widget widget_cn-core-cta-widget panel-first-child\" data-index=\"1\" ><div\n\t\t\t\n\t\t\tclass=\"so-widget-cn-core-cta-widget so-widget-cn-core-cta-widget-base\"\n\t\t\t\n\t\t><div class=\"c-cta c-cta--layout-image-right no-variation has-background\">\n\n    <div class=\"c-cta__content\">\n\n        <div class=\"c-cta__inner\">\n\n            \n            \n            \n            \n                <div class=\"c-cta__headings\">\n\n                \n                                    <h2 class=\"c-cta__heading\">\n                        UMWELT                    <\/h2>\n                \n                \n                <\/div>\n\n            \n            \n            \n                            <div class=\"c-cta__text \/ s-entry\">\n                    <p><strong>Was wir bis jetzt im Hotel f\u00fcr die Nachhaltigkeit umsetzen:<\/strong><\/p>\n<ul>\n<li>Wir haben 3 Elektroladestationen in unserer Garage<\/li>\n<li>Wir bieten kostenlose Transfers vom Bahnhof an<\/li>\n<li>Wir machen mit bei der Aktion \u201eBergbahnen inklusive\u201c und k\u00f6nnen unseren G\u00e4sten die mindestens 2 N\u00e4chte im Sommer bei uns \u00fcbernachten 13 Bergbahnen und die \u00d6ffentlichen Verkehrsmittel im Oberengadin kostenlos anbieten<\/li>\n<li>Da unser Hotel ein relativ neues Geb\u00e4ude ist, sind unsere Fenster und Isolierung sehr gut wodurch wir keine Energie verlieren<\/li>\n<li>Das Hotel ist in fast allen Bereichen mit Lichtsensoren ausgestattet<\/li>\n<li>Nach Feierabend werden PCs und Lichter ausgeschaltet<\/li>\n<li>In den \u00f6ffentlichen Herren WCs gibt es Wassersensoren<\/li>\n<li>Die Waschmittel, welche wir nutzen, sind umweltfreundlich<\/li>\n<li>F\u00fcr Take Away in unserer Bakery benutzen wir Papiert\u00fcten und Holzbesteck<\/li>\n<li>Wir sammeln und entsorgen PET-Flaschen separat<\/li>\n<li>Wir sammeln und entsorgen Biom\u00fcll separat<\/li>\n<li>In den Badezimmern verwenden wir Dispenser f\u00fcr Shampoo und Duschgel<\/li>\n<li>In unseren Minibars bieten wir nur Glasflaschen an<\/li>\n<li>Auf Anfrage organisieren wir Transfers vom Bahnhof neu auch mit Pferdekutsche<\/li>\n<\/ul>\n<p><strong>Was wir in der Zukunft zus\u00e4tzlich konkret umsetzen m\u00f6chten:<\/strong><\/p>\n<ul>\n<li>Wir werden Druckerpatronen fachgerecht entsorgen<\/li>\n<li>Wenn neue Ger\u00e4te gekauft werden, m\u00f6chten wir uns f\u00fcr Ger\u00e4te mit wenig Stromverbrauch entscheiden<\/li>\n<li>Wir m\u00f6chten unsere neuen Brosch\u00fcren auf Recycling Papier drucken<\/li>\n<li>Wir m\u00f6chten ein \u00abDoorh\u00e4nger\u00bb mit \u00abNo Service\u00bb kreieren um den G\u00e4sten die Wahl zu lassen, falls Sie Ihr Zimmer nicht gereinigt haben m\u00f6chten<\/li>\n<\/ul>\n                <\/div>\n            \n            \n            \n                    <\/div>\n\n    <\/div>\n\n    \n            <div data-src=\"https:\/\/hotelcms-production.imgix.net\/niraalpina.com\/wp-content\/uploads\/2020\/05\/Nira-Alpina.jpg\" data-crop=\"auto\" class=\"imgix-fluid  crop \/ c-background c-cta__background\"><\/div><noscript><div style=\"background-image: url(https:\/\/hotelcms-production.imgix.net\/niraalpina.com\/wp-content\/uploads\/2020\/05\/Nira-Alpina.jpg);\" class=\"crop \/ c-background c-cta__background\" ><\/div><\/noscript>    \n    \n<\/div>\n\n<\/div><\/div><div id=\"panel-10560-1-0-1\" class=\"so-panel widget widget_cn-core-cta-widget\" data-index=\"2\" ><div\n\t\t\t\n\t\t\tclass=\"so-widget-cn-core-cta-widget so-widget-cn-core-cta-widget-base\"\n\t\t\t\n\t\t><div class=\"c-cta c-cta--layout-image-left no-variation has-background\">\n\n    <div class=\"c-cta__content\">\n\n        <div class=\"c-cta__inner\">\n\n                            <a href=\"https:\/\/www.niraalpina.com\/leisure-activities\/leisure-enquiry\/\" class=\"c-cta__anchor\">\n            \n            \n            \n            \n                <div class=\"c-cta__headings\">\n\n                \n                                    <h2 class=\"c-cta__heading\">\n                        MOBILIT\u00c4T                    <\/h2>\n                \n                \n                <\/div>\n\n            \n            \n                            <\/a>\n            \n                            <div class=\"c-cta__text \/ s-entry\">\n                    <p><strong>Was wir bis jetzt im Hotel f\u00fcr die Nachhaltigkeit umsetzen:<\/strong><\/p>\n<ul>\n<li>Wir machen mit bei der Aktion \u201eBergbahnen inklusive\u201c und k\u00f6nnen unseren G\u00e4sten die mindestens 2 N\u00e4chte im Sommer bei uns \u00fcbernachten 13 Bergbahnen und die \u00d6ffentlichen Verkehrsmittel im Oberengadin kostenlos anbieten<\/li>\n<li>Wir bieten kostenlosen Transfers vom Bahnhof an<\/li>\n<li>Wir kooperieren mit unserem lokalen Partner \u00abSkiservice Corvatsch\u00bb bez\u00fcglich der Miete von Mountain Bikes im Sommer<\/li>\n<\/ul>\n<p><strong>Was wir in der Zukunft zus\u00e4tzlich konkret umsetzen m\u00f6chten:<\/strong><\/p>\n<ul>\n<li>Wir m\u00f6chten die \u00d6V-Benutzung st\u00e4rker durch unsere Newsletter und auf unserer Webseite bewerben<\/li>\n<li>Wir m\u00f6chten die SBB-Aktion \u201eGep\u00e4ck Special\u201c st\u00e4rker bewerben, geboten wird ein kostenloser Gep\u00e4cktransport<\/li>\n<li>Wir m\u00f6chten uns bei den G\u00e4sten die mit der Bahn anreisen mit einer kleinen Aufmerksamkeit bedanken<\/li>\n<\/ul>\n<p><strong>Folgendes schlagen wir vor um es kooperativ umzusetzen:<\/strong><\/p>\n<ul>\n<li>Saisonpass f\u00fcr Mitarbeitenden mit reduziertem Preis um mehr Bergbahnen und \u00d6V zu nutzen<\/li>\n<li>Reichweite des \u00d6V-Angebots erweitern um das Angebot noch attraktiver zu gestalten<\/li>\n<li>E-Busse als Engadin Bus<\/li>\n<\/ul>\n                <\/div>\n            \n            \n            \n                    <\/div>\n\n    <\/div>\n\n    \n            <div data-src=\"https:\/\/hotelcms-production.imgix.net\/niraalpina.com\/wp-content\/uploads\/2021\/04\/ESTM-Lucas-Pitsch-scaled.jpg\" data-crop=\"\" class=\"imgix-fluid  crop \/ c-background c-cta__background\" data-caption=\"ENGADIN St. Moritz - Mit dem Kutschenbetrieb Wohlwend im Rosegtal in Richtung Hotel Restaurant Roseg Gletscher.\n\nA Wohlwend horse-drawn carriage on its way to the Hotel Restaurant Roseg Gletscher in the Roseg valley.\n\nCon le carrozze Wohlwend nella Val Roseg in direzione dell&#039;Hotel Restaurant Roseg Gletscher.\n\nCopyright by ENGADIN St. Moritz By-line: swiss-image.ch\/Lucas Pitsch\"><\/div><noscript><div style=\"background-image: url(https:\/\/hotelcms-production.imgix.net\/niraalpina.com\/wp-content\/uploads\/2021\/04\/ESTM-Lucas-Pitsch-scaled.jpg);\" class=\"crop \/ c-background c-cta__background\" ><\/div><\/noscript>    \n            <a href=\"https:\/\/www.niraalpina.com\/leisure-activities\/leisure-enquiry\/\" class=\"c-cta__detached-anchor\"><\/a>\n    \n<\/div>\n\n<\/div><\/div><div id=\"panel-10560-1-0-2\" class=\"so-panel widget widget_cn-core-cta-widget\" data-index=\"3\" ><div\n\t\t\t\n\t\t\tclass=\"so-widget-cn-core-cta-widget so-widget-cn-core-cta-widget-base\"\n\t\t\t\n\t\t><div class=\"c-cta c-cta--layout-image-right no-variation has-background\">\n\n    <div class=\"c-cta__content\">\n\n        <div class=\"c-cta__inner\">\n\n                            <a href=\"https:\/\/www.niraalpina.com\/leisure-activities\/leisure-enquiry\/\" class=\"c-cta__anchor\">\n            \n            \n            \n            \n                <div class=\"c-cta__headings\">\n\n                \n                                    <h2 class=\"c-cta__heading\">\n                        SOZIALE VERANTWORTUNG                    <\/h2>\n                \n                \n                <\/div>\n\n            \n            \n                            <\/a>\n            \n                            <div class=\"c-cta__text \/ s-entry\">\n                    <p><strong>Was wir bis jetzt im Hotel f\u00fcr die Nachhaltigkeit umsetzen:<\/strong><\/p>\n<ul>\n<li>Teilnahme am lokalen Sommerferien Projekt \u201eFerien(s)pass\u201c des Engadin Tourismus<\/li>\n<li>Mitarbeiter Schulung \u00fcber die Region<\/li>\n<li>Mitarbeiter Fussballturnier<\/li>\n<li>Wir bieten Mitarbeitenden, welche beim Engadin Running Festival mitmachen, das Startgeld an<\/li>\n<li>Wir kooperieren mit der Fachhochschule Graub\u00fcnden f\u00fcr das Studium Sustainable Tourism in dem wir j\u00e4hrlich im Juli eine Gruppe Studenten f\u00fcr Praxisarbeiten bei uns empfangen<\/li>\n<li>Teilnahme am Projekt Tag der \u201eOffenen T\u00fcr\/Please disturb\u00bb der Hotellerie Suisse<\/li>\n<\/ul>\n<p><strong>Was wir in der Zukunft zus\u00e4tzlich konkret umsetzen m\u00f6chten:<\/strong><\/p>\n<ul>\n<li>Unsere Mitarbeitenden f\u00fcr mehrere Saisonen zu behalten<\/li>\n<\/ul>\n<p><strong>Folgendes schlagen wir vor um kooperativ umzusetzen:<\/strong><\/p>\n<ul>\n<li>Gemeinsame Nachhaltigkeitsschulung f\u00fcr alle Mitarbeitenden am Anfang der Saison<\/li>\n<\/ul>\n                <\/div>\n            \n            \n            \n                    <\/div>\n\n    <\/div>\n\n    \n            <div data-src=\"https:\/\/hotelcms-production.imgix.net\/niraalpina.com\/wp-content\/uploads\/2021\/04\/gt.jpg\" data-crop=\"\" class=\"imgix-fluid  crop \/ c-background c-cta__background\"><\/div><noscript><div style=\"background-image: url(https:\/\/hotelcms-production.imgix.net\/niraalpina.com\/wp-content\/uploads\/2021\/04\/gt.jpg);\" class=\"crop \/ c-background c-cta__background\" ><\/div><\/noscript>    \n            <a href=\"https:\/\/www.niraalpina.com\/leisure-activities\/leisure-enquiry\/\" class=\"c-cta__detached-anchor\"><\/a>\n    \n<\/div>\n\n<\/div><\/div><div id=\"panel-10560-1-0-3\" class=\"so-panel widget widget_cn-core-cta-widget\" data-index=\"4\" ><div\n\t\t\t\n\t\t\tclass=\"so-widget-cn-core-cta-widget so-widget-cn-core-cta-widget-base\"\n\t\t\t\n\t\t><div class=\"c-cta c-cta--layout-image-left no-variation has-background\">\n\n    <div class=\"c-cta__content\">\n\n        <div class=\"c-cta__inner\">\n\n                            <a href=\"https:\/\/www.niraalpina.com\/leisure-activities\/leisure-enquiry\/\" class=\"c-cta__anchor\">\n            \n            \n            \n            \n                <div class=\"c-cta__headings\">\n\n                \n                                    <h2 class=\"c-cta__heading\">\n                        MANAGEMENT                    <\/h2>\n                \n                \n                <\/div>\n\n            \n            \n                            <\/a>\n            \n                            <div class=\"c-cta__text \/ s-entry\">\n                    <p><strong>Was wir bis jetzt im Hotel f\u00fcr die Nachhaltigkeit umsetzen:<\/strong><\/p>\n<ul>\n<li>Die Einstellung zu haben Nachhaltigkeit auszu\u00fcben<\/li>\n<li>Wir sind \u00abSwisstainable\u00bb - Level II \u00abEngaged\u00bb \u2013 dies ist die Nachhaltigkeitskampagne von Schweiz Tourismus<\/li>\n<li>Papier sparen indem wir weniger drucken und mehr digital ablegen<\/li>\n<li>Regionale Produkte bestellen<\/li>\n<li>Projekt Sustainability Champions: Vorschl\u00e4ge der Mitarbeitenden aufzunehmen und wo m\u00f6glich umzusetzen<\/li>\n<li>Klare Strategie f\u00fcr G\u00e4ste Kommentare Beantwortung und wenn m\u00f6glich auch die Vorschl\u00e4ge umsetzen<\/li>\n<li>Steigerung der G\u00e4ste-Loyalit\u00e4t (Stammg\u00e4ste)<\/li>\n<li>Massnahmen im Mitarbeiterhandbuch aufnehmen<\/li>\n<li>Information f\u00fcr G\u00e4ste auf Infotafeln aush\u00e4ngen (Plexiglas Design St\u00e4nder)<\/li>\n<\/ul>\n<p><strong>Was wir in der Zukunft zus\u00e4tzlich konkret umsetzen m\u00f6chten:<\/strong><\/p>\n<ul>\n<li>Langfristiges Denken noch mehr stimulieren<\/li>\n<li>Kommunikation bez\u00fcglich Nachhaltigkeit im Betrieb stimulieren<\/li>\n<\/ul>\n                <\/div>\n            \n            \n            \n                    <\/div>\n\n    <\/div>\n\n    \n            <div data-src=\"https:\/\/hotelcms-production.imgix.net\/niraalpina.com\/wp-content\/uploads\/2020\/05\/IMG_1644.jpg\" data-crop=\"\" class=\"imgix-fluid  crop \/ c-background c-cta__background\"><\/div><noscript><div style=\"background-image: url(https:\/\/hotelcms-production.imgix.net\/niraalpina.com\/wp-content\/uploads\/2020\/05\/IMG_1644.jpg);\" class=\"crop \/ c-background c-cta__background\" ><\/div><\/noscript>    \n            <a href=\"https:\/\/www.niraalpina.com\/leisure-activities\/leisure-enquiry\/\" class=\"c-cta__detached-anchor\"><\/a>\n    \n<\/div>\n\n<\/div><\/div><div id=\"panel-10560-1-0-4\" class=\"so-panel widget widget_cn-core-cta-widget panel-last-child\" data-index=\"5\" ><div\n\t\t\t\n\t\t\tclass=\"so-widget-cn-core-cta-widget so-widget-cn-core-cta-widget-base\"\n\t\t\t\n\t\t><div class=\"c-cta c-cta--layout-image-right no-variation has-background\">\n\n    <div class=\"c-cta__content\">\n\n        <div class=\"c-cta__inner\">\n\n                            <a href=\"https:\/\/www.niraalpina.com\/leisure-activities\/leisure-enquiry\/\" class=\"c-cta__anchor\">\n            \n            \n            \n            \n                <div class=\"c-cta__headings\">\n\n                \n                                    <h2 class=\"c-cta__heading\">\n                        REGIONALIT\u00c4T                    <\/h2>\n                \n                \n                <\/div>\n\n            \n            \n                            <\/a>\n            \n                            <div class=\"c-cta__text \/ s-entry\">\n                    <p><strong>Was wir bis jetzt im Hotel f\u00fcr die Nachhaltigkeit umsetzen:<\/strong><\/p>\n<ul>\n<li>Wir backen unsere eigene traditionelle Engadiner Nusstorte in der Bakery<\/li>\n<li>Regionale Gerichte auf der Speisekarte<\/li>\n<li>Wenn m\u00f6glich kaufen wir lokale und regionale Produkte, sowie Materialien (z.B. Schwob Leinen, nur regionale\/Schweizer Produkte in der Minibar etc.)<\/li>\n<li>Engagement im Ort (Partizipation an lokalen Event wie Chalandamarz, Festa Granda, Festa da Surf etc.)<\/li>\n<li>Bewerben von regionalen Events durch unsere Morgenpost beim Fr\u00fchst\u00fcck und im Newsletter<\/li>\n<\/ul>\n<p><strong>Was wir in der Zukunft zus\u00e4tzlich konkret umsetzen m\u00f6chten:<\/strong><\/p>\n<ul>\n<li>Stilles und Sprudel Wasser aus dem Engadin anbieten<\/li>\n<li>Noch mehr regionale Produkte anbieten (z.B. Marmeladen)<\/li>\n<li>Storytelling durch unsere Mitarbeitenden stimulieren<\/li>\n<\/ul>\n                <\/div>\n            \n            \n            \n                    <\/div>\n\n    <\/div>\n\n    \n            <div data-src=\"https:\/\/hotelcms-production.imgix.net\/niraalpina.com\/wp-content\/uploads\/2019\/07\/Nira-Alpina-Impressions-Cornelia-Studer-2.jpg\" data-crop=\"\" class=\"imgix-fluid  crop \/ c-background c-cta__background\"><\/div><noscript><div style=\"background-image: url(https:\/\/hotelcms-production.imgix.net\/niraalpina.com\/wp-content\/uploads\/2019\/07\/Nira-Alpina-Impressions-Cornelia-Studer-2.jpg);\" class=\"crop \/ c-background c-cta__background\" ><\/div><\/noscript>    \n            <a href=\"https:\/\/www.niraalpina.com\/leisure-activities\/leisure-enquiry\/\" class=\"c-cta__detached-anchor\"><\/a>\n    \n<\/div>\n\n<\/div><\/div><\/div><\/div><\/div><div id=\"pg-10560-2\"  class=\"panel-grid panel-has-style\" ><div class=\"c-row--valign-default c-row--widget-none c-row--margin-none c-row--column-none siteorigin-panels-stretch has-background c-row--background-cover imgix-fluid crop panel-row-style panel-row-style-for-10560-2\" data-stretch-type=\"full-width-stretch\" data-src=\"https:\/\/hotelcms-production.imgix.net\/niraalpina.com\/wp-content\/uploads\/2017\/11\/texture.png\" data-crop=\"\" ><div id=\"pgc-10560-2-0\"  class=\"panel-grid-cell\" ><div id=\"panel-10560-2-0-0\" class=\"so-panel widget widget_cn-core-cta-widget panel-first-child panel-last-child\" data-index=\"6\" ><div\n\t\t\t\n\t\t\tclass=\"so-widget-cn-core-cta-widget so-widget-cn-core-cta-widget-base\"\n\t\t\t\n\t\t><div class=\"c-cta c-cta--layout-breaker no-variation\">\n\n    <div class=\"c-cta__content\">\n\n        <div class=\"c-cta__inner\">\n\n                            <a href=\"https:\/\/be.synxis.com\/?chain=5154&#038;hotel=53708&#038;theme=SBE_Nira_V1&#038;config=SBE_Nira_V1\" class=\"c-cta__anchor\" target=\"_blank\" rel=\"noopener\">\n            \n            \n            \n            \n                <div class=\"c-cta__headings\">\n\n                                    <p class=\"c-cta__preheading\">\n                        Abenteuerlust                    <\/p>\n                \n                                    <h2 class=\"c-cta__heading\">\n                        Entdecken Sie wahren Bergurlaub                     <\/h2>\n                \n                \n                <\/div>\n\n            \n            \n                            <\/a>\n            \n                            <div class=\"c-cta__text \/ s-entry\">\n                    <p>Bei uns verbringen Sie einen anderen Urlaub: Vergn\u00fcgen setzen wir vor Etikette, Spass ist uns wichtiger als F\u00f6rmlichkeit. Bei uns sind Sie im Herzen der Bergwelt. Wenn Sie direkt auf unserer Website buchen, profitieren Sie von unserer Best-Rate-Garantie, einem fr\u00fchen Check-in und kostenlosen Schweizer Pralinen in Ihrem Zimmer.<\/p>\n                <\/div>\n            \n            \n                            <div class=\"c-cta__buttons\">\n                    <a class=\"c-button button \/ c-cta__button  no-variation\" href=\"https:\/\/be.synxis.com\/?chain=5154&#038;hotel=53708&#038;theme=SBE_Nira_V1&#038;config=SBE_Nira_V1\" target=\"_blank\" rel=\"noopener\">\n    Book your stay<\/a>\n\n\n                <\/div>\n            \n                    <\/div>\n\n    <\/div>\n\n    \n    \n            <a href=\"https:\/\/be.synxis.com\/?chain=5154&#038;hotel=53708&#038;theme=SBE_Nira_V1&#038;config=SBE_Nira_V1\" class=\"c-cta__detached-anchor\" target=\"_blank\" rel=\"noopener\"><\/a>\n    \n<\/div>\n\n<\/div><\/div><\/div><\/div><\/div><\/div>","protected":false},"excerpt":{"rendered":"<p>SUSTAINABILITY AT NIRA ALPINA UMWELT Was wir bis jetzt im Hotel f\u00fcr die Nachhaltigkeit umsetzen: Wir haben 3 Elektroladestationen in unserer Garage Wir bieten kostenlose Transfers vom Bahnhof an Wir machen mit bei der Aktion \u201eBergbahnen inklusive\u201c und k\u00f6nnen unseren G\u00e4sten die mindestens 2 N\u00e4chte im Sommer bei uns \u00fcbernachten 13 Bergbahnen und die \u00d6ffentlichen &hellip;<\/p>\n","protected":false},"author":53,"featured_media":0,"parent":1607,"menu_order":2,"comment_status":"closed","ping_status":"closed","template":"","meta":{"_acf_changed":false,"footnotes":""},"class_list":["post--10560","post--page","post--type-page","post--status-publish","post--hentry"],"acf":[],"_links":{"self":[{"href":"https:\/\/www.niraalpina.com\/de\/wp-json\/wp\/v2\/pages\/10560","targetHints":{"allow":["GET"]}}],"collection":[{"href":"https:\/\/www.niraalpina.com\/de\/wp-json\/wp\/v2\/pages"}],"about":[{"href":"https:\/\/www.niraalpina.com\/de\/wp-json\/wp\/v2\/types\/page"}],"author":[{"embeddable":true,"href":"https:\/\/www.niraalpina.com\/de\/wp-json\/wp\/v2\/users\/53"}],"replies":[{"embeddable":true,"href":"https:\/\/www.niraalpina.com\/de\/wp-json\/wp\/v2\/comments?post=10560"}],"version-history":[{"count":18,"href":"https:\/\/www.niraalpina.com\/de\/wp-json\/wp\/v2\/pages\/10560\/revisions"}],"predecessor-version":[{"id":17931,"href":"https:\/\/www.niraalpina.com\/de\/wp-json\/wp\/v2\/pages\/10560\/revisions\/17931"}],"up":[{"embeddable":true,"href":"https:\/\/www.niraalpina.com\/de\/wp-json\/wp\/v2\/pages\/1607"}],"wp:attachment":[{"href":"https:\/\/www.niraalpina.com\/de\/wp-json\/wp\/v2\/media?parent=10560"}],"curies":[{"name":"wp","href":"https:\/\/api.w.org\/{rel}","templated":true}]}}